{"id":4884,"date":"2021-04-27T20:11:55","date_gmt":"2021-04-27T16:11:55","guid":{"rendered":"http:\/\/lycee-jeanjoly.ac-reunion.fr\/?page_id=4884"},"modified":"2021-06-15T11:59:58","modified_gmt":"2021-06-15T07:59:58","slug":"le-bac-sti2d","status":"publish","type":"page","link":"https:\/\/etab.ac-reunion.fr\/lyc-jean-joly\/le-bac-sti2d\/","title":{"rendered":"Le Bac STI2D"},"content":{"rendered":"\n<h3 class=\"wp-block-heading\">Contenu des enseignements<\/h3>\n\n\n\n<p>Le bac STI2D permet de d\u00e9couvrir les trois grands domaines de la technologie&nbsp;:<\/p>\n\n\n\n<ul class=\"wp-block-list\"><li>la mati\u00e8re&nbsp;;<\/li><li>l\u2019\u00e9nergie&nbsp;;<\/li><li>l\u2019information.<\/li><\/ul>\n\n\n\n<p>Au cours de l\u2019ann\u00e9e de premi\u00e8re, les \u00e9l\u00e8ves d\u00e9couvrent les trois domaines dans leur ensemble. Puis, ils doivent choisir celui qu\u2019ils souhaitent approfondir gr\u00e2ce \u00e0 un enseignement sp\u00e9cifique en Terminale.<\/p>\n\n\n\n<p>Une semaine type se d\u00e9compose comme suit&nbsp;:<\/p>\n\n\n\n<div class=\"wp-block-image\"><figure class=\"aligncenter size-large\"><img loading=\"lazy\" decoding=\"async\" width=\"853\" height=\"520\" src=\"https:\/\/etab.ac-reunion.fr\/lyc-jean-joly\/wp-content\/uploads\/sites\/114\/2021\/04\/image-8.png\" alt=\"\" class=\"wp-image-4978\" srcset=\"https:\/\/etab.ac-reunion.fr\/lyc-jean-joly\/wp-content\/uploads\/sites\/114\/2021\/04\/image-8.png 853w, https:\/\/etab.ac-reunion.fr\/lyc-jean-joly\/wp-content\/uploads\/sites\/114\/2021\/04\/image-8-300x183.png 300w, https:\/\/etab.ac-reunion.fr\/lyc-jean-joly\/wp-content\/uploads\/sites\/114\/2021\/04\/image-8-150x91.png 150w\" sizes=\"auto, (max-width: 853px) 100vw, 853px\" \/><\/figure><\/div>\n\n\n\n<p><\/p>\n\n\n\n<p><strong><em>[en cours de construction]<\/em><\/strong> En cliquant sur les ic\u00f4nes ci-dessous, vous pourrez d\u00e9couvrir le contenu des enseignements de sp\u00e9cialit\u00e9 du bac STI2D.<\/p>\n\n\n\n<figure class=\"wp-block-table is-style-stripes\"><table class=\"has-fixed-layout\"><tbody><tr><td class=\"has-text-align-center\" data-align=\"center\"><img loading=\"lazy\" decoding=\"async\" width=\"1050\" height=\"600\" class=\"wp-image-5232\" style=\"width: 250px\" src=\"https:\/\/etab.ac-reunion.fr\/lyc-jean-joly\/wp-content\/uploads\/sites\/114\/2021\/06\/sti2d-innovation-technologique.jpg\" alt=\"\" srcset=\"https:\/\/etab.ac-reunion.fr\/lyc-jean-joly\/wp-content\/uploads\/sites\/114\/2021\/06\/sti2d-innovation-technologique.jpg 1050w, https:\/\/etab.ac-reunion.fr\/lyc-jean-joly\/wp-content\/uploads\/sites\/114\/2021\/06\/sti2d-innovation-technologique-300x171.jpg 300w, https:\/\/etab.ac-reunion.fr\/lyc-jean-joly\/wp-content\/uploads\/sites\/114\/2021\/06\/sti2d-innovation-technologique-1024x585.jpg 1024w, https:\/\/etab.ac-reunion.fr\/lyc-jean-joly\/wp-content\/uploads\/sites\/114\/2021\/06\/sti2d-innovation-technologique-150x86.jpg 150w\" sizes=\"auto, (max-width: 1050px) 100vw, 1050px\" \/><\/td><td class=\"has-text-align-center\" data-align=\"center\"><img loading=\"lazy\" decoding=\"async\" width=\"1050\" height=\"600\" class=\"wp-image-5231\" style=\"width: 250px\" src=\"https:\/\/etab.ac-reunion.fr\/lyc-jean-joly\/wp-content\/uploads\/sites\/114\/2021\/06\/sti2d-ingenierie-developpement-durable.jpg\" alt=\"\" srcset=\"https:\/\/etab.ac-reunion.fr\/lyc-jean-joly\/wp-content\/uploads\/sites\/114\/2021\/06\/sti2d-ingenierie-developpement-durable.jpg 1050w, https:\/\/etab.ac-reunion.fr\/lyc-jean-joly\/wp-content\/uploads\/sites\/114\/2021\/06\/sti2d-ingenierie-developpement-durable-300x171.jpg 300w, https:\/\/etab.ac-reunion.fr\/lyc-jean-joly\/wp-content\/uploads\/sites\/114\/2021\/06\/sti2d-ingenierie-developpement-durable-1024x585.jpg 1024w, https:\/\/etab.ac-reunion.fr\/lyc-jean-joly\/wp-content\/uploads\/sites\/114\/2021\/06\/sti2d-ingenierie-developpement-durable-150x86.jpg 150w\" sizes=\"auto, (max-width: 1050px) 100vw, 1050px\" \/><\/td><td class=\"has-text-align-center\" data-align=\"center\"><img loading=\"lazy\" decoding=\"async\" width=\"1050\" height=\"600\" class=\"wp-image-5233\" style=\"width: 250px\" src=\"https:\/\/etab.ac-reunion.fr\/lyc-jean-joly\/wp-content\/uploads\/sites\/114\/2021\/06\/sti2d-maths-physique.jpg\" alt=\"\" srcset=\"https:\/\/etab.ac-reunion.fr\/lyc-jean-joly\/wp-content\/uploads\/sites\/114\/2021\/06\/sti2d-maths-physique.jpg 1050w, https:\/\/etab.ac-reunion.fr\/lyc-jean-joly\/wp-content\/uploads\/sites\/114\/2021\/06\/sti2d-maths-physique-300x171.jpg 300w, https:\/\/etab.ac-reunion.fr\/lyc-jean-joly\/wp-content\/uploads\/sites\/114\/2021\/06\/sti2d-maths-physique-1024x585.jpg 1024w, https:\/\/etab.ac-reunion.fr\/lyc-jean-joly\/wp-content\/uploads\/sites\/114\/2021\/06\/sti2d-maths-physique-150x86.jpg 150w\" sizes=\"auto, (max-width: 1050px) 100vw, 1050px\" \/><\/td><\/tr><\/tbody><\/table><\/figure>\n\n\n\n<p><\/p>\n\n\n\n<p><strong><em>[en cours de construction]<\/em><\/strong> En terminale, les \u00e9l\u00e8ves choisissent d&rsquo;approfondir un domaine ; d\u00e9couvrez les 3 enseignements sp\u00e9cifiques propos\u00e9s au lyc\u00e9e Jean Joly en cliquant sur les ic\u00f4nes ci-dessous.<\/p>\n\n\n\n<figure class=\"wp-block-table is-style-stripes\"><table><tbody><tr><td class=\"has-text-align-center\" data-align=\"center\"><img loading=\"lazy\" decoding=\"async\" width=\"1050\" height=\"600\" class=\"wp-image-5229\" style=\"width: 250px\" src=\"https:\/\/etab.ac-reunion.fr\/lyc-jean-joly\/wp-content\/uploads\/sites\/114\/2021\/06\/sti2d-architecture-construction.jpg\" alt=\"\" srcset=\"https:\/\/etab.ac-reunion.fr\/lyc-jean-joly\/wp-content\/uploads\/sites\/114\/2021\/06\/sti2d-architecture-construction.jpg 1050w, https:\/\/etab.ac-reunion.fr\/lyc-jean-joly\/wp-content\/uploads\/sites\/114\/2021\/06\/sti2d-architecture-construction-300x171.jpg 300w, https:\/\/etab.ac-reunion.fr\/lyc-jean-joly\/wp-content\/uploads\/sites\/114\/2021\/06\/sti2d-architecture-construction-1024x585.jpg 1024w, https:\/\/etab.ac-reunion.fr\/lyc-jean-joly\/wp-content\/uploads\/sites\/114\/2021\/06\/sti2d-architecture-construction-150x86.jpg 150w\" sizes=\"auto, (max-width: 1050px) 100vw, 1050px\" \/><\/td><td class=\"has-text-align-center\" data-align=\"center\"><img loading=\"lazy\" decoding=\"async\" width=\"1050\" height=\"600\" class=\"wp-image-5230\" style=\"width: 250px\" src=\"https:\/\/etab.ac-reunion.fr\/lyc-jean-joly\/wp-content\/uploads\/sites\/114\/2021\/06\/sti2d-energie-environnement.jpg\" alt=\"\" srcset=\"https:\/\/etab.ac-reunion.fr\/lyc-jean-joly\/wp-content\/uploads\/sites\/114\/2021\/06\/sti2d-energie-environnement.jpg 1050w, https:\/\/etab.ac-reunion.fr\/lyc-jean-joly\/wp-content\/uploads\/sites\/114\/2021\/06\/sti2d-energie-environnement-300x171.jpg 300w, https:\/\/etab.ac-reunion.fr\/lyc-jean-joly\/wp-content\/uploads\/sites\/114\/2021\/06\/sti2d-energie-environnement-1024x585.jpg 1024w, https:\/\/etab.ac-reunion.fr\/lyc-jean-joly\/wp-content\/uploads\/sites\/114\/2021\/06\/sti2d-energie-environnement-150x86.jpg 150w\" sizes=\"auto, (max-width: 1050px) 100vw, 1050px\" \/><\/td><td class=\"has-text-align-center\" data-align=\"center\"><img loading=\"lazy\" decoding=\"async\" width=\"1050\" height=\"600\" class=\"wp-image-5234\" style=\"width: 250px\" src=\"https:\/\/etab.ac-reunion.fr\/lyc-jean-joly\/wp-content\/uploads\/sites\/114\/2021\/06\/sti2d-systemes-information-numerique.jpg\" alt=\"\" srcset=\"https:\/\/etab.ac-reunion.fr\/lyc-jean-joly\/wp-content\/uploads\/sites\/114\/2021\/06\/sti2d-systemes-information-numerique.jpg 1050w, https:\/\/etab.ac-reunion.fr\/lyc-jean-joly\/wp-content\/uploads\/sites\/114\/2021\/06\/sti2d-systemes-information-numerique-300x171.jpg 300w, https:\/\/etab.ac-reunion.fr\/lyc-jean-joly\/wp-content\/uploads\/sites\/114\/2021\/06\/sti2d-systemes-information-numerique-1024x585.jpg 1024w, https:\/\/etab.ac-reunion.fr\/lyc-jean-joly\/wp-content\/uploads\/sites\/114\/2021\/06\/sti2d-systemes-information-numerique-150x86.jpg 150w\" sizes=\"auto, (max-width: 1050px) 100vw, 1050px\" \/><\/td><\/tr><\/tbody><\/table><\/figure>\n\n\n\n<h3 class=\"wp-block-heading\">A qui s\u2019adresse un bac STI2D&nbsp;?<\/h3>\n\n\n\n<h3 class=\"wp-block-heading\">Quelles sont les qualit\u00e9s requises pour r\u00e9ussir&nbsp;?<\/h3>\n\n\n\n<h3 class=\"wp-block-heading\">Quelles sont les poursuites d\u2019\u00e9tudes possibles&nbsp;?<\/h3>\n","protected":false},"excerpt":{"rendered":"<p>Contenu des enseignements Le bac STI2D permet de d\u00e9couvrir les trois grands domaines de la technologie&nbsp;: la mati\u00e8re&nbsp;; l\u2019\u00e9nergie&nbsp;; l\u2019information. Au cours de l\u2019ann\u00e9e de premi\u00e8re, les \u00e9l\u00e8ves d\u00e9couvrent les&#8230;<\/p>\n<p> <a class=\"continue-reading-link\" href=\"https:\/\/etab.ac-reunion.fr\/lyc-jean-joly\/le-bac-sti2d\/\"><span>Lire la suite<\/span><i class=\"crycon-right-dir\"><\/i><\/a> <\/p>\n","protected":false},"author":20300,"featured_media":0,"parent":0,"menu_order":0,"comment_status":"closed","ping_status":"closed","template":"","meta":{"footnotes":""},"class_list":["post-4884","page","type-page","status-publish","hentry"],"_links":{"self":[{"href":"https:\/\/etab.ac-reunion.fr\/lyc-jean-joly\/wp-json\/wp\/v2\/pages\/4884","targetHints":{"allow":["GET"]}}],"collection":[{"href":"https:\/\/etab.ac-reunion.fr\/lyc-jean-joly\/wp-json\/wp\/v2\/pages"}],"about":[{"href":"https:\/\/etab.ac-reunion.fr\/lyc-jean-joly\/wp-json\/wp\/v2\/types\/page"}],"author":[{"embeddable":true,"href":"https:\/\/etab.ac-reunion.fr\/lyc-jean-joly\/wp-json\/wp\/v2\/users\/20300"}],"replies":[{"embeddable":true,"href":"https:\/\/etab.ac-reunion.fr\/lyc-jean-joly\/wp-json\/wp\/v2\/comments?post=4884"}],"version-history":[{"count":8,"href":"https:\/\/etab.ac-reunion.fr\/lyc-jean-joly\/wp-json\/wp\/v2\/pages\/4884\/revisions"}],"predecessor-version":[{"id":5252,"href":"https:\/\/etab.ac-reunion.fr\/lyc-jean-joly\/wp-json\/wp\/v2\/pages\/4884\/revisions\/5252"}],"wp:attachment":[{"href":"https:\/\/etab.ac-reunion.fr\/lyc-jean-joly\/wp-json\/wp\/v2\/media?parent=4884"}],"curies":[{"name":"wp","href":"https:\/\/api.w.org\/{rel}","templated":true}]}}