{"id":4893,"date":"2021-04-27T20:12:10","date_gmt":"2021-04-27T16:12:10","guid":{"rendered":"http:\/\/lycee-jeanjoly.ac-reunion.fr\/?page_id=4893"},"modified":"2021-06-15T12:01:09","modified_gmt":"2021-06-15T08:01:09","slug":"le-bac-st2s","status":"publish","type":"page","link":"https:\/\/etab.ac-reunion.fr\/lyc-jean-joly\/le-bac-st2s\/","title":{"rendered":"Le Bac ST2S"},"content":{"rendered":"\n<div class=\"wp-block-media-text alignwide has-media-on-the-right is-stacked-on-mobile\"><figure class=\"wp-block-media-text__media\"><img loading=\"lazy\" decoding=\"async\" width=\"656\" height=\"340\" src=\"https:\/\/etab.ac-reunion.fr\/lyc-jean-joly\/wp-content\/uploads\/sites\/114\/2021\/02\/logo-st2s-2.png\" alt=\"\" class=\"wp-image-4382 size-full\" srcset=\"https:\/\/etab.ac-reunion.fr\/lyc-jean-joly\/wp-content\/uploads\/sites\/114\/2021\/02\/logo-st2s-2.png 656w, https:\/\/etab.ac-reunion.fr\/lyc-jean-joly\/wp-content\/uploads\/sites\/114\/2021\/02\/logo-st2s-2-300x155.png 300w, https:\/\/etab.ac-reunion.fr\/lyc-jean-joly\/wp-content\/uploads\/sites\/114\/2021\/02\/logo-st2s-2-150x78.png 150w\" sizes=\"auto, (max-width: 656px) 100vw, 656px\" \/><\/figure><div class=\"wp-block-media-text__content\">\n<p class=\"has-text-align-right has-vivid-red-color has-text-color has-normal-font-size\"><strong>La fili\u00e8re technologique sant\u00e9-social s&rsquo;adresse aux \u00e9l\u00e8ves int\u00e9ress\u00e9s par les questions sanitaires et sociales du monde contemporain. Gr\u00e2ce \u00e0 la d\u00e9marche sp\u00e9cifique de ses enseignements, les \u00e9l\u00e8ves d\u00e9veloppent une aptitude \u00e0 travailler en autonomie et une r\u00e9flexion critique sur les probl\u00e9matiques sanitaires et sociales.<\/strong><\/p>\n<\/div><\/div>\n\n\n\n<p>Une semaine type se d\u00e9compose comme suit&nbsp;:<\/p>\n\n\n\n<div class=\"wp-block-image\"><figure class=\"aligncenter size-large\"><img loading=\"lazy\" decoding=\"async\" width=\"657\" height=\"451\" src=\"https:\/\/etab.ac-reunion.fr\/lyc-jean-joly\/wp-content\/uploads\/sites\/114\/2021\/04\/image-10.png\" alt=\"\" class=\"wp-image-4984\" srcset=\"https:\/\/etab.ac-reunion.fr\/lyc-jean-joly\/wp-content\/uploads\/sites\/114\/2021\/04\/image-10.png 657w, https:\/\/etab.ac-reunion.fr\/lyc-jean-joly\/wp-content\/uploads\/sites\/114\/2021\/04\/image-10-300x206.png 300w, https:\/\/etab.ac-reunion.fr\/lyc-jean-joly\/wp-content\/uploads\/sites\/114\/2021\/04\/image-10-150x103.png 150w\" sizes=\"auto, (max-width: 657px) 100vw, 657px\" \/><\/figure><\/div>\n\n\n\n<p><\/p>\n\n\n\n<h3 class=\"wp-block-heading\">Contenu des enseignements de sp\u00e9cialit\u00e9 du bac ST2S <\/h3>\n\n\n\n<figure class=\"wp-block-table is-style-stripes\"><table><tbody><tr><td class=\"has-text-align-center\" data-align=\"center\"><\/td><td class=\"has-text-align-center\" data-align=\"center\"><\/td><td class=\"has-text-align-center\" data-align=\"center\"><\/td><\/tr><tr><td class=\"has-text-align-center\" data-align=\"center\"><img loading=\"lazy\" decoding=\"async\" width=\"1050\" height=\"600\" class=\"wp-image-5228\" style=\"width: 250px\" src=\"https:\/\/etab.ac-reunion.fr\/lyc-jean-joly\/wp-content\/uploads\/sites\/114\/2021\/06\/st2s-sciences-sanitaires-sociales.jpg\" alt=\"\" srcset=\"https:\/\/etab.ac-reunion.fr\/lyc-jean-joly\/wp-content\/uploads\/sites\/114\/2021\/06\/st2s-sciences-sanitaires-sociales.jpg 1050w, https:\/\/etab.ac-reunion.fr\/lyc-jean-joly\/wp-content\/uploads\/sites\/114\/2021\/06\/st2s-sciences-sanitaires-sociales-300x171.jpg 300w, https:\/\/etab.ac-reunion.fr\/lyc-jean-joly\/wp-content\/uploads\/sites\/114\/2021\/06\/st2s-sciences-sanitaires-sociales-1024x585.jpg 1024w, https:\/\/etab.ac-reunion.fr\/lyc-jean-joly\/wp-content\/uploads\/sites\/114\/2021\/06\/st2s-sciences-sanitaires-sociales-150x86.jpg 150w\" sizes=\"auto, (max-width: 1050px) 100vw, 1050px\" \/><\/td><td class=\"has-text-align-center\" data-align=\"center\"><img loading=\"lazy\" decoding=\"async\" width=\"1050\" height=\"600\" class=\"wp-image-5226\" style=\"width: 250px\" src=\"https:\/\/etab.ac-reunion.fr\/lyc-jean-joly\/wp-content\/uploads\/sites\/114\/2021\/06\/st2s-biologie-biopathologie-humaine.jpg\" alt=\"\" srcset=\"https:\/\/etab.ac-reunion.fr\/lyc-jean-joly\/wp-content\/uploads\/sites\/114\/2021\/06\/st2s-biologie-biopathologie-humaine.jpg 1050w, https:\/\/etab.ac-reunion.fr\/lyc-jean-joly\/wp-content\/uploads\/sites\/114\/2021\/06\/st2s-biologie-biopathologie-humaine-300x171.jpg 300w, https:\/\/etab.ac-reunion.fr\/lyc-jean-joly\/wp-content\/uploads\/sites\/114\/2021\/06\/st2s-biologie-biopathologie-humaine-1024x585.jpg 1024w, https:\/\/etab.ac-reunion.fr\/lyc-jean-joly\/wp-content\/uploads\/sites\/114\/2021\/06\/st2s-biologie-biopathologie-humaine-150x86.jpg 150w\" sizes=\"auto, (max-width: 1050px) 100vw, 1050px\" \/><\/td><td class=\"has-text-align-center\" data-align=\"center\"><img loading=\"lazy\" decoding=\"async\" width=\"1050\" height=\"600\" class=\"wp-image-5227\" style=\"width: 250px\" src=\"https:\/\/etab.ac-reunion.fr\/lyc-jean-joly\/wp-content\/uploads\/sites\/114\/2021\/06\/st2s-physique-chimie.jpg\" alt=\"\" srcset=\"https:\/\/etab.ac-reunion.fr\/lyc-jean-joly\/wp-content\/uploads\/sites\/114\/2021\/06\/st2s-physique-chimie.jpg 1050w, https:\/\/etab.ac-reunion.fr\/lyc-jean-joly\/wp-content\/uploads\/sites\/114\/2021\/06\/st2s-physique-chimie-300x171.jpg 300w, https:\/\/etab.ac-reunion.fr\/lyc-jean-joly\/wp-content\/uploads\/sites\/114\/2021\/06\/st2s-physique-chimie-1024x585.jpg 1024w, https:\/\/etab.ac-reunion.fr\/lyc-jean-joly\/wp-content\/uploads\/sites\/114\/2021\/06\/st2s-physique-chimie-150x86.jpg 150w\" sizes=\"auto, (max-width: 1050px) 100vw, 1050px\" \/><\/td><\/tr><tr><td class=\"has-text-align-center\" data-align=\"center\"><\/td><td class=\"has-text-align-center\" data-align=\"center\"><\/td><td class=\"has-text-align-center\" data-align=\"center\"><\/td><\/tr><\/tbody><\/table><\/figure>\n\n\n\n<div class=\"wp-block-image\"><figure class=\"aligncenter size-large\"><img loading=\"lazy\" decoding=\"async\" width=\"713\" height=\"399\" src=\"https:\/\/etab.ac-reunion.fr\/lyc-jean-joly\/wp-content\/uploads\/sites\/114\/2021\/06\/image.png\" alt=\"\" class=\"wp-image-5103\" srcset=\"https:\/\/etab.ac-reunion.fr\/lyc-jean-joly\/wp-content\/uploads\/sites\/114\/2021\/06\/image.png 713w, https:\/\/etab.ac-reunion.fr\/lyc-jean-joly\/wp-content\/uploads\/sites\/114\/2021\/06\/image-300x168.png 300w, https:\/\/etab.ac-reunion.fr\/lyc-jean-joly\/wp-content\/uploads\/sites\/114\/2021\/06\/image-150x84.png 150w\" sizes=\"auto, (max-width: 713px) 100vw, 713px\" \/><\/figure><\/div>\n\n\n\n<h3 class=\"wp-block-heading\">A qui s&rsquo;adresse le bac ST2S ? <\/h3>\n\n\n\n<p>Le bac ST2S s\u2019adresse aux jeunes int\u00e9ress\u00e9s par l\u2019actualit\u00e9 sanitaire et sociale, l\u2019\u00e9tude des faits de soci\u00e9t\u00e9, les relations humaines, l\u2019\u00e9tat de sant\u00e9 et de bien-\u00eatre social des populations, les r\u00e9ponses de la soci\u00e9t\u00e9 face aux probl\u00e8mes sanitaires et sociaux, la biologie humaine.<\/p>\n\n\n\n<p>Cette formation s\u2019appuie sur les capacit\u00e9s d\u2019observation, l\u2019esprit d\u2019analyse et de synth\u00e8se, les qualit\u00e9s relationnelles et la capacit\u00e9 \u00e0 travailler en groupe, mais elle s\u2019appuie aussi sur des qualit\u00e9s r\u00e9dactionnelles et une certaine aisance \u00e0 l\u2019oral.<\/p>\n\n\n\n<h3 class=\"wp-block-heading\">Qu&rsquo;est-ce qu&rsquo;on y apprend ?<\/h3>\n\n\n\n<p>En premi\u00e8re et terminale, les programmes s\u2019organisent en deux p\u00f4les\u202f:<\/p>\n\n\n\n<ul class=\"wp-block-list\"><li><strong>Le p\u00f4le th\u00e9matique<\/strong>\u202fvise la compr\u00e9hension par les \u00e9l\u00e8ves des questions sociales et de sant\u00e9 et leur prise en charge dans une soci\u00e9t\u00e9&nbsp;(pauvret\u00e9, crises sanitaires, \u2026)<\/li><li><strong>Le p\u00f4le m\u00e9thodologique&nbsp;<\/strong>leur permet de&nbsp;d\u00e9couvrir les d\u00e9marches&nbsp;d\u2019\u00e9tude&nbsp;et&nbsp;de projet&nbsp;(enqu\u00eate par questionnaire, recherche documentaire, projet d\u2019action \u2026).<\/li><\/ul>\n\n\n\n<p>Les Sciences et Techniques Sanitaires et Sociales ont pour objectif d\u2019analyser des situations d\u2019actualit\u00e9 sanitaire ou sociale et d\u2019en comprendre les enjeux. Les \u00e9l\u00e8ves identifient et analysent\u202f:<\/p>\n\n\n\n<ul class=\"wp-block-list\"><li>Les besoins de sant\u00e9 et de bien-\u00eatre social des individus et des groupes sociaux\u202f;<\/li><li>Les r\u00e9ponses&nbsp;apport\u00e9es \u00e0 ces besoins par les structures sanitaires et sociales&nbsp;(\u00e9tablissements de sant\u00e9, associations, \u2026)&nbsp;et les dispositifs&nbsp;(RSA, plan cancer, \u2026)&nbsp;mis en place dans le cadre de politiques publiques.<\/li><\/ul>\n\n\n\n<h3 class=\"wp-block-heading\">L&rsquo;ETLV, c&rsquo;est quoi ?<\/h3>\n\n\n\n<p>L\u2019enseignement technologique en langue vivante \u00e9trang\u00e8re (ETLV) contribue \u00e0 renforcer l\u2019ouverture culturelle ainsi que l\u2019approche europ\u00e9enne et internationale.<\/p>\n\n\n\n<p>L\u2019\u00e9valuation de l\u2019enseignement technologique de langue vivante (ETLV) se substitue au second temps (expression orale) de l\u2019\u00e9preuve 3 de la LVA du candidat. Elle repose sur <strong>l\u2019enseignement technologique<\/strong> qui a fait l\u2019objet d\u2019un enseignement d\u2019ETLV au cours de la classe de terminale. Dur\u00e9e : 10 minutes (sans temps de pr\u00e9paration).<\/p>\n\n\n\n<h3 class=\"wp-block-heading\">Quelles sont les qualit\u00e9s requises pour r\u00e9ussir&nbsp;?<\/h3>\n\n\n\n<p>La s\u00e9rie ST2S s\u2019adresse \u00e0 des \u00e9l\u00e8ves qui s\u2019int\u00e9ressent aux questions sanitaires et sociales du monde contemporain, et qui se destinent \u00e0 la poursuite des \u00e9tudes. La curiosit\u00e9 et la motivation, les aptitudes aux contacts humains, des qualit\u00e9s d\u2019analyse, de r\u00e9flexion critique, des capacit\u00e9s d\u2019initiative, d\u2019organisation, de pers\u00e9v\u00e9rance et de travail, de la culture g\u00e9n\u00e9rale\u2026 Telles sont les qualit\u00e9s requises pour r\u00e9ussir dans cette s\u00e9rie.<\/p>\n\n\n\n<h3 class=\"wp-block-heading\">Quelles sont les poursuites d\u2019\u00e9tudes possibles&nbsp;?<\/h3>\n\n\n\n<p>Le Bac ST2S permet, entre autres, d\u2019envisager des poursuites d\u2019\u00e9tudes dans les domaines du social et du param\u00e9dical. Voici quelques exemples:<\/p>\n\n\n\n<p><strong>IFSI (Institut de Formation en Soins Infirmiers)<\/strong><\/p>\n\n\n\n<ul class=\"wp-block-list\"><li>Infirmier<\/li><li>Aide-soignant<\/li><li>Auxiliaire de pu\u00e9riculture<\/li><\/ul>\n\n\n\n<p><strong>IRTS Institut R\u00e9gional de Travail Social :<\/strong><\/p>\n\n\n\n<ul class=\"wp-block-list\"><li>Moniteur \u00e9ducateur<\/li><li>\u00c9ducateur sp\u00e9cialis\u00e9<\/li><li>\u00c9ducateur de jeunes enfants<\/li><li>Assistant de service social<\/li><\/ul>\n\n\n\n<p><strong>BTS : Brevet de Technicien Sup\u00e9rieur :<\/strong><\/p>\n\n\n\n<ul class=\"wp-block-list\"><li>\u00c9conomie Sociale et Familiale (ESF) : une 3\u00e8me ann\u00e9e pour devenir conseill\u00e8re ESF<\/li><li>Services et Prestations des Secteurs Sanitaire et Social (SP3S)<\/li><li>Di\u00e9t\u00e9tique<\/li><li>Esth\u00e9tique cosm\u00e9tique<\/li><li>Analyses biologiques<\/li><\/ul>\n\n\n\n<p><strong>DTS (Dipl\u00f4me de Technicien Sup\u00e9rieur en 3 ans)<\/strong><\/p>\n\n\n\n<ul class=\"wp-block-list\"><li>Imagerie m\u00e9dicale et radiologie th\u00e9rapeutique<\/li><\/ul>\n\n\n\n<p><strong>BUT (Bachelor Universitaire de Technologie)<\/strong><\/p>\n\n\n\n<ul class=\"wp-block-list\"><li>Carri\u00e8res Sociales:<ul><li>Parcours Assistance sociale<\/li><li>Parcours Educateur sp\u00e9cialis\u00e9<\/li><\/ul><\/li><\/ul>\n\n\n\n<p><strong>Universit\u00e9 :<\/strong><\/p>\n\n\n\n<ul class=\"wp-block-list\"><li>Licence en Sant\u00e9 et Sciences Sociales<\/li><li>Licence en Psychologie<\/li><li>Licence en Sociologie<\/li><li>Licence en STAPS<\/li><\/ul>\n\n\n\n<p>Ce n\u2019est qu\u2019un \u00e9ventail des possibilit\u00e9s, pour plus d\u2019informations clique ici : <a href=\"https:\/\/pedagogie.ac-reunion.fr\/biotechno-stms\/formations-post-bac.html\">https:\/\/pedagogie.ac-reunion.fr\/biotechno-stms\/formations-post-bac.html<\/a><\/p>\n\n\n\n<h3 class=\"wp-block-heading\">Quelques uns de nos partenaires:<\/h3>\n\n\n\n<div class=\"wp-block-group\"><div class=\"wp-block-group__inner-container is-layout-flow wp-block-group-is-layout-flow\">\n<div class=\"wp-block-image\"><figure class=\"alignleft size-large is-resized\"><img loading=\"lazy\" decoding=\"async\" src=\"https:\/\/etab.ac-reunion.fr\/lyc-jean-joly\/wp-content\/uploads\/sites\/114\/2021\/02\/IRTS-974-1.jpeg\" alt=\"\" class=\"wp-image-4208\" width=\"171\" height=\"173\" srcset=\"https:\/\/etab.ac-reunion.fr\/lyc-jean-joly\/wp-content\/uploads\/sites\/114\/2021\/02\/IRTS-974-1.jpeg 223w, https:\/\/etab.ac-reunion.fr\/lyc-jean-joly\/wp-content\/uploads\/sites\/114\/2021\/02\/IRTS-974-1-148x150.jpeg 148w\" sizes=\"auto, (max-width: 171px) 100vw, 171px\" \/><\/figure><\/div>\n\n\n\n<div class=\"wp-block-image\"><figure class=\"alignleft size-large is-resized\"><img loading=\"lazy\" decoding=\"async\" src=\"https:\/\/etab.ac-reunion.fr\/lyc-jean-joly\/wp-content\/uploads\/sites\/114\/2021\/02\/CCAS-st-louis-1.jpeg\" alt=\"\" class=\"wp-image-4211\" width=\"185\" height=\"104\" srcset=\"https:\/\/etab.ac-reunion.fr\/lyc-jean-joly\/wp-content\/uploads\/sites\/114\/2021\/02\/CCAS-st-louis-1.jpeg 299w, https:\/\/etab.ac-reunion.fr\/lyc-jean-joly\/wp-content\/uploads\/sites\/114\/2021\/02\/CCAS-st-louis-1-150x85.jpeg 150w\" sizes=\"auto, (max-width: 185px) 100vw, 185px\" \/><\/figure><\/div>\n<\/div><\/div>\n\n\n\n<div class=\"wp-block-group\"><div class=\"wp-block-group__inner-container is-layout-flow wp-block-group-is-layout-flow\">\n<div class=\"wp-block-image\"><figure class=\"alignleft size-large\"><img loading=\"lazy\" decoding=\"async\" width=\"165\" height=\"128\" src=\"https:\/\/etab.ac-reunion.fr\/lyc-jean-joly\/wp-content\/uploads\/sites\/114\/2021\/02\/EMAP-1.png\" alt=\"\" class=\"wp-image-4212\" srcset=\"https:\/\/etab.ac-reunion.fr\/lyc-jean-joly\/wp-content\/uploads\/sites\/114\/2021\/02\/EMAP-1.png 165w, https:\/\/etab.ac-reunion.fr\/lyc-jean-joly\/wp-content\/uploads\/sites\/114\/2021\/02\/EMAP-1-150x116.png 150w\" sizes=\"auto, (max-width: 165px) 100vw, 165px\" \/><\/figure><\/div>\n<\/div><\/div>\n\n\n\n<div class=\"wp-block-group\"><div class=\"wp-block-group__inner-container is-layout-flow wp-block-group-is-layout-flow\">\n<div class=\"wp-block-image\"><figure class=\"alignleft size-large is-resized\"><img loading=\"lazy\" decoding=\"async\" src=\"https:\/\/etab.ac-reunion.fr\/lyc-jean-joly\/wp-content\/uploads\/sites\/114\/2021\/02\/logo-chu-run-1.jpeg\" alt=\"\" class=\"wp-image-4209\" width=\"184\" height=\"108\" srcset=\"https:\/\/etab.ac-reunion.fr\/lyc-jean-joly\/wp-content\/uploads\/sites\/114\/2021\/02\/logo-chu-run-1.jpeg 293w, https:\/\/etab.ac-reunion.fr\/lyc-jean-joly\/wp-content\/uploads\/sites\/114\/2021\/02\/logo-chu-run-1-150x88.jpeg 150w\" sizes=\"auto, (max-width: 184px) 100vw, 184px\" \/><\/figure><\/div>\n\n\n\n<figure class=\"wp-block-image size-large is-resized\"><img loading=\"lazy\" decoding=\"async\" src=\"https:\/\/etab.ac-reunion.fr\/lyc-jean-joly\/wp-content\/uploads\/sites\/114\/2021\/02\/EFS-1.png\" alt=\"\" class=\"wp-image-4248\" width=\"152\" height=\"152\" srcset=\"https:\/\/etab.ac-reunion.fr\/lyc-jean-joly\/wp-content\/uploads\/sites\/114\/2021\/02\/EFS-1.png 225w, https:\/\/etab.ac-reunion.fr\/lyc-jean-joly\/wp-content\/uploads\/sites\/114\/2021\/02\/EFS-1-150x150.png 150w\" sizes=\"auto, (max-width: 152px) 100vw, 152px\" \/><\/figure>\n<\/div><\/div>\n","protected":false},"excerpt":{"rendered":"<p>La fili\u00e8re technologique sant\u00e9-social s&rsquo;adresse aux \u00e9l\u00e8ves int\u00e9ress\u00e9s par les questions sanitaires et sociales du monde contemporain. Gr\u00e2ce \u00e0 la d\u00e9marche sp\u00e9cifique de ses enseignements, les \u00e9l\u00e8ves d\u00e9veloppent une aptitude&#8230;<\/p>\n<p> <a class=\"continue-reading-link\" href=\"https:\/\/etab.ac-reunion.fr\/lyc-jean-joly\/le-bac-st2s\/\"><span>Lire la suite<\/span><i class=\"crycon-right-dir\"><\/i><\/a> <\/p>\n","protected":false},"author":20300,"featured_media":0,"parent":0,"menu_order":0,"comment_status":"closed","ping_status":"closed","template":"","meta":{"footnotes":""},"class_list":["post-4893","page","type-page","status-publish","hentry"],"_links":{"self":[{"href":"https:\/\/etab.ac-reunion.fr\/lyc-jean-joly\/wp-json\/wp\/v2\/pages\/4893","targetHints":{"allow":["GET"]}}],"collection":[{"href":"https:\/\/etab.ac-reunion.fr\/lyc-jean-joly\/wp-json\/wp\/v2\/pages"}],"about":[{"href":"https:\/\/etab.ac-reunion.fr\/lyc-jean-joly\/wp-json\/wp\/v2\/types\/page"}],"author":[{"embeddable":true,"href":"https:\/\/etab.ac-reunion.fr\/lyc-jean-joly\/wp-json\/wp\/v2\/users\/20300"}],"replies":[{"embeddable":true,"href":"https:\/\/etab.ac-reunion.fr\/lyc-jean-joly\/wp-json\/wp\/v2\/comments?post=4893"}],"version-history":[{"count":8,"href":"https:\/\/etab.ac-reunion.fr\/lyc-jean-joly\/wp-json\/wp\/v2\/pages\/4893\/revisions"}],"predecessor-version":[{"id":5253,"href":"https:\/\/etab.ac-reunion.fr\/lyc-jean-joly\/wp-json\/wp\/v2\/pages\/4893\/revisions\/5253"}],"wp:attachment":[{"href":"https:\/\/etab.ac-reunion.fr\/lyc-jean-joly\/wp-json\/wp\/v2\/media?parent=4893"}],"curies":[{"name":"wp","href":"https:\/\/api.w.org\/{rel}","templated":true}]}}