{"id":4899,"date":"2025-05-20T13:59:37","date_gmt":"2025-05-20T09:59:37","guid":{"rendered":"http:\/\/lycee-jeanjoly.ac-reunion.fr\/?page_id=4899"},"modified":"2025-06-19T15:04:37","modified_gmt":"2025-06-19T11:04:37","slug":"inscriptions-reinscriptions","status":"publish","type":"page","link":"https:\/\/etab.ac-reunion.fr\/lyc-jean-joly\/inscriptions-reinscriptions\/","title":{"rendered":"Inscriptions &#8211; R\u00e9inscriptions"},"content":{"rendered":"\n<p>Vous souhaitez vous <span class=\"has-inline-color has-vivid-cyan-blue-color\"><strong>inscrire<\/strong> <\/span>ou vous <strong><span class=\"has-inline-color has-vivid-cyan-blue-color\">r\u00e9inscrire <\/span><\/strong>\u00e0 l&rsquo;une de nos formations ? <\/p>\n\n\n\n<p>Cliquez sur l&rsquo;ic\u00f4ne correspondant \u00e0 la classe que vous int\u00e8grerez \u00e0 la rentr\u00e9e ; une nouvelle page s&rsquo;ouvrira, dans laquelle vous trouverez toutes les informations dont vous aurez besoin. <\/p>\n\n\n\n<p><\/p>\n\n\n\n<figure class=\"wp-block-table is-style-stripes\"><table><tbody><tr><td class=\"has-text-align-center\" data-align=\"center\"><a href=\"https:\/\/etab.ac-reunion.fr\/lyc-jean-joly\/inscriptions-secondes-generales\/\"><img loading=\"lazy\" decoding=\"async\" width=\"500\" height=\"500\" class=\"wp-image-4900\" style=\"width: 250px\" src=\"https:\/\/etab.ac-reunion.fr\/lyc-jean-joly\/wp-content\/uploads\/sites\/114\/2021\/04\/1-1.png\" alt=\"\" srcset=\"https:\/\/etab.ac-reunion.fr\/lyc-jean-joly\/wp-content\/uploads\/sites\/114\/2021\/04\/1-1.png 500w, https:\/\/etab.ac-reunion.fr\/lyc-jean-joly\/wp-content\/uploads\/sites\/114\/2021\/04\/1-1-300x300.png 300w, https:\/\/etab.ac-reunion.fr\/lyc-jean-joly\/wp-content\/uploads\/sites\/114\/2021\/04\/1-1-150x150.png 150w\" sizes=\"auto, (max-width: 500px) 100vw, 500px\" \/><\/a><\/td><td class=\"has-text-align-center\" data-align=\"center\"><a href=\"https:\/\/etab.ac-reunion.fr\/lyc-jean-joly\/reinscription-premiere-et-terminales-generale\/?preview=true\"><img loading=\"lazy\" decoding=\"async\" width=\"499\" height=\"499\" class=\"wp-image-7178\" style=\"width: 250px\" src=\"https:\/\/etab.ac-reunion.fr\/lyc-jean-joly\/wp-content\/uploads\/sites\/114\/2023\/06\/1er-G-et-TEchno.png\" alt=\"\" srcset=\"https:\/\/etab.ac-reunion.fr\/lyc-jean-joly\/wp-content\/uploads\/sites\/114\/2023\/06\/1er-G-et-TEchno.png 499w, https:\/\/etab.ac-reunion.fr\/lyc-jean-joly\/wp-content\/uploads\/sites\/114\/2023\/06\/1er-G-et-TEchno-300x300.png 300w, https:\/\/etab.ac-reunion.fr\/lyc-jean-joly\/wp-content\/uploads\/sites\/114\/2023\/06\/1er-G-et-TEchno-150x150.png 150w\" sizes=\"auto, (max-width: 499px) 100vw, 499px\" \/><\/a><\/td><td class=\"has-text-align-center\" data-align=\"center\"><a href=\"https:\/\/etab.ac-reunion.fr\/lyc-jean-joly\/inscription-et-reinscription-des-eleves-en-premieres-technologiques-st2s-et-sti2d\/?preview=trueurs-de-mise-a-jour\"><img loading=\"lazy\" decoding=\"async\" width=\"499\" height=\"499\" class=\"wp-image-7181\" style=\"width: 250px\" src=\"https:\/\/etab.ac-reunion.fr\/lyc-jean-joly\/wp-content\/uploads\/sites\/114\/2023\/06\/Terminale-G-et-Techno.png\" alt=\"\" srcset=\"https:\/\/etab.ac-reunion.fr\/lyc-jean-joly\/wp-content\/uploads\/sites\/114\/2023\/06\/Terminale-G-et-Techno.png 499w, https:\/\/etab.ac-reunion.fr\/lyc-jean-joly\/wp-content\/uploads\/sites\/114\/2023\/06\/Terminale-G-et-Techno-300x300.png 300w, https:\/\/etab.ac-reunion.fr\/lyc-jean-joly\/wp-content\/uploads\/sites\/114\/2023\/06\/Terminale-G-et-Techno-150x150.png 150w\" sizes=\"auto, (max-width: 499px) 100vw, 499px\" \/><\/a><\/td><\/tr><tr><td class=\"has-text-align-center\" data-align=\"center\"><a href=\"https:\/\/etab.ac-reunion.fr\/lyc-jean-joly\/inscriptions-2nde-pro-tcb\/\"><img loading=\"lazy\" decoding=\"async\" width=\"500\" height=\"500\" class=\"wp-image-4903\" style=\"width: 250px\" src=\"https:\/\/etab.ac-reunion.fr\/lyc-jean-joly\/wp-content\/uploads\/sites\/114\/2021\/04\/4-1.png\" alt=\"\" srcset=\"https:\/\/etab.ac-reunion.fr\/lyc-jean-joly\/wp-content\/uploads\/sites\/114\/2021\/04\/4-1.png 500w, https:\/\/etab.ac-reunion.fr\/lyc-jean-joly\/wp-content\/uploads\/sites\/114\/2021\/04\/4-1-300x300.png 300w, https:\/\/etab.ac-reunion.fr\/lyc-jean-joly\/wp-content\/uploads\/sites\/114\/2021\/04\/4-1-150x150.png 150w\" sizes=\"auto, (max-width: 500px) 100vw, 500px\" \/><\/a><\/td><td class=\"has-text-align-center\" data-align=\"center\"><a href=\"https:\/\/etab.ac-reunion.fr\/lyc-jean-joly\/reinscrition-1erepro-tcb-et-tale-pro-tcb\/\"><img loading=\"lazy\" decoding=\"async\" width=\"500\" height=\"500\" class=\"wp-image-4904\" style=\"width: 250px\" src=\"https:\/\/etab.ac-reunion.fr\/lyc-jean-joly\/wp-content\/uploads\/sites\/114\/2021\/04\/5-1.png\" alt=\"\" srcset=\"https:\/\/etab.ac-reunion.fr\/lyc-jean-joly\/wp-content\/uploads\/sites\/114\/2021\/04\/5-1.png 500w, https:\/\/etab.ac-reunion.fr\/lyc-jean-joly\/wp-content\/uploads\/sites\/114\/2021\/04\/5-1-300x300.png 300w, https:\/\/etab.ac-reunion.fr\/lyc-jean-joly\/wp-content\/uploads\/sites\/114\/2021\/04\/5-1-150x150.png 150w\" sizes=\"auto, (max-width: 500px) 100vw, 500px\" \/><\/a><\/td><td class=\"has-text-align-center\" data-align=\"center\"><\/td><\/tr><tr><td class=\"has-text-align-center\" data-align=\"center\"><a href=\"https:\/\/etab.ac-reunion.fr\/lyc-jean-joly\/bts-1ere-annee\/\"><img loading=\"lazy\" decoding=\"async\" width=\"500\" height=\"500\" class=\"wp-image-4905\" style=\"width: 250px\" src=\"https:\/\/etab.ac-reunion.fr\/lyc-jean-joly\/wp-content\/uploads\/sites\/114\/2021\/04\/6-1.png\" alt=\"\" srcset=\"https:\/\/etab.ac-reunion.fr\/lyc-jean-joly\/wp-content\/uploads\/sites\/114\/2021\/04\/6-1.png 500w, https:\/\/etab.ac-reunion.fr\/lyc-jean-joly\/wp-content\/uploads\/sites\/114\/2021\/04\/6-1-300x300.png 300w, https:\/\/etab.ac-reunion.fr\/lyc-jean-joly\/wp-content\/uploads\/sites\/114\/2021\/04\/6-1-150x150.png 150w\" sizes=\"auto, (max-width: 500px) 100vw, 500px\" \/><\/a><\/td><td class=\"has-text-align-center\" data-align=\"center\"><a href=\"https:\/\/etab.ac-reunion.fr\/lyc-jean-joly\/bts-2ere-annee\/\"><img loading=\"lazy\" decoding=\"async\" width=\"500\" height=\"500\" class=\"wp-image-4906\" style=\"width: 250px\" src=\"https:\/\/etab.ac-reunion.fr\/lyc-jean-joly\/wp-content\/uploads\/sites\/114\/2021\/04\/7-1.png\" alt=\"\" srcset=\"https:\/\/etab.ac-reunion.fr\/lyc-jean-joly\/wp-content\/uploads\/sites\/114\/2021\/04\/7-1.png 500w, https:\/\/etab.ac-reunion.fr\/lyc-jean-joly\/wp-content\/uploads\/sites\/114\/2021\/04\/7-1-300x300.png 300w, https:\/\/etab.ac-reunion.fr\/lyc-jean-joly\/wp-content\/uploads\/sites\/114\/2021\/04\/7-1-150x150.png 150w\" sizes=\"auto, (max-width: 500px) 100vw, 500px\" \/><\/a><\/td><td class=\"has-text-align-center\" data-align=\"center\"><\/td><\/tr><\/tbody><\/table><\/figure>\n\n\n\n<p>En cas de besoin, n&rsquo;h\u00e9sitez pas \u00e0 <a href=\"https:\/\/etab.ac-reunion.fr\/lyc-jean-joly\/ou-sommes-nous\/\">nous contacter<\/a>, nous nous ferons un plaisir de vous aider. <\/p>\n\n\n\n<p><\/p>\n","protected":false},"excerpt":{"rendered":"<p>Vous souhaitez vous inscrire ou vous r\u00e9inscrire \u00e0 l&rsquo;une de nos formations ? Cliquez sur l&rsquo;ic\u00f4ne correspondant \u00e0 la classe que vous int\u00e8grerez \u00e0 la rentr\u00e9e ; une nouvelle page&#8230;<\/p>\n<p> <a class=\"continue-reading-link\" href=\"https:\/\/etab.ac-reunion.fr\/lyc-jean-joly\/inscriptions-reinscriptions\/\"><span>Lire la suite<\/span><i class=\"crycon-right-dir\"><\/i><\/a> <\/p>\n","protected":false},"author":2538,"featured_media":0,"parent":0,"menu_order":0,"comment_status":"closed","ping_status":"closed","template":"","meta":{"footnotes":""},"class_list":["post-4899","page","type-page","status-publish","hentry"],"_links":{"self":[{"href":"https:\/\/etab.ac-reunion.fr\/lyc-jean-joly\/wp-json\/wp\/v2\/pages\/4899","targetHints":{"allow":["GET"]}}],"collection":[{"href":"https:\/\/etab.ac-reunion.fr\/lyc-jean-joly\/wp-json\/wp\/v2\/pages"}],"about":[{"href":"https:\/\/etab.ac-reunion.fr\/lyc-jean-joly\/wp-json\/wp\/v2\/types\/page"}],"author":[{"embeddable":true,"href":"https:\/\/etab.ac-reunion.fr\/lyc-jean-joly\/wp-json\/wp\/v2\/users\/2538"}],"replies":[{"embeddable":true,"href":"https:\/\/etab.ac-reunion.fr\/lyc-jean-joly\/wp-json\/wp\/v2\/comments?post=4899"}],"version-history":[{"count":16,"href":"https:\/\/etab.ac-reunion.fr\/lyc-jean-joly\/wp-json\/wp\/v2\/pages\/4899\/revisions"}],"predecessor-version":[{"id":7793,"href":"https:\/\/etab.ac-reunion.fr\/lyc-jean-joly\/wp-json\/wp\/v2\/pages\/4899\/revisions\/7793"}],"wp:attachment":[{"href":"https:\/\/etab.ac-reunion.fr\/lyc-jean-joly\/wp-json\/wp\/v2\/media?parent=4899"}],"curies":[{"name":"wp","href":"https:\/\/api.w.org\/{rel}","templated":true}]}}