{"id":5067,"date":"2021-06-01T08:49:42","date_gmt":"2021-06-01T04:49:42","guid":{"rendered":"http:\/\/lycee-jeanjoly.ac-reunion.fr\/?page_id=5067"},"modified":"2021-06-15T11:48:47","modified_gmt":"2021-06-15T07:48:47","slug":"latin","status":"publish","type":"page","link":"https:\/\/etab.ac-reunion.fr\/lyc-jean-joly\/latin\/","title":{"rendered":"Langues et Cultures de l&rsquo;Antiquit\u00e9 &#8211; LATIN"},"content":{"rendered":"\n<p> <\/p>\n\n\n\n<hr class=\"wp-block-separator has-text-color has-background has-luminous-vivid-orange-background-color has-luminous-vivid-orange-color is-style-dots\" \/>\n\n\n\n<p class=\"has-text-align-center has-luminous-vivid-orange-color has-text-color has-medium-font-size\">Option de seconde<br>Enseignement optionnel en 1\u00e8re et Terminale g\u00e9n\u00e9rale<\/p>\n\n\n\n<hr class=\"wp-block-separator has-text-color has-background has-luminous-vivid-orange-background-color has-luminous-vivid-orange-color is-style-dots\" \/>\n\n\n\n<p> <\/p>\n\n\n\n<h3 class=\"wp-block-heading\">De quoi s\u2019agit-il&nbsp;?<\/h3>\n\n\n\n<p>Cet enseignement facultatif ouvre les portes de la culture antique en g\u00e9n\u00e9ral, des grands philosophes et math\u00e9maticiens grecs \u00e0 l&rsquo;histoire romaine, des b\u00e2timents antiques comme l&rsquo;amphith\u00e9\u00e2tre, le th\u00e9\u00e2tre, les termes&#8230; \u00e0 leurs vestiges actuels, des mythes gr\u00e9co-romains aux racines de nos mots fran\u00e7ais, des premiers auteurs \u00e0 leurs \u00e9chos dans les \u0153uvres modernes&#8230; Ainsi, m\u00ealant philosophie, histoire, civilisation, mythologie, \u00e9tymologie, litt\u00e9rature et langue fran\u00e7aises, mais encore arch\u00e9ologie et architecture, la culture antique est d&rsquo;une immense richesse et permet de comprendre le socle culturel du monde occidental. Cette option apporte donc \u00e9norm\u00e9ment de culture g\u00e9n\u00e9rale&nbsp;!<\/p>\n\n\n\n<figure class=\"wp-block-gallery aligncenter columns-2 is-cropped wp-block-gallery-1 is-layout-flex wp-block-gallery-is-layout-flex\"><ul class=\"blocks-gallery-grid\"><li class=\"blocks-gallery-item\"><figure><img loading=\"lazy\" decoding=\"async\" width=\"654\" height=\"927\" src=\"https:\/\/etab.ac-reunion.fr\/lyc-jean-joly\/wp-content\/uploads\/sites\/114\/2021\/06\/Plaquette_latin_1.png\" alt=\"\" data-id=\"5068\" data-full-url=\"https:\/\/etab.ac-reunion.fr\/lyc-jean-joly\/wp-content\/uploads\/sites\/114\/2021\/06\/Plaquette_latin_1.png\" data-link=\"https:\/\/etab.ac-reunion.fr\/lyc-jean-joly\/?attachment_id=5068\" class=\"wp-image-5068\" srcset=\"https:\/\/etab.ac-reunion.fr\/lyc-jean-joly\/wp-content\/uploads\/sites\/114\/2021\/06\/Plaquette_latin_1.png 654w, https:\/\/etab.ac-reunion.fr\/lyc-jean-joly\/wp-content\/uploads\/sites\/114\/2021\/06\/Plaquette_latin_1-212x300.png 212w, https:\/\/etab.ac-reunion.fr\/lyc-jean-joly\/wp-content\/uploads\/sites\/114\/2021\/06\/Plaquette_latin_1-106x150.png 106w\" sizes=\"auto, (max-width: 654px) 100vw, 654px\" \/><\/figure><\/li><li class=\"blocks-gallery-item\"><figure><img loading=\"lazy\" decoding=\"async\" width=\"654\" height=\"923\" src=\"https:\/\/etab.ac-reunion.fr\/lyc-jean-joly\/wp-content\/uploads\/sites\/114\/2021\/06\/Plaquette_latin_2.png\" alt=\"\" data-id=\"5069\" data-full-url=\"https:\/\/etab.ac-reunion.fr\/lyc-jean-joly\/wp-content\/uploads\/sites\/114\/2021\/06\/Plaquette_latin_2.png\" data-link=\"https:\/\/etab.ac-reunion.fr\/lyc-jean-joly\/?attachment_id=5069\" class=\"wp-image-5069\" srcset=\"https:\/\/etab.ac-reunion.fr\/lyc-jean-joly\/wp-content\/uploads\/sites\/114\/2021\/06\/Plaquette_latin_2.png 654w, https:\/\/etab.ac-reunion.fr\/lyc-jean-joly\/wp-content\/uploads\/sites\/114\/2021\/06\/Plaquette_latin_2-213x300.png 213w, https:\/\/etab.ac-reunion.fr\/lyc-jean-joly\/wp-content\/uploads\/sites\/114\/2021\/06\/Plaquette_latin_2-106x150.png 106w\" sizes=\"auto, (max-width: 654px) 100vw, 654px\" \/><\/figure><\/li><\/ul><\/figure>\n\n\n\n<h3 class=\"wp-block-heading\">Quelles sont les th\u00e9matiques abord\u00e9es en 1<sup>\u00e8re<\/sup>&nbsp;?<\/h3>\n\n\n\n<p>En premi\u00e8re, nous abordons le pouvoir de la parole \u00e9loquente, et les \u00e9l\u00e8ves s&rsquo;entra\u00eenent pour leurs futurs oraux sur les traces des grands orateurs et avocats, tel Cic\u00e9ron&nbsp;; nous abordons \u00e9galement le th\u00e9\u00e2tre antique, les vestiges de ces lieux grandioses, mais aussi les trag\u00e9dies et les com\u00e9dies qui ont inspir\u00e9 de grands auteurs fran\u00e7ais comme Racine ou Moli\u00e8re, en reprenant de grands mythes&nbsp;; nous faisons le lien avec le th\u00e9\u00e2tre d&rsquo;aujourd&rsquo;hui o\u00f9 nous allons plusieurs fois dans l&rsquo;ann\u00e9e pour \u00e9largir la culture g\u00e9n\u00e9rale et faire des liens avec ce que nous \u00e9tudions en classe. Nous continuons aussi d&rsquo;approfondir les connaissances sur les expressions latines, sur les racines des mots&#8230;<\/p>\n\n\n\n<h3 class=\"wp-block-heading\">Quelles sont les th\u00e9matiques abord\u00e9es en Terminale&nbsp;?<\/h3>\n\n\n\n<p>En terminale, nous poursuivons l&rsquo;\u00e9tude de la rh\u00e9torique et des grands orateurs pour continuer l&rsquo;entra\u00eenement au Grand oral&nbsp;; nous \u00e9tudions les philosophies antiques, comme le sto\u00efcisme et l&rsquo;\u00e9picurisme, et les grands philosophes de l&rsquo;antiquit\u00e9, tels Socrate, Platon, S\u00e9n\u00e8que&#8230; Nous abordons aussi l&rsquo;histoire des id\u00e9es, des mythes aux explications scientifiques, et faisons meilleure connaissance avec Thal\u00e8s, Pythagore&#8230; Nous continuons toujours d&rsquo;approfondir les connaissances sur les expressions latines, sur les racines des mots, sur le lien entre th\u00e9\u00e2tre antique et th\u00e9\u00e2tre d&rsquo;aujourd&rsquo;hui en faisant des sorties au th\u00e9\u00e2tre&#8230;<\/p>\n\n\n\n<h3 class=\"wp-block-heading\">Quelles qualit\u00e9s dois-je avoir pour bien r\u00e9ussir dans cette option? Quels doivent \u00eatre mes points forts&nbsp;?<\/h3>\n\n\n\n<p>La curiosit\u00e9 intellectuelle et la soif de culture sont les qualit\u00e9s essentiellement requises pour cette option&nbsp;: \u00eatre attir\u00e9 par les mythes, par les grandes figures de l&rsquo;antiquit\u00e9, par l&rsquo;histoire des gr\u00e9co-romains&nbsp;; avoir envie de comprendre l&rsquo;origine des mots, de revisiter les \u0153uvres de la litt\u00e9rature en comprenant qui a inspir\u00e9 les auteurs (notamment pour le genre th\u00e9\u00e2tral)&#8230;<\/p>\n\n\n\n<h3 class=\"wp-block-heading\">Quelques exemples de r\u00e9alisation, d\u2019actions<\/h3>\n\n\n\n<p>Nombreuses sorties au th\u00e9\u00e2tre, pour compl\u00e9ter la culture g\u00e9n\u00e9rale et comparer th\u00e9\u00e2tre antique et th\u00e9\u00e2tre d&rsquo;aujourd&rsquo;hui<\/p>\n\n\n\n<p>Ateliers associ\u00e9s aux sorties pour pouvoir questionner les com\u00e9diens et comprendre le th\u00e9\u00e2tre de l&rsquo;int\u00e9rieur, par la pratique<\/p>\n\n\n\n<p>Ateliers de soundpainting (chant+ th\u00e9\u00e2tre) pour mettre en voix des textes latins<\/p>\n\n\n\n<h3 class=\"wp-block-heading\">Quelles voies de l\u2019enseignement sup\u00e9rieur m\u2019ouvre cette option?<\/h3>\n\n\n\n<p>Gr\u00e2ce \u00e0 la culture g\u00e9n\u00e9rale qu&rsquo;elle apporte, l&rsquo;option \u00ab&nbsp;Langue et culture de l&rsquo;antiquit\u00e9&nbsp;\u00bb permet d&rsquo;avoir un meilleur dossier pour entrer en classes pr\u00e9paratoires aux grandes \u00e9coles (CPGE), d&rsquo;avoir plus facilement les concours comme celui des Sciences Politiques, de mieux comprendre les cours de l&rsquo;Universit\u00e9, pour les fili\u00e8res comme Lettres modernes, Lettres classiques, Histoire, Philosophie&#8230;<\/p>\n\n\n\n<h3 class=\"wp-block-heading\">Vers quels types de m\u00e9tiers m\u2019oriente cette sp\u00e9cialit\u00e9&nbsp;?<\/h3>\n\n\n\n<p>Cette option est tr\u00e8s ouverte sur toute la culture g\u00e9n\u00e9rale et ses origines antiques, donc les m\u00e9tiers seront aussi vari\u00e9s que professeur de lettres, d&rsquo;histoire, de philosophie, et enseignant en g\u00e9n\u00e9ral, ou encore journaliste, etc. Tous les m\u00e9tiers de la culture.<\/p>\n\n\n\n<p><\/p>\n","protected":false},"excerpt":{"rendered":"<p>Option de secondeEnseignement optionnel en 1\u00e8re et Terminale g\u00e9n\u00e9rale De quoi s\u2019agit-il&nbsp;? Cet enseignement facultatif ouvre les portes de la culture antique en g\u00e9n\u00e9ral, des grands philosophes et math\u00e9maticiens grecs&#8230;<\/p>\n<p> <a class=\"continue-reading-link\" href=\"https:\/\/etab.ac-reunion.fr\/lyc-jean-joly\/latin\/\"><span>Lire la suite<\/span><i class=\"crycon-right-dir\"><\/i><\/a> <\/p>\n","protected":false},"author":20300,"featured_media":0,"parent":0,"menu_order":0,"comment_status":"closed","ping_status":"closed","template":"","meta":{"footnotes":""},"class_list":["post-5067","page","type-page","status-publish","hentry"],"_links":{"self":[{"href":"https:\/\/etab.ac-reunion.fr\/lyc-jean-joly\/wp-json\/wp\/v2\/pages\/5067","targetHints":{"allow":["GET"]}}],"collection":[{"href":"https:\/\/etab.ac-reunion.fr\/lyc-jean-joly\/wp-json\/wp\/v2\/pages"}],"about":[{"href":"https:\/\/etab.ac-reunion.fr\/lyc-jean-joly\/wp-json\/wp\/v2\/types\/page"}],"author":[{"embeddable":true,"href":"https:\/\/etab.ac-reunion.fr\/lyc-jean-joly\/wp-json\/wp\/v2\/users\/20300"}],"replies":[{"embeddable":true,"href":"https:\/\/etab.ac-reunion.fr\/lyc-jean-joly\/wp-json\/wp\/v2\/comments?post=5067"}],"version-history":[{"count":9,"href":"https:\/\/etab.ac-reunion.fr\/lyc-jean-joly\/wp-json\/wp\/v2\/pages\/5067\/revisions"}],"predecessor-version":[{"id":5245,"href":"https:\/\/etab.ac-reunion.fr\/lyc-jean-joly\/wp-json\/wp\/v2\/pages\/5067\/revisions\/5245"}],"wp:attachment":[{"href":"https:\/\/etab.ac-reunion.fr\/lyc-jean-joly\/wp-json\/wp\/v2\/media?parent=5067"}],"curies":[{"name":"wp","href":"https:\/\/api.w.org\/{rel}","templated":true}]}}