{"id":5084,"date":"2021-06-01T09:46:44","date_gmt":"2021-06-01T05:46:44","guid":{"rendered":"http:\/\/lycee-jeanjoly.ac-reunion.fr\/?page_id=5084"},"modified":"2021-06-22T08:15:20","modified_gmt":"2021-06-22T04:15:20","slug":"sante-et-social-2nde","status":"publish","type":"page","link":"https:\/\/etab.ac-reunion.fr\/lyc-jean-joly\/sante-et-social-2nde\/","title":{"rendered":"Sant\u00e9 et Social"},"content":{"rendered":"\n<hr class=\"wp-block-separator has-text-color has-background has-luminous-vivid-orange-background-color has-luminous-vivid-orange-color is-style-dots\" \/>\n\n\n\n<p class=\"has-text-align-center has-luminous-vivid-orange-color has-text-color\">Option de seconde<\/p>\n\n\n\n<hr class=\"wp-block-separator has-text-color has-background has-luminous-vivid-orange-background-color has-luminous-vivid-orange-color is-style-dots\" \/>\n\n\n\n<h3 class=\"wp-block-heading\">De quoi s\u2019agit-il ?<\/h3>\n\n\n\n<p>L\u2019enseignement d\u2019exploration Sant\u00e9 et Social a pour finalit\u00e9 de permettre aux \u00e9l\u00e8ves de commencer \u00e0 construire une culture technologique pour aborder des questions de soci\u00e9t\u00e9 traitant de la sant\u00e9 et du bien-\u00eatre social.<\/p>\n\n\n\n<div style=\"height:22px\" aria-hidden=\"true\" class=\"wp-block-spacer\"><\/div>\n\n\n\n<h3 class=\"wp-block-heading\">Contenu et objectifs<\/h3>\n\n\n\n<p>Cet enseignement d\u2019exploration permet \u00e0 l\u2019\u00e9l\u00e8ve de prendre conscience du lien existant entre la sant\u00e9 et le social, d\u2019identifier les organisations et les acteurs appel\u00e9s \u00e0 intervenir dans les champs de la sant\u00e9 et du social.<\/p>\n\n\n\n<p>L\u2019\u00e9l\u00e8ve d\u00e9couvre les interrelations entre l\u2019individu et la soci\u00e9t\u00e9, la sant\u00e9, le bien-\u00eatre social et l\u2019environnement et comment les territoires sont organis\u00e9s pour offrir des prestations et des services \u00e0 l\u2019individu, aux groupes sociaux, \u00e0 la population.<\/p>\n\n\n\n<p>L\u2019enseignement se d\u00e9roule sur 1h30 par semaine. Deux th\u00e8mes, au minimum, sont \u00e9tudi\u00e9s au cours de l\u2019ann\u00e9e sous une double approche :<\/p>\n\n\n\n<ul class=\"wp-block-list\"><li>Sciences et techniques sanitaires et sociales<\/li><li>Biologie et physiopathologie humaines<\/li><\/ul>\n\n\n\n<p>Les \u00e9l\u00e8ves r\u00e9alisent des activit\u00e9s de groupe (expos\u00e9s, analyse de documents, s\u00e9lection et traitement de l\u2019information\u2026), ils organisent des actions (par exemple la collecte de jouets au profit d\u2019enfants d\u00e9favoris\u00e9s, la collecte de denr\u00e9es alimentaires en partenariat avec des associations&#8230;) et b\u00e9n\u00e9ficient d\u2019interventions de professionnels et d\u2019organisations sanitaires ou sociales.<\/p>\n\n\n\n<p>L\u2019enseignement d\u2019exploration Sant\u00e9 et Social constitue un pr\u00e9-requis int\u00e9ressant pour la poursuite d\u2019\u00e9tudes en bac ST2S (Sciences et technologies de la sant\u00e9 et du social).<\/p>\n\n\n\n<div style=\"height:22px\" aria-hidden=\"true\" class=\"wp-block-spacer\"><\/div>\n\n\n\n<h3 class=\"wp-block-heading\">Th\u00e8mes abord\u00e9s<\/h3>\n\n\n\n<h4 class=\"wp-block-heading\">H\u00f4pital, images et r\u00e9alit\u00e9s :<\/h4>\n\n\n\n<p>Quelles sont les missions de l\u2019h\u00f4pital ? <br>Quelles sont les techniques de diagnostique et\/ou th\u00e9rapeutiques ?<br>Quelle s\u00e9curit\u00e9 sanitaire \u00e0 l\u2019h\u00f4pital ?<\/p>\n\n\n\n<h4 class=\"wp-block-heading\">Action humanitaire :<\/h4>\n\n\n\n<p>Quelle aide humanitaire, en direction de quelle population au niveau mondial ?<br>Quels liens entre l\u2019eau, l\u2019assainissement, l\u2019hygi\u00e8ne et la sant\u00e9 ?<\/p>\n\n\n\n<h4 class=\"wp-block-heading\">Accueil de la petite enfance :<\/h4>\n\n\n\n<p>Quels modes d\u2019accueil ?<br>Quelle pr\u00e9vention contre les maladies contagieuses en milieu collectif ?<\/p>\n\n\n\n<h4 class=\"wp-block-heading\">Handicap au quotidien :<\/h4>\n\n\n\n<p>Comment survient un handicap ?<br>Quelle int\u00e9gration des personnes handicap\u00e9es \u00e0 l\u2019\u00e9cole, dans la soci\u00e9t\u00e9 ?<\/p>\n\n\n\n<h4 class=\"wp-block-heading\">Les \u00e2ges extr\u00eames de la vie :<\/h4>\n\n\n\n<p>Quelle pr\u00e9vention, quels soins pour les pr\u00e9matur\u00e9s ?<br>Quelles pratiques europ\u00e9ennes concernant la fin de vie ?<\/p>\n\n\n\n<h4 class=\"wp-block-heading\">Vivre ensemble sur un territoire :<\/h4>\n\n\n\n<p>Quelles actions favorisent la coh\u00e9sion sociale dans la ville, dans le quartier ?<br>Quels risques pour l\u2019environnement dans mon territoire ?<\/p>\n\n\n\n<div style=\"height:22px\" aria-hidden=\"true\" class=\"wp-block-spacer\"><\/div>\n\n\n\n<h3 class=\"wp-block-heading\">Les +<\/h3>\n\n\n\n<p>Chaque th\u00e8me abord\u00e9 est l\u2019occasion de d\u00e9couvrir diff\u00e9rentes professions aff\u00e9rents aux champs de la sant\u00e9 et du social : Assistant de service social, \u00e9ducateur sp\u00e9cialis\u00e9, \u00e9ducateur de jeunes enfants, conseiller en \u00e9conomie sociale et familiale, infirmier, pu\u00e9ricultrice, manipulateur en \u00e9lectroradiologie m\u00e9dicale, pr\u00e9parateur en pharmacie et bien d\u2019autres m\u00e9tiers.<\/p>\n\n\n\n<div class=\"wp-block-image\"><figure class=\"aligncenter size-large\"><img loading=\"lazy\" decoding=\"async\" width=\"656\" height=\"340\" src=\"https:\/\/etab.ac-reunion.fr\/lyc-jean-joly\/wp-content\/uploads\/sites\/114\/2021\/02\/logo-st2s-2.png\" alt=\"\" class=\"wp-image-4382\" srcset=\"https:\/\/etab.ac-reunion.fr\/lyc-jean-joly\/wp-content\/uploads\/sites\/114\/2021\/02\/logo-st2s-2.png 656w, https:\/\/etab.ac-reunion.fr\/lyc-jean-joly\/wp-content\/uploads\/sites\/114\/2021\/02\/logo-st2s-2-300x155.png 300w, https:\/\/etab.ac-reunion.fr\/lyc-jean-joly\/wp-content\/uploads\/sites\/114\/2021\/02\/logo-st2s-2-150x78.png 150w\" sizes=\"auto, (max-width: 656px) 100vw, 656px\" \/><\/figure><\/div>\n\n\n\n<hr class=\"wp-block-separator\" id=\"block-1f01b08d-ea08-48cb-b583-062a0280fb71\" \/>\n\n\n\n<p class=\"has-text-align-center\" id=\"block-c195cf22-ab7d-4083-9d77-1ead356bf076\"><em><a href=\"https:\/\/etab.ac-reunion.fr\/lyc-jean-joly\/category\/st2s\/\">Cliquez ici pour retrouver toute l&rsquo;actualit\u00e9 des Sciences Sociales au lyc\u00e9e.<\/a><\/em><\/p>\n","protected":false},"excerpt":{"rendered":"<p>Option de seconde De quoi s\u2019agit-il ? L\u2019enseignement d\u2019exploration Sant\u00e9 et Social a pour finalit\u00e9 de permettre aux \u00e9l\u00e8ves de commencer \u00e0 construire une culture technologique pour aborder des questions&#8230;<\/p>\n<p> <a class=\"continue-reading-link\" href=\"https:\/\/etab.ac-reunion.fr\/lyc-jean-joly\/sante-et-social-2nde\/\"><span>Lire la suite<\/span><i class=\"crycon-right-dir\"><\/i><\/a> <\/p>\n","protected":false},"author":20300,"featured_media":0,"parent":0,"menu_order":0,"comment_status":"closed","ping_status":"closed","template":"","meta":{"footnotes":""},"class_list":["post-5084","page","type-page","status-publish","hentry"],"_links":{"self":[{"href":"https:\/\/etab.ac-reunion.fr\/lyc-jean-joly\/wp-json\/wp\/v2\/pages\/5084","targetHints":{"allow":["GET"]}}],"collection":[{"href":"https:\/\/etab.ac-reunion.fr\/lyc-jean-joly\/wp-json\/wp\/v2\/pages"}],"about":[{"href":"https:\/\/etab.ac-reunion.fr\/lyc-jean-joly\/wp-json\/wp\/v2\/types\/page"}],"author":[{"embeddable":true,"href":"https:\/\/etab.ac-reunion.fr\/lyc-jean-joly\/wp-json\/wp\/v2\/users\/20300"}],"replies":[{"embeddable":true,"href":"https:\/\/etab.ac-reunion.fr\/lyc-jean-joly\/wp-json\/wp\/v2\/comments?post=5084"}],"version-history":[{"count":6,"href":"https:\/\/etab.ac-reunion.fr\/lyc-jean-joly\/wp-json\/wp\/v2\/pages\/5084\/revisions"}],"predecessor-version":[{"id":5362,"href":"https:\/\/etab.ac-reunion.fr\/lyc-jean-joly\/wp-json\/wp\/v2\/pages\/5084\/revisions\/5362"}],"wp:attachment":[{"href":"https:\/\/etab.ac-reunion.fr\/lyc-jean-joly\/wp-json\/wp\/v2\/media?parent=5084"}],"curies":[{"name":"wp","href":"https:\/\/api.w.org\/{rel}","templated":true}]}}