{"id":5193,"date":"2021-06-15T08:28:07","date_gmt":"2021-06-15T04:28:07","guid":{"rendered":"http:\/\/lycee-jeanjoly.ac-reunion.fr\/?page_id=5193"},"modified":"2021-06-15T17:53:01","modified_gmt":"2021-06-15T13:53:01","slug":"histoire-geographie-geopolitique-et-sciences-politiques","status":"publish","type":"page","link":"https:\/\/etab.ac-reunion.fr\/lyc-jean-joly\/histoire-geographie-geopolitique-et-sciences-politiques\/","title":{"rendered":"Histoire G\u00e9ographie G\u00e9opolitique et Sciences Politiques"},"content":{"rendered":"\n<p> <\/p>\n\n\n\n<hr class=\"wp-block-separator has-text-color has-background has-luminous-vivid-orange-background-color has-luminous-vivid-orange-color is-style-dots\" \/>\n\n\n\n<p class=\"has-text-align-center has-luminous-vivid-orange-color has-text-color has-medium-font-size\">Enseignement de sp\u00e9cialit\u00e9 en 1\u00e8re et Terminale g\u00e9n\u00e9rale<\/p>\n\n\n\n<hr class=\"wp-block-separator has-text-color has-background has-luminous-vivid-orange-background-color has-luminous-vivid-orange-color is-style-dots\" \/>\n\n\n\n<h3 class=\"wp-block-heading\">De quoi s\u2019agit-il&nbsp;? <\/h3>\n\n\n\n<p>La sp\u00e9cialit\u00e9 HGGSP s\u2019adresse aux \u00e9l\u00e8ves qui aiment comprendre le monde, &nbsp;suivent l\u2019actualit\u00e9 et s\u2019int\u00e9ressent \u00e0 la complexit\u00e9 des relations internationales. L\u2019enseignement d\u2019HGGSP donne aux \u00e9l\u00e8ves des cl\u00e9s pour comprendre le monde pass\u00e9 et contemporain (relations sociales, politiques, \u00e9conomiques et culturelles).<\/p>\n\n\n\n<div class=\"wp-block-image\"><figure class=\"aligncenter size-large\"><img loading=\"lazy\" decoding=\"async\" width=\"489\" height=\"353\" src=\"https:\/\/etab.ac-reunion.fr\/lyc-jean-joly\/wp-content\/uploads\/sites\/114\/2021\/06\/photo-1.jpg\" alt=\"\" class=\"wp-image-5270\" srcset=\"https:\/\/etab.ac-reunion.fr\/lyc-jean-joly\/wp-content\/uploads\/sites\/114\/2021\/06\/photo-1.jpg 489w, https:\/\/etab.ac-reunion.fr\/lyc-jean-joly\/wp-content\/uploads\/sites\/114\/2021\/06\/photo-1-300x217.jpg 300w, https:\/\/etab.ac-reunion.fr\/lyc-jean-joly\/wp-content\/uploads\/sites\/114\/2021\/06\/photo-1-150x108.jpg 150w\" sizes=\"auto, (max-width: 489px) 100vw, 489px\" \/><\/figure><\/div>\n\n\n\n<h3 class=\"wp-block-heading\">Quelles sont les th\u00e9matiques abord\u00e9es en 1<sup>\u00e8re<\/sup>&nbsp;?<\/h3>\n\n\n\n<ul class=\"wp-block-list\"><li>Comprendre un r\u00e9gime politique&nbsp;: la d\u00e9mocratie&nbsp;(du mod\u00e8le antique aux formes d\u00e9mocratiques contemporaines, Union europ\u00e9enne&nbsp;\u2026)<\/li><\/ul>\n\n\n\n<div class=\"wp-block-image\"><figure class=\"aligncenter size-large\"><img loading=\"lazy\" decoding=\"async\" width=\"518\" height=\"340\" src=\"https:\/\/etab.ac-reunion.fr\/lyc-jean-joly\/wp-content\/uploads\/sites\/114\/2021\/06\/democratie-photo-2.jpg\" alt=\"\" class=\"wp-image-5271\" srcset=\"https:\/\/etab.ac-reunion.fr\/lyc-jean-joly\/wp-content\/uploads\/sites\/114\/2021\/06\/democratie-photo-2.jpg 518w, https:\/\/etab.ac-reunion.fr\/lyc-jean-joly\/wp-content\/uploads\/sites\/114\/2021\/06\/democratie-photo-2-300x197.jpg 300w, https:\/\/etab.ac-reunion.fr\/lyc-jean-joly\/wp-content\/uploads\/sites\/114\/2021\/06\/democratie-photo-2-150x98.jpg 150w\" sizes=\"auto, (max-width: 518px) 100vw, 518px\" \/><\/figure><\/div>\n\n\n\n<ul class=\"wp-block-list\"><li>Analyse des dynamiques des puissances internationales ( caract\u00e9ristiques de la puissance, la langue enjeu de puissance, nouvelles routes de la soie, puissances des Etats-Unis aujourd\u2019hui\u2026)<\/li><\/ul>\n\n\n\n<div class=\"wp-block-image\"><figure class=\"aligncenter size-large\"><img loading=\"lazy\" decoding=\"async\" width=\"508\" height=\"339\" src=\"https:\/\/etab.ac-reunion.fr\/lyc-jean-joly\/wp-content\/uploads\/sites\/114\/2021\/06\/puissance-photo-3-2.jpg\" alt=\"\" class=\"wp-image-5273\" srcset=\"https:\/\/etab.ac-reunion.fr\/lyc-jean-joly\/wp-content\/uploads\/sites\/114\/2021\/06\/puissance-photo-3-2.jpg 508w, https:\/\/etab.ac-reunion.fr\/lyc-jean-joly\/wp-content\/uploads\/sites\/114\/2021\/06\/puissance-photo-3-2-300x200.jpg 300w, https:\/\/etab.ac-reunion.fr\/lyc-jean-joly\/wp-content\/uploads\/sites\/114\/2021\/06\/puissance-photo-3-2-150x100.jpg 150w\" sizes=\"auto, (max-width: 508px) 100vw, 508px\" \/><\/figure><\/div>\n\n\n\n<ul class=\"wp-block-list\"><li>Etudier les divisions politiques du monde&nbsp;: les fronti\u00e8res ( les diff\u00e9rentes fonctions des fronti\u00e8res \u00e0 travers de multiples exemples&nbsp;; les d\u00e9bats autour de nouvelles fronti\u00e8res\u2026)<\/li><\/ul>\n\n\n\n<div class=\"wp-block-image\"><figure class=\"aligncenter size-large\"><img loading=\"lazy\" decoding=\"async\" width=\"521\" height=\"340\" src=\"https:\/\/etab.ac-reunion.fr\/lyc-jean-joly\/wp-content\/uploads\/sites\/114\/2021\/06\/frontieres-photo-4-1.jpg\" alt=\"\" class=\"wp-image-5274\" srcset=\"https:\/\/etab.ac-reunion.fr\/lyc-jean-joly\/wp-content\/uploads\/sites\/114\/2021\/06\/frontieres-photo-4-1.jpg 521w, https:\/\/etab.ac-reunion.fr\/lyc-jean-joly\/wp-content\/uploads\/sites\/114\/2021\/06\/frontieres-photo-4-1-300x196.jpg 300w, https:\/\/etab.ac-reunion.fr\/lyc-jean-joly\/wp-content\/uploads\/sites\/114\/2021\/06\/frontieres-photo-4-1-150x98.jpg 150w\" sizes=\"auto, (max-width: 521px) 100vw, 521px\" \/><\/figure><\/div>\n\n\n\n<ul class=\"wp-block-list\"><li>S\u2019informer&nbsp;: un regard critique sur les sources et les modes de communication (comment s\u2019informe- t-on aujourd\u2019hui&nbsp;? les grandes r\u00e9volutions techniques de l\u2019information&nbsp;; libert\u00e9 ou contr\u00f4le de l\u2019information, information \u00e0 l\u2019heure d\u2019Internet&nbsp;\u2026)<\/li><\/ul>\n\n\n\n<div class=\"wp-block-image\"><figure class=\"aligncenter size-large\"><img loading=\"lazy\" decoding=\"async\" width=\"510\" height=\"340\" src=\"https:\/\/etab.ac-reunion.fr\/lyc-jean-joly\/wp-content\/uploads\/sites\/114\/2021\/06\/sinformer-photo-5-2.jpg\" alt=\"\" class=\"wp-image-5275\" srcset=\"https:\/\/etab.ac-reunion.fr\/lyc-jean-joly\/wp-content\/uploads\/sites\/114\/2021\/06\/sinformer-photo-5-2.jpg 510w, https:\/\/etab.ac-reunion.fr\/lyc-jean-joly\/wp-content\/uploads\/sites\/114\/2021\/06\/sinformer-photo-5-2-300x200.jpg 300w, https:\/\/etab.ac-reunion.fr\/lyc-jean-joly\/wp-content\/uploads\/sites\/114\/2021\/06\/sinformer-photo-5-2-150x100.jpg 150w\" sizes=\"auto, (max-width: 510px) 100vw, 510px\" \/><\/figure><\/div>\n\n\n\n<ul class=\"wp-block-list\"><li>Analyser les relations entre Etats et religions (comprendre les relations entre Etats et religions dans le monde \u00e0 travers de multiples exemples, pass\u00e9s et pr\u00e9sents\u2026)<\/li><\/ul>\n\n\n\n<h3 class=\"wp-block-heading\">Quelles sont les th\u00e9matiques abord\u00e9es en Terminale&nbsp;?<\/h3>\n\n\n\n<ul class=\"wp-block-list\"><li>De nouveaux espaces de conqu\u00eate (conqu\u00eate spatiale conqu\u00eate des mers et oc\u00e9ans\u2026)&nbsp;&nbsp;&nbsp;&nbsp;&nbsp;&nbsp;&nbsp;&nbsp;&nbsp;&nbsp;&nbsp;<\/li><\/ul>\n\n\n\n<div class=\"wp-block-image\"><figure class=\"aligncenter size-large\"><img loading=\"lazy\" decoding=\"async\" width=\"519\" height=\"332\" src=\"https:\/\/etab.ac-reunion.fr\/lyc-jean-joly\/wp-content\/uploads\/sites\/114\/2021\/06\/nx-esapces-photo-6.jpg\" alt=\"\" class=\"wp-image-5276\" srcset=\"https:\/\/etab.ac-reunion.fr\/lyc-jean-joly\/wp-content\/uploads\/sites\/114\/2021\/06\/nx-esapces-photo-6.jpg 519w, https:\/\/etab.ac-reunion.fr\/lyc-jean-joly\/wp-content\/uploads\/sites\/114\/2021\/06\/nx-esapces-photo-6-300x192.jpg 300w, https:\/\/etab.ac-reunion.fr\/lyc-jean-joly\/wp-content\/uploads\/sites\/114\/2021\/06\/nx-esapces-photo-6-150x96.jpg 150w\" sizes=\"auto, (max-width: 519px) 100vw, 519px\" \/><figcaption>Stock market chart and industrial -oil and gas &#8211; background<\/figcaption><\/figure><\/div>\n\n\n\n<ul class=\"wp-block-list\"><li>Faire la guerre faire la paix ( islamisme et terrorisme&nbsp;; ONU\u2026)<\/li><\/ul>\n\n\n\n<div class=\"wp-block-image\"><figure class=\"aligncenter size-large\"><img loading=\"lazy\" decoding=\"async\" width=\"453\" height=\"340\" src=\"https:\/\/etab.ac-reunion.fr\/lyc-jean-joly\/wp-content\/uploads\/sites\/114\/2021\/06\/guerre-paix-photo-7.jpg\" alt=\"\" class=\"wp-image-5277\" srcset=\"https:\/\/etab.ac-reunion.fr\/lyc-jean-joly\/wp-content\/uploads\/sites\/114\/2021\/06\/guerre-paix-photo-7.jpg 453w, https:\/\/etab.ac-reunion.fr\/lyc-jean-joly\/wp-content\/uploads\/sites\/114\/2021\/06\/guerre-paix-photo-7-300x225.jpg 300w, https:\/\/etab.ac-reunion.fr\/lyc-jean-joly\/wp-content\/uploads\/sites\/114\/2021\/06\/guerre-paix-photo-7-150x113.jpg 150w\" sizes=\"auto, (max-width: 453px) 100vw, 453px\" \/><\/figure><\/div>\n\n\n\n<ul class=\"wp-block-list\"><li>Histoire et m\u00e9moires (guerre d\u2019Alg\u00e9rie, g\u00e9nocide des Tutsi g\u00e9nocide des Juifs\u2026)<\/li><\/ul>\n\n\n\n<div class=\"wp-block-image\"><figure class=\"aligncenter size-large\"><img loading=\"lazy\" decoding=\"async\" width=\"507\" height=\"340\" src=\"https:\/\/etab.ac-reunion.fr\/lyc-jean-joly\/wp-content\/uploads\/sites\/114\/2021\/06\/histoire-memoire-photo-8.jpg\" alt=\"\" class=\"wp-image-5278\" srcset=\"https:\/\/etab.ac-reunion.fr\/lyc-jean-joly\/wp-content\/uploads\/sites\/114\/2021\/06\/histoire-memoire-photo-8.jpg 507w, https:\/\/etab.ac-reunion.fr\/lyc-jean-joly\/wp-content\/uploads\/sites\/114\/2021\/06\/histoire-memoire-photo-8-300x201.jpg 300w, https:\/\/etab.ac-reunion.fr\/lyc-jean-joly\/wp-content\/uploads\/sites\/114\/2021\/06\/histoire-memoire-photo-8-150x101.jpg 150w\" sizes=\"auto, (max-width: 507px) 100vw, 507px\" \/><\/figure><\/div>\n\n\n\n<ul class=\"wp-block-list\"><li>Prot\u00e9ger et valoriser le patrimoine (Versailles, les frises du Parth\u00e9non, Paris, Mali, Venise\u2026)<\/li><\/ul>\n\n\n\n<div class=\"wp-block-image\"><figure class=\"aligncenter size-large\"><img loading=\"lazy\" decoding=\"async\" width=\"493\" height=\"340\" src=\"https:\/\/etab.ac-reunion.fr\/lyc-jean-joly\/wp-content\/uploads\/sites\/114\/2021\/06\/patrimoine-photo-9.jpg\" alt=\"\" class=\"wp-image-5279\" srcset=\"https:\/\/etab.ac-reunion.fr\/lyc-jean-joly\/wp-content\/uploads\/sites\/114\/2021\/06\/patrimoine-photo-9.jpg 493w, https:\/\/etab.ac-reunion.fr\/lyc-jean-joly\/wp-content\/uploads\/sites\/114\/2021\/06\/patrimoine-photo-9-300x207.jpg 300w, https:\/\/etab.ac-reunion.fr\/lyc-jean-joly\/wp-content\/uploads\/sites\/114\/2021\/06\/patrimoine-photo-9-150x103.jpg 150w\" sizes=\"auto, (max-width: 493px) 100vw, 493px\" \/><\/figure><\/div>\n\n\n\n<ul class=\"wp-block-list\"><li>L\u2019environnement entre exploitation et protection ( la for\u00eat fran\u00e7aise, anthropisation des milieux, fluctuations climatiques, Etats-Unis et question environnementale\u2026)<\/li><\/ul>\n\n\n\n<div class=\"wp-block-image\"><figure class=\"aligncenter size-large\"><img loading=\"lazy\" decoding=\"async\" width=\"453\" height=\"340\" src=\"https:\/\/etab.ac-reunion.fr\/lyc-jean-joly\/wp-content\/uploads\/sites\/114\/2021\/06\/environnement-photo-10.jpg\" alt=\"\" class=\"wp-image-5280\" srcset=\"https:\/\/etab.ac-reunion.fr\/lyc-jean-joly\/wp-content\/uploads\/sites\/114\/2021\/06\/environnement-photo-10.jpg 453w, https:\/\/etab.ac-reunion.fr\/lyc-jean-joly\/wp-content\/uploads\/sites\/114\/2021\/06\/environnement-photo-10-300x225.jpg 300w, https:\/\/etab.ac-reunion.fr\/lyc-jean-joly\/wp-content\/uploads\/sites\/114\/2021\/06\/environnement-photo-10-150x113.jpg 150w\" sizes=\"auto, (max-width: 453px) 100vw, 453px\" \/><\/figure><\/div>\n\n\n\n<ul class=\"wp-block-list\"><li>L\u2019enjeu de la connaissance (alphab\u00e9tisation des femmes&nbsp;; services secrets&nbsp;; circulation des \u00e9tudiants&nbsp;; cyberespace\u2026)<\/li><\/ul>\n\n\n\n<h3 class=\"wp-block-heading\">Quelles qualit\u00e9s dois-je avoir pour bien r\u00e9ussir dans cette sp\u00e9cialit\u00e9 ? Quels doivent \u00eatre mes points forts ?<\/h3>\n\n\n\n<p>Etre curieux est indispensable. Vous aurez besoin tout au long de l\u2019ann\u00e9e de mener des mener des recherches afin de constituer des dossiers. Etre capable de travailler de fa\u00e7on autonome, mais \u00e9galement en groupe. Etre capable de restituer le fruit de son travail \u00e0 l\u2019oral. L\u2019exercice de composition demande d\u2019organiser sa pens\u00e9e. Il n\u00e9cessite donc des capacit\u00e9s litt\u00e9raires, r\u00e9dactionnelles et un vocabulaire riche.<\/p>\n\n\n\n<h3 class=\"wp-block-heading\">Quelques exemples de r\u00e9alisation, d&rsquo;actions<\/h3>\n\n\n\n<ul class=\"wp-block-list\"><li>Etude de dossiers (lire des textes longs ne doit donc pas vous faire peur) afin de construire un questionnement et d\u00e9gager une probl\u00e9matique.<\/li><\/ul>\n\n\n\n<ul class=\"wp-block-list\"><li>Travail de groupe&nbsp;: se mettre dans la peau d\u2019une \u00e9quipe de r\u00e9daction afin de r\u00e9diger une \u00ab&nbsp;Une&nbsp;\u00bb<\/li><\/ul>\n\n\n\n<h3 class=\"wp-block-heading\">Quelles voies de l&rsquo;enseignement sup\u00e9rieur m&rsquo;ouvre cette sp\u00e9cialit\u00e9 ?<\/h3>\n\n\n\n<p>En combinant la sp\u00e9cialit\u00e9 histoire-g\u00e9ographie, g\u00e9opolitique et sciences politiques avec d&rsquo;autres sp\u00e9cialit\u00e9s existantes , les voies que vous pouvez prendre sont&nbsp;<strong>nombreuses&nbsp;<\/strong>: &nbsp;\u00e0 l\u2019universit\u00e9 (histoire, g\u00e9ographie, sciences politique, sociologie, droit, \u00e9conomie, m\u00e9tiers de l\u2019\u00e9ducation\u2026)&nbsp;; en classes pr\u00e9paratoires aux grandes \u00e9coles, \u00e9coles de journalisme, \u00e9cole de commerce et de management, de tourisme ou encore de communication\u2026<\/p>\n\n\n\n<div class=\"wp-block-image\"><figure class=\"aligncenter size-large\"><img loading=\"lazy\" decoding=\"async\" width=\"509\" height=\"340\" src=\"https:\/\/etab.ac-reunion.fr\/lyc-jean-joly\/wp-content\/uploads\/sites\/114\/2021\/06\/voies-photo-12.jpg\" alt=\"\" class=\"wp-image-5281\" srcset=\"https:\/\/etab.ac-reunion.fr\/lyc-jean-joly\/wp-content\/uploads\/sites\/114\/2021\/06\/voies-photo-12.jpg 509w, https:\/\/etab.ac-reunion.fr\/lyc-jean-joly\/wp-content\/uploads\/sites\/114\/2021\/06\/voies-photo-12-300x200.jpg 300w, https:\/\/etab.ac-reunion.fr\/lyc-jean-joly\/wp-content\/uploads\/sites\/114\/2021\/06\/voies-photo-12-150x100.jpg 150w\" sizes=\"auto, (max-width: 509px) 100vw, 509px\" \/><\/figure><\/div>\n\n\n\n<h3 class=\"wp-block-heading\">Vers quels types de m\u00e9tiers m&rsquo;oriente cette sp\u00e9cialit\u00e9 ?<\/h3>\n\n\n\n<p>Impossible de vous dresser une liste exhaustive, mais voici quelques exemples concrets&nbsp;: Antiquaire , Arch\u00e9ologue, Biblioth\u00e9caire, Charg\u00e9 de communication,&nbsp; Conservateur du patrimoine, Commissaire-priseur, Documentaliste, Directeur d&rsquo;office du tourisme, g\u00e9ographe, Guide touristique, G\u00e9ographe, G\u00e9n\u00e9alogiste, Historien, Journaliste, Libraire, Professeur\u2026..<\/p>\n","protected":false},"excerpt":{"rendered":"<p>Enseignement de sp\u00e9cialit\u00e9 en 1\u00e8re et Terminale g\u00e9n\u00e9rale De quoi s\u2019agit-il&nbsp;? La sp\u00e9cialit\u00e9 HGGSP s\u2019adresse aux \u00e9l\u00e8ves qui aiment comprendre le monde, &nbsp;suivent l\u2019actualit\u00e9 et s\u2019int\u00e9ressent \u00e0 la complexit\u00e9 des&#8230;<\/p>\n<p> <a class=\"continue-reading-link\" href=\"https:\/\/etab.ac-reunion.fr\/lyc-jean-joly\/histoire-geographie-geopolitique-et-sciences-politiques\/\"><span>Lire la suite<\/span><i class=\"crycon-right-dir\"><\/i><\/a> <\/p>\n","protected":false},"author":20300,"featured_media":0,"parent":0,"menu_order":0,"comment_status":"closed","ping_status":"closed","template":"","meta":{"footnotes":""},"class_list":["post-5193","page","type-page","status-publish","hentry"],"_links":{"self":[{"href":"https:\/\/etab.ac-reunion.fr\/lyc-jean-joly\/wp-json\/wp\/v2\/pages\/5193","targetHints":{"allow":["GET"]}}],"collection":[{"href":"https:\/\/etab.ac-reunion.fr\/lyc-jean-joly\/wp-json\/wp\/v2\/pages"}],"about":[{"href":"https:\/\/etab.ac-reunion.fr\/lyc-jean-joly\/wp-json\/wp\/v2\/types\/page"}],"author":[{"embeddable":true,"href":"https:\/\/etab.ac-reunion.fr\/lyc-jean-joly\/wp-json\/wp\/v2\/users\/20300"}],"replies":[{"embeddable":true,"href":"https:\/\/etab.ac-reunion.fr\/lyc-jean-joly\/wp-json\/wp\/v2\/comments?post=5193"}],"version-history":[{"count":3,"href":"https:\/\/etab.ac-reunion.fr\/lyc-jean-joly\/wp-json\/wp\/v2\/pages\/5193\/revisions"}],"predecessor-version":[{"id":5282,"href":"https:\/\/etab.ac-reunion.fr\/lyc-jean-joly\/wp-json\/wp\/v2\/pages\/5193\/revisions\/5282"}],"wp:attachment":[{"href":"https:\/\/etab.ac-reunion.fr\/lyc-jean-joly\/wp-json\/wp\/v2\/media?parent=5193"}],"curies":[{"name":"wp","href":"https:\/\/api.w.org\/{rel}","templated":true}]}}