{"id":5196,"date":"2021-06-15T08:34:07","date_gmt":"2021-06-15T04:34:07","guid":{"rendered":"http:\/\/lycee-jeanjoly.ac-reunion.fr\/?page_id=5196"},"modified":"2021-06-22T08:12:58","modified_gmt":"2021-06-22T04:12:58","slug":"musique-2","status":"publish","type":"page","link":"https:\/\/etab.ac-reunion.fr\/lyc-jean-joly\/musique-2\/","title":{"rendered":"Musique"},"content":{"rendered":"\n<p> <\/p>\n\n\n\n<hr class=\"wp-block-separator has-text-color has-background has-luminous-vivid-orange-background-color has-luminous-vivid-orange-color is-style-dots\" \/>\n\n\n\n<p class=\"has-text-align-center has-luminous-vivid-orange-color has-text-color has-medium-font-size\">Option de seconde  <br>Enseignement optionnel en 1\u00e8re et Terminale g\u00e9n\u00e9rale  <\/p>\n\n\n\n<hr class=\"wp-block-separator has-text-color has-background has-luminous-vivid-orange-background-color has-luminous-vivid-orange-color is-style-dots\" \/>\n\n\n\n<h3 class=\"wp-block-heading\">De quoi s\u2019agit-il&nbsp;?<\/h3>\n\n\n\n<p>Cet enseignement invite l\u2019\u00e9l\u00e8ve \u00e0 pratiquer la Musique par le chant, l\u2019instrument acoustique, et la M.A.O. (Musique assist\u00e9e par ordinateur). Il est amen\u00e9 \u00e0 d\u00e9couvrir des oeuvres musicales de toutes esth\u00e9tiques et \u00e9poques (Classique, jazz, Rap, world\u2026.).<\/p>\n\n\n\n<p>Au cours de l\u2019ann\u00e9e, l\u2019\u00e9l\u00e8ve r\u00e9alise :<\/p>\n\n\n\n<ul class=\"wp-block-list\"><li>Des projets musicaux collectifs (polyphonies vocales et instrumentales)<\/li><li>Des projets de cr\u00e9ation, d\u2019arrangement, d\u2019interpr\u00e9tation.<\/li><\/ul>\n\n\n\n<p>Il se produit en concert : au Lyc\u00e9e et dans la salle de concert le Kerveguen (St Pierre)<\/p>\n\n\n\n<p>Il rencontre des artistes du territoire pour des projets de cr\u00e9ations<\/p>\n\n\n\n<p>Il d\u00e9couvre les m\u00e9tiers du son avec la rencontre de professionnels (orientation post-bac)<\/p>\n\n\n\n<div class=\"wp-block-image\"><figure class=\"aligncenter size-large is-resized\"><img loading=\"lazy\" decoding=\"async\" src=\"https:\/\/etab.ac-reunion.fr\/lyc-jean-joly\/wp-content\/uploads\/sites\/114\/2021\/06\/Guitare-basse.jpg\" alt=\"\" class=\"wp-image-5240\" width=\"480\" height=\"320\" srcset=\"https:\/\/etab.ac-reunion.fr\/lyc-jean-joly\/wp-content\/uploads\/sites\/114\/2021\/06\/Guitare-basse.jpg 960w, https:\/\/etab.ac-reunion.fr\/lyc-jean-joly\/wp-content\/uploads\/sites\/114\/2021\/06\/Guitare-basse-300x200.jpg 300w, https:\/\/etab.ac-reunion.fr\/lyc-jean-joly\/wp-content\/uploads\/sites\/114\/2021\/06\/Guitare-basse-150x100.jpg 150w\" sizes=\"auto, (max-width: 480px) 100vw, 480px\" \/><\/figure><\/div>\n\n\n\n<h3 class=\"wp-block-heading\">Quelles sont les th\u00e9matiques abord\u00e9es en 1<sup>\u00e8re<\/sup>&nbsp;?<\/h3>\n\n\n\n<p>Le programme d\u2019enseignement est articul\u00e9 autour de 2 champs de questionnements mis en oeuvre autour de projets :<\/p>\n\n\n\n<ul class=\"wp-block-list\"><li>La place de la musique dans la soci\u00e9t\u00e9 contemporaine : musique et num\u00e9rique, mondialisation, sciences, la musique et les autres arts&#8230;<\/li><li>La diversit\u00e9 des langages et des techniques de la cr\u00e9ation musicale : musique et image, musique et texte, musique et mouvement etc\u2026<\/li><\/ul>\n\n\n\n<h3 class=\"wp-block-heading\">Quelles sont les th\u00e9matiques abord\u00e9es en Terminale&nbsp;?&nbsp;&nbsp;&nbsp;&nbsp;&nbsp;&nbsp;&nbsp;&nbsp;&nbsp;&nbsp;&nbsp;&nbsp;<\/h3>\n\n\n\n<p>En terminale, l\u2019\u00e9l\u00e8ve r\u00e9alise notamment son projet \u00ab&nbsp;Carte blanche&nbsp;\u00bb. L\u2019\u00e9l\u00e8ve choisit un sujet d\u2019\u00e9tude (artiste\/groupe, genre, les r\u00e9ceptions de la Musique, etc..) trait\u00e9 en deux parties : <\/p>\n\n\n\n<ul class=\"wp-block-list\"><li>une \u00e9tude musicologique (questionnement, recherches documentaires, m\u00e9thodologie\u2026) ;<\/li><li>la r\u00e9alisation d\u2019un projet artistique (interpr\u00e9tation, cr\u00e9ation, etc\u2026) en lien avec son sujet.<\/li><\/ul>\n\n\n\n<h3 class=\"wp-block-heading\">Quelles qualit\u00e9s dois-je avoir pour bien r\u00e9ussir dans cette option&nbsp;? Quels doivent \u00eatre mes points forts&nbsp;?<\/h3>\n\n\n\n<p>Cet enseignement concerne tout \u00e9l\u00e8ve motiv\u00e9 par la Musique, sans conditions pr\u00e9alables de solf\u00e8ge ou pratique d\u2019un instrument !!! Il permet \u00e0 l\u2019\u00e9l\u00e8ve de s\u2019\u00e9panouir et d\u2019avoir des cl\u00e9s pour comprendre le monde qui l\u2019entoure.<\/p>\n\n\n\n<h3 class=\"wp-block-heading\">Quelques exemples de r\u00e9alisation, d\u2019actions :<\/h3>\n\n\n\n<ul class=\"wp-block-list\"><li>Concert au sein du Lyc\u00e9e Jean Joly&nbsp; (d\u00e9cembre 2020) : <a href=\"https:\/\/www.teat.re\/preview\/reportage\/0000\/00\/00\/preview,212.html&amp;preview=1\">https:\/\/www.teat.re\/preview\/reportage\/0000\/00\/00\/preview,212.html&amp;preview=1<\/a><\/li><li>Concert au Kerveguen (avril 2021) : <a href=\"https:\/\/www.ac-reunion.fr\/daac\/domaines-artistiques-et-culturels\/musique\/peac-musique\/joly-musik-au-kerveguen.html\">https:\/\/www.ac-reunion.fr\/daac\/domaines-artistiques-et-culturels\/musique\/peac-musique\/joly-musik-au-kerveguen.html<\/a><\/li><\/ul>\n\n\n\n<div class=\"wp-block-image\"><figure class=\"aligncenter size-large is-resized\"><img loading=\"lazy\" decoding=\"async\" src=\"https:\/\/etab.ac-reunion.fr\/lyc-jean-joly\/wp-content\/uploads\/sites\/114\/2021\/06\/Concert-lycee.jpg\" alt=\"\" class=\"wp-image-5238\" width=\"594\" height=\"303\" srcset=\"https:\/\/etab.ac-reunion.fr\/lyc-jean-joly\/wp-content\/uploads\/sites\/114\/2021\/06\/Concert-lycee.jpg 792w, https:\/\/etab.ac-reunion.fr\/lyc-jean-joly\/wp-content\/uploads\/sites\/114\/2021\/06\/Concert-lycee-300x153.jpg 300w, https:\/\/etab.ac-reunion.fr\/lyc-jean-joly\/wp-content\/uploads\/sites\/114\/2021\/06\/Concert-lycee-150x77.jpg 150w\" sizes=\"auto, (max-width: 594px) 100vw, 594px\" \/><figcaption><em><span class=\"has-inline-color has-cyan-bluish-gray-color\">Cr\u00e9dit : TEAT<\/span><\/em><\/figcaption><\/figure><\/div>\n\n\n\n<h3 class=\"wp-block-heading\">Quelles voies de l\u2019enseignement sup\u00e9rieur m\u2019ouvre cette sp\u00e9cialit\u00e9&nbsp;?<\/h3>\n\n\n\n<p>L\u2019option musique en lyc\u00e9e permet d\u2019int\u00e9grer de multiples formations sup\u00e9rieures, d\u2019apporter une singularit\u00e9 au profil du futur \u00e9tudiant et de l\u2019inscrire dans un univers r\u00e9aliste d\u2019\u00e9tudes et de voies professionnelles :<\/p>\n\n\n\n<ul class=\"wp-block-list\"><li>Musicologie<\/li><li>La science et les techniques du son<\/li><li>La m\u00e9diation, la gestion et le management culturel<\/li><li>La Musicoth\u00e9rapie<\/li><\/ul>\n\n\n\n<h3 class=\"wp-block-heading\">Vers quels types de m\u00e9tiers m\u2019oriente cette sp\u00e9cialit\u00e9&nbsp;?<\/h3>\n\n\n\n<p>Ing\u00e9nieur du son, Artiste, Interpr\u00e8te, Sound designer, Musicoth\u00e9rapeute, Technicien son, M\u00e9tiers des m\u00e9dias, M\u00e9diateur culturel, etc\u2026<\/p>\n\n\n\n<hr class=\"wp-block-separator\" id=\"block-7676d910-9df1-44aa-b7e8-9f4d152060a0\" \/>\n\n\n\n<p class=\"has-text-align-center\" id=\"block-43edd5af-e070-4091-ae78-ed5061661127\"><em><a href=\"https:\/\/etab.ac-reunion.fr\/lyc-jean-joly\/category\/musique\/\">Cliquez ici pour retrouver toute l&rsquo;actualit\u00e9 de la Musique au lyc\u00e9e.<\/a><\/em><\/p>\n","protected":false},"excerpt":{"rendered":"<p>Option de seconde Enseignement optionnel en 1\u00e8re et Terminale g\u00e9n\u00e9rale De quoi s\u2019agit-il&nbsp;? Cet enseignement invite l\u2019\u00e9l\u00e8ve \u00e0 pratiquer la Musique par le chant, l\u2019instrument acoustique, et la M.A.O. (Musique&#8230;<\/p>\n<p> <a class=\"continue-reading-link\" href=\"https:\/\/etab.ac-reunion.fr\/lyc-jean-joly\/musique-2\/\"><span>Lire la suite<\/span><i class=\"crycon-right-dir\"><\/i><\/a> <\/p>\n","protected":false},"author":20300,"featured_media":0,"parent":0,"menu_order":0,"comment_status":"closed","ping_status":"closed","template":"","meta":{"footnotes":""},"class_list":["post-5196","page","type-page","status-publish","hentry"],"_links":{"self":[{"href":"https:\/\/etab.ac-reunion.fr\/lyc-jean-joly\/wp-json\/wp\/v2\/pages\/5196","targetHints":{"allow":["GET"]}}],"collection":[{"href":"https:\/\/etab.ac-reunion.fr\/lyc-jean-joly\/wp-json\/wp\/v2\/pages"}],"about":[{"href":"https:\/\/etab.ac-reunion.fr\/lyc-jean-joly\/wp-json\/wp\/v2\/types\/page"}],"author":[{"embeddable":true,"href":"https:\/\/etab.ac-reunion.fr\/lyc-jean-joly\/wp-json\/wp\/v2\/users\/20300"}],"replies":[{"embeddable":true,"href":"https:\/\/etab.ac-reunion.fr\/lyc-jean-joly\/wp-json\/wp\/v2\/comments?post=5196"}],"version-history":[{"count":7,"href":"https:\/\/etab.ac-reunion.fr\/lyc-jean-joly\/wp-json\/wp\/v2\/pages\/5196\/revisions"}],"predecessor-version":[{"id":5360,"href":"https:\/\/etab.ac-reunion.fr\/lyc-jean-joly\/wp-json\/wp\/v2\/pages\/5196\/revisions\/5360"}],"wp:attachment":[{"href":"https:\/\/etab.ac-reunion.fr\/lyc-jean-joly\/wp-json\/wp\/v2\/media?parent=5196"}],"curies":[{"name":"wp","href":"https:\/\/api.w.org\/{rel}","templated":true}]}}