{"id":5346,"date":"2021-06-21T22:49:28","date_gmt":"2021-06-21T18:49:28","guid":{"rendered":"http:\/\/lycee-jeanjoly.ac-reunion.fr\/?page_id=5346"},"modified":"2021-08-18T10:10:29","modified_gmt":"2021-08-18T06:10:29","slug":"arts-plastiques-3","status":"publish","type":"page","link":"https:\/\/etab.ac-reunion.fr\/lyc-jean-joly\/arts-plastiques-3\/","title":{"rendered":"Arts Plastiques"},"content":{"rendered":"\n<hr class=\"wp-block-separator has-text-color has-background has-luminous-vivid-orange-background-color has-luminous-vivid-orange-color is-style-dots\" \/>\n\n\n\n<p class=\"has-text-align-center has-luminous-vivid-orange-color has-text-color has-medium-font-size\">Option de seconde<br>Enseignement de sp\u00e9cialit\u00e9 en 1\u00e8re et Terminale g\u00e9n\u00e9rale<\/p>\n\n\n\n<hr class=\"wp-block-separator has-text-color has-background has-luminous-vivid-orange-background-color has-luminous-vivid-orange-color is-style-dots\" \/>\n\n\n\n<h3 class=\"wp-block-heading\">De quoi s\u2019agit-il&nbsp;?<\/h3>\n\n\n\n<p>L&rsquo;enseignement des Arts-Plastiques au Lyc\u00e9e Jean Joly est possible en Option en seconde et en Enseignement de Sp\u00e9cialit\u00e9 en Premi\u00e8re et Terminale. Il concerne les \u00e9l\u00e8ves de fili\u00e8re g\u00e9n\u00e9rale.<\/p>\n\n\n\n<p>L\u2019enseignement est de 3 heures \/ semaine en seconde, de 4 heures en 1\u00e8re et 6 heures en Terminale, articulant pratique artistique et culture artistique.<\/p>\n\n\n\n<p>Cet enseignement s\u2019adresse \u00e0 des \u00e9l\u00e8ves int\u00e9ress\u00e9s par la pratique et la culture.<\/p>\n\n\n\n<div class=\"wp-block-image\"><figure class=\"aligncenter size-large is-resized\"><img loading=\"lazy\" decoding=\"async\" src=\"https:\/\/etab.ac-reunion.fr\/lyc-jean-joly\/wp-content\/uploads\/sites\/114\/2021\/06\/thematiq-ecommune-2-1024x1024.jpg\" alt=\"\" class=\"wp-image-5349\" width=\"512\" height=\"512\" srcset=\"https:\/\/etab.ac-reunion.fr\/lyc-jean-joly\/wp-content\/uploads\/sites\/114\/2021\/06\/thematiq-ecommune-2-1024x1024.jpg 1024w, https:\/\/etab.ac-reunion.fr\/lyc-jean-joly\/wp-content\/uploads\/sites\/114\/2021\/06\/thematiq-ecommune-2-300x300.jpg 300w, https:\/\/etab.ac-reunion.fr\/lyc-jean-joly\/wp-content\/uploads\/sites\/114\/2021\/06\/thematiq-ecommune-2-150x150.jpg 150w, https:\/\/etab.ac-reunion.fr\/lyc-jean-joly\/wp-content\/uploads\/sites\/114\/2021\/06\/thematiq-ecommune-2-1536x1536.jpg 1536w, https:\/\/etab.ac-reunion.fr\/lyc-jean-joly\/wp-content\/uploads\/sites\/114\/2021\/06\/thematiq-ecommune-2-2048x2048.jpg 2048w\" sizes=\"auto, (max-width: 512px) 100vw, 512px\" \/><figcaption>Exposition Bleu Ciel Bleu Nuit des \u00e9l\u00e8ves de Premi\u00e8res Sp\u00e9cialit\u00e9<br> Lyc\u00e9e Jean Joly 2020<\/figcaption><\/figure><\/div>\n\n\n\n<h4 class=\"wp-block-heading\">D\u00e9velopper sa PRATIQUE plastique et artistique :<\/h4>\n\n\n\n<p>L\u2019enseignement d&rsquo;Arts Plastiques vise \u00e0 d\u00e9velopper la capacit\u00e9 \u00e0 construire des projets et \u00e0 travailler de fa\u00e7on autonome.<\/p>\n\n\n\n<p>Pour cela, la situation d&rsquo;atelier dans laquelle le projet personnel est central, est privil\u00e9gi\u00e9. Chaque \u00e9l\u00e8ve va choisir et d\u00e9finir son projet personnel, choisir de pratiquer diff\u00e9rentes techniques et d&rsquo;utiliser diff\u00e9rents moyens au service de ce projet.<\/p>\n\n\n\n<h4 class=\"wp-block-heading\">Enrichir sa CULTURE artistique :<\/h4>\n\n\n\n<p>Les questionnements du programme font interagir la PRATIQUE et la CULTURE artistiques.<\/p>\n\n\n\n<p>Fond\u00e9e principalement sur l\u2019Histoire de l\u2019Art, la CULTURE artistique offre connaissances, r\u00e9f\u00e9rences et rep\u00e8res communs. Elle nourrit l\u2019imaginaire, irrigue la pratique, d\u00e9veloppe la sensibilit\u00e9.<\/p>\n\n\n\n<div class=\"wp-block-image\"><figure class=\"aligncenter size-large is-resized\"><img loading=\"lazy\" decoding=\"async\" src=\"https:\/\/etab.ac-reunion.fr\/lyc-jean-joly\/wp-content\/uploads\/sites\/114\/2021\/06\/sculpture-1024x768.jpg\" alt=\"\" class=\"wp-image-5347\" width=\"512\" height=\"384\" srcset=\"https:\/\/etab.ac-reunion.fr\/lyc-jean-joly\/wp-content\/uploads\/sites\/114\/2021\/06\/sculpture-1024x768.jpg 1024w, https:\/\/etab.ac-reunion.fr\/lyc-jean-joly\/wp-content\/uploads\/sites\/114\/2021\/06\/sculpture-300x225.jpg 300w, https:\/\/etab.ac-reunion.fr\/lyc-jean-joly\/wp-content\/uploads\/sites\/114\/2021\/06\/sculpture-1536x1152.jpg 1536w, https:\/\/etab.ac-reunion.fr\/lyc-jean-joly\/wp-content\/uploads\/sites\/114\/2021\/06\/sculpture-2048x1536.jpg 2048w, https:\/\/etab.ac-reunion.fr\/lyc-jean-joly\/wp-content\/uploads\/sites\/114\/2021\/06\/sculpture-150x113.jpg 150w\" sizes=\"auto, (max-width: 512px) 100vw, 512px\" \/><figcaption>Projet artistique de Terminale de Laurie FONTAINE<br>Bas relief en argile en cours de r\u00e9alisation <br> lyc\u00e9e Jean Joly 2021 <\/figcaption><\/figure><\/div>\n\n\n\n<h3 class=\"wp-block-heading\">Quelles sont les th\u00e9matiques abord\u00e9es en 1<sup>\u00e8re<\/sup>&nbsp;?<\/h3>\n\n\n\n<p>Les ATTENDUS de l\u2019enseignement de sp\u00e9cialit\u00e9 arts plastiques se travaillent progressivement de la Premi\u00e8re \u00e0 la Terminale :<\/p>\n\n\n\n<ul class=\"wp-block-list\"><li>pratiquer les arts plastiques de mani\u00e8re r\u00e9flexive ;<\/li><li>questionner le fait artistique ;<\/li><li>exposer l\u2019\u0153uvre, la d\u00e9marche, la pratique.<\/li><\/ul>\n\n\n\n<p>En Premi\u00e8re, l&rsquo;objectif sera pour chaque \u00e9l\u00e8ve de se d\u00e9couvrir et se construire une d\u00e9marche de cr\u00e9ation au travers de questionnements communs \u00e0 l&rsquo;ensemble de la classe, de productions progressivement ambitieuses et de mises en situation d&rsquo;exposition.<\/p>\n\n\n\n<div class=\"wp-block-image\"><figure class=\"aligncenter size-large is-resized\"><img loading=\"lazy\" decoding=\"async\" src=\"https:\/\/etab.ac-reunion.fr\/lyc-jean-joly\/wp-content\/uploads\/sites\/114\/2021\/06\/trompe-oeil-769x1024.jpg\" alt=\"\" class=\"wp-image-5351\" width=\"385\" height=\"512\" srcset=\"https:\/\/etab.ac-reunion.fr\/lyc-jean-joly\/wp-content\/uploads\/sites\/114\/2021\/06\/trompe-oeil-769x1024.jpg 769w, https:\/\/etab.ac-reunion.fr\/lyc-jean-joly\/wp-content\/uploads\/sites\/114\/2021\/06\/trompe-oeil-225x300.jpg 225w, https:\/\/etab.ac-reunion.fr\/lyc-jean-joly\/wp-content\/uploads\/sites\/114\/2021\/06\/trompe-oeil-1153x1536.jpg 1153w, https:\/\/etab.ac-reunion.fr\/lyc-jean-joly\/wp-content\/uploads\/sites\/114\/2021\/06\/trompe-oeil-1538x2048.jpg 1538w, https:\/\/etab.ac-reunion.fr\/lyc-jean-joly\/wp-content\/uploads\/sites\/114\/2021\/06\/trompe-oeil-113x150.jpg 113w, https:\/\/etab.ac-reunion.fr\/lyc-jean-joly\/wp-content\/uploads\/sites\/114\/2021\/06\/trompe-oeil-scaled.jpg 1922w\" sizes=\"auto, (max-width: 385px) 100vw, 385px\" \/><figcaption>Projet artistique de Terminale de Len Yuma LEOCADIE<br> Oeuvre en anamorphose In Situ<br>lyc\u00e9e Jean Joly 2021<\/figcaption><\/figure><\/div>\n\n\n\n<p><\/p>\n\n\n\n<h3 class=\"wp-block-heading\">Quelles sont les th\u00e9matiques abord\u00e9es en Terminale&nbsp;?&nbsp;&nbsp;&nbsp;&nbsp;&nbsp;&nbsp;&nbsp;&nbsp;&nbsp;&nbsp;&nbsp;&nbsp;&nbsp;&nbsp;&nbsp;<\/h3>\n\n\n\n<p>En Terminale, la Pratique personnelle de l&rsquo;\u00e9l\u00e8ve sera renforc\u00e9e par l&rsquo;affirmation de questionnements et pratiques artistiques personnelles mis en \u0153uvre dans un Projet personnel artistique abouti, de sa conception \u00e0 sa r\u00e9alisation.<\/p>\n\n\n\n<p>L\u2019\u00e9l\u00e8ve \u00e9labore un dossier personnel, compos\u00e9 de productions abouties ou non, en relation avec ses projets et le travail de la classe portant sur le programme. Il approfondit \u00e9galement l\u2019\u00e9crit de culture artistique.<\/p>\n\n\n\n<p>Le programme s\u2019appuie sur 3 domaines&nbsp;:<\/p>\n\n\n\n<ul class=\"wp-block-list\"><li>Les langages plastiques (techniques, mat\u00e9riaux, repr\u00e9sentation&#8230;) ;<\/li><li>Les strat\u00e9gies d&rsquo;exposition (sc\u00e9nographies mus\u00e9ales, prise en compte du spectateur, diffusion&#8230;) ;<\/li><li>Les processus de cr\u00e9ation&nbsp;(d\u00e9marches, intentions artistiques, partenariats, collaboration, chemin et vie de l&rsquo;oeuvre&#8230;).<\/li><\/ul>\n\n\n\n<div class=\"wp-block-image\"><figure class=\"aligncenter size-large is-resized\"><img loading=\"lazy\" decoding=\"async\" src=\"https:\/\/etab.ac-reunion.fr\/lyc-jean-joly\/wp-content\/uploads\/sites\/114\/2021\/06\/effet-3D-1024x1024.jpg\" alt=\"\" class=\"wp-image-5353\" width=\"512\" height=\"512\" srcset=\"https:\/\/etab.ac-reunion.fr\/lyc-jean-joly\/wp-content\/uploads\/sites\/114\/2021\/06\/effet-3D-1024x1024.jpg 1024w, https:\/\/etab.ac-reunion.fr\/lyc-jean-joly\/wp-content\/uploads\/sites\/114\/2021\/06\/effet-3D-300x300.jpg 300w, https:\/\/etab.ac-reunion.fr\/lyc-jean-joly\/wp-content\/uploads\/sites\/114\/2021\/06\/effet-3D-150x150.jpg 150w, https:\/\/etab.ac-reunion.fr\/lyc-jean-joly\/wp-content\/uploads\/sites\/114\/2021\/06\/effet-3D.jpg 1080w\" sizes=\"auto, (max-width: 512px) 100vw, 512px\" \/><figcaption>Production plastique de Premi\u00e8re de sp\u00e9cialit\u00e9 de Morgane JONIN<br> Lyc\u00e9e Jean Joly 2021<\/figcaption><\/figure><\/div>\n\n\n\n<h3 class=\"wp-block-heading\">Quelles qualit\u00e9s dois-je avoir pour bien r\u00e9ussir dans cette sp\u00e9cialit\u00e9&nbsp;? Quels doivent \u00eatre mes points forts&nbsp;?<\/h3>\n\n\n\n<p>Pour r\u00e9ussir en Arts-Plastiques de Sp\u00e9cialit\u00e9, la ma\u00eetrise technique (le beau dessin, la belle photo etc&#8230;) ne suffisent pas. Ils doivent \u00eatre mis au service de projets r\u00e9fl\u00e9chis et faisant sens. C&rsquo;est pourquoi, les qualit\u00e9s de r\u00e9flexion, de r\u00e9solution de probl\u00e8mes et de conceptualisation seront travaill\u00e9es. La d\u00e9marche \u00ab&nbsp;scientifique&nbsp;\u00bb par hypoth\u00e8ses, t\u00e2tonnements et analyses de r\u00e9sultats peut aussi \u00eatre un point fort. Relever des d\u00e9fis et savoir se questionner, sortir de sa zone de confort, sont des atouts.<\/p>\n\n\n\n<p>Et puis essentiellement une envie, un attrait, une motivation pour l&rsquo;artistique qui permettra de s&rsquo;engager dans des projets. Les travaux en Arts-Plastiques n\u00e9cessitent de l&rsquo;engagement personnel \u00e0 la maison (chercher les mat\u00e9riaux, approfondir son id\u00e9e, faire des essais, effectuer des recherches sur les artistes&#8230;). La curiosit\u00e9 est un point fort.<\/p>\n\n\n\n<p>L&rsquo;autonomie sera aussi travaill\u00e9e&nbsp;: apprendre progressivement \u00e0 s&#8217;emparer d&rsquo;un projet sans attendre que toutes les demandes viennent du prof&#8230; Une capacit\u00e9 \u00e0 l&rsquo;initiative est donc une qualit\u00e9 attendue.<\/p>\n\n\n\n<div class=\"wp-block-image\"><figure class=\"aligncenter size-large is-resized\"><img loading=\"lazy\" decoding=\"async\" src=\"https:\/\/etab.ac-reunion.fr\/lyc-jean-joly\/wp-content\/uploads\/sites\/114\/2021\/06\/dragon-1024x1024.jpg\" alt=\"\" class=\"wp-image-5352\" width=\"512\" height=\"512\" srcset=\"https:\/\/etab.ac-reunion.fr\/lyc-jean-joly\/wp-content\/uploads\/sites\/114\/2021\/06\/dragon-1024x1024.jpg 1024w, https:\/\/etab.ac-reunion.fr\/lyc-jean-joly\/wp-content\/uploads\/sites\/114\/2021\/06\/dragon-300x300.jpg 300w, https:\/\/etab.ac-reunion.fr\/lyc-jean-joly\/wp-content\/uploads\/sites\/114\/2021\/06\/dragon-150x150.jpg 150w, https:\/\/etab.ac-reunion.fr\/lyc-jean-joly\/wp-content\/uploads\/sites\/114\/2021\/06\/dragon.jpg 1280w\" sizes=\"auto, (max-width: 512px) 100vw, 512px\" \/><figcaption>Production plastique de Seconde optionnel de Sarah BLONDEAU<br>Lyc\u00e9e Jean Joly 2020<\/figcaption><\/figure><\/div>\n\n\n\n<h3 class=\"wp-block-heading\">Quelques exemples de r\u00e9alisation, d\u2019actions<\/h3>\n\n\n\n<p>Projets artistiques personnels ou collaboratifs.<\/p>\n\n\n\n<p>Rencontres avec des artistes de diff\u00e9rents domaines.<\/p>\n\n\n\n<p>Organisation et mise en place d&rsquo;expositions des r\u00e9alisations d&rsquo;\u00e9l\u00e8ves&#8230;<\/p>\n\n\n\n<div class=\"wp-block-image\"><figure class=\"aligncenter size-large is-resized\"><img loading=\"lazy\" decoding=\"async\" src=\"https:\/\/etab.ac-reunion.fr\/lyc-jean-joly\/wp-content\/uploads\/sites\/114\/2021\/06\/thematique-commune-1024x1024.jpg\" alt=\"\" class=\"wp-image-5350\" width=\"512\" height=\"512\" srcset=\"https:\/\/etab.ac-reunion.fr\/lyc-jean-joly\/wp-content\/uploads\/sites\/114\/2021\/06\/thematique-commune-1024x1024.jpg 1024w, https:\/\/etab.ac-reunion.fr\/lyc-jean-joly\/wp-content\/uploads\/sites\/114\/2021\/06\/thematique-commune-300x300.jpg 300w, https:\/\/etab.ac-reunion.fr\/lyc-jean-joly\/wp-content\/uploads\/sites\/114\/2021\/06\/thematique-commune-150x150.jpg 150w, https:\/\/etab.ac-reunion.fr\/lyc-jean-joly\/wp-content\/uploads\/sites\/114\/2021\/06\/thematique-commune-1536x1536.jpg 1536w, https:\/\/etab.ac-reunion.fr\/lyc-jean-joly\/wp-content\/uploads\/sites\/114\/2021\/06\/thematique-commune-2048x2048.jpg 2048w\" sizes=\"auto, (max-width: 512px) 100vw, 512px\" \/><figcaption>Productions plastiques de Terminales <br>( Laya &#8211; Chlo\u00e9 &#8211; Luna &#8211; Laurie &#8211; L\u00e9o &#8211; Crystal &#8211; Parvati &#8211; Emily ) <br>Lyc\u00e9e Jean Joly 2020<\/figcaption><\/figure><\/div>\n\n\n\n<h3 class=\"wp-block-heading\">Quelles voies de l\u2019enseignement sup\u00e9rieur m\u2019ouvre cette sp\u00e9cialit\u00e9&nbsp;?<\/h3>\n\n\n\n<p>Cette sp\u00e9cialit\u00e9 a \u00e9t\u00e9 pens\u00e9e pour pr\u00e9parer les \u00e9l\u00e8ves aux \u00e9coles sup\u00e9rieures d&rsquo;Art.<\/p>\n\n\n\n<p>Seront accessibles les cursus post-bacs artistiques tels-que&nbsp;: Facs d&rsquo;Arts-Plastiques, Ecoles sup\u00e9rieures d&rsquo;Arts (Beaux-Arts), \u00e9coles d&rsquo;Architecture, DN-Made (mode, graphisme, etc&#8230;), \u00e9coles de Cin\u00e9ma, \u00e9coles d&rsquo;Animation&#8230;<\/p>\n\n\n\n<h3 class=\"wp-block-heading\">Vers quels types de m\u00e9tiers m\u2019oriente cette sp\u00e9cialit\u00e9&nbsp;?<\/h3>\n\n\n\n<p>Tous les m\u00e9tiers ayant rapport avec la cr\u00e9ativit\u00e9 artistique ou la culture artistique&nbsp;: Graphiste, illustrateur, story-boarder, character-designer, design d&rsquo;espace, design d&rsquo;objet, communication visuelle, architecte, architecte d&rsquo;int\u00e9rieur, d\u00e9corateur d&rsquo;int\u00e9rieur, tatoueur, animateur 2D\/3D, Bande-dessin\u00e9e, r\u00e9alisateur de Cin\u00e9ma&#8230; mais aussi&nbsp;: conservateur de mus\u00e9e, m\u00e9tiers du patrimoine, animateur culturel&#8230; et Enseignant d&rsquo;&nbsp;Arts-Plastiques bien s\u00fbr&nbsp;!<\/p>\n\n\n\n<div class=\"wp-block-image\"><figure class=\"aligncenter size-large is-resized\"><img loading=\"lazy\" decoding=\"async\" src=\"https:\/\/etab.ac-reunion.fr\/lyc-jean-joly\/wp-content\/uploads\/sites\/114\/2021\/06\/tableau-768x1024.jpg\" alt=\"\" class=\"wp-image-5348\" width=\"384\" height=\"512\" srcset=\"https:\/\/etab.ac-reunion.fr\/lyc-jean-joly\/wp-content\/uploads\/sites\/114\/2021\/06\/tableau-768x1024.jpg 768w, https:\/\/etab.ac-reunion.fr\/lyc-jean-joly\/wp-content\/uploads\/sites\/114\/2021\/06\/tableau-225x300.jpg 225w, https:\/\/etab.ac-reunion.fr\/lyc-jean-joly\/wp-content\/uploads\/sites\/114\/2021\/06\/tableau-1152x1536.jpg 1152w, https:\/\/etab.ac-reunion.fr\/lyc-jean-joly\/wp-content\/uploads\/sites\/114\/2021\/06\/tableau-1536x2048.jpg 1536w, https:\/\/etab.ac-reunion.fr\/lyc-jean-joly\/wp-content\/uploads\/sites\/114\/2021\/06\/tableau-113x150.jpg 113w, https:\/\/etab.ac-reunion.fr\/lyc-jean-joly\/wp-content\/uploads\/sites\/114\/2021\/06\/tableau-scaled.jpg 1920w\" sizes=\"auto, (max-width: 384px) 100vw, 384px\" \/><figcaption>Projet artistique de Terminale de Emmanuelle MOREL <br>Acrylique sur toile <br>Lyc\u00e9e Jean Joly 2021<\/figcaption><\/figure><\/div>\n\n\n\n<hr class=\"wp-block-separator\" \/>\n\n\n\n<p class=\"has-text-align-center\" id=\"block-4f0f2d71-6e40-47ea-8c64-1051497d4346\"><em><a href=\"https:\/\/etab.ac-reunion.fr\/lyc-jean-joly\/category\/arts-plastiques\/\">Cliquez ici pour retrouver toute l&rsquo;actualit\u00e9 des Arts Plastiques au lyc\u00e9e.<\/a><\/em><\/p>\n","protected":false},"excerpt":{"rendered":"<p>Option de secondeEnseignement de sp\u00e9cialit\u00e9 en 1\u00e8re et Terminale g\u00e9n\u00e9rale De quoi s\u2019agit-il&nbsp;? L&rsquo;enseignement des Arts-Plastiques au Lyc\u00e9e Jean Joly est possible en Option en seconde et en Enseignement de&#8230;<\/p>\n<p> <a class=\"continue-reading-link\" href=\"https:\/\/etab.ac-reunion.fr\/lyc-jean-joly\/arts-plastiques-3\/\"><span>Lire la suite<\/span><i class=\"crycon-right-dir\"><\/i><\/a> <\/p>\n","protected":false},"author":20300,"featured_media":0,"parent":0,"menu_order":0,"comment_status":"closed","ping_status":"closed","template":"","meta":{"footnotes":""},"class_list":["post-5346","page","type-page","status-publish","hentry"],"_links":{"self":[{"href":"https:\/\/etab.ac-reunion.fr\/lyc-jean-joly\/wp-json\/wp\/v2\/pages\/5346","targetHints":{"allow":["GET"]}}],"collection":[{"href":"https:\/\/etab.ac-reunion.fr\/lyc-jean-joly\/wp-json\/wp\/v2\/pages"}],"about":[{"href":"https:\/\/etab.ac-reunion.fr\/lyc-jean-joly\/wp-json\/wp\/v2\/types\/page"}],"author":[{"embeddable":true,"href":"https:\/\/etab.ac-reunion.fr\/lyc-jean-joly\/wp-json\/wp\/v2\/users\/20300"}],"replies":[{"embeddable":true,"href":"https:\/\/etab.ac-reunion.fr\/lyc-jean-joly\/wp-json\/wp\/v2\/comments?post=5346"}],"version-history":[{"count":5,"href":"https:\/\/etab.ac-reunion.fr\/lyc-jean-joly\/wp-json\/wp\/v2\/pages\/5346\/revisions"}],"predecessor-version":[{"id":5510,"href":"https:\/\/etab.ac-reunion.fr\/lyc-jean-joly\/wp-json\/wp\/v2\/pages\/5346\/revisions\/5510"}],"wp:attachment":[{"href":"https:\/\/etab.ac-reunion.fr\/lyc-jean-joly\/wp-json\/wp\/v2\/media?parent=5346"}],"curies":[{"name":"wp","href":"https:\/\/api.w.org\/{rel}","templated":true}]}}