{"id":5408,"date":"2021-06-24T17:10:02","date_gmt":"2021-06-24T13:10:02","guid":{"rendered":"http:\/\/lycee-jeanjoly.ac-reunion.fr\/?page_id=5408"},"modified":"2021-06-25T20:15:01","modified_gmt":"2021-06-25T16:15:01","slug":"llce-anglais","status":"publish","type":"page","link":"https:\/\/etab.ac-reunion.fr\/lyc-jean-joly\/llce-anglais\/","title":{"rendered":"Langues, Litt\u00e9rature et Culture Etrang\u00e8re &#8211; ANGLAIS"},"content":{"rendered":"\n<hr class=\"wp-block-separator has-text-color has-background has-luminous-vivid-orange-background-color has-luminous-vivid-orange-color is-style-dots\" \/>\n\n\n\n<p class=\"has-text-align-center has-luminous-vivid-orange-color has-text-color has-medium-font-size\">Enseignement de sp\u00e9cialit\u00e9 en 1\u00e8re et Terminale g\u00e9n\u00e9rale<\/p>\n\n\n\n<hr class=\"wp-block-separator has-text-color has-background has-luminous-vivid-orange-background-color has-luminous-vivid-orange-color is-style-dots\" \/>\n\n\n\n<h3 class=\"wp-block-heading\">De quoi s\u2019agit-il&nbsp;? <\/h3>\n\n\n\n<p>La sp\u00e9cialit\u00e9 LLCE, pour Langues, Litt\u00e9rature et Culture Etrang\u00e8re, est destin\u00e9e \u00e0 consolider sa ma\u00eetrise de la langue et \u00e0 approfondir ses connaissances sur l\u2019aire anglophone.<\/p>\n\n\n\n<p class=\"has-text-align-center\"><em>Apprendre de l\u2019autonomie<\/em><\/p>\n\n\n\n<p class=\"has-text-align-center\"><em>D\u00e9velopper l\u2019esprit critique<\/em><\/p>\n\n\n\n<p class=\"has-text-align-center\"><em>S\u2019initier au travail de recherches<\/em><\/p>\n\n\n\n<div class=\"wp-block-image\"><figure class=\"aligncenter size-large is-resized\"><img loading=\"lazy\" decoding=\"async\" src=\"https:\/\/etab.ac-reunion.fr\/lyc-jean-joly\/wp-content\/uploads\/sites\/114\/2021\/06\/learn-1820039_640.jpg\" alt=\"\" class=\"wp-image-5415\" width=\"480\" height=\"320\" srcset=\"https:\/\/etab.ac-reunion.fr\/lyc-jean-joly\/wp-content\/uploads\/sites\/114\/2021\/06\/learn-1820039_640.jpg 640w, https:\/\/etab.ac-reunion.fr\/lyc-jean-joly\/wp-content\/uploads\/sites\/114\/2021\/06\/learn-1820039_640-300x200.jpg 300w, https:\/\/etab.ac-reunion.fr\/lyc-jean-joly\/wp-content\/uploads\/sites\/114\/2021\/06\/learn-1820039_640-150x100.jpg 150w\" sizes=\"auto, (max-width: 480px) 100vw, 480px\" \/><\/figure><\/div>\n\n\n\n<h3 class=\"wp-block-heading\">Quelles sont les th\u00e9matiques abord\u00e9es en Premi\u00e8re ?<\/h3>\n\n\n\n<p>Les contenus culturels sont d\u00e9clin\u00e9s en 2 axes :<\/p>\n\n\n\n<ul class=\"wp-block-list\"><li><strong>L\u2019Imaginaire<\/strong> \u2013 la cr\u00e9ation visionnaire, l\u2019utopie, la dystopie, l\u2019imaginaire effrayant <\/li><li><strong>La Rencontre <\/strong>\u2013 l\u2019amour, l\u2019amiti\u00e9, la diff\u00e9rence, l\u2019individu dans le groupe<\/li><\/ul>\n\n\n\n<h5 class=\"wp-block-heading\">Des \u0153uvres int\u00e9grales sont \u00e0 \u00e9tudier en VO : <\/h5>\n\n\n\n<ul class=\"wp-block-list\"><li>Les \u0153uvres litt\u00e9raires sont courtes et accessibles, lues avec un accompagnement de l\u2019enseignante et choisies dans une liste nationale.<\/li><li>L\u2019\u00e9tude d\u2019un film dans son int\u00e9gralit\u00e9 est aussi possible, mais facultative.<\/li><\/ul>\n\n\n\n<h5 class=\"wp-block-heading\">L&rsquo;objectif en 1\u00e8re est d&rsquo;atteindre le niveau B2 : <\/h5>\n\n\n\n<p>L\u2019utilisation de l\u2019anglais pour voyager, pour \u00e9changer par oral et par \u00e9crit avec des \u00e9trangers ne pose aucun probl\u00e8me, bien que la ma\u00eetrise du vocabulaire et de la grammaire ne soit pas encore compl\u00e8te.<\/p>\n\n\n\n<div class=\"wp-block-image\"><figure class=\"aligncenter size-large is-resized\"><img loading=\"lazy\" decoding=\"async\" src=\"https:\/\/etab.ac-reunion.fr\/lyc-jean-joly\/wp-content\/uploads\/sites\/114\/2021\/06\/hands-423794_640.jpg\" alt=\"\" class=\"wp-image-5417\" width=\"480\" height=\"322\" srcset=\"https:\/\/etab.ac-reunion.fr\/lyc-jean-joly\/wp-content\/uploads\/sites\/114\/2021\/06\/hands-423794_640.jpg 640w, https:\/\/etab.ac-reunion.fr\/lyc-jean-joly\/wp-content\/uploads\/sites\/114\/2021\/06\/hands-423794_640-300x201.jpg 300w, https:\/\/etab.ac-reunion.fr\/lyc-jean-joly\/wp-content\/uploads\/sites\/114\/2021\/06\/hands-423794_640-150x101.jpg 150w\" sizes=\"auto, (max-width: 480px) 100vw, 480px\" \/><\/figure><\/div>\n\n\n\n<h3 class=\"wp-block-heading\">Quelles sont les th\u00e9matiques abord\u00e9es en Terminale ?<\/h3>\n\n\n\n<p>L&rsquo;accent est mis le contexte litt\u00e9raire, et s&rsquo;appuie sur les rep\u00e8res historiques, culturels, artistiques, \u00e9conomiques, politiques&#8230;<\/p>\n\n\n\n<p>Ce travail permet d&rsquo;explorer et mettre en perspective le patrimoine linguistique, litt\u00e9raire et culturel anglophone. <\/p>\n\n\n\n<p>Les contenus sont d\u00e9clin\u00e9s en 3 axes :<\/p>\n\n\n\n<ul class=\"wp-block-list\"><li>Arts et d\u00e9bats d&rsquo;id\u00e9es (arts &amp; debates)<\/li><li>Expression et construction de soi (self-expression &amp; construction)<\/li><li>Voyages, territoires, fronti\u00e8res (journeys, territories &amp; frontiers)<\/li><\/ul>\n\n\n\n<h5 class=\"wp-block-heading\">En terminale, on vise un niveau C1 : <\/h5>\n\n\n\n<p>Non seulement l\u2019utilisation de l\u2019anglais pour le voyage ne pose pas de probl\u00e8me mais l\u2019expatriation peut \u00eatre envisag\u00e9e tr\u00e8s sereinement.<\/p>\n\n\n\n<div class=\"wp-block-image\"><figure class=\"aligncenter size-large is-resized\"><img loading=\"lazy\" decoding=\"async\" src=\"https:\/\/etab.ac-reunion.fr\/lyc-jean-joly\/wp-content\/uploads\/sites\/114\/2021\/06\/identity-795295_640.jpg\" alt=\"\" class=\"wp-image-5419\" width=\"480\" height=\"371\" srcset=\"https:\/\/etab.ac-reunion.fr\/lyc-jean-joly\/wp-content\/uploads\/sites\/114\/2021\/06\/identity-795295_640.jpg 640w, https:\/\/etab.ac-reunion.fr\/lyc-jean-joly\/wp-content\/uploads\/sites\/114\/2021\/06\/identity-795295_640-300x232.jpg 300w, https:\/\/etab.ac-reunion.fr\/lyc-jean-joly\/wp-content\/uploads\/sites\/114\/2021\/06\/identity-795295_640-150x116.jpg 150w\" sizes=\"auto, (max-width: 480px) 100vw, 480px\" \/><\/figure><\/div>\n\n\n\n<h3 class=\"wp-block-heading\">Quelles voies de l&rsquo;enseignement sup\u00e9rieur m&rsquo;ouvre cette sp\u00e9cialit\u00e9 ?<\/h3>\n\n\n\n<h5 class=\"wp-block-heading\">Licences <\/h5>\n\n\n\n<p>Langues Litt\u00e9ratures et Cultures Etrang\u00e8res et R\u00e9gionales (LLCER), Langues Vivantes Etrang\u00e8res appliqu\u00e9es (LEA), Droit et langues, Sciences politiques <\/p>\n\n\n\n<h5 class=\"wp-block-heading\">Classes Pr\u00e9paratoires aux Grandes Ecoles <\/h5>\n\n\n\n<p>Litt\u00e9raires, Sciences \u00e9conomiques et commerciales<\/p>\n\n\n\n<h5 class=\"wp-block-heading\">Brevets de Technicien Sup\u00e9rieur <\/h5>\n\n\n\n<p>Commerce international, H\u00f4tellerie et restauration, Communication, Tourisme, N\u00e9gociation et digitalisation de la relation client, Management commercial op\u00e9rationnel<\/p>\n\n\n\n<p>La sp\u00e9cialit\u00e9 LLCE permet d&rsquo;aborder une poursuite d&rsquo;\u00e9tudes dans les domaines \u00e9conomiques, litt\u00e9raires, scientifiques, techniques avec une solide connaissance du monde anglophone et une bien meilleure ma\u00eetrise de l&rsquo;anglais. <\/p>\n\n\n\n<div class=\"wp-block-image\"><figure class=\"aligncenter size-large is-resized\"><img loading=\"lazy\" decoding=\"async\" src=\"https:\/\/etab.ac-reunion.fr\/lyc-jean-joly\/wp-content\/uploads\/sites\/114\/2021\/06\/motivation-1101887_640.jpg\" alt=\"\" class=\"wp-image-5418\" width=\"480\" height=\"480\" srcset=\"https:\/\/etab.ac-reunion.fr\/lyc-jean-joly\/wp-content\/uploads\/sites\/114\/2021\/06\/motivation-1101887_640.jpg 640w, https:\/\/etab.ac-reunion.fr\/lyc-jean-joly\/wp-content\/uploads\/sites\/114\/2021\/06\/motivation-1101887_640-300x300.jpg 300w, https:\/\/etab.ac-reunion.fr\/lyc-jean-joly\/wp-content\/uploads\/sites\/114\/2021\/06\/motivation-1101887_640-150x150.jpg 150w\" sizes=\"auto, (max-width: 480px) 100vw, 480px\" \/><\/figure><\/div>\n\n\n\n<hr class=\"wp-block-separator\" \/>\n\n\n\n<h3 class=\"wp-block-heading\">R\u00e9partition horaire <\/h3>\n\n\n\n<h5 class=\"wp-block-heading\">En premi\u00e8re <\/h5>\n\n\n\n<p>4 heures hebdomadaires avec l\u2019enseignant de Sp\u00e9cialit\u00e9 LLCE<br>(en plus des 2 heures 30 hebdomadaires avec l\u2019enseignant d\u2019Anglais Tronc commun)<\/p>\n\n\n\n<h5 class=\"wp-block-heading\">En terminale <\/h5>\n\n\n\n<p>6 heures hebdomadaires avec l\u2019enseignant de Sp\u00e9cialit\u00e9 LLCE<br>(en plus des 2 heures hebdomadaires avec l\u2019enseignant d\u2019Anglais Tronc commun)<\/p>\n\n\n\n<h3 class=\"wp-block-heading\">D\u00e9roulement des examens <\/h3>\n\n\n\n<figure class=\"wp-block-table is-style-regular\"><table><tbody><tr><td><\/td><td><strong>Premi\u00e8re<\/strong><\/td><td><strong>Terminale<\/strong><\/td><\/tr><tr><td><strong>Qui ?<\/strong> <\/td><td>Les \u00e9l\u00e8ves qui abandonnent la sp\u00e9cialit\u00e9.<\/td><td>Tous et toutes les \u00e9l\u00e8ves qui ont conserv\u00e9 la sp\u00e9cialit\u00e9 LLCE en terminale. <\/td><\/tr><tr><td><strong>Quand ?<\/strong><\/td><td>En mai\/juin<\/td><td>En mars                                        En juin<\/td><\/tr><tr><td><strong>Quoi ?<\/strong><\/td><td>Un oral, coef. 5<\/td><td>                                                     Grand Oral, coef. 10<\/td><\/tr><\/tbody><\/table><\/figure>\n\n\n\n<p>Les \u00e9preuves orales se fondent sur la pr\u00e9sentation d\u2019un dossier personnel autour d\u2019un sujet qui passionne les \u00e9l\u00e8ves en lien avec le programme.<\/p>\n","protected":false},"excerpt":{"rendered":"<p>Enseignement de sp\u00e9cialit\u00e9 en 1\u00e8re et Terminale g\u00e9n\u00e9rale De quoi s\u2019agit-il&nbsp;? La sp\u00e9cialit\u00e9 LLCE, pour Langues, Litt\u00e9rature et Culture Etrang\u00e8re, est destin\u00e9e \u00e0 consolider sa ma\u00eetrise de la langue et&#8230;<\/p>\n<p> <a class=\"continue-reading-link\" href=\"https:\/\/etab.ac-reunion.fr\/lyc-jean-joly\/llce-anglais\/\"><span>Lire la suite<\/span><i class=\"crycon-right-dir\"><\/i><\/a> <\/p>\n","protected":false},"author":20300,"featured_media":0,"parent":0,"menu_order":0,"comment_status":"closed","ping_status":"closed","template":"","meta":{"footnotes":""},"class_list":["post-5408","page","type-page","status-publish","hentry"],"_links":{"self":[{"href":"https:\/\/etab.ac-reunion.fr\/lyc-jean-joly\/wp-json\/wp\/v2\/pages\/5408","targetHints":{"allow":["GET"]}}],"collection":[{"href":"https:\/\/etab.ac-reunion.fr\/lyc-jean-joly\/wp-json\/wp\/v2\/pages"}],"about":[{"href":"https:\/\/etab.ac-reunion.fr\/lyc-jean-joly\/wp-json\/wp\/v2\/types\/page"}],"author":[{"embeddable":true,"href":"https:\/\/etab.ac-reunion.fr\/lyc-jean-joly\/wp-json\/wp\/v2\/users\/20300"}],"replies":[{"embeddable":true,"href":"https:\/\/etab.ac-reunion.fr\/lyc-jean-joly\/wp-json\/wp\/v2\/comments?post=5408"}],"version-history":[{"count":6,"href":"https:\/\/etab.ac-reunion.fr\/lyc-jean-joly\/wp-json\/wp\/v2\/pages\/5408\/revisions"}],"predecessor-version":[{"id":5420,"href":"https:\/\/etab.ac-reunion.fr\/lyc-jean-joly\/wp-json\/wp\/v2\/pages\/5408\/revisions\/5420"}],"wp:attachment":[{"href":"https:\/\/etab.ac-reunion.fr\/lyc-jean-joly\/wp-json\/wp\/v2\/media?parent=5408"}],"curies":[{"name":"wp","href":"https:\/\/api.w.org\/{rel}","templated":true}]}}