{"id":5461,"date":"2021-06-30T14:41:37","date_gmt":"2021-06-30T10:41:37","guid":{"rendered":"http:\/\/lycee-jeanjoly.ac-reunion.fr\/?page_id=5461"},"modified":"2021-07-01T21:11:00","modified_gmt":"2021-07-01T17:11:00","slug":"eps-2","status":"publish","type":"page","link":"https:\/\/etab.ac-reunion.fr\/lyc-jean-joly\/eps-2\/","title":{"rendered":"EPS"},"content":{"rendered":"\n<hr class=\"wp-block-separator has-text-color has-background has-luminous-vivid-orange-background-color has-luminous-vivid-orange-color is-style-dots\" \/>\n\n\n\n<p class=\"has-text-align-center has-luminous-vivid-orange-color has-text-color has-medium-font-size\">Option de seconde<br>Enseignement optionnel en 1\u00e8re et Terminale g\u00e9n\u00e9rale<\/p>\n\n\n\n<hr class=\"wp-block-separator has-text-color has-background has-luminous-vivid-orange-background-color has-luminous-vivid-orange-color is-style-dots\" \/>\n\n\n\n<p> <\/p>\n\n\n\n<h3 class=\"wp-block-heading\">De quoi s\u2019agit-il&nbsp;? <\/h3>\n\n\n\n<p>L&rsquo;enseignement optionnel d&rsquo;EPS s&rsquo;inscrit dans le parcours de formation du lyc\u00e9en sur les 3 ann\u00e9es du cursus.<\/p>\n\n\n\n<h4 class=\"wp-block-heading\">Les objectifs<\/h4>\n\n\n\n<ul class=\"wp-block-list\"><li>Permettre \u00e0 l&rsquo;\u00e9l\u00e8ve l&rsquo;approfondissement et ou la d\u00e9couverte de nouvelles APSA (activit\u00e9s physiques sportives et artistiques)<\/li><li>Faire comprendre que les APSA s&rsquo;inscrivent dans une probl\u00e9matique de soci\u00e9t\u00e9.<\/li><li>Faire r\u00e9fl\u00e9chir les \u00e9l\u00e8ves sur ces activit\u00e9s \u00e0 partir de th\u00e8mes d&rsquo;\u00e9tude.<\/li><li>Sensibiliser les \u00e9l\u00e8ves \u00e0 la conduite et r\u00e9alisation d&rsquo;une \u00e9tude.<\/li><\/ul>\n\n\n\n<p>Les th\u00e8mes d&rsquo;\u00e9tudes peuvent \u00eatre en rapport avec la mondialisation, les sp\u00e9cificit\u00e9s locales, les cultures corporelles, l&rsquo;\u00e9galit\u00e9 homme femme, la sant\u00e9, le spectacle, le d\u00e9veloppement durable, l&rsquo;environnement, les m\u00e9tiers du sport, l&rsquo;intervention p\u00e9dagogique\u2026..<\/p>\n\n\n\n<h3 class=\"wp-block-heading\">Quelles sont les th\u00e9matiques abord\u00e9es en 2nde ?<\/h3>\n\n\n\n<p>Badminton, Course de dur\u00e9e<\/p>\n\n\n\n<p>La r\u00e9flexion sur un th\u00e8me choisi par les enseignants, concr\u00e9tis\u00e9e par une production \u00e9crite, une pr\u00e9sentation, l&rsquo;animation d&rsquo;une situation d&rsquo;enseignement\u2026<\/p>\n\n\n\n<div class=\"wp-block-image\"><figure class=\"aligncenter size-large\"><img loading=\"lazy\" decoding=\"async\" width=\"640\" height=\"425\" src=\"https:\/\/etab.ac-reunion.fr\/lyc-jean-joly\/wp-content\/uploads\/sites\/114\/2021\/06\/trail-running-1.jpg\" alt=\"\" class=\"wp-image-5465\" srcset=\"https:\/\/etab.ac-reunion.fr\/lyc-jean-joly\/wp-content\/uploads\/sites\/114\/2021\/06\/trail-running-1.jpg 640w, https:\/\/etab.ac-reunion.fr\/lyc-jean-joly\/wp-content\/uploads\/sites\/114\/2021\/06\/trail-running-1-300x199.jpg 300w, https:\/\/etab.ac-reunion.fr\/lyc-jean-joly\/wp-content\/uploads\/sites\/114\/2021\/06\/trail-running-1-150x100.jpg 150w\" sizes=\"auto, (max-width: 640px) 100vw, 640px\" \/><\/figure><\/div>\n\n\n\n<h3 class=\"wp-block-heading\">Quelles sont les th\u00e9matiques abord\u00e9es en 1<sup>\u00e8re<\/sup>&nbsp;? &nbsp;<\/h3>\n\n\n\n<p>Badminton et escalade<\/p>\n\n\n\n<p>La conduite d&rsquo;un projet collectif en relation avec un ou des th\u00e8mes propos\u00e9s. Ce projet peut \u00eatre r\u00e9alis\u00e9 en bin\u00f4me, en groupe, en classe enti\u00e8re et peut prendre la forme par exemple d&rsquo;un spectacle, de l&rsquo;organisation d&rsquo;un raid pleine nature ou d&rsquo;une action caritative.<\/p>\n\n\n\n<div class=\"wp-block-image\"><figure class=\"aligncenter size-large\"><img loading=\"lazy\" decoding=\"async\" width=\"640\" height=\"426\" src=\"https:\/\/etab.ac-reunion.fr\/lyc-jean-joly\/wp-content\/uploads\/sites\/114\/2021\/06\/escalade-1.jpg\" alt=\"\" class=\"wp-image-5467\" srcset=\"https:\/\/etab.ac-reunion.fr\/lyc-jean-joly\/wp-content\/uploads\/sites\/114\/2021\/06\/escalade-1.jpg 640w, https:\/\/etab.ac-reunion.fr\/lyc-jean-joly\/wp-content\/uploads\/sites\/114\/2021\/06\/escalade-1-300x200.jpg 300w, https:\/\/etab.ac-reunion.fr\/lyc-jean-joly\/wp-content\/uploads\/sites\/114\/2021\/06\/escalade-1-150x100.jpg 150w\" sizes=\"auto, (max-width: 640px) 100vw, 640px\" \/><\/figure><\/div>\n\n\n\n<h3 class=\"wp-block-heading\">Quelles sont les th\u00e9matiques abord\u00e9es en Terminale&nbsp;? <\/h3>\n\n\n\n<p>Badminton et escalade<\/p>\n\n\n\n<p>La conduite d&rsquo;une \u00e9tude finalis\u00e9e par la r\u00e9alisation d&rsquo;un dossier associ\u00e9 \u00e0 une soutenance orale, (probl\u00e9matique et la mise en \u0153uvre d&rsquo;un protocole).<\/p>\n\n\n\n<p>Tout dossier d&rsquo;\u00e9tude doit prendre appui sur au moins une science et\/ou une technologie.<\/p>\n\n\n\n<p>Les sciences d&rsquo;appuis sont multiples (anatomie, physiologie, histoire, \u00e9conomie, physique, marketing\u2026) et les technologies peuvent \u00eatre li\u00e9es au num\u00e9rique, aux mat\u00e9riaux et outils utilis\u00e9s par les pratiquants.<\/p>\n\n\n\n<div class=\"wp-block-image\"><figure class=\"aligncenter size-large is-resized\"><img loading=\"lazy\" decoding=\"async\" src=\"https:\/\/etab.ac-reunion.fr\/lyc-jean-joly\/wp-content\/uploads\/sites\/114\/2021\/06\/badminton.jpg\" alt=\"\" class=\"wp-image-5468\" width=\"480\" height=\"320\" srcset=\"https:\/\/etab.ac-reunion.fr\/lyc-jean-joly\/wp-content\/uploads\/sites\/114\/2021\/06\/badminton.jpg 640w, https:\/\/etab.ac-reunion.fr\/lyc-jean-joly\/wp-content\/uploads\/sites\/114\/2021\/06\/badminton-300x200.jpg 300w, https:\/\/etab.ac-reunion.fr\/lyc-jean-joly\/wp-content\/uploads\/sites\/114\/2021\/06\/badminton-150x100.jpg 150w\" sizes=\"auto, (max-width: 480px) 100vw, 480px\" \/><\/figure><\/div>\n\n\n\n<h3 class=\"wp-block-heading\">Quelles qualit\u00e9s dois-je avoir pour bien r\u00e9ussir dans cette sp\u00e9cialit\u00e9&nbsp;? Quels doivent \u00eatre mes points forts&nbsp;? <\/h3>\n\n\n\n<p>Des qualit\u00e9s physiques (endurance, dynamisme..) ; motrices (agilit\u00e9, coordination..) et mentales : motivation, pers\u00e9v\u00e9rance<\/p>\n\n\n\n<p class=\"has-text-align-center has-cyan-bluish-gray-background-color has-background\" style=\"font-size:15px\"><strong>Attention : L&rsquo;inscription \u00e0 l&rsquo;option facultative EPS est conditionn\u00e9e par une inscription et une participation OBLIGATOIRE \u00e0 l&rsquo;Association Sportive (AS) du lyc\u00e9e (ou \u00e0 d\u00e9faut par une licence f\u00e9d\u00e9rale dans un club sportif)<\/strong>.<\/p>\n\n\n\n<h3 class=\"wp-block-heading\">Quelles voies de l\u2019enseignement sup\u00e9rieur m\u2019ouvre cette sp\u00e9cialit\u00e9&nbsp;? <\/h3>\n\n\n\n<p>Staps<\/p>\n\n\n\n<h3 class=\"wp-block-heading\">Vers quels types de m\u00e9tiers m\u2019oriente cette sp\u00e9cialit\u00e9&nbsp;? <\/h3>\n\n\n\n<p>M\u00e9tiers du sports, enseignement<\/p>\n\n\n\n<div class=\"wp-block-image\"><figure class=\"aligncenter size-large\"><img loading=\"lazy\" decoding=\"async\" width=\"424\" height=\"600\" src=\"https:\/\/etab.ac-reunion.fr\/lyc-jean-joly\/wp-content\/uploads\/sites\/114\/2021\/06\/Flyer-eps-1.jpg\" alt=\"\" class=\"wp-image-5463\" srcset=\"https:\/\/etab.ac-reunion.fr\/lyc-jean-joly\/wp-content\/uploads\/sites\/114\/2021\/06\/Flyer-eps-1.jpg 424w, https:\/\/etab.ac-reunion.fr\/lyc-jean-joly\/wp-content\/uploads\/sites\/114\/2021\/06\/Flyer-eps-1-212x300.jpg 212w, https:\/\/etab.ac-reunion.fr\/lyc-jean-joly\/wp-content\/uploads\/sites\/114\/2021\/06\/Flyer-eps-1-106x150.jpg 106w\" sizes=\"auto, (max-width: 424px) 100vw, 424px\" \/><\/figure><\/div>\n\n\n\n<p><\/p>\n","protected":false},"excerpt":{"rendered":"<p>Option de secondeEnseignement optionnel en 1\u00e8re et Terminale g\u00e9n\u00e9rale De quoi s\u2019agit-il&nbsp;? L&rsquo;enseignement optionnel d&rsquo;EPS s&rsquo;inscrit dans le parcours de formation du lyc\u00e9en sur les 3 ann\u00e9es du cursus. Les&#8230;<\/p>\n<p> <a class=\"continue-reading-link\" href=\"https:\/\/etab.ac-reunion.fr\/lyc-jean-joly\/eps-2\/\"><span>Lire la suite<\/span><i class=\"crycon-right-dir\"><\/i><\/a> <\/p>\n","protected":false},"author":20300,"featured_media":0,"parent":0,"menu_order":0,"comment_status":"closed","ping_status":"closed","template":"","meta":{"footnotes":""},"class_list":["post-5461","page","type-page","status-publish","hentry"],"_links":{"self":[{"href":"https:\/\/etab.ac-reunion.fr\/lyc-jean-joly\/wp-json\/wp\/v2\/pages\/5461","targetHints":{"allow":["GET"]}}],"collection":[{"href":"https:\/\/etab.ac-reunion.fr\/lyc-jean-joly\/wp-json\/wp\/v2\/pages"}],"about":[{"href":"https:\/\/etab.ac-reunion.fr\/lyc-jean-joly\/wp-json\/wp\/v2\/types\/page"}],"author":[{"embeddable":true,"href":"https:\/\/etab.ac-reunion.fr\/lyc-jean-joly\/wp-json\/wp\/v2\/users\/20300"}],"replies":[{"embeddable":true,"href":"https:\/\/etab.ac-reunion.fr\/lyc-jean-joly\/wp-json\/wp\/v2\/comments?post=5461"}],"version-history":[{"count":3,"href":"https:\/\/etab.ac-reunion.fr\/lyc-jean-joly\/wp-json\/wp\/v2\/pages\/5461\/revisions"}],"predecessor-version":[{"id":5476,"href":"https:\/\/etab.ac-reunion.fr\/lyc-jean-joly\/wp-json\/wp\/v2\/pages\/5461\/revisions\/5476"}],"wp:attachment":[{"href":"https:\/\/etab.ac-reunion.fr\/lyc-jean-joly\/wp-json\/wp\/v2\/media?parent=5461"}],"curies":[{"name":"wp","href":"https:\/\/api.w.org\/{rel}","templated":true}]}}