{"id":583,"date":"2015-12-04T10:40:21","date_gmt":"2015-12-04T09:40:21","guid":{"rendered":"http:\/\/lycee-jean-joly.ac-reunion.fr\/?page_id=583"},"modified":"2017-02-13T14:47:00","modified_gmt":"2017-02-13T10:47:00","slug":"calendrier-pedagogique","status":"publish","type":"page","link":"https:\/\/etab.ac-reunion.fr\/lyc-jean-joly\/calendrier-pedagogique\/","title":{"rendered":"Calendrier p\u00e9dagogique"},"content":{"rendered":"<p>Bonjour,<\/p>\n<p>Vous trouverez ci-dessous les calendriers de cette ann\u00e9e 2017:<\/p>\n<p>Le calendrier p\u00e9dagogique <a href=\"https:\/\/etab.ac-reunion.fr\/lyc-jean-joly\/wp-content\/uploads\/sites\/114\/2015\/12\/calendrier-p\u00e9dagogique130217.pdf\">Afficher<\/a><\/p>\n<p>Le calendrier pr\u00e9visionnel <a href=\"https:\/\/etab.ac-reunion.fr\/lyc-jean-joly\/wp-content\/uploads\/sites\/114\/2015\/12\/calendrier-pr\u00e9visionnel-2015-2016.pdf\" rel=\"\">Afficher<\/a><\/p>\n<p>&nbsp;<\/p>\n","protected":false},"excerpt":{"rendered":"<p>Bonjour, Vous trouverez ci-dessous les calendriers de cette ann\u00e9e 2017: Le calendrier p\u00e9dagogique Afficher Le calendrier pr\u00e9visionnel Afficher &nbsp;<\/p>\n<p> <a class=\"continue-reading-link\" href=\"https:\/\/etab.ac-reunion.fr\/lyc-jean-joly\/calendrier-pedagogique\/\"><span>Lire la suite<\/span><i class=\"crycon-right-dir\"><\/i><\/a> <\/p>\n","protected":false},"author":4396,"featured_media":0,"parent":0,"menu_order":0,"comment_status":"closed","ping_status":"closed","template":"","meta":{"footnotes":""},"class_list":["post-583","page","type-page","status-publish","hentry"],"_links":{"self":[{"href":"https:\/\/etab.ac-reunion.fr\/lyc-jean-joly\/wp-json\/wp\/v2\/pages\/583","targetHints":{"allow":["GET"]}}],"collection":[{"href":"https:\/\/etab.ac-reunion.fr\/lyc-jean-joly\/wp-json\/wp\/v2\/pages"}],"about":[{"href":"https:\/\/etab.ac-reunion.fr\/lyc-jean-joly\/wp-json\/wp\/v2\/types\/page"}],"author":[{"embeddable":true,"href":"https:\/\/etab.ac-reunion.fr\/lyc-jean-joly\/wp-json\/wp\/v2\/users\/4396"}],"replies":[{"embeddable":true,"href":"https:\/\/etab.ac-reunion.fr\/lyc-jean-joly\/wp-json\/wp\/v2\/comments?post=583"}],"version-history":[{"count":29,"href":"https:\/\/etab.ac-reunion.fr\/lyc-jean-joly\/wp-json\/wp\/v2\/pages\/583\/revisions"}],"predecessor-version":[{"id":1838,"href":"https:\/\/etab.ac-reunion.fr\/lyc-jean-joly\/wp-json\/wp\/v2\/pages\/583\/revisions\/1838"}],"wp:attachment":[{"href":"https:\/\/etab.ac-reunion.fr\/lyc-jean-joly\/wp-json\/wp\/v2\/media?parent=583"}],"curies":[{"name":"wp","href":"https:\/\/api.w.org\/{rel}","templated":true}]}}