{"id":59,"date":"2015-10-02T08:10:08","date_gmt":"2015-10-02T07:10:08","guid":{"rendered":"http:\/\/lycee-jean-joly.ac-reunion.fr\/?page_id=59"},"modified":"2016-02-01T07:42:31","modified_gmt":"2016-02-01T06:42:31","slug":"infos-administratives","status":"publish","type":"page","link":"https:\/\/etab.ac-reunion.fr\/lyc-jean-joly\/infos-administratives\/","title":{"rendered":"Infos pratiques"},"content":{"rendered":"<p><a href=\"https:\/\/etab.ac-reunion.fr\/lyc-jean-joly\/calendrier-pedagogique\/\">Calendrier p\u00e9dagogique<\/a><\/p>\n<p><a href=\"https:\/\/etab.ac-reunion.fr\/lyc-jean-joly\/infos-administratives\/demi-pension\/\">Service de restauration et h\u00e9bergement<\/a><\/p>\n<p><a href=\"https:\/\/etab.ac-reunion.fr\/lyc-jean-joly\/infos-administratives\/bourse\/\">Bourses de lyc\u00e9e<\/a><\/p>\n<p><a href=\"https:\/\/etab.ac-reunion.fr\/lyc-jean-joly\/infos-administratives\/formulaires\/\">Formulaires<\/a><\/p>\n<p><a href=\"https:\/\/etab.ac-reunion.fr\/lyc-jean-joly\/marches-publics\/\">March\u00e9s publics<\/a><\/p>\n","protected":false},"excerpt":{"rendered":"<p>Calendrier p\u00e9dagogique Service de restauration et h\u00e9bergement Bourses de lyc\u00e9e Formulaires March\u00e9s publics<\/p>\n<p> <a class=\"continue-reading-link\" href=\"https:\/\/etab.ac-reunion.fr\/lyc-jean-joly\/infos-administratives\/\"><span>Lire la suite<\/span><i class=\"crycon-right-dir\"><\/i><\/a> <\/p>\n","protected":false},"author":4396,"featured_media":0,"parent":0,"menu_order":0,"comment_status":"closed","ping_status":"closed","template":"","meta":{"footnotes":""},"class_list":["post-59","page","type-page","status-publish","hentry"],"_links":{"self":[{"href":"https:\/\/etab.ac-reunion.fr\/lyc-jean-joly\/wp-json\/wp\/v2\/pages\/59","targetHints":{"allow":["GET"]}}],"collection":[{"href":"https:\/\/etab.ac-reunion.fr\/lyc-jean-joly\/wp-json\/wp\/v2\/pages"}],"about":[{"href":"https:\/\/etab.ac-reunion.fr\/lyc-jean-joly\/wp-json\/wp\/v2\/types\/page"}],"author":[{"embeddable":true,"href":"https:\/\/etab.ac-reunion.fr\/lyc-jean-joly\/wp-json\/wp\/v2\/users\/4396"}],"replies":[{"embeddable":true,"href":"https:\/\/etab.ac-reunion.fr\/lyc-jean-joly\/wp-json\/wp\/v2\/comments?post=59"}],"version-history":[{"count":5,"href":"https:\/\/etab.ac-reunion.fr\/lyc-jean-joly\/wp-json\/wp\/v2\/pages\/59\/revisions"}],"predecessor-version":[{"id":782,"href":"https:\/\/etab.ac-reunion.fr\/lyc-jean-joly\/wp-json\/wp\/v2\/pages\/59\/revisions\/782"}],"wp:attachment":[{"href":"https:\/\/etab.ac-reunion.fr\/lyc-jean-joly\/wp-json\/wp\/v2\/media?parent=59"}],"curies":[{"name":"wp","href":"https:\/\/api.w.org\/{rel}","templated":true}]}}