{"id":7684,"date":"2024-06-10T12:58:03","date_gmt":"2024-06-10T08:58:03","guid":{"rendered":"https:\/\/etab.ac-reunion.fr\/lyc-jean-joly\/?page_id=7684"},"modified":"2024-06-11T12:01:08","modified_gmt":"2024-06-11T08:01:08","slug":"taxe-dapprentissage","status":"publish","type":"page","link":"https:\/\/etab.ac-reunion.fr\/lyc-jean-joly\/taxe-dapprentissage\/","title":{"rendered":"Taxe d&rsquo;apprentissage"},"content":{"rendered":"\n<p>Le lyc\u00e9e JEAN JOLY forme vos futurs salari\u00e9s. Notre ambition, les accompagner au plus proche des besoins du monde professionnel.<\/p>\n\n\n\n<h3 class=\"wp-block-heading\"><strong>Les formations dispens\u00e9es<\/strong><\/h3>\n\n\n\n<p>\u2022&nbsp;<strong>Technicien Constructeur Bois&nbsp;<\/strong>: Bac professionnel voie scolaire et apprentissage<br>\u2022&nbsp;<strong>Syst\u00e8mes constructifs Bois et Habitat&nbsp;<\/strong>: BTS voie scolaire et apprentissage<br>\u2022&nbsp;<strong>D\u00e9veloppement et R\u00e9alisation Bois<\/strong> : BTS voie scolaire et apprentissage<\/p>\n\n\n\n<h3 class=\"wp-block-heading\"><strong>La taxe d\u2019apprentissage, qu\u2019est-ce que c\u2019est ?<\/strong><\/h3>\n\n\n\n<p>La taxe d\u2019apprentissage est un imp\u00f4t d\u00fb par les entreprises, d\u00e9di\u00e9 au financement de l\u2019apprentissage et de l\u2019enseignement technique et professionnel.<\/p>\n\n\n\n<p>Elle est particuli\u00e8rement indispensable aux \u00e9tablissements du secteur industriel. Elle permet de contribuer aux frais de renouvellement de mat\u00e9riel existant et d\u2019\u00e9quipements compl\u00e9mentaires, de financer les projets p\u00e9dagogiques dont la semaine de d\u00e9couvert du monde professionnel.<\/p>\n\n\n\n<h3 class=\"wp-block-heading\"><strong>Pourquoi verser au Lyc\u00e9e JEAN JOLY ?<\/strong><\/h3>\n\n\n\n<p>Les recettes de la taxe d\u2019apprentissage repr\u00e9sentent une ressource essentielle pour notre \u00e9tablissement.<\/p>\n\n\n\n<p>En versant la taxe d\u2019apprentissage, vous agissez en faveur de la formation des jeunes&nbsp;:<\/p>\n\n\n\n<p>\u2022 Investir dans le mat\u00e9riel n\u00e9cessaire \u00e0 la formation des \u00e9l\u00e8ves en bac et BTS.<br>\u2022 Renouveler nos \u00e9quipements p\u00e9dagogiques,<br>\u2022 Participer aux projets, s\u00e9curit\u00e9 au travail, innovations, concours r\u00e9gionaux et nationaux\u2026<br>\u2022 Pr\u00e9parer les jeunes \u00e0 l\u2019insertion professionnelle (Participation \u00e0 des salons professionnels, visites d\u2019entreprises, Intervention de professionnels\u2026)<br>\u2022 Organiser la semaine de d\u00e9couverte du monde professionnel (Transports pour les visites d\u2019entreprises, intervenants ext\u00e9rieurs\u2026)<\/p>\n\n\n\n<h3 class=\"wp-block-heading\">&nbsp;<strong>Comment verser la taxe d\u2019apprentissage ?<\/strong><\/h3>\n\n\n\n<p>Le Lyc\u00e9e JEAN JOLY est habilit\u00e9 \u00e0 percevoir la taxe d\u2019apprentissage.<\/p>\n\n\n\n<p>1 \u2013&nbsp;<strong>CALCULER<\/strong>&nbsp;le montant d\u00fb au titre de la masse salariale N-1<br>2 \u2013&nbsp;<strong>D\u00c9CLARER ET PAYER<\/strong>&nbsp;ce montant \u00e0 l\u2019Urssaf  d\u2019avril N<br>3 \u2013&nbsp;<strong>ATTRIBUER<\/strong>&nbsp;ce montant au Lyc\u00e9e JEAN JOLY Joly via la plateforme SOLT\u00e9A selon le calendrier 2024 de la Plateforme&nbsp;:<\/p>\n\n\n\n<figure class=\"wp-block-image size-full\"><img loading=\"lazy\" decoding=\"async\" width=\"682\" height=\"297\" src=\"https:\/\/etab.ac-reunion.fr\/lyc-jean-joly\/wp-content\/uploads\/sites\/114\/2024\/06\/calendrier-soltea-2024.jpg\" alt=\"\" class=\"wp-image-7691\" srcset=\"https:\/\/etab.ac-reunion.fr\/lyc-jean-joly\/wp-content\/uploads\/sites\/114\/2024\/06\/calendrier-soltea-2024.jpg 682w, https:\/\/etab.ac-reunion.fr\/lyc-jean-joly\/wp-content\/uploads\/sites\/114\/2024\/06\/calendrier-soltea-2024-300x131.jpg 300w, https:\/\/etab.ac-reunion.fr\/lyc-jean-joly\/wp-content\/uploads\/sites\/114\/2024\/06\/calendrier-soltea-2024-150x65.jpg 150w\" sizes=\"auto, (max-width: 682px) 100vw, 682px\" \/><\/figure>\n\n\n\n<p>Le&nbsp;<strong>code d\u2019habilitation<\/strong>&nbsp;du Lyc\u00e9e JEAN JOLY reste le&nbsp;<strong>9741182S<\/strong>&nbsp;(code UAI) \u2013 SIRET 199 741 182 00026<\/p>\n\n\n\n<h3 class=\"wp-block-heading\"><strong>Qui contacter ?<\/strong><\/h3>\n\n\n\n<p>Pour en savoir plus, connectez vous d\u00e8s maintenant sur\u00a0<a href=\"https:\/\/www.soltea.education.gouv.fr\/espace-public\/\" target=\"_blank\" rel=\"noreferrer noopener\">le portail de SOLT\u00e9A<\/a>, la plateforme de r\u00e9partition du solde de la taxe d\u2019apprentissage<br>ou contacter Andr\u00e9 BENECH (Directeur d\u00e9l\u00e9gu\u00e9e aux Formations Professionnelles et Technologiques) par email \u00e0 ddpt.9741182s@ac-reunion.fr<br>ou contacter Mme POUDROUX, Adjoint Gestionnaire &#8211; Agent Comptable.<br>Nous restons disponibles pour vous accompagner et r\u00e9pondre \u00e0 vos questions.<\/p>\n\n\n\n<p><\/p>\n\n\n\n<h3 class=\"wp-block-heading\">Pi\u00e8ces jointes<\/h3>\n\n\n\n<ul class=\"wp-block-list\">\n<li><a href=\"https:\/\/etab.ac-reunion.fr\/lyc-jean-joly\/wp-content\/uploads\/sites\/114\/2024\/06\/Guide-Employeur-SOLTEA-2024.pdf\">Guide Employeur SOLTEA 2024&nbsp;<small>(2 MB)<\/small><\/a><\/li>\n<\/ul>\n","protected":false},"excerpt":{"rendered":"<p>Le lyc\u00e9e JEAN JOLY forme vos futurs salari\u00e9s. Notre ambition, les accompagner au plus proche des besoins du monde professionnel. Les formations dispens\u00e9es \u2022&nbsp;Technicien Constructeur Bois&nbsp;: Bac professionnel voie scolaire&#8230;<\/p>\n<p> <a class=\"continue-reading-link\" href=\"https:\/\/etab.ac-reunion.fr\/lyc-jean-joly\/taxe-dapprentissage\/\"><span>Lire la suite<\/span><i class=\"crycon-right-dir\"><\/i><\/a> <\/p>\n","protected":false},"author":2538,"featured_media":0,"parent":0,"menu_order":0,"comment_status":"closed","ping_status":"closed","template":"","meta":{"footnotes":""},"class_list":["post-7684","page","type-page","status-publish","hentry"],"_links":{"self":[{"href":"https:\/\/etab.ac-reunion.fr\/lyc-jean-joly\/wp-json\/wp\/v2\/pages\/7684","targetHints":{"allow":["GET"]}}],"collection":[{"href":"https:\/\/etab.ac-reunion.fr\/lyc-jean-joly\/wp-json\/wp\/v2\/pages"}],"about":[{"href":"https:\/\/etab.ac-reunion.fr\/lyc-jean-joly\/wp-json\/wp\/v2\/types\/page"}],"author":[{"embeddable":true,"href":"https:\/\/etab.ac-reunion.fr\/lyc-jean-joly\/wp-json\/wp\/v2\/users\/2538"}],"replies":[{"embeddable":true,"href":"https:\/\/etab.ac-reunion.fr\/lyc-jean-joly\/wp-json\/wp\/v2\/comments?post=7684"}],"version-history":[{"count":13,"href":"https:\/\/etab.ac-reunion.fr\/lyc-jean-joly\/wp-json\/wp\/v2\/pages\/7684\/revisions"}],"predecessor-version":[{"id":7774,"href":"https:\/\/etab.ac-reunion.fr\/lyc-jean-joly\/wp-json\/wp\/v2\/pages\/7684\/revisions\/7774"}],"wp:attachment":[{"href":"https:\/\/etab.ac-reunion.fr\/lyc-jean-joly\/wp-json\/wp\/v2\/media?parent=7684"}],"curies":[{"name":"wp","href":"https:\/\/api.w.org\/{rel}","templated":true}]}}