{"id":10205,"date":"2022-08-27T15:52:30","date_gmt":"2022-08-27T11:52:30","guid":{"rendered":"https:\/\/etab.ac-reunion.fr\/lyc-jean-perrin\/?page_id=10205"},"modified":"2023-08-16T20:40:15","modified_gmt":"2023-08-16T16:40:15","slug":"scolarite-de-mon-enfant-consultable-sur-internet","status":"publish","type":"page","link":"https:\/\/etab.ac-reunion.fr\/lyc-jean-perrin\/scolarite-de-mon-enfant-consultable-sur-internet\/","title":{"rendered":"La scolarit\u00e9 de mon enfant consultable sur Internet"},"content":{"rendered":"<p style=\"text-align: center\"><img loading=\"lazy\" decoding=\"async\" class=\"alignnone  wp-image-8321\" src=\"https:\/\/etab.ac-reunion.fr\/lyc-jean-perrin\/wp-content\/uploads\/sites\/40\/2021\/06\/Educonnect_image-300x114.jpg\" alt=\"\" width=\"195\" height=\"74\" srcset=\"https:\/\/etab.ac-reunion.fr\/lyc-jean-perrin\/wp-content\/uploads\/sites\/40\/2021\/06\/Educonnect_image-300x114.jpg 300w, https:\/\/etab.ac-reunion.fr\/lyc-jean-perrin\/wp-content\/uploads\/sites\/40\/2021\/06\/Educonnect_image.jpg 346w\" sizes=\"(max-width: 195px) 100vw, 195px\" \/><\/p>\n<p><span style=\"color: #000000\"><strong>Pour suivre la scolarit\u00e9 de son enfant dans le second degr\u00e9 (Coll\u00e8ge et Lyc\u00e9e), chaque responsable l\u00e9gal doit cr\u00e9er un compte \u00c9duconnect pour acc\u00e9der aux services en ligne.<br \/>\n<\/strong><\/span><\/p>\n<h5 style=\"text-align: center\"><a href=\"https:\/\/etab.ac-reunion.fr\/lyc-jean-perrin\/wp-content\/uploads\/sites\/40\/2023\/08\/2021_Educonnect-infographie.pdf\" target=\"_blank\" rel=\"noopener\"><span style=\"color: #800000\"><strong>A quoi sert Educonnect ?<\/strong><\/span><\/a><\/h5>\n<hr \/>\n<p><span style=\"color: #000000\"><strong>Vous trouverez ci-dessous les diff\u00e9rentes proc\u00e9dures pour la cr\u00e9ation ou la r\u00e9initialisation de votre compte selon votre situation.<\/strong><\/span><\/p>\n<h4 style=\"text-align: center\"><strong><a href=\"#\" class=\"su-button su-button-style-default\" style=\"color:#dec74f;background-color:#273475;border-color:#202a5e;border-radius:6px\" target=\"_self\"><span style=\"color:#dec74f;padding:0px 18px;font-size:14px;line-height:28px;border-color:#68719f;border-radius:6px;text-shadow:none\"> COMPTE \u00c9DUCONNECT<\/span><\/a><\/strong><\/h4>\n<ul>\n<li>\n<h4><span style=\"color: #800000\"><strong>R\u00e9initialisation de votre compte (enfant scolaris\u00e9 au LP Jean Perrin au cours de l&rsquo;ann\u00e9e scolaire 2023-2024)<br \/>\n<\/strong><\/span><\/h4>\n<\/li>\n<\/ul>\n<p><span style=\"color: #000000\"><strong>Si votre compte a d\u00e9j\u00e0 \u00e9t\u00e9 activ\u00e9 au cours de cette ann\u00e9e scolaire et que vous ne pouvez plus y acc\u00e9der, suivre la proc\u00e9dure en t\u00e9l\u00e9chargeant le fichier suivant : <span style=\"color: #000080\"><a style=\"color: #000080\" href=\"https:\/\/etab.ac-reunion.fr\/lyc-jean-perrin\/wp-content\/uploads\/sites\/40\/2023\/05\/Reinitialisation_compte_Educonnect.pdf\" target=\"_blank\" rel=\"noopener\">R\u00e9initialisation_compte_Educonnect<\/a><\/span><\/strong><\/span><\/p>\n<p><span style=\"color: #ffffff\">lan<\/span><\/p>\n<ul>\n<li>\n<h4><strong><span style=\"color: #800000\">Cr\u00e9ation d&rsquo;un compte<\/span><\/strong><\/h4>\n<\/li>\n<\/ul>\n<p><strong><span style=\"color: #000000\">Si vous n&rsquo;avez pas utilis\u00e9 ou activit\u00e9 votre compte au cours de cette ann\u00e9e scolaire, suivre la proc\u00e9dure en t\u00e9l\u00e9chargeant le fichier suivant : <span style=\"color: #000080\"><a style=\"color: #000080\" href=\"https:\/\/etab.ac-reunion.fr\/lyc-jean-perrin\/wp-content\/uploads\/sites\/40\/2023\/05\/Creation_compte_Educonnect.pdf\" target=\"_blank\" rel=\"noopener\">Cr\u00e9ation_compte_Educonnect<\/a><\/span><br \/>\n<\/span><\/strong><\/p>\n<p><span style=\"color: #ffffff\">Espace<\/span><\/p>\n<h5><span style=\"color: #000000\"><strong>\u00a0<\/strong><\/span><strong><span style=\"color: #800000\"><mark>Pour toute assistance<\/mark><\/span> :<\/strong><\/h5>\n<ul>\n<li><strong><span style=\"color: #000000\">consultez le site acad\u00e9mique d\u00e9di\u00e9 :<\/span> <span style=\"color: #800000\"><a style=\"color: #800000\" href=\"https:\/\/www.ac-reunion.fr\/assistance-educonnect.html\" target=\"_blank\" rel=\"noopener noreferrer\">https:\/\/www.ac-reunion.fr\/assistance-educonnect.html<\/a><\/span><\/strong><\/li>\n<li><span style=\"color: #000000\"><strong>envoyer un message au service informatique du Lyc\u00e9e Jean Perrin : <a href=\"mailto:si-lp.jean-perrin@ac-reunion.fr\">si-lp.jean-perrin@ac-reunion.fr<\/a><\/strong><\/span><\/li>\n<\/ul>\n","protected":false},"excerpt":{"rendered":"<p>Pour suivre la scolarit\u00e9 de son enfant dans le second degr\u00e9 (Coll\u00e8ge et Lyc\u00e9e), chaque responsable l\u00e9gal doit cr\u00e9er un compte \u00c9duconnect pour acc\u00e9der aux services en ligne. A quoi sert Educonnect ? Vous trouverez ci-dessous les diff\u00e9rentes proc\u00e9dures pour la cr\u00e9ation ou la r\u00e9initialisation de votre compte selon votre situation. R\u00e9initialisation de votre compte [&hellip;]<\/p>\n","protected":false},"author":10045,"featured_media":0,"parent":0,"menu_order":0,"comment_status":"closed","ping_status":"closed","template":"","meta":{"_et_pb_use_builder":"off","_et_pb_old_content":"","_et_gb_content_width":"","footnotes":""},"class_list":["post-10205","page","type-page","status-publish","hentry"],"_links":{"self":[{"href":"https:\/\/etab.ac-reunion.fr\/lyc-jean-perrin\/wp-json\/wp\/v2\/pages\/10205","targetHints":{"allow":["GET"]}}],"collection":[{"href":"https:\/\/etab.ac-reunion.fr\/lyc-jean-perrin\/wp-json\/wp\/v2\/pages"}],"about":[{"href":"https:\/\/etab.ac-reunion.fr\/lyc-jean-perrin\/wp-json\/wp\/v2\/types\/page"}],"author":[{"embeddable":true,"href":"https:\/\/etab.ac-reunion.fr\/lyc-jean-perrin\/wp-json\/wp\/v2\/users\/10045"}],"replies":[{"embeddable":true,"href":"https:\/\/etab.ac-reunion.fr\/lyc-jean-perrin\/wp-json\/wp\/v2\/comments?post=10205"}],"version-history":[{"count":9,"href":"https:\/\/etab.ac-reunion.fr\/lyc-jean-perrin\/wp-json\/wp\/v2\/pages\/10205\/revisions"}],"predecessor-version":[{"id":11580,"href":"https:\/\/etab.ac-reunion.fr\/lyc-jean-perrin\/wp-json\/wp\/v2\/pages\/10205\/revisions\/11580"}],"wp:attachment":[{"href":"https:\/\/etab.ac-reunion.fr\/lyc-jean-perrin\/wp-json\/wp\/v2\/media?parent=10205"}],"curies":[{"name":"wp","href":"https:\/\/api.w.org\/{rel}","templated":true}]}}