{"id":117,"date":"2013-05-05T10:10:17","date_gmt":"2013-05-05T06:10:17","guid":{"rendered":"https:\/\/portail.jperrin.ac-reunion.fr\/wordpress\/?page_id=117"},"modified":"2020-02-04T13:12:00","modified_gmt":"2020-02-04T09:12:00","slug":"sites-references","status":"publish","type":"page","link":"https:\/\/etab.ac-reunion.fr\/lyc-jean-perrin\/sites-references\/","title":{"rendered":"Sites r\u00e9f\u00e9rences"},"content":{"rendered":"<table>\n<tbody>\n<tr>\n<td valign=\"top\">\n<h4 style=\"text-align: center\"><span style=\"color: #800000\">ORIENTATION\u00a0: des sites de r\u00e9f\u00e9rence sur Internet<\/span><\/h4>\n<h4 style=\"text-align: center\"><span style=\"color: #000080\">Niveau LP\u00a0ann\u00e9e 2017\/2018<\/span><\/h4>\n<hr \/>\n<p><strong>\u00a0<span style=\"color: #000080\">Sites pour conna\u00eetre les formations et les lieux de formations<\/span><\/strong><\/p>\n<ul>\n<li><a href=\"http:\/\/www.onisep.fr\/Pres-de-chez-vous\/La-Reunion\/La-Reunion\" target=\"_blank\" rel=\"noopener noreferrer\"><strong>Guides Onisep r\u00e9union<\/strong><\/a><\/li>\n<\/ul>\n<p>Les diff\u00e9rents guides de l\u2019ONISEP R\u00e9union pour m\u2019aider dans mes choix d\u2019orientation<\/p>\n<ul>\n<li><strong><a href=\"http:\/\/www.onisep.fr\/\" target=\"_blank\" rel=\"noopener noreferrer\">Onisep : choisir son orientation<\/a><\/strong><\/li>\n<\/ul>\n<p>Pour conna\u00eetre les formations, les poursuites d\u2019\u00e9tudes, les lieux de formation un maximum d\u2019info pour choisir son orientation.<\/p>\n<ul>\n<li><a href=\"https:\/\/www.parcoursup.fr\/\" target=\"_blank\" rel=\"noopener noreferrer\"><strong>PARCOURSUP<\/strong><\/a> :<\/li>\n<\/ul>\n<p>La nouvelle plateforme d&rsquo;admission dans l&rsquo;enseignement sup\u00e9rieur ouvrira d\u00e8s le <span style=\"color: #800000\">15 JANVIER 2018<\/span><\/p>\n<ul>\n<li><strong><a href=\"http:\/\/www.terminales2019-2020.fr\/\" target=\"_blank\" rel=\"noopener noreferrer\">Terminales 2019-2020<\/a> :<\/strong><\/li>\n<\/ul>\n<p>5 \u00e9tapes pour mon parcours dans l&rsquo;enseignement sup\u00e9rieur<strong><br \/>\n<\/strong><\/p>\n<ul>\n<li>\u00a0<a href=\"http:\/\/www.monorientationenligne.fr\/qr\/index.php\" target=\"_blank\" rel=\"noopener noreferrer\"><strong>Mon orientation en ligne<\/strong><\/a><\/li>\n<\/ul>\n<p><strong><span style=\"color: #000080\">Quelques sites d&rsquo;informations sur les m\u00e9tiers<br \/>\n<\/span><\/strong><\/p>\n<ul>\n<li><span style=\"line-height: 18px\">\u00a0<\/span><span style=\"color: #000000\"><strong><a style=\"line-height: 18px;color: #000000\" title=\"CTRL + Clic\" href=\"http:\/\/www.onisep.fr\/onisep-portail\/portal\/media-type\/html\/group\/gp\/page\/accueil.espace.metiers\" target=\"_blank\" rel=\"noopener noreferrer\">Site Onisep : m\u00e9tiers<\/a><\/strong><\/span><\/li>\n<\/ul>\n<p>400 fiches m\u00e9tiers en ligne, recherche possible par domaines, par ordre alphab\u00e9tique ou par centres d\u2019int\u00e9r\u00eats. La rubrique orientation pr\u00e9cise les d\u00e9marches \u00e0 conna\u00eetre pour construire son projet de formation et d\u2019insertion.<\/p>\n<ul>\n<li><span style=\"color: #000000\"><strong><a style=\"color: #000000\" href=\"http:\/\/www.lesmetiers.net\/france5\/index-fr.php\" target=\"_blank\" rel=\"noopener noreferrer\">Le dico des m\u00e9tiers<\/a><\/strong><\/span><\/li>\n<\/ul>\n<p>Site pour d\u00e9couvrir les m\u00e9tiers. S\u00e9lectionner un centre d\u2019int\u00e9r\u00eats puis cliquer sur les m\u00e9tiers \u00e0 consulter<\/p>\n<p><span style=\"color: #000080\"><strong>M\u00e9tiers de la d\u00e9fense et de la s\u00e9curit\u00e9<\/strong><\/span><\/p>\n<p>Pour tout savoir sur les m\u00e9tiers de la d\u00e9fense\u00a0: concours, recrutement et reconversion<\/p>\n<p><span style=\"color: #000080\"><strong><a style=\"color: #000080\" title=\"CTRL + clic\" href=\"http:\/\/www.defense.gouv.fr\/\" target=\"_blank\" rel=\"noopener noreferrer\">Site de la d\u00e9fense<\/a><\/strong><\/span><\/p>\n<p><span style=\"color: #000080\"><strong><a style=\"color: #000080\" title=\"CTL+ clic\" href=\"http:\/\/www.recrutement.terre.defense.gouv.fr\/\">Arm\u00e9e de terre<\/a><\/strong><\/span><\/p>\n<p><span style=\"color: #0000ff\"><strong><a style=\"color: #000080\" href=\"http:\/\/www.etremarin.fr\/\" target=\"_blank\" rel=\"noopener noreferrer\">Marine<\/a><\/strong><\/span><\/p>\n<p><span style=\"color: #000080\"><strong><a style=\"color: #000080\" title=\"CTRL + clic\" href=\"https:\/\/www.defense.gouv.fr\/air\" target=\"_blank\" rel=\"noopener noreferrer\">Arm\u00e9e de l&rsquo;air<\/a><\/strong><\/span><\/p>\n<p><span style=\"color: #000080\"><strong><a style=\"color: #000080\" title=\"CTL+ clic\" href=\"https:\/\/www.lagendarmerierecrute.fr\/\" target=\"_blank\" rel=\"noopener noreferrer\">Gendarmerie<\/a><\/strong><\/span><\/p>\n<p><span style=\"color: #000080\"><strong><a style=\"color: #000080\" title=\"CTRL + clic\" href=\"https:\/\/www.lapolicenationalerecrute.fr\/\" target=\"_blank\" rel=\"noopener noreferrer\">Police nationale<\/a><\/strong><\/span><\/p>\n<p><span style=\"color: #000080\"><strong><a style=\"color: #000080\" href=\"http:\/\/www.douane.gouv.fr\/articles\/a11039-les-calendriers-previsionnels-des-concours\" target=\"_blank\" rel=\"noopener noreferrer\">Douane<\/a><\/strong><\/span><\/p>\n<p><span style=\"color: #000080\"><strong><a style=\"color: #000080\" href=\"http:\/\/www.pompiers.fr\/\" target=\"_blank\" rel=\"noopener noreferrer\">Pompier<\/a><\/strong><\/span><\/p>\n<p><span style=\"color: #000080\"><strong>\u00a0<span style=\"color: #800000\">Concours<\/span><\/strong><\/span><\/p>\n<ul>\n<li><span style=\"line-height: 18px\">\u00a0<\/span><strong><a style=\"line-height: 18px\" href=\"http:\/\/www.concours-civils.defense.gouv.fr\/\" target=\"_blank\" rel=\"noopener noreferrer\">Concours civils minist\u00e8re de la d\u00e9fense<\/a><\/strong><\/li>\n<\/ul>\n<ul>\n<li><strong><a href=\"http:\/\/www.carrieres-publiques.com\/\" target=\"_blank\" rel=\"noopener noreferrer\">www.carrieres-publiques.com<\/a><\/strong><\/li>\n<\/ul>\n<ul>\n<li><strong><a href=\"http:\/\/www.emploi-public.com\/\" target=\"_blank\" rel=\"noopener noreferrer\">www.emploi-public.com<\/a><\/strong><\/li>\n<\/ul>\n<ul>\n<li><strong><a href=\"http:\/\/www.cdg974.fr\/\" target=\"_blank\" rel=\"noopener noreferrer\">http:\/\/www.cdg974.fr\/<\/a><\/strong><\/li>\n<\/ul>\n<ul>\n<li><strong><a href=\"http:\/\/concours-outremer.org\/\">http:\/\/concours-outremer.org\/<\/a><\/strong><\/li>\n<\/ul>\n<ul>\n<li><strong><a href=\"http:\/\/www.ifcass.fr\/\">IFCASS : Institut de formation aux carri\u00e8res administratives, sanitaires et sociales.<\/a><\/strong><\/li>\n<\/ul>\n<p><em><span style=\"color: #800000\"><strong>\u00a0<\/strong><\/span><\/em><\/p>\n<p><em><span style=\"color: #800000\"><strong>Recherche formation, emploi ou apprentissage<\/strong><\/span><\/em><\/p>\n<p><a href=\"http:\/\/www.pole-emploi.fr\/accueil\/\" target=\"_blank\" rel=\"noopener noreferrer\"><img loading=\"lazy\" decoding=\"async\" class=\"alignleft size-full wp-image-118\" style=\"border: 0px none\" src=\"https:\/\/etab.ac-reunion.fr\/lyc-jean-perrin\/wp-content\/uploads\/sites\/40\/2013\/05\/logo-pole-emploi.gif\" alt=\"\" width=\"139\" height=\"90\" \/><\/a><\/p>\n<p>Fusion des sites de l\u2019Anpe et l\u2019Assedic. Pour rechercher un emploi ou un contrat en alternance.<\/p>\n<h6><a href=\"http:\/\/www.formanoo.org\/\" target=\"_blank\" rel=\"noopener noreferrer\"><img loading=\"lazy\" decoding=\"async\" class=\"alignleft size-full wp-image-119\" style=\"border: 0px none\" src=\"https:\/\/etab.ac-reunion.fr\/lyc-jean-perrin\/wp-content\/uploads\/sites\/40\/2013\/05\/logoformanoo.jpg\" alt=\"\" width=\"268\" height=\"71\" \/><\/a><\/h6>\n<p>S&rsquo;informer sur la formation, l&rsquo;insertion professionnelle, l\u2019apprentissage \u00a0\u00e0 la R\u00e9union. Trouver un organisme de formation.<\/p>\n<p><a href=\"http:\/\/www.ladom.fr\/\" target=\"_blank\" rel=\"noopener noreferrer\"><img loading=\"lazy\" decoding=\"async\" class=\"alignleft wp-image-120\" style=\"border: 0px none\" src=\"https:\/\/etab.ac-reunion.fr\/lyc-jean-perrin\/wp-content\/uploads\/sites\/40\/2013\/05\/logoladom.png\" alt=\"\" width=\"152\" height=\"75\" srcset=\"https:\/\/etab.ac-reunion.fr\/lyc-jean-perrin\/wp-content\/uploads\/sites\/40\/2013\/05\/logoladom.png 152w, https:\/\/etab.ac-reunion.fr\/lyc-jean-perrin\/wp-content\/uploads\/sites\/40\/2013\/05\/logoladom-150x75.png 150w\" sizes=\"(max-width: 152px) 100vw, 152px\" \/><\/a><\/p>\n<p>L\u2019agence de l\u2019outremer pour la mobilit\u00e9 propose des formations en m\u00e9tropole.<\/p>\n<ul>\n<li>\u00a0<span style=\"color: #000080\"><strong> <a style=\"color: #000080\" href=\"http:\/\/www.cnarm.asso.fr\/\" target=\"_blank\" rel=\"noopener noreferrer\">CNARM<\/a><\/strong><\/span><\/li>\n<\/ul>\n<p>Comit\u00e9 National d&rsquo;Aide et d&rsquo;action pour les R\u00e9unionnais en Mobilit\u00e9, a pour mission d&rsquo;accompagner les jeunes r\u00e9unionnais d\u00e9sireux de s&rsquo;installer temporairement ou d\u00e9finitivement en dehors de la R\u00e9union dans un but d\u2019insertion professionnelle.<\/p>\n<ul>\n<li><span style=\"color: #000080\"><strong><a style=\"color: #000080\" href=\"https:\/\/www.regionreunion.com\/guichet-jeunes\">Guichet jeunes-R\u00e9gion r\u00e9union<\/a><\/strong><\/span><\/li>\n<\/ul>\n<p>Avec la mise en place du Guichet Jeunes et de la Bourse de la R\u00e9ussite, la R\u00e9gion met un nouvel outil \u00e0 la disposition des lyc\u00e9ens, des apprentis, des \u00e9tudiants, des jeunes demandeurs d&#8217;emploi et des parents afin d&rsquo;accompagner et de faciliter leur demande de recherche d&rsquo;information notamment concernant les aides financi\u00e8res.\u00a0<span style=\"line-height: 18px\">\u00a0<\/span><\/p>\n<ul>\n<li><strong><span style=\"color: #000080\"><a style=\"color: #000080\" href=\"http:\/\/www.afpar.com\/\">AFPAR<\/a><\/span><br \/>\n<\/strong><\/li>\n<\/ul>\n<p><strong>Association pour la Formation Professionnelle des Adultes (+18ans)\u00a0 \u00e0 la R\u00e9union, <\/strong><br \/>\n<strong> un acteur essentiel de la formation professionnelle \u00e0 la R\u00e9union.<\/strong><\/p>\n<p><em><span style=\"color: #800000\"><strong>Aides pour financer les \u00e9tudes et favoriser la mobilit\u00e9<\/strong><\/span><\/em><\/p>\n<ul>\n<li><span style=\"color: #000080\"><strong><a style=\"color: #000080\" href=\"https:\/\/www.messervices.etudiant.gouv.fr\/\" target=\"_blank\" rel=\"noopener noreferrer\">Des thunes pour tes \u00e9tudes<\/a><\/strong><\/span><\/li>\n<\/ul>\n<p>Site qui r\u00e9capitule les diff\u00e9rentes aides pour financer ses \u00e9tudes.<\/p>\n<p><a href=\"http:\/\/www.crous-reunion.fr\/\" target=\"_blank\" rel=\"noopener noreferrer\"><img loading=\"lazy\" decoding=\"async\" class=\"aligncenter size-full wp-image-121\" style=\"border: 0px none\" src=\"https:\/\/etab.ac-reunion.fr\/lyc-jean-perrin\/wp-content\/uploads\/sites\/40\/2013\/05\/crous.jpg\" alt=\"\" width=\"136\" height=\"145\" \/><\/a><\/p>\n<p>Un dossier unique Dossier Social \u00c9tudiant (D.S.E.) est \u00e0 constituer pour la demande de bourse et\/ou de logement.<\/p>\n<p><a href=\"https:\/\/mobilite.ladom.fr\" target=\"_blank\" rel=\"noopener noreferrer\"><img loading=\"lazy\" decoding=\"async\" class=\"alignleft wp-image-120 size-full\" style=\"border: 0px none\" src=\"https:\/\/etab.ac-reunion.fr\/lyc-jean-perrin\/wp-content\/uploads\/sites\/40\/2013\/05\/logoladom.png\" alt=\"\" width=\"152\" height=\"75\" srcset=\"https:\/\/etab.ac-reunion.fr\/lyc-jean-perrin\/wp-content\/uploads\/sites\/40\/2013\/05\/logoladom.png 152w, https:\/\/etab.ac-reunion.fr\/lyc-jean-perrin\/wp-content\/uploads\/sites\/40\/2013\/05\/logoladom-150x75.png 150w\" sizes=\"(max-width: 152px) 100vw, 152px\" \/><\/a><\/p>\n<p>L\u2019agence de l\u2019outre mer pour la mobilit\u00e9 propose des aides financi\u00e8res.<\/p>\n<ul>\n<li><a href=\"http:\/\/net-bourses.cg974.fr\/accueil\/\" target=\"_blank\" rel=\"noopener noreferrer\"><strong>Net-bourses du conseil g\u00e9n\u00e9ral<\/strong><\/a><\/li>\n<\/ul>\n<ul>\n<li><a href=\"https:\/\/www.regionreunion.com\/aides-services\/article\/guichet-jeunes\" target=\"_blank\" rel=\"noopener noreferrer\"><strong>Aides r\u00e9gionales<\/strong><\/a><\/li>\n<\/ul>\n<\/td>\n<\/tr>\n<\/tbody>\n<\/table>\n","protected":false},"excerpt":{"rendered":"<p>ORIENTATION\u00a0: des sites de r\u00e9f\u00e9rence sur Internet Niveau LP\u00a0ann\u00e9e 2017\/2018 \u00a0Sites pour conna\u00eetre les formations et les lieux de formations Guides Onisep r\u00e9union Les diff\u00e9rents guides de l\u2019ONISEP R\u00e9union pour m\u2019aider dans mes choix d\u2019orientation Onisep : choisir son orientation Pour conna\u00eetre les formations, les poursuites d\u2019\u00e9tudes, les lieux de formation un maximum d\u2019info pour [&hellip;]<\/p>\n","protected":false},"author":10045,"featured_media":0,"parent":0,"menu_order":0,"comment_status":"closed","ping_status":"closed","template":"","meta":{"_et_pb_use_builder":"","_et_pb_old_content":"","_et_gb_content_width":"","footnotes":""},"class_list":["post-117","page","type-page","status-publish","hentry"],"_links":{"self":[{"href":"https:\/\/etab.ac-reunion.fr\/lyc-jean-perrin\/wp-json\/wp\/v2\/pages\/117","targetHints":{"allow":["GET"]}}],"collection":[{"href":"https:\/\/etab.ac-reunion.fr\/lyc-jean-perrin\/wp-json\/wp\/v2\/pages"}],"about":[{"href":"https:\/\/etab.ac-reunion.fr\/lyc-jean-perrin\/wp-json\/wp\/v2\/types\/page"}],"author":[{"embeddable":true,"href":"https:\/\/etab.ac-reunion.fr\/lyc-jean-perrin\/wp-json\/wp\/v2\/users\/10045"}],"replies":[{"embeddable":true,"href":"https:\/\/etab.ac-reunion.fr\/lyc-jean-perrin\/wp-json\/wp\/v2\/comments?post=117"}],"version-history":[{"count":38,"href":"https:\/\/etab.ac-reunion.fr\/lyc-jean-perrin\/wp-json\/wp\/v2\/pages\/117\/revisions"}],"predecessor-version":[{"id":6445,"href":"https:\/\/etab.ac-reunion.fr\/lyc-jean-perrin\/wp-json\/wp\/v2\/pages\/117\/revisions\/6445"}],"wp:attachment":[{"href":"https:\/\/etab.ac-reunion.fr\/lyc-jean-perrin\/wp-json\/wp\/v2\/media?parent=117"}],"curies":[{"name":"wp","href":"https:\/\/api.w.org\/{rel}","templated":true}]}}