{"id":2350,"date":"2015-03-13T11:40:09","date_gmt":"2015-03-13T10:40:09","guid":{"rendered":"http:\/\/lycee-jean-perrin.ac-reunion.fr\/?page_id=2350"},"modified":"2025-06-26T12:05:27","modified_gmt":"2025-06-26T08:05:27","slug":"internat-du-lycee","status":"publish","type":"page","link":"https:\/\/etab.ac-reunion.fr\/lyc-jean-perrin\/internat-du-lycee\/","title":{"rendered":"Internat du Lyc\u00e9e"},"content":{"rendered":"<p><span style=\"color: #800000\"><strong>L&rsquo;internat au lyc\u00e9e<\/strong><\/span><\/p>\n<p><strong>Il est destin\u00e9 aux \u00e9l\u00e8ves qui r\u00e9sident loin de l&rsquo;\u00e9tablissement ou \u00e0 ceux qui veulent profiter d&rsquo;un encadrement p\u00e9riscolaire propice au travail.<\/strong><\/p>\n<p><strong>Il renforce l&rsquo;apprentissage de l&rsquo;autonomie, du travail de groupe, de l&rsquo;entraide, de l&rsquo;autodiscipline et constitue un atout suppl\u00e9mentaire pour r\u00e9ussir.<\/strong><\/p>\n<p><strong>L&#8217;emploi du temps en internat alterne les p\u00e9riodes de travail personnel ou collectif et les s\u00e9quences de loisirs et de repos, dans le respect des r\u00e8gles de la vie en collectivit\u00e9 et des rythmes personnels de chacun.<\/strong><\/p>\n<p style=\"text-align: center\"><div id=\"su_slider_69db859782d73\" class=\"su-slider su-slider-centered su-slider-pages-no su-slider-responsive-no\" style=\"width:300px;height:300px\" data-autoplay=\"5000\" data-speed=\"600\" data-mousewheel=\"true\"><div class=\"su-slider-slides\"><div class=\"su-slider-slide\"><a><img decoding=\"async\" src=\"https:\/\/etab.ac-reunion.fr\/lyc-jean-perrin\/wp-content\/uploads\/sites\/40\/2015\/03\/heure_repas_2.jpg\" alt=\"heure_repas_2\" \/><\/a><\/div><div class=\"su-slider-slide\"><a><img decoding=\"async\" src=\"https:\/\/etab.ac-reunion.fr\/lyc-jean-perrin\/wp-content\/uploads\/sites\/40\/2015\/03\/heure_detude_2.jpg\" alt=\"heure_d&rsquo;etude_2\" \/><\/a><\/div><div class=\"su-slider-slide\"><a><img decoding=\"async\" src=\"https:\/\/etab.ac-reunion.fr\/lyc-jean-perrin\/wp-content\/uploads\/sites\/40\/2015\/03\/detente_2.jpg\" alt=\"detente_2\" \/><\/a><\/div><div class=\"su-slider-slide\"><a><img decoding=\"async\" src=\"https:\/\/etab.ac-reunion.fr\/lyc-jean-perrin\/wp-content\/uploads\/sites\/40\/2015\/03\/chambre_2.jpg\" alt=\"chambre_2\" \/><\/a><\/div><div class=\"su-slider-slide\"><a><img decoding=\"async\" src=\"https:\/\/etab.ac-reunion.fr\/lyc-jean-perrin\/wp-content\/uploads\/sites\/40\/2015\/03\/sanitaire_2.jpg\" alt=\"sanitaire_2\" \/><\/a><\/div><div class=\"su-slider-slide\"><a><img decoding=\"async\" src=\"https:\/\/etab.ac-reunion.fr\/lyc-jean-perrin\/wp-content\/uploads\/sites\/40\/2015\/03\/securite_2.jpg\" alt=\"securite_2\" \/><\/a><\/div><\/div><div class=\"su-slider-nav\"><div class=\"su-slider-pagination\"><\/div><\/div><\/div>\n<p><span style=\"color: #800000\"><strong>Les chambres<\/strong><\/span><\/p>\n<p>L<strong>a capacit\u00e9 d&rsquo;accueil de l&rsquo;internat est, actuellement de 24 places pour les filles et de 45 places pour les gar\u00e7ons.<\/strong><\/p>\n<p><strong>Les lieux d\u00e9di\u00e9s aux internes filles et gar\u00e7ons sont s\u00e9par\u00e9s et s\u00e9curis\u00e9s.<\/strong><\/p>\n<p><strong>Les internes sont accueillis dans des chambres de 4.<\/strong><\/p>\n<p><strong>Chacun y a un espace individuel, \u00e9quip\u00e9 d&rsquo;un lit, d&rsquo;une armoire et d&rsquo;un bureau.<\/strong><\/p>\n<p><strong>Les sanitaires sont communs.<\/strong><\/p>\n<p><strong><span style=\"text-decoration: underline\">NB<\/span>: Un r\u00e9am\u00e9nagement de l&rsquo;internat est en cours, dans le cadre da la r\u00e9novation du Lyc\u00e9e.<\/strong><br \/>\n<span style=\"color: #800000\"><strong>Les lieux de travail et de d\u00e9tente<\/strong><\/span><\/p>\n<p><strong>Deux salles \u00e9quip\u00e9es de wifi, une salle d&rsquo;\u00e9tude, une salle \u00e9quip\u00e9e d&rsquo;ordinateur et un espace ext\u00e9rieur sont mis \u00e0 la disposition des \u00e9l\u00e8ves durant les heures d&rsquo;\u00e9tude.<\/strong><\/p>\n<p><strong>Le foyer des \u00e9l\u00e8ves avec baby-foot, table de ping-pong, club de musique, activit\u00e9s sportives est d\u00e9j\u00e0 actif.<\/strong><\/p>\n<p><strong>La Maison des Lyc\u00e9ens reste ouverte \u00e0 toute proposition. (\u00ab\u00a0bar\u00a0\u00bb associatif, soir\u00e9es cin\u00e9ma, jeux, danses&#8230;)<\/strong><\/p>\n<p><strong>Par ailleurs, des manifestations ponctuent l&rsquo;ann\u00e9e: F\u00eate de Saint- Valentin, anniversaires, f\u00eate de Noel&#8230;&#8230;<\/strong><br \/>\n<span style=\"color: #800000\"><strong><span style=\"color: #800000\">L&rsquo;encadrement des \u00e9l\u00e8ves<\/span> <\/strong><\/span><\/p>\n<p><strong>Chaque nuit, trois assistants d&rsquo;\u00e9ducation assurent un service de 17h le soir \u00e0 7h00 le lendemain.<\/strong><\/p>\n<p><strong>La vie scolaire contr\u00f4le les absences, veille \u00e0 la s\u00e9curit\u00e9 de tous, assure le bon d\u00e9roulement des \u00e9tudes et tient un cahier de suivi des \u00e9tudes du soir.<\/strong><\/p>\n<p><span style=\"color: #800000\"><strong>Rythme de vie<\/strong><\/span><\/p>\n<p><strong>L&rsquo;internat est ouvert du lundi 7h00 au vendredi 7h00.<\/strong><\/p>\n<ul>\n<li><strong>6h00 : Lever.<\/strong><\/li>\n<li><strong>6h45 : fin du petit d\u00e9jeuner.<\/strong><\/li>\n<li><strong>7h30 : d\u00e9but des cours.<\/strong><\/li>\n<li><strong>17h00 : fin des cours.<\/strong><\/li>\n<li><strong>17h30 \u00e9tude obligatoire 18h30 (facultative de 19hoo \u00e0 19h30.)<\/strong><\/li>\n<li><strong>18h30 : repas.<\/strong><\/li>\n<li><strong>19h30 : d\u00e9tente, activit\u00e9s.<\/strong><\/li>\n<li><strong>20h30 : extinction des feux. (les \u00e9l\u00e8ves peuvent continuer \u00e0 travailler en salle d&rsquo;\u00e9tude jusqu&rsquo;au 21H30).<\/strong><\/li>\n<li><strong>Sortie du mercredi : Les \u00e9l\u00e8ves internes ont la possibilit\u00e9 d&rsquo;opter pour une sortie libre sous r\u00e9serve de l&rsquo;accord des parents.<\/strong><\/li>\n<\/ul>\n<p><span style=\"color: #000000\">Le contrat de vie \u00e0 l&rsquo;internat<\/span> <span style=\"color: #800000\"><strong>doit \u00eatre sign\u00e9 par le responsable l\u00e9gal, l&rsquo;\u00e9l\u00e8ve et son correspondant.<\/strong><\/span><\/p>\n","protected":false},"excerpt":{"rendered":"<p>L&rsquo;internat au lyc\u00e9e Il est destin\u00e9 aux \u00e9l\u00e8ves qui r\u00e9sident loin de l&rsquo;\u00e9tablissement ou \u00e0 ceux qui veulent profiter d&rsquo;un encadrement p\u00e9riscolaire propice au travail. Il renforce l&rsquo;apprentissage de l&rsquo;autonomie, du travail de groupe, de l&rsquo;entraide, de l&rsquo;autodiscipline et constitue un atout suppl\u00e9mentaire pour r\u00e9ussir. L&#8217;emploi du temps en internat alterne les p\u00e9riodes de travail [&hellip;]<\/p>\n","protected":false},"author":1,"featured_media":0,"parent":0,"menu_order":0,"comment_status":"closed","ping_status":"closed","template":"","meta":{"_et_pb_use_builder":"","_et_pb_old_content":"","_et_gb_content_width":"","footnotes":""},"class_list":["post-2350","page","type-page","status-publish","hentry"],"_links":{"self":[{"href":"https:\/\/etab.ac-reunion.fr\/lyc-jean-perrin\/wp-json\/wp\/v2\/pages\/2350","targetHints":{"allow":["GET"]}}],"collection":[{"href":"https:\/\/etab.ac-reunion.fr\/lyc-jean-perrin\/wp-json\/wp\/v2\/pages"}],"about":[{"href":"https:\/\/etab.ac-reunion.fr\/lyc-jean-perrin\/wp-json\/wp\/v2\/types\/page"}],"author":[{"embeddable":true,"href":"https:\/\/etab.ac-reunion.fr\/lyc-jean-perrin\/wp-json\/wp\/v2\/users\/1"}],"replies":[{"embeddable":true,"href":"https:\/\/etab.ac-reunion.fr\/lyc-jean-perrin\/wp-json\/wp\/v2\/comments?post=2350"}],"version-history":[{"count":15,"href":"https:\/\/etab.ac-reunion.fr\/lyc-jean-perrin\/wp-json\/wp\/v2\/pages\/2350\/revisions"}],"predecessor-version":[{"id":13160,"href":"https:\/\/etab.ac-reunion.fr\/lyc-jean-perrin\/wp-json\/wp\/v2\/pages\/2350\/revisions\/13160"}],"wp:attachment":[{"href":"https:\/\/etab.ac-reunion.fr\/lyc-jean-perrin\/wp-json\/wp\/v2\/media?parent=2350"}],"curies":[{"name":"wp","href":"https:\/\/api.w.org\/{rel}","templated":true}]}}