{"id":2562,"date":"2015-04-24T04:50:16","date_gmt":"2015-04-24T03:50:16","guid":{"rendered":"http:\/\/lycee-jean-perrin.ac-reunion.fr\/?page_id=2562"},"modified":"2015-04-27T12:57:44","modified_gmt":"2015-04-27T11:57:44","slug":"guide-europass-mobilite","status":"publish","type":"page","link":"https:\/\/etab.ac-reunion.fr\/lyc-jean-perrin\/guide-europass-mobilite\/","title":{"rendered":"Guide europass mobilit\u00e9"},"content":{"rendered":"<p style=\"text-align: center\">T\u00e9l\u00e9charger le guide europass mobilit\u00e9<strong> : <a href=\"https:\/\/etab.ac-reunion.fr\/lyc-jean-perrin\/wp-content\/uploads\/sites\/40\/2015\/04\/9-Guide-europass-mobilit\u00e9.pdf\" target=\"_blank\">guide europass mobilit\u00e9 ( 5,1 Mo )<\/a><\/strong><\/p>\n<p style=\"text-align: center\">\n","protected":false},"excerpt":{"rendered":"<p>T\u00e9l\u00e9charger le guide europass mobilit\u00e9 : guide europass mobilit\u00e9 ( 5,1 Mo )<\/p>\n","protected":false},"author":1,"featured_media":0,"parent":0,"menu_order":0,"comment_status":"closed","ping_status":"open","template":"","meta":{"_et_pb_use_builder":"","_et_pb_old_content":"","_et_gb_content_width":"","footnotes":""},"class_list":["post-2562","page","type-page","status-publish","hentry"],"_links":{"self":[{"href":"https:\/\/etab.ac-reunion.fr\/lyc-jean-perrin\/wp-json\/wp\/v2\/pages\/2562","targetHints":{"allow":["GET"]}}],"collection":[{"href":"https:\/\/etab.ac-reunion.fr\/lyc-jean-perrin\/wp-json\/wp\/v2\/pages"}],"about":[{"href":"https:\/\/etab.ac-reunion.fr\/lyc-jean-perrin\/wp-json\/wp\/v2\/types\/page"}],"author":[{"embeddable":true,"href":"https:\/\/etab.ac-reunion.fr\/lyc-jean-perrin\/wp-json\/wp\/v2\/users\/1"}],"replies":[{"embeddable":true,"href":"https:\/\/etab.ac-reunion.fr\/lyc-jean-perrin\/wp-json\/wp\/v2\/comments?post=2562"}],"version-history":[{"count":5,"href":"https:\/\/etab.ac-reunion.fr\/lyc-jean-perrin\/wp-json\/wp\/v2\/pages\/2562\/revisions"}],"predecessor-version":[{"id":2618,"href":"https:\/\/etab.ac-reunion.fr\/lyc-jean-perrin\/wp-json\/wp\/v2\/pages\/2562\/revisions\/2618"}],"wp:attachment":[{"href":"https:\/\/etab.ac-reunion.fr\/lyc-jean-perrin\/wp-json\/wp\/v2\/media?parent=2562"}],"curies":[{"name":"wp","href":"https:\/\/api.w.org\/{rel}","templated":true}]}}