{"id":2807,"date":"2015-06-19T11:43:10","date_gmt":"2015-06-19T10:43:10","guid":{"rendered":"http:\/\/lycee-jean-perrin.ac-reunion.fr\/?page_id=2807"},"modified":"2020-11-17T21:23:02","modified_gmt":"2020-11-17T17:23:02","slug":"pronote","status":"publish","type":"page","link":"https:\/\/etab.ac-reunion.fr\/lyc-jean-perrin\/pronote\/","title":{"rendered":"Pronote espace professeurs"},"content":{"rendered":"<p style=\"text-align: center\"><img loading=\"lazy\" decoding=\"async\" class=\"alignnone  wp-image-7862\" src=\"https:\/\/etab.ac-reunion.fr\/lyc-jean-perrin\/wp-content\/uploads\/sites\/40\/2020\/11\/Proonote.jpg\" alt=\"\" width=\"260\" height=\"117\" srcset=\"https:\/\/etab.ac-reunion.fr\/lyc-jean-perrin\/wp-content\/uploads\/sites\/40\/2020\/11\/Proonote.jpg 369w, https:\/\/etab.ac-reunion.fr\/lyc-jean-perrin\/wp-content\/uploads\/sites\/40\/2020\/11\/Proonote-300x135.jpg 300w\" sizes=\"(max-width: 260px) 100vw, 260px\" \/><\/p>\n<p style=\"text-align: left\"><strong>Depuis la rentr\u00e9e 2015-2016, l&rsquo;application Pronote est d\u00e9ploy\u00e9e dans notre \u00e9tablissement pour la gestion de la vie scolaire :<\/strong><\/p>\n<ul>\n<li style=\"text-align: left\"><strong>Saisie des absences<\/strong><\/li>\n<li style=\"text-align: left\"><strong>Notes et bulletins<br \/>\n<\/strong><\/li>\n<li style=\"text-align: left\"><strong>Cahier de textes<\/strong><\/li>\n<li style=\"text-align: left\"><strong>Stages &#8230;<\/strong><\/li>\n<\/ul>\n<hr \/>\n<h4 style=\"text-align: center\"><span style=\"color: #800000\"><strong>\u00a01.<\/strong> <strong>Comment acc\u00e9der \u00e0 Pronote ?<\/strong><\/span><\/h4>\n<p style=\"text-align: justify\"><strong>Pour acc\u00e9der \u00e0 cette application <span style=\"color: #800000\">depuis l&rsquo;\u00e9tablissement<\/span>, vous avez 2 possibilit\u00e9s :<\/strong><\/p>\n<ul>\n<li style=\"text-align: justify\"><strong>A partir de\u00a0 l&rsquo;ic\u00f4ne <sub><img loading=\"lazy\" decoding=\"async\" class=\"alignnone wp-image-2822 \" src=\"https:\/\/etab.ac-reunion.fr\/lyc-jean-perrin\/wp-content\/uploads\/sites\/40\/2015\/06\/iconepronote1.jpg\" alt=\"iconepronote\" width=\"42\" height=\"37\" \/><\/sub> de votre <span style=\"color: #800000\">espace M\u00e9tice<\/span><br \/>\n<\/strong><\/li>\n<li style=\"text-align: justify\"><strong>A partir du <span style=\"color: #800000\">client Pronote<\/span>\u00a0\u00a0<sub><img loading=\"lazy\" decoding=\"async\" class=\"alignnone  wp-image-7864\" src=\"https:\/\/etab.ac-reunion.fr\/lyc-jean-perrin\/wp-content\/uploads\/sites\/40\/2020\/11\/Proonote_client.jpg\" alt=\"\" width=\"37\" height=\"37\" srcset=\"https:\/\/etab.ac-reunion.fr\/lyc-jean-perrin\/wp-content\/uploads\/sites\/40\/2020\/11\/Proonote_client.jpg 256w, https:\/\/etab.ac-reunion.fr\/lyc-jean-perrin\/wp-content\/uploads\/sites\/40\/2020\/11\/Proonote_client-150x150.jpg 150w\" sizes=\"(max-width: 37px) 100vw, 37px\" \/><\/sub>\u00a0 disponible sur le bureau de l&rsquo;ordinateur de la salle de classe <\/strong><\/li>\n<\/ul>\n<p style=\"text-align: justify\"><strong>Pour acc\u00e9der \u00e0 cette application <span style=\"color: #800000\">en dehors de\u00a0 l&rsquo;\u00e9tablissement<\/span>, utiliser votre espace M\u00e9tice<br \/>\n<\/strong><\/p>\n<hr \/>\n<h4 style=\"text-align: center\"><span style=\"color: #800000\"><strong>2. Comment utiliser Pronote ?<\/strong><\/span><\/h4>\n<ul>\n<li style=\"text-align: justify\"><strong>Des <span style=\"color: #800000\"><a style=\"color: #800000\" href=\"http:\/\/www.index-education.com\/fr\/tutoriels-pronote-espace-professeurs.php\" target=\"_blank\" rel=\"noopener noreferrer\">tutoriels vid\u00e9os<\/a><\/span> sont disponibles sur le site de l&rsquo;\u00e9diteur <\/strong><\/li>\n<\/ul>\n<ul>\n<li style=\"text-align: justify\"><strong>Des <span style=\"color: #800000\"><a style=\"color: #800000\" href=\"https:\/\/www.index-education.com\/fr\/documentation-pronote.php?2\" target=\"_blank\" rel=\"noopener noreferrer\">guides au format pdf<\/a><\/span> sont t\u00e9l\u00e9chargeables sur le site de l&rsquo;\u00e9diteur<\/strong><\/li>\n<\/ul>\n<hr \/>\n<h4 style=\"text-align: center\"><span style=\"color: #800000\"><strong>3. Comment param\u00e9trer le client Pronote ?<\/strong><\/span><\/h4>\n<p style=\"text-align: justify\"><strong>\u00a0Contacter l&rsquo;\u00e9quipe informatique :si-lp.jean-perrin@ac-reunion.fr<br \/>\n<\/strong><\/p>\n<hr \/>\n","protected":false},"excerpt":{"rendered":"<p>Depuis la rentr\u00e9e 2015-2016, l&rsquo;application Pronote est d\u00e9ploy\u00e9e dans notre \u00e9tablissement pour la gestion de la vie scolaire : Saisie des absences Notes et bulletins Cahier de textes Stages &#8230; \u00a01. Comment acc\u00e9der \u00e0 Pronote ? Pour acc\u00e9der \u00e0 cette application depuis l&rsquo;\u00e9tablissement, vous avez 2 possibilit\u00e9s : A partir de\u00a0 l&rsquo;ic\u00f4ne de votre espace [&hellip;]<\/p>\n","protected":false},"author":1,"featured_media":0,"parent":0,"menu_order":0,"comment_status":"closed","ping_status":"closed","template":"","meta":{"_et_pb_use_builder":"","_et_pb_old_content":"","_et_gb_content_width":"","footnotes":""},"class_list":["post-2807","page","type-page","status-publish","hentry"],"_links":{"self":[{"href":"https:\/\/etab.ac-reunion.fr\/lyc-jean-perrin\/wp-json\/wp\/v2\/pages\/2807","targetHints":{"allow":["GET"]}}],"collection":[{"href":"https:\/\/etab.ac-reunion.fr\/lyc-jean-perrin\/wp-json\/wp\/v2\/pages"}],"about":[{"href":"https:\/\/etab.ac-reunion.fr\/lyc-jean-perrin\/wp-json\/wp\/v2\/types\/page"}],"author":[{"embeddable":true,"href":"https:\/\/etab.ac-reunion.fr\/lyc-jean-perrin\/wp-json\/wp\/v2\/users\/1"}],"replies":[{"embeddable":true,"href":"https:\/\/etab.ac-reunion.fr\/lyc-jean-perrin\/wp-json\/wp\/v2\/comments?post=2807"}],"version-history":[{"count":19,"href":"https:\/\/etab.ac-reunion.fr\/lyc-jean-perrin\/wp-json\/wp\/v2\/pages\/2807\/revisions"}],"predecessor-version":[{"id":7867,"href":"https:\/\/etab.ac-reunion.fr\/lyc-jean-perrin\/wp-json\/wp\/v2\/pages\/2807\/revisions\/7867"}],"wp:attachment":[{"href":"https:\/\/etab.ac-reunion.fr\/lyc-jean-perrin\/wp-json\/wp\/v2\/media?parent=2807"}],"curies":[{"name":"wp","href":"https:\/\/api.w.org\/{rel}","templated":true}]}}