{"id":6715,"date":"2020-04-16T09:41:03","date_gmt":"2020-04-16T05:41:03","guid":{"rendered":"http:\/\/lycee-jean-perrin.ac-reunion.fr\/?page_id=6715"},"modified":"2024-09-25T14:15:14","modified_gmt":"2024-09-25T10:15:14","slug":"mentions-legales","status":"publish","type":"page","link":"https:\/\/etab.ac-reunion.fr\/lyc-jean-perrin\/mentions-legales\/","title":{"rendered":"Mentions l\u00e9gales"},"content":{"rendered":"<div class=\"entry post clearfix\">\n<h3 class=\"title\" style=\"text-align: center\"><span style=\"color: #800000\">Mentions L\u00e9gales<\/span><\/h3>\n<h3 class=\"title\" style=\"text-align: center\"><span style=\"color: #800000\">relatives au site du Lyc\u00e9e Professionnel Jean Perrin de Saint Andr\u00e9<\/span><\/h3>\n<ul>\n<li><span style=\"color: #800000\"><strong>\u00c9diteur:<\/strong><\/span><\/li>\n<\/ul>\n<p>Lyc\u00e9e Professionnel Jean Perrin<br \/>\nrue du Lyc\u00e9e \u2013 BP 502 97440 Saint Andr\u00e9<br \/>\nT\u00e9l: 0262 58 84 40<br \/>\nCourriel: <strong>ce.9740910w@ac-reunion.fr<\/strong><\/p>\n<p><span style=\"color: #800000\"><strong>Directeur de la publication:<\/strong><\/span><span class=\"Apple-converted-space\"> M CHANE-WAI Sylvio <\/span>, Proviseur du lyc\u00e9e<\/p>\n<p><span style=\"color: #800000\"><strong>Conception et r\u00e9alisation: <\/strong><\/span>M BLARD Bertrand ,Webmestre<\/p>\n<ul>\n<li><strong><span style=\"color: #800000\">Fournisseur de l\u2019h\u00e9bergement<\/span>:<\/strong><\/li>\n<\/ul>\n<p>Rectorat de l\u2019Acad\u00e9mie de La R\u00e9union<br \/>\nSecr\u00e9tariat g\u00e9n\u00e9ral \u2013 Service Communication<br \/>\n24, Avenue Georges Brassens \u2013 97702 \u2013 St-Denis \u2013 Messag Cedex 9<\/p>\n<ul>\n<li><span style=\"color: #800000\"><strong>Respect des lois en vigueur<\/strong><\/span><\/li>\n<\/ul>\n<p>Le site lycee-jean-perrin.ac-reunion.fr <i>respecte la vie priv\u00e9e de l\u2019internaute et se conforme strictement aux lois en vigueur sur la protection de la vie priv\u00e9e et des libert\u00e9s individuelles. <\/i><i>Aucune information personnelle n\u2019est collect\u00e9e \u00e0 votre insu. Aucune information personnelle n\u2019est c\u00e9d\u00e9e \u00e0 des tiers. Les courriels, les adresses \u00e9lectroniques ou autres informations nominatives dont ce site est destinataire ne font l\u2019objet d\u2019aucune exploitation.<\/i><\/p>\n<ul>\n<li><span style=\"color: #800000\"><strong>Droit des internautes: droit d\u2019acc\u00e8s et de rectification<\/strong><\/span><\/li>\n<\/ul>\n<p>Conform\u00e9ment aux dispositions de la loi n\u00b078-17 du 6 janvier 1978 relative \u00e0 l\u2019informatique, aux fichiers et aux libert\u00e9s, les internautes disposent d\u2019un droit d\u2019acc\u00e8s, de modification, de rectification et de suppression des donn\u00e9es qui les concernent.<br \/>\nCe droit s\u2019exerce par voie postale, en justifiant de son identit\u00e9, \u00e0 l\u2019adresse cit\u00e9e dans la partie \u00e9diteur.<\/p>\n<ul>\n<li><span style=\"color: #800000\"><strong>Responsabilit\u00e9s face aux liens vers d\u2019autres sites<\/strong><\/span><\/li>\n<\/ul>\n<p>Le site\u00a0 lycee-jean-perrin.ac-reunion.fr propose de nombreux liens vers d\u2019autres sites, essentiellement des sites officiels (gouvernement, institutions, organismes publics, etc.) mais aussi vers des sites, fran\u00e7ais ou \u00e9trangers, d\u2019associations, d\u2019organismes professionnels du secteur \u00e9ducatif ou d\u2019entreprises partenaires sur des op\u00e9rations ponctuelles.<br \/>\nChaque fois, il est\u00a0 pr\u00e9cis\u00e9 vers quel site nous vous proposons d\u2019aller. Ces pages ne font pas partie du site\u00a0 lycee-jean-perrin.ac-reunion.fr: elles n\u2019engagent pas la responsabilit\u00e9 de la r\u00e9daction du site qui ne peut \u00eatre tenue pour responsable des contenus vers lesquels ces liens pointent. Ils ne visent qu\u2019\u00e0 permettre \u00e0 l\u2019internaute d\u2019acc\u00e9der plus facilement \u00e0 d\u2019autres ressources documentaires sur le sujet consult\u00e9.<\/p>\n<ul>\n<li><span style=\"color: #800000\"><strong>Demande d\u2019autorisation de reproduction des contenus<\/strong><\/span><\/li>\n<\/ul>\n<p>Toute copie partielle ou int\u00e9grale sur support papier ou sous forme \u00e9lectronique de pages du site<i> lycee-jean-perrin.ac-reunion.fr doit faire l\u2019objet d\u2019une d\u00e9claration. Les demandes d\u2019autorisation de reproduction d\u2019un contenu doivent \u00eatre adress\u00e9es au directeur de la publication , en \u00e9crivant \u00e0 l\u2019adresse cit\u00e9e dans la partie \u00e9diteur.<br \/>\n<\/i><\/p>\n<p>La demande devra pr\u00e9ciser le contenu vis\u00e9 ainsi que la publication ou le site sur lequel ce dernier figurera. Une fois cette autorisation obtenue, la reproduction d\u2019un contenu doit ob\u00e9ir aux principes suivants :<br \/>\n\u2013 gratuit\u00e9 de la diffusion ;<br \/>\n\u2013 respect de l\u2019int\u00e9grit\u00e9 des documents reproduits (aucune modification, ni alt\u00e9ration d\u2019aucune sorte) ;<br \/>\n\u2013 mention obligatoire : \u00ab \u00a9 lycee-jean-perrin.ac-reunion.fr \u2013 Acad\u00e9mie de La R\u00e9union \u2013 droits r\u00e9serv\u00e9s \u00bb .<\/p>\n<\/div>\n","protected":false},"excerpt":{"rendered":"<p>Mentions L\u00e9gales relatives au site du Lyc\u00e9e Professionnel Jean Perrin de Saint Andr\u00e9 \u00c9diteur: Lyc\u00e9e Professionnel Jean Perrin rue du Lyc\u00e9e \u2013 BP 502 97440 Saint Andr\u00e9 T\u00e9l: 0262 58 84 40 Courriel: ce.9740910w@ac-reunion.fr Directeur de la publication: M CHANE-WAI Sylvio , Proviseur du lyc\u00e9e Conception et r\u00e9alisation: M BLARD Bertrand ,Webmestre Fournisseur de l\u2019h\u00e9bergement: [&hellip;]<\/p>\n","protected":false},"author":10045,"featured_media":0,"parent":0,"menu_order":0,"comment_status":"closed","ping_status":"closed","template":"","meta":{"_et_pb_use_builder":"off","_et_pb_old_content":"","_et_gb_content_width":"","footnotes":""},"class_list":["post-6715","page","type-page","status-publish","hentry"],"_links":{"self":[{"href":"https:\/\/etab.ac-reunion.fr\/lyc-jean-perrin\/wp-json\/wp\/v2\/pages\/6715","targetHints":{"allow":["GET"]}}],"collection":[{"href":"https:\/\/etab.ac-reunion.fr\/lyc-jean-perrin\/wp-json\/wp\/v2\/pages"}],"about":[{"href":"https:\/\/etab.ac-reunion.fr\/lyc-jean-perrin\/wp-json\/wp\/v2\/types\/page"}],"author":[{"embeddable":true,"href":"https:\/\/etab.ac-reunion.fr\/lyc-jean-perrin\/wp-json\/wp\/v2\/users\/10045"}],"replies":[{"embeddable":true,"href":"https:\/\/etab.ac-reunion.fr\/lyc-jean-perrin\/wp-json\/wp\/v2\/comments?post=6715"}],"version-history":[{"count":5,"href":"https:\/\/etab.ac-reunion.fr\/lyc-jean-perrin\/wp-json\/wp\/v2\/pages\/6715\/revisions"}],"predecessor-version":[{"id":12705,"href":"https:\/\/etab.ac-reunion.fr\/lyc-jean-perrin\/wp-json\/wp\/v2\/pages\/6715\/revisions\/12705"}],"wp:attachment":[{"href":"https:\/\/etab.ac-reunion.fr\/lyc-jean-perrin\/wp-json\/wp\/v2\/media?parent=6715"}],"curies":[{"name":"wp","href":"https:\/\/api.w.org\/{rel}","templated":true}]}}