{"id":78,"date":"2013-05-04T21:26:27","date_gmt":"2013-05-04T17:26:27","guid":{"rendered":"https:\/\/portail.jperrin.ac-reunion.fr\/wordpress\/?page_id=78"},"modified":"2025-06-26T12:01:39","modified_gmt":"2025-06-26T08:01:39","slug":"presentation-du-lycee","status":"publish","type":"page","link":"https:\/\/etab.ac-reunion.fr\/lyc-jean-perrin\/page-d-exemple\/presentation-du-lycee\/","title":{"rendered":"Pr\u00e9sentation du lyc\u00e9e"},"content":{"rendered":"<p><strong><img loading=\"lazy\" decoding=\"async\" class=\"alignleft wp-image-102\" src=\"https:\/\/etab.ac-reunion.fr\/lyc-jean-perrin\/wp-content\/uploads\/sites\/40\/2013\/05\/lyc1.jpg\" alt=\"\" width=\"188\" height=\"155\" \/><span style=\"color: #000000\">Le Lyc\u00e9e Professionnel\u00a0 Jean PERRIN est situ\u00e9 \u00e0 Saint-Andr\u00e9 dans l&rsquo;est de l&rsquo;\u00eele de la R\u00e9union.<\/span><\/strong><\/p>\n<p><span style=\"color: #000000\"><strong>Il dispose d&rsquo;un <span style=\"color: #800000\">internat<\/span> et d&rsquo;une <span style=\"color: #800000\">cuisine centrale<\/span>.<\/strong><\/span><\/p>\n<p><span style=\"color: #000000\"><strong>L&rsquo;\u00e9tablissement assure des formations dans les domaines suivants:<\/strong><\/span><\/p>\n<p><span style=\"color: #ffffff\">Blanc<\/span><\/p>\n<h4><span style=\"color: #ffffff\">Blanc<\/span><\/h4>\n<h4><strong><span style=\"color: #000080\">\u2013 Les m\u00e9tiers du bois<\/span><\/strong><\/h4>\n<h5><span style=\"color: #000000\">CAP \u00c9b\u00e9nisterie<\/span><\/h5>\n<h5><span style=\"color: #000000\">BAC PRO Technicien de Fabrication Bois et Mat\u00e9riaux Associ\u00e9s<\/span><\/h5>\n<p><span style=\"color: #ffffff\">Blanc<\/span><\/p>\n<h4><strong><span style=\"color: #000080\">\u2013 Les m\u00e9tiers de l\u2019\u00e9lectronique<\/span><\/strong><\/h4>\n<div class=\"grid-col-12 grid-col-lg-11 grid-col-xl-8 grid-col-ads-xl-9 grid-col-print-12\">\n<h5 class=\"background-decoration mt-xl-1w ml-lg-3w ml-xl-0\"><span style=\"color: #000000\">Bac pro Cybers\u00e9curit\u00e9, Informatique et R\u00e9seaux, Electronique (CIEL)<\/span><\/h5>\n<\/div>\n<h5><span style=\"color: #800000\">BTS Cybers\u00e9curit\u00e9, Informatique et R\u00e9seaux, Electronique (CIEL) option A : <\/span><span style=\"color: #800000\">informatique et r\u00e9seaux (IR)<br \/>\n<\/span><\/h5>\n<h5><span style=\"color: #800000\">BTS Cybers\u00e9curit\u00e9, Informatique et R\u00e9seaux, Electronique (CIEL) option B : \u00e9lectronique et r\u00e9seaux (ER)<strong><br \/>\n<\/strong><\/span><\/h5>\n<p><span style=\"color: #ffffff\">Blanc<\/span><\/p>\n<h4><span style=\"color: #000080\">\u2013 <strong>Les m\u00e9tiers de l\u2019\u00e9lectrotechnique<\/strong><\/span><\/h4>\n<h5><span style=\"color: #000000\">CAP \u00c9lectricien<\/span><\/h5>\n<h5><span style=\"color: #000000\">BAC PRO M\u00e9tiers de l\u2019\u00e9lectricit\u00e9 et de ses environnements connect\u00e9s (MELEC)<br \/>\n<\/span><\/h5>\n<h5><span style=\"color: #800000\">BTS Fluides \u00c9nergies Domotique (FED) option C : domotique et b\u00e2timents communicants<br \/>\n<\/span><\/h5>\n<p><span style=\"color: #ffffff\">Blanc<\/span><\/p>\n<h4><strong><span style=\"color: #000080\">\u2013 Les m\u00e9tiers de la gestion administrative<\/span><\/strong><\/h4>\n<h5><span style=\"color: #000000\">BAC PRO Assistance \u00e0 la gestion des organisations et de leurs activit\u00e9s (AGORA)<br \/>\n<\/span><\/h5>\n<p><span style=\"color: #ffffff\">Blanc<\/span><\/p>\n<h4><strong><span style=\"color: #000080\">\u2013 Les m\u00e9tiers de la logistique et du Transport<\/span><\/strong><\/h4>\n<h5><span style=\"color: #000000\">CAP Op\u00e9rateur\/Op\u00e9ratrice logistique<\/span><\/h5>\n<h5><span style=\"color: #000000\">BAC PRO Logistique<\/span><\/h5>\n<h5><span style=\"color: #000000\">BAC PRO Transport<\/span><\/h5>\n<p><span style=\"color: #ffffff\">Blanc<\/span><\/p>\n<h4><strong><span style=\"color: #000080\">\u2013 Les m\u00e9tiers de la vente et du commerce<\/span><\/strong><\/h4>\n<h5><span style=\"color: #000000\">CAP \u00c9quipier Polyvalent du Commerce<\/span><\/h5>\n<h5><span style=\"color: #000000\">BAC PRO M\u00e9tiers du commerce et de la vente (MCV) option A: Animation et gestion de l\u2019espace commercial<\/span><\/h5>\n<h5><span style=\"color: #000000\">BAC PRO M\u00e9tiers du commerce et de la vente (MCV) option B: Prospection client\u00e8le et valorisation de l\u2019offre<\/span><\/h5>\n<p><span style=\"color: #ffffff\">Blanc<\/span><\/p>\n<h5><strong><span style=\"color: #000000\">Notre \u00e9tablissement dispose par ailleurs de plusieurs<\/span><\/strong><span style=\"color: #0000ff\"> classes europ\u00e9ennes <\/span><strong>: <\/strong><\/h5>\n<h5><span style=\"color: #000000\"><strong>Premi\u00e8res et Terminales BAC PRO MCV (groupe Commerce et Vente )<br \/>\n<\/strong><\/span><\/h5>\n<p><span style=\"color: #ffffff\">blanc<\/span><\/p>\n<h5><span style=\"color: #000000\"><strong>Ce lyc\u00e9e qui accueille plus de 1000 \u00e9l\u00e8ves dispose d&rsquo;un restaurant scolaire ( 180 places ) et d&rsquo;un internat (110 lits).<\/strong><\/span><\/h5>\n<h5><span style=\"color: #000000\"><strong>Notre \u00e9tablissement est cuisine centrale pour le lyc\u00e9e Sarda Garriga. <\/strong><\/span><\/h5>\n<h5><span style=\"color: #000000\"><strong>Outre nos \u00e9l\u00e8ves, l&rsquo;internat h\u00e9berge les \u00e9l\u00e8ves du lyc\u00e9e Sarda\u00a0 <\/strong><\/span><span style=\"color: #000000\"><strong>Garriga, du lyc\u00e9e St Andr\u00e9 III et ceux du lyc\u00e9e de Bras Panon.<\/strong><\/span><\/h5>\n<p><span style=\"color: #ffffff\">Blanc<\/span><\/p>\n<ul>\n<li>\n<h5><span style=\"color: #000000\">Les cours sont assur\u00e9s de\u00a0<span style=\"color: #800000\">7H30 \u00e0 11H35<\/span>\u00a0et de\u00a0<span style=\"color: #800000\">12H55 \u00e0 17H<\/span>\u00a0les lundi, mardi, jeudi et vendredi.<\/span><\/h5>\n<\/li>\n<li>\n<h5><span style=\"color: #000000\">Le mercredi, ils sont assur\u00e9s de\u00a0<span style=\"color: #800000\">7H30 \u00e0\u00a012H35<\/span>.<\/span><\/h5>\n<\/li>\n<\/ul>\n<p><span style=\"color: #ffffff\">Blanc<\/span><\/p>\n<h4><span style=\"color: #ffff00\"><strong style=\"color: #3366ff\"><span style=\"color: #000080\">Quelques chiffres ( ann\u00e9e-scolaire 2024\/2025 )<\/span><br \/>\n<\/strong><\/span><\/h4>\n<h5><span style=\"color: #000000\"><strong>&#8211; Nombre d&rsquo;\u00e9l\u00e8ves : 1010<br \/>\n<\/strong><\/span><\/h5>\n<h5><span style=\"color: #000000\"><strong>&#8211; Nombre de divisions : 50<\/strong><\/span><\/h5>\n<h5><span style=\"color: #000000\"><strong>&#8211; Nombre d&rsquo;enseignants :140<\/strong><\/span><\/h5>\n<h5><span style=\"color: #000000\"><strong>&#8211; Nombre de personnels ATEE :25<\/strong><\/span><\/h5>\n","protected":false},"excerpt":{"rendered":"<p>Le Lyc\u00e9e Professionnel\u00a0 Jean PERRIN est situ\u00e9 \u00e0 Saint-Andr\u00e9 dans l&rsquo;est de l&rsquo;\u00eele de la R\u00e9union. Il dispose d&rsquo;un internat et d&rsquo;une cuisine centrale. L&rsquo;\u00e9tablissement assure des formations dans les domaines suivants: Blanc Blanc \u2013 Les m\u00e9tiers du bois CAP \u00c9b\u00e9nisterie BAC PRO Technicien de Fabrication Bois et Mat\u00e9riaux Associ\u00e9s Blanc \u2013 Les m\u00e9tiers de [&hellip;]<\/p>\n","protected":false},"author":66,"featured_media":0,"parent":2,"menu_order":0,"comment_status":"closed","ping_status":"closed","template":"","meta":{"_et_pb_use_builder":"","_et_pb_old_content":"","_et_gb_content_width":"","footnotes":""},"class_list":["post-78","page","type-page","status-publish","hentry"],"_links":{"self":[{"href":"https:\/\/etab.ac-reunion.fr\/lyc-jean-perrin\/wp-json\/wp\/v2\/pages\/78","targetHints":{"allow":["GET"]}}],"collection":[{"href":"https:\/\/etab.ac-reunion.fr\/lyc-jean-perrin\/wp-json\/wp\/v2\/pages"}],"about":[{"href":"https:\/\/etab.ac-reunion.fr\/lyc-jean-perrin\/wp-json\/wp\/v2\/types\/page"}],"author":[{"embeddable":true,"href":"https:\/\/etab.ac-reunion.fr\/lyc-jean-perrin\/wp-json\/wp\/v2\/users\/66"}],"replies":[{"embeddable":true,"href":"https:\/\/etab.ac-reunion.fr\/lyc-jean-perrin\/wp-json\/wp\/v2\/comments?post=78"}],"version-history":[{"count":48,"href":"https:\/\/etab.ac-reunion.fr\/lyc-jean-perrin\/wp-json\/wp\/v2\/pages\/78\/revisions"}],"predecessor-version":[{"id":13158,"href":"https:\/\/etab.ac-reunion.fr\/lyc-jean-perrin\/wp-json\/wp\/v2\/pages\/78\/revisions\/13158"}],"up":[{"embeddable":true,"href":"https:\/\/etab.ac-reunion.fr\/lyc-jean-perrin\/wp-json\/wp\/v2\/pages\/2"}],"wp:attachment":[{"href":"https:\/\/etab.ac-reunion.fr\/lyc-jean-perrin\/wp-json\/wp\/v2\/media?parent=78"}],"curies":[{"name":"wp","href":"https:\/\/api.w.org\/{rel}","templated":true}]}}