{"id":9190,"date":"2021-12-03T21:32:43","date_gmt":"2021-12-03T17:32:43","guid":{"rendered":"http:\/\/lycee-jean-perrin.ac-reunion.fr\/?page_id=9190"},"modified":"2021-12-12T15:26:01","modified_gmt":"2021-12-12T11:26:01","slug":"sentier-botanique","status":"publish","type":"page","link":"https:\/\/etab.ac-reunion.fr\/lyc-jean-perrin\/sentier-botanique\/","title":{"rendered":"Sentier botanique"},"content":{"rendered":"<p style=\"text-align: center\"><span style=\"color: #993300\"><strong>Inauguration du sentier botanique le 3 D\u00e9cembre 2021<br \/><\/strong><\/span><\/p>\n<p style=\"text-align: center\"><span style=\"color: #000000\"> <div class=\"su-youtube su-u-responsive-media-yes\"><iframe loading=\"lazy\" width=\"600\" height=\"400\" src=\"https:\/\/www.youtube.com\/embed\/8wo05emJOqw?autohide=2&amp;autoplay=0&amp;mute=0&amp;controls=1&amp;fs=1&amp;loop=0&amp;modestbranding=0&amp;rel=0&amp;showinfo=1&amp;theme=dark&amp;wmode=&amp;playsinline=0\" frameborder=\"0\" allowfullscreen allow=\"autoplay; encrypted-media; picture-in-picture\" title=\"\"><\/iframe><\/div><\/span><\/p>\n<p style=\"text-align: left\"><strong>Dans le cadre du chef d&rsquo; \u0152uvre sur deux ans 2019-2021, les \u00e9l\u00e8ves du CAP EVS option B, ont r\u00e9alis\u00e9 une plantation de 19 esp\u00e8ces end\u00e9miques et indig\u00e8nes de l&rsquo;Est sous l&rsquo;\u00e9gide de l&rsquo;APMNEST (Association de Protection des Milieux Naturels de l&rsquo;Est).<\/strong><br \/><strong>Le suivi est assur\u00e9 par des \u00e9co-d\u00e9l\u00e9gu\u00e9s, des agents et professeur pour l&rsquo;arrosage &#8230;<\/strong><\/p>\n<p style=\"text-align: center\"><div class=\"su-image-carousel  su-image-carousel-has-spacing su-image-carousel-crop su-image-carousel-crop-4-3 su-image-carousel-has-outline su-image-carousel-adaptive su-image-carousel-slides-style-photo su-image-carousel-controls-style-dark su-image-carousel-align-center\" style=\"max-width:600px\" data-flickity-options='{\"groupCells\":true,\"cellSelector\":\".su-image-carousel-item\",\"adaptiveHeight\":false,\"cellAlign\":\"left\",\"prevNextButtons\":true,\"pageDots\":true,\"autoPlay\":false,\"imagesLoaded\":true,\"contain\":true,\"selectedAttraction\":0.025,\"friction\":0.28}' id=\"su_image_carousel_69db99c2c1405\"><div class=\"su-image-carousel-item\"><div class=\"su-image-carousel-item-content\"><img loading=\"lazy\" decoding=\"async\" width=\"1037\" height=\"691\" src=\"https:\/\/etab.ac-reunion.fr\/lyc-jean-perrin\/wp-content\/uploads\/sites\/40\/2021\/12\/Sentierbot_inaug_img1.jpg\" class=\"\" alt=\"\" srcset=\"https:\/\/etab.ac-reunion.fr\/lyc-jean-perrin\/wp-content\/uploads\/sites\/40\/2021\/12\/Sentierbot_inaug_img1.jpg 1037w, https:\/\/etab.ac-reunion.fr\/lyc-jean-perrin\/wp-content\/uploads\/sites\/40\/2021\/12\/Sentierbot_inaug_img1-980x653.jpg 980w, https:\/\/etab.ac-reunion.fr\/lyc-jean-perrin\/wp-content\/uploads\/sites\/40\/2021\/12\/Sentierbot_inaug_img1-480x320.jpg 480w\" sizes=\"(min-width: 0px) and (max-width: 480px) 480px, (min-width: 481px) and (max-width: 980px) 980px, (min-width: 981px) 1037px, 100vw\" \/><\/div><\/div><div class=\"su-image-carousel-item\"><div class=\"su-image-carousel-item-content\"><img loading=\"lazy\" decoding=\"async\" width=\"1037\" height=\"691\" src=\"https:\/\/etab.ac-reunion.fr\/lyc-jean-perrin\/wp-content\/uploads\/sites\/40\/2021\/12\/Sentierbot_inaug_img2.jpg\" class=\"\" alt=\"\" srcset=\"https:\/\/etab.ac-reunion.fr\/lyc-jean-perrin\/wp-content\/uploads\/sites\/40\/2021\/12\/Sentierbot_inaug_img2.jpg 1037w, https:\/\/etab.ac-reunion.fr\/lyc-jean-perrin\/wp-content\/uploads\/sites\/40\/2021\/12\/Sentierbot_inaug_img2-980x653.jpg 980w, https:\/\/etab.ac-reunion.fr\/lyc-jean-perrin\/wp-content\/uploads\/sites\/40\/2021\/12\/Sentierbot_inaug_img2-480x320.jpg 480w\" sizes=\"(min-width: 0px) and (max-width: 480px) 480px, (min-width: 481px) and (max-width: 980px) 980px, (min-width: 981px) 1037px, 100vw\" \/><\/div><\/div><div class=\"su-image-carousel-item\"><div class=\"su-image-carousel-item-content\"><img loading=\"lazy\" decoding=\"async\" width=\"1037\" height=\"691\" src=\"https:\/\/etab.ac-reunion.fr\/lyc-jean-perrin\/wp-content\/uploads\/sites\/40\/2021\/12\/Sentierbot_inaug_img3.jpg\" class=\"\" alt=\"\" srcset=\"https:\/\/etab.ac-reunion.fr\/lyc-jean-perrin\/wp-content\/uploads\/sites\/40\/2021\/12\/Sentierbot_inaug_img3.jpg 1037w, https:\/\/etab.ac-reunion.fr\/lyc-jean-perrin\/wp-content\/uploads\/sites\/40\/2021\/12\/Sentierbot_inaug_img3-980x653.jpg 980w, https:\/\/etab.ac-reunion.fr\/lyc-jean-perrin\/wp-content\/uploads\/sites\/40\/2021\/12\/Sentierbot_inaug_img3-480x320.jpg 480w\" sizes=\"(min-width: 0px) and (max-width: 480px) 480px, (min-width: 481px) and (max-width: 980px) 980px, (min-width: 981px) 1037px, 100vw\" \/><\/div><\/div><div class=\"su-image-carousel-item\"><div class=\"su-image-carousel-item-content\"><img loading=\"lazy\" decoding=\"async\" width=\"2560\" height=\"1707\" src=\"https:\/\/etab.ac-reunion.fr\/lyc-jean-perrin\/wp-content\/uploads\/sites\/40\/2021\/12\/Sentierbot_inaug_img4-scaled.jpg\" class=\"\" alt=\"\" srcset=\"https:\/\/etab.ac-reunion.fr\/lyc-jean-perrin\/wp-content\/uploads\/sites\/40\/2021\/12\/Sentierbot_inaug_img4-scaled.jpg 2560w, https:\/\/etab.ac-reunion.fr\/lyc-jean-perrin\/wp-content\/uploads\/sites\/40\/2021\/12\/Sentierbot_inaug_img4-1280x854.jpg 1280w, https:\/\/etab.ac-reunion.fr\/lyc-jean-perrin\/wp-content\/uploads\/sites\/40\/2021\/12\/Sentierbot_inaug_img4-980x653.jpg 980w, https:\/\/etab.ac-reunion.fr\/lyc-jean-perrin\/wp-content\/uploads\/sites\/40\/2021\/12\/Sentierbot_inaug_img4-480x320.jpg 480w\" sizes=\"(min-width: 0px) and (max-width: 480px) 480px, (min-width: 481px) and (max-width: 980px) 980px, (min-width: 981px) and (max-width: 1280px) 1280px, (min-width: 1281px) 2560px, 100vw\" \/><\/div><\/div><div class=\"su-image-carousel-item\"><div class=\"su-image-carousel-item-content\"><img loading=\"lazy\" decoding=\"async\" width=\"1037\" height=\"691\" src=\"https:\/\/etab.ac-reunion.fr\/lyc-jean-perrin\/wp-content\/uploads\/sites\/40\/2021\/12\/Sentierbot_inaug_img5.jpg\" class=\"\" alt=\"\" srcset=\"https:\/\/etab.ac-reunion.fr\/lyc-jean-perrin\/wp-content\/uploads\/sites\/40\/2021\/12\/Sentierbot_inaug_img5.jpg 1037w, https:\/\/etab.ac-reunion.fr\/lyc-jean-perrin\/wp-content\/uploads\/sites\/40\/2021\/12\/Sentierbot_inaug_img5-980x653.jpg 980w, https:\/\/etab.ac-reunion.fr\/lyc-jean-perrin\/wp-content\/uploads\/sites\/40\/2021\/12\/Sentierbot_inaug_img5-480x320.jpg 480w\" sizes=\"(min-width: 0px) and (max-width: 480px) 480px, (min-width: 481px) and (max-width: 980px) 980px, (min-width: 981px) 1037px, 100vw\" \/><\/div><\/div><\/div><script id=\"su_image_carousel_69db99c2c1405_script\">if(window.SUImageCarousel){setTimeout(function() {window.SUImageCarousel.initGallery(document.getElementById(\"su_image_carousel_69db99c2c1405\"))}, 0);}var su_image_carousel_69db99c2c1405_script=document.getElementById(\"su_image_carousel_69db99c2c1405_script\");if(su_image_carousel_69db99c2c1405_script){su_image_carousel_69db99c2c1405_script.parentNode.removeChild(su_image_carousel_69db99c2c1405_script);}<\/script>\n\n\n<p><\/p>\n","protected":false},"excerpt":{"rendered":"<p>Inauguration du sentier botanique le 3 D\u00e9cembre 2021 Dans le cadre du chef d&rsquo; \u0152uvre sur deux ans 2019-2021, les \u00e9l\u00e8ves du CAP EVS option B, ont r\u00e9alis\u00e9 une plantation de 19 esp\u00e8ces end\u00e9miques et indig\u00e8nes de l&rsquo;Est sous l&rsquo;\u00e9gide de l&rsquo;APMNEST (Association de Protection des Milieux Naturels de l&rsquo;Est).Le suivi est assur\u00e9 par des [&hellip;]<\/p>\n","protected":false},"author":10045,"featured_media":0,"parent":0,"menu_order":0,"comment_status":"closed","ping_status":"closed","template":"","meta":{"_et_pb_use_builder":"off","_et_pb_old_content":"","_et_gb_content_width":"","footnotes":""},"class_list":["post-9190","page","type-page","status-publish","hentry"],"_links":{"self":[{"href":"https:\/\/etab.ac-reunion.fr\/lyc-jean-perrin\/wp-json\/wp\/v2\/pages\/9190","targetHints":{"allow":["GET"]}}],"collection":[{"href":"https:\/\/etab.ac-reunion.fr\/lyc-jean-perrin\/wp-json\/wp\/v2\/pages"}],"about":[{"href":"https:\/\/etab.ac-reunion.fr\/lyc-jean-perrin\/wp-json\/wp\/v2\/types\/page"}],"author":[{"embeddable":true,"href":"https:\/\/etab.ac-reunion.fr\/lyc-jean-perrin\/wp-json\/wp\/v2\/users\/10045"}],"replies":[{"embeddable":true,"href":"https:\/\/etab.ac-reunion.fr\/lyc-jean-perrin\/wp-json\/wp\/v2\/comments?post=9190"}],"version-history":[{"count":7,"href":"https:\/\/etab.ac-reunion.fr\/lyc-jean-perrin\/wp-json\/wp\/v2\/pages\/9190\/revisions"}],"predecessor-version":[{"id":9220,"href":"https:\/\/etab.ac-reunion.fr\/lyc-jean-perrin\/wp-json\/wp\/v2\/pages\/9190\/revisions\/9220"}],"wp:attachment":[{"href":"https:\/\/etab.ac-reunion.fr\/lyc-jean-perrin\/wp-json\/wp\/v2\/media?parent=9190"}],"curies":[{"name":"wp","href":"https:\/\/api.w.org\/{rel}","templated":true}]}}