{"id":943,"date":"2013-10-30T20:40:55","date_gmt":"2013-10-30T16:40:55","guid":{"rendered":"https:\/\/portail.jperrin.ac-reunion.fr\/wordpress\/?page_id=943"},"modified":"2014-12-11T04:43:28","modified_gmt":"2014-12-11T03:43:28","slug":"b2i-brevet-informatique-et-internet","status":"publish","type":"page","link":"https:\/\/etab.ac-reunion.fr\/lyc-jean-perrin\/b2i-brevet-informatique-et-internet\/","title":{"rendered":"B2i : Brevet Informatique et Internet"},"content":{"rendered":"<p style=\"text-align: left\"><a href=\"https:\/\/etab.ac-reunion.fr\/lyc-jean-perrin\/wp-content\/uploads\/sites\/40\/2013\/10\/imageb2i.png\"><img loading=\"lazy\" decoding=\"async\" class=\"aligncenter size-full wp-image-953\" style=\"border: 0px none\" src=\"https:\/\/etab.ac-reunion.fr\/lyc-jean-perrin\/wp-content\/uploads\/sites\/40\/2013\/10\/imageb2i.png\" alt=\"imageb2i\" width=\"60\" height=\"60\" srcset=\"https:\/\/etab.ac-reunion.fr\/lyc-jean-perrin\/wp-content\/uploads\/sites\/40\/2013\/10\/imageb2i.png 60w, https:\/\/etab.ac-reunion.fr\/lyc-jean-perrin\/wp-content\/uploads\/sites\/40\/2013\/10\/imageb2i-25x25.png 25w\" sizes=\"(max-width: 60px) 100vw, 60px\" \/><\/a><span class=\"texte_contenu\"><span style=\"color: #000000\">Les <b>technologies de l&rsquo;information et de la communication (TIC)<\/b><\/span> font d\u00e9sormais partie du paysage \u00e9conomique, social, culturel et \u00e9ducatif. Elles sont largement utilis\u00e9es tout au long de la vie professionnelle et priv\u00e9e.<\/span><\/p>\n<p><span style=\"color: #000000\">Le <b>B2i atteste l&rsquo;acquisition d&rsquo;un ensemble de comp\u00e9tences <\/b><\/span>d\u00e9velopp\u00e9es par les \u00e9l\u00e8ves ou les apprentis, tout au long de leur cursus, \u00e0 l&rsquo;\u00e9cole, au coll\u00e8ge, dans les lyc\u00e9es d&rsquo;enseignement g\u00e9n\u00e9ral et technologique, les lyc\u00e9es professionnels, les centres de formation d&rsquo;apprentis (CFA) et les sections d&rsquo;apprentissage (SA) g\u00e9r\u00e9s par des \u00e9tablissements publics locaux d&rsquo;enseignement (EPLE)<\/p>\n<p><img loading=\"lazy\" decoding=\"async\" class=\"alignleft\" style=\"border: 0px none\" src=\"https:\/\/etab.ac-reunion.fr\/lyc-jean-perrin\/wp-content\/uploads\/sites\/40\/2013\/10\/fleche.gif\" alt=\"fleche\" width=\"16\" height=\"16\" \/><a href=\"http:\/\/eduscol.education.fr\/numerique\/dossier\/competences\/b2ic2i\" target=\"_blank\">En savoir plus<\/a><\/p>\n<p style=\"text-align: left\">\u00a0<span style=\"color: #000000\"><strong>Un nouveau r\u00e9f\u00e9rentiel pour le B2i Lyc\u00e9e est paru au JO du 24 juillet 2013<\/strong><\/span><\/p>\n<p><a href=\"http:\/\/cache.media.eduscol.education.fr\/file\/Certification_B2i\/27\/1\/b2i-NivLycee_201271.pdf\" target=\"_blank\">Les items \u00e0 valider<\/a><img loading=\"lazy\" decoding=\"async\" class=\"alignleft\" style=\"border: 0px none\" src=\"https:\/\/etab.ac-reunion.fr\/lyc-jean-perrin\/wp-content\/uploads\/sites\/40\/2013\/10\/fleche.gif\" alt=\"fleche\" width=\"16\" height=\"16\" \/><\/p>\n<p>&nbsp;<\/p>\n<p><span style=\"color: #000000\"><strong>Les contenus p\u00e9dagogiques sont organis\u00e9s en cinq domaines.<\/strong><\/span><\/p>\n<ul>\n<li>Domaine 1 : <b>travailler dans un environnement num\u00e9rique \u00e9volutif <\/b> (7 items)<\/li>\n<li>Domaine 2 : <b>\u00eatre responsable <\/b> (5 items)<\/li>\n<li>Domaine 3 : <b>produire, traiter, exploiter et diffuser des documents num\u00e9riques<\/b> (7 items)<\/li>\n<li>Domaine 4 : <b>organiser la recherche d&rsquo;informations <\/b> (6 items)<\/li>\n<li>Domaine 5 : <b>communiquer, travailler en r\u00e9seau et collaborer<\/b> (6 items)<\/li>\n<\/ul>\n<p>&nbsp;<\/p>\n<p><span style=\"color: #800000\"><strong>Banques d&rsquo;usages des disciplines<\/strong><\/span><\/p>\n<p><img loading=\"lazy\" decoding=\"async\" class=\" wp-image-956 alignleft\" style=\"border: 0px none\" src=\"https:\/\/etab.ac-reunion.fr\/lyc-jean-perrin\/wp-content\/uploads\/sites\/40\/2013\/10\/edubases.gif\" alt=\"edubases\" width=\"75\" height=\"50\" \/><\/p>\n<p>&nbsp;<\/p>\n<p>Des exemples d&rsquo;activit\u00e9s p\u00e9dagogiques li\u00e9es aux domaines de comp\u00e9tences du B2i sont disponibles sur les sites acad\u00e9miques.\u00a0 Ces activit\u00e9s p\u00e9dagogiques ont \u00e9t\u00e9 recens\u00e9es dans les \u00c9dubases.<br \/>\n<a href=\"http:\/\/eduscol.education.fr\/cid56924\/tous-les-sites-disciplinaires.html\"><img loading=\"lazy\" decoding=\"async\" class=\"alignleft\" style=\"border: 0px none\" src=\"https:\/\/etab.ac-reunion.fr\/lyc-jean-perrin\/wp-content\/uploads\/sites\/40\/2013\/10\/fleche.gif\" alt=\"fleche\" width=\"16\" height=\"16\" \/><\/a><a href=\"http:\/\/eduscol.education.fr\/cid56924\/tous-les-sites-disciplinaires.html\" target=\"_blank\">Acc\u00e9der aux \u00c9dubases sur \u00e9duscol <\/a><\/p>\n<p>&nbsp;<\/p>\n<p><span style=\"color: #800000\"><strong> Modalit\u00e9s d&rsquo;\u00e9valuations<\/strong><\/span><\/p>\n<p>L&rsquo;\u00e9valuation des comp\u00e9tences du brevet informatique et internet lyc\u00e9e fait l&rsquo;objet d&rsquo;un <b>travail r\u00e9gulier tout au long des trois ann\u00e9es du lyc\u00e9e.<\/b><\/p>\n<p><span style=\"color: #ff0000\"><strong>La validation s&rsquo;effectue sur votre espace ENT ( Gestion du b2i )<\/strong><\/span><\/p>\n<p>L&rsquo;\u00e9l\u00e8ve a acquis le B2i niveau lyc\u00e9e s&rsquo;il a <b>valid\u00e9 80 % des items dont au moins 50 % dans chaque domaine.<\/b><\/p>\n","protected":false},"excerpt":{"rendered":"<p>Les technologies de l&rsquo;information et de la communication (TIC) font d\u00e9sormais partie du paysage \u00e9conomique, social, culturel et \u00e9ducatif. Elles sont largement utilis\u00e9es tout au long de la vie professionnelle et priv\u00e9e. Le B2i atteste l&rsquo;acquisition d&rsquo;un ensemble de comp\u00e9tences d\u00e9velopp\u00e9es par les \u00e9l\u00e8ves ou les apprentis, tout au long de leur cursus, \u00e0 l&rsquo;\u00e9cole, [&hellip;]<\/p>\n","protected":false},"author":1,"featured_media":0,"parent":0,"menu_order":0,"comment_status":"closed","ping_status":"closed","template":"","meta":{"_et_pb_use_builder":"","_et_pb_old_content":"","_et_gb_content_width":"","footnotes":""},"class_list":["post-943","page","type-page","status-publish","hentry"],"_links":{"self":[{"href":"https:\/\/etab.ac-reunion.fr\/lyc-jean-perrin\/wp-json\/wp\/v2\/pages\/943","targetHints":{"allow":["GET"]}}],"collection":[{"href":"https:\/\/etab.ac-reunion.fr\/lyc-jean-perrin\/wp-json\/wp\/v2\/pages"}],"about":[{"href":"https:\/\/etab.ac-reunion.fr\/lyc-jean-perrin\/wp-json\/wp\/v2\/types\/page"}],"author":[{"embeddable":true,"href":"https:\/\/etab.ac-reunion.fr\/lyc-jean-perrin\/wp-json\/wp\/v2\/users\/1"}],"replies":[{"embeddable":true,"href":"https:\/\/etab.ac-reunion.fr\/lyc-jean-perrin\/wp-json\/wp\/v2\/comments?post=943"}],"version-history":[{"count":3,"href":"https:\/\/etab.ac-reunion.fr\/lyc-jean-perrin\/wp-json\/wp\/v2\/pages\/943\/revisions"}],"predecessor-version":[{"id":2163,"href":"https:\/\/etab.ac-reunion.fr\/lyc-jean-perrin\/wp-json\/wp\/v2\/pages\/943\/revisions\/2163"}],"wp:attachment":[{"href":"https:\/\/etab.ac-reunion.fr\/lyc-jean-perrin\/wp-json\/wp\/v2\/media?parent=943"}],"curies":[{"name":"wp","href":"https:\/\/api.w.org\/{rel}","templated":true}]}}