{"id":1441,"date":"2015-07-08T11:25:42","date_gmt":"2015-07-08T07:25:42","guid":{"rendered":"http:\/\/lycee-leverger.ac-reunion.fr\/?page_id=1441"},"modified":"2015-07-08T22:03:47","modified_gmt":"2015-07-08T18:03:47","slug":"bac-2015-ceremonie","status":"publish","type":"page","link":"https:\/\/etab.ac-reunion.fr\/lyc-le-verger\/parents\/bac-2015-ceremonie\/","title":{"rendered":"Bac 2015: c\u00e9r\u00e9monie"},"content":{"rendered":"<p>Le mardi 07 juillet ont \u00e9t\u00e9 proclam\u00e9 les r\u00e9sultats de la cuv\u00e9e 2015 du baccalaur\u00e9at.<\/p>\n<p>Le soir, au lyc\u00e9e le verger, a eu lieu une c\u00e9r\u00e9monie de remise d&rsquo;attestations et de m\u00e9dailles au titre de l&rsquo;excellence et du m\u00e9rite pour les bacheliers.<\/p>\n<p>&nbsp;<\/p>\n<table>\n<tbody>\n<tr>\n<td><a href=\"https:\/\/etab.ac-reunion.fr\/lyc-le-verger\/wp-content\/uploads\/sites\/32\/2015\/07\/bac_merite_face.jpg\"><img loading=\"lazy\" decoding=\"async\" class=\" aligncenter\" src=\"https:\/\/etab.ac-reunion.fr\/lyc-le-verger\/wp-content\/uploads\/sites\/32\/2015\/07\/bac_merite_face3.jpg\" alt=\"\" width=\"330\" height=\"221\" \/><\/a><\/td>\n<td><a href=\"https:\/\/etab.ac-reunion.fr\/lyc-le-verger\/wp-content\/uploads\/sites\/32\/2015\/07\/bac_merite_pile.jpg\"><img loading=\"lazy\" decoding=\"async\" class=\" aligncenter\" src=\"https:\/\/etab.ac-reunion.fr\/lyc-le-verger\/wp-content\/uploads\/sites\/32\/2015\/07\/bac_merite_pile3.jpg\" alt=\"\" width=\"330\" height=\"220\" \/><\/a><\/td>\n<\/tr>\n<\/tbody>\n<\/table>\n<p>&nbsp;<\/p>\n<p>Les bacheliers et leurs familles sont venus nombreux.<\/p>\n<p>La c\u00e9r\u00e9monie s&rsquo;est achev\u00e9e par \u00a0\u00bb la marseillaise\u00a0\u00bb.<\/p>\n<p>La mairie de la commune de Sainte-Marie informe qu&rsquo;une r\u00e9ception sera donn\u00e9e \u00e0 l&rsquo;attention des bacheliers le Jeudi 23 juillet 2015 \u00e0 18 h 00 \u00e0 la salle des f\u00eates de la Mare.<\/p>\n<p>Vous \u00eates pri\u00e9s de vous vous faire connaitre au plus tard le mercredi 22 juillet aupr\u00e8s du:<\/p>\n<p>Service culturel de la mairie<\/p>\n<p>M\u00e9diath\u00e8que<\/p>\n<p>N\u00b0 T\u00e9l: 02.62.53.19.46<\/p>\n<p>(Pri\u00e8re de vous munir de la photocopie de votre attestation de r\u00e9ussite)<\/p>\n<div id=\"su_slider_69d03293c5a63\" class=\"su-slider su-slider-centered su-slider-pages-no su-slider-responsive-yes su-lightbox-gallery\" style=\"width:100%\" data-autoplay=\"3000\" data-speed=\"600\" data-mousewheel=\"true\"><div class=\"su-slider-slides\"><div class=\"su-slider-slide\"><a href=\"https:\/\/etab.ac-reunion.fr\/lyc-le-verger\/wp-content\/uploads\/sites\/32\/2015\/07\/2015_bac_merite-1.jpg\"  title=\"2015_bac_merite (1)\"><img decoding=\"async\" src=\"https:\/\/etab.ac-reunion.fr\/lyc-le-verger\/wp-content\/uploads\/sites\/32\/2015\/07\/2015_bac_merite-1.jpg\" alt=\"2015_bac_merite (1)\" \/><\/a><\/div><div class=\"su-slider-slide\"><a href=\"https:\/\/etab.ac-reunion.fr\/lyc-le-verger\/wp-content\/uploads\/sites\/32\/2015\/07\/2015_bac_merite-2.jpg\"  title=\"2015_bac_merite (2)\"><img decoding=\"async\" src=\"https:\/\/etab.ac-reunion.fr\/lyc-le-verger\/wp-content\/uploads\/sites\/32\/2015\/07\/2015_bac_merite-2.jpg\" alt=\"2015_bac_merite (2)\" \/><\/a><\/div><div class=\"su-slider-slide\"><a href=\"https:\/\/etab.ac-reunion.fr\/lyc-le-verger\/wp-content\/uploads\/sites\/32\/2015\/07\/2015_bac_merite-3.jpg\"  title=\"2015_bac_merite (3)\"><img decoding=\"async\" src=\"https:\/\/etab.ac-reunion.fr\/lyc-le-verger\/wp-content\/uploads\/sites\/32\/2015\/07\/2015_bac_merite-3.jpg\" alt=\"2015_bac_merite (3)\" \/><\/a><\/div><div class=\"su-slider-slide\"><a href=\"https:\/\/etab.ac-reunion.fr\/lyc-le-verger\/wp-content\/uploads\/sites\/32\/2015\/07\/2015_bac_merite-4.jpg\"  title=\"2015_bac_merite (4)\"><img decoding=\"async\" src=\"https:\/\/etab.ac-reunion.fr\/lyc-le-verger\/wp-content\/uploads\/sites\/32\/2015\/07\/2015_bac_merite-4.jpg\" alt=\"2015_bac_merite (4)\" \/><\/a><\/div><div class=\"su-slider-slide\"><a href=\"https:\/\/etab.ac-reunion.fr\/lyc-le-verger\/wp-content\/uploads\/sites\/32\/2015\/07\/2015_bac_merite-5.jpg\"  title=\"2015_bac_merite (5)\"><img decoding=\"async\" src=\"https:\/\/etab.ac-reunion.fr\/lyc-le-verger\/wp-content\/uploads\/sites\/32\/2015\/07\/2015_bac_merite-5.jpg\" alt=\"2015_bac_merite (5)\" \/><\/a><\/div><div class=\"su-slider-slide\"><a href=\"https:\/\/etab.ac-reunion.fr\/lyc-le-verger\/wp-content\/uploads\/sites\/32\/2015\/07\/2015_bac_merite-6.jpg\"  title=\"2015_bac_merite (6)\"><img decoding=\"async\" src=\"https:\/\/etab.ac-reunion.fr\/lyc-le-verger\/wp-content\/uploads\/sites\/32\/2015\/07\/2015_bac_merite-6.jpg\" alt=\"2015_bac_merite (6)\" \/><\/a><\/div><div class=\"su-slider-slide\"><a href=\"https:\/\/etab.ac-reunion.fr\/lyc-le-verger\/wp-content\/uploads\/sites\/32\/2015\/07\/2015_bac_merite-7.jpg\"  title=\"2015_bac_merite (7)\"><img decoding=\"async\" src=\"https:\/\/etab.ac-reunion.fr\/lyc-le-verger\/wp-content\/uploads\/sites\/32\/2015\/07\/2015_bac_merite-7.jpg\" alt=\"2015_bac_merite (7)\" \/><\/a><\/div><div class=\"su-slider-slide\"><a href=\"https:\/\/etab.ac-reunion.fr\/lyc-le-verger\/wp-content\/uploads\/sites\/32\/2015\/07\/2015_bac_merite-8.jpg\"  title=\"2015_bac_merite (8)\"><img decoding=\"async\" src=\"https:\/\/etab.ac-reunion.fr\/lyc-le-verger\/wp-content\/uploads\/sites\/32\/2015\/07\/2015_bac_merite-8.jpg\" alt=\"2015_bac_merite (8)\" \/><\/a><\/div><div class=\"su-slider-slide\"><a href=\"https:\/\/etab.ac-reunion.fr\/lyc-le-verger\/wp-content\/uploads\/sites\/32\/2015\/07\/2015_bac_merite-9.jpg\"  title=\"2015_bac_merite (9)\"><img decoding=\"async\" src=\"https:\/\/etab.ac-reunion.fr\/lyc-le-verger\/wp-content\/uploads\/sites\/32\/2015\/07\/2015_bac_merite-9.jpg\" alt=\"2015_bac_merite (9)\" \/><\/a><\/div><div class=\"su-slider-slide\"><a href=\"https:\/\/etab.ac-reunion.fr\/lyc-le-verger\/wp-content\/uploads\/sites\/32\/2015\/07\/2015_bac_merite-10.jpg\"  title=\"2015_bac_merite (10)\"><img decoding=\"async\" src=\"https:\/\/etab.ac-reunion.fr\/lyc-le-verger\/wp-content\/uploads\/sites\/32\/2015\/07\/2015_bac_merite-10.jpg\" alt=\"2015_bac_merite (10)\" \/><\/a><\/div><div class=\"su-slider-slide\"><a href=\"https:\/\/etab.ac-reunion.fr\/lyc-le-verger\/wp-content\/uploads\/sites\/32\/2015\/07\/2015_bac_merite-11.jpg\"  title=\"2015_bac_merite (11)\"><img decoding=\"async\" src=\"https:\/\/etab.ac-reunion.fr\/lyc-le-verger\/wp-content\/uploads\/sites\/32\/2015\/07\/2015_bac_merite-11.jpg\" alt=\"2015_bac_merite (11)\" \/><\/a><\/div><div class=\"su-slider-slide\"><a href=\"https:\/\/etab.ac-reunion.fr\/lyc-le-verger\/wp-content\/uploads\/sites\/32\/2015\/07\/2015_bac_merite-13.jpg\"  title=\"2015_bac_merite (13)\"><img decoding=\"async\" src=\"https:\/\/etab.ac-reunion.fr\/lyc-le-verger\/wp-content\/uploads\/sites\/32\/2015\/07\/2015_bac_merite-13.jpg\" alt=\"2015_bac_merite (13)\" \/><\/a><\/div><div class=\"su-slider-slide\"><a href=\"https:\/\/etab.ac-reunion.fr\/lyc-le-verger\/wp-content\/uploads\/sites\/32\/2015\/07\/2015_bac_merite-14.jpg\"  title=\"2015_bac_merite (14)\"><img decoding=\"async\" src=\"https:\/\/etab.ac-reunion.fr\/lyc-le-verger\/wp-content\/uploads\/sites\/32\/2015\/07\/2015_bac_merite-14.jpg\" alt=\"2015_bac_merite (14)\" \/><\/a><\/div><div class=\"su-slider-slide\"><a href=\"https:\/\/etab.ac-reunion.fr\/lyc-le-verger\/wp-content\/uploads\/sites\/32\/2015\/07\/2015_bac_merite-15.jpg\"  title=\"2015_bac_merite (15)\"><img decoding=\"async\" src=\"https:\/\/etab.ac-reunion.fr\/lyc-le-verger\/wp-content\/uploads\/sites\/32\/2015\/07\/2015_bac_merite-15.jpg\" alt=\"2015_bac_merite (15)\" \/><\/a><\/div><div class=\"su-slider-slide\"><a href=\"https:\/\/etab.ac-reunion.fr\/lyc-le-verger\/wp-content\/uploads\/sites\/32\/2015\/07\/2015_bac_merite-16.jpg\"  title=\"2015_bac_merite (16)\"><img decoding=\"async\" src=\"https:\/\/etab.ac-reunion.fr\/lyc-le-verger\/wp-content\/uploads\/sites\/32\/2015\/07\/2015_bac_merite-16.jpg\" alt=\"2015_bac_merite (16)\" \/><\/a><\/div><div class=\"su-slider-slide\"><a href=\"https:\/\/etab.ac-reunion.fr\/lyc-le-verger\/wp-content\/uploads\/sites\/32\/2015\/07\/2015_bac_merite-17.jpg\"  title=\"2015_bac_merite (17)\"><img decoding=\"async\" src=\"https:\/\/etab.ac-reunion.fr\/lyc-le-verger\/wp-content\/uploads\/sites\/32\/2015\/07\/2015_bac_merite-17.jpg\" alt=\"2015_bac_merite (17)\" \/><\/a><\/div><div class=\"su-slider-slide\"><a href=\"https:\/\/etab.ac-reunion.fr\/lyc-le-verger\/wp-content\/uploads\/sites\/32\/2015\/07\/2015_bac_merite-18.jpg\"  title=\"2015_bac_merite (18)\"><img decoding=\"async\" src=\"https:\/\/etab.ac-reunion.fr\/lyc-le-verger\/wp-content\/uploads\/sites\/32\/2015\/07\/2015_bac_merite-18.jpg\" alt=\"2015_bac_merite (18)\" \/><\/a><\/div><div class=\"su-slider-slide\"><a href=\"https:\/\/etab.ac-reunion.fr\/lyc-le-verger\/wp-content\/uploads\/sites\/32\/2015\/07\/bac_merite_coffret.jpg\"  title=\"bac_merite_coffret\"><img decoding=\"async\" src=\"https:\/\/etab.ac-reunion.fr\/lyc-le-verger\/wp-content\/uploads\/sites\/32\/2015\/07\/bac_merite_coffret.jpg\" alt=\"bac_merite_coffret\" \/><\/a><\/div><div class=\"su-slider-slide\"><a href=\"https:\/\/etab.ac-reunion.fr\/lyc-le-verger\/wp-content\/uploads\/sites\/32\/2015\/07\/bac_merite_coffret_face.jpg\"  title=\"bac_merite_coffret_face\"><img decoding=\"async\" src=\"https:\/\/etab.ac-reunion.fr\/lyc-le-verger\/wp-content\/uploads\/sites\/32\/2015\/07\/bac_merite_coffret_face.jpg\" alt=\"bac_merite_coffret_face\" \/><\/a><\/div><div class=\"su-slider-slide\"><a href=\"https:\/\/etab.ac-reunion.fr\/lyc-le-verger\/wp-content\/uploads\/sites\/32\/2015\/07\/bac_merite_coffret_pile_2015.jpg\"  title=\"bac_merite_coffret_pile_2015\"><img decoding=\"async\" src=\"https:\/\/etab.ac-reunion.fr\/lyc-le-verger\/wp-content\/uploads\/sites\/32\/2015\/07\/bac_merite_coffret_pile_2015.jpg\" alt=\"bac_merite_coffret_pile_2015\" \/><\/a><\/div><div class=\"su-slider-slide\"><a href=\"https:\/\/etab.ac-reunion.fr\/lyc-le-verger\/wp-content\/uploads\/sites\/32\/2015\/07\/bac_merite_face.jpg\"  title=\"bac_merite_face\"><img decoding=\"async\" src=\"https:\/\/etab.ac-reunion.fr\/lyc-le-verger\/wp-content\/uploads\/sites\/32\/2015\/07\/bac_merite_face.jpg\" alt=\"bac_merite_face\" \/><\/a><\/div><div class=\"su-slider-slide\"><a href=\"https:\/\/etab.ac-reunion.fr\/lyc-le-verger\/wp-content\/uploads\/sites\/32\/2015\/07\/bac_merite_pile.jpg\"  title=\"bac_merite_pile\"><img decoding=\"async\" src=\"https:\/\/etab.ac-reunion.fr\/lyc-le-verger\/wp-content\/uploads\/sites\/32\/2015\/07\/bac_merite_pile.jpg\" alt=\"bac_merite_pile\" \/><\/a><\/div><\/div><div class=\"su-slider-nav\"><div class=\"su-slider-direction\"><span class=\"su-slider-prev\"><\/span><span class=\"su-slider-next\"><\/span><\/div><div class=\"su-slider-pagination\"><\/div><\/div><\/div>\n<!-- AddThis Advanced Settings generic via filter on the_content --><!-- AddThis Share Buttons generic via filter on the_content -->","protected":false},"excerpt":{"rendered":"<p>Le mardi 07 juillet ont \u00e9t\u00e9 proclam\u00e9 les r\u00e9sultats de la cuv\u00e9e 2015 du baccalaur\u00e9at. Le soir, au lyc\u00e9e le verger, a eu lieu une c\u00e9r\u00e9monie de remise d&rsquo;attestations et de m\u00e9dailles au titre de l&rsquo;excellence et du m\u00e9rite pour les bacheliers. &nbsp; &nbsp; Les bacheliers et leurs familles sont &hellip;<!-- AddThis Advanced Settings generic via filter on get_the_excerpt --><!-- AddThis Share Buttons generic via filter on get_the_excerpt --><\/p>\n","protected":false},"author":157,"featured_media":1459,"parent":487,"menu_order":0,"comment_status":"closed","ping_status":"closed","template":"","meta":{"footnotes":"","_links_to":"","_links_to_target":""},"class_list":["post-1441","page","type-page","status-publish","has-post-thumbnail","hentry"],"_links":{"self":[{"href":"https:\/\/etab.ac-reunion.fr\/lyc-le-verger\/wp-json\/wp\/v2\/pages\/1441","targetHints":{"allow":["GET"]}}],"collection":[{"href":"https:\/\/etab.ac-reunion.fr\/lyc-le-verger\/wp-json\/wp\/v2\/pages"}],"about":[{"href":"https:\/\/etab.ac-reunion.fr\/lyc-le-verger\/wp-json\/wp\/v2\/types\/page"}],"author":[{"embeddable":true,"href":"https:\/\/etab.ac-reunion.fr\/lyc-le-verger\/wp-json\/wp\/v2\/users\/157"}],"replies":[{"embeddable":true,"href":"https:\/\/etab.ac-reunion.fr\/lyc-le-verger\/wp-json\/wp\/v2\/comments?post=1441"}],"version-history":[{"count":53,"href":"https:\/\/etab.ac-reunion.fr\/lyc-le-verger\/wp-json\/wp\/v2\/pages\/1441\/revisions"}],"predecessor-version":[{"id":1539,"href":"https:\/\/etab.ac-reunion.fr\/lyc-le-verger\/wp-json\/wp\/v2\/pages\/1441\/revisions\/1539"}],"up":[{"embeddable":true,"href":"https:\/\/etab.ac-reunion.fr\/lyc-le-verger\/wp-json\/wp\/v2\/pages\/487"}],"wp:featuredmedia":[{"embeddable":true,"href":"https:\/\/etab.ac-reunion.fr\/lyc-le-verger\/wp-json\/wp\/v2\/media\/1459"}],"wp:attachment":[{"href":"https:\/\/etab.ac-reunion.fr\/lyc-le-verger\/wp-json\/wp\/v2\/media?parent=1441"}],"curies":[{"name":"wp","href":"https:\/\/api.w.org\/{rel}","templated":true}]}}