{"id":1615,"date":"2015-11-09T17:13:18","date_gmt":"2015-11-09T13:13:18","guid":{"rendered":"http:\/\/lycee-leverger.ac-reunion.fr\/?page_id=1615"},"modified":"2017-08-23T21:34:17","modified_gmt":"2017-08-23T17:34:17","slug":"salon-virtuel-de-leducation","status":"publish","type":"page","link":"https:\/\/etab.ac-reunion.fr\/lyc-le-verger\/parents\/salon-virtuel-de-leducation\/","title":{"rendered":"Salon virtuel de l&rsquo;\u00e9ducation"},"content":{"rendered":"<p style=\"text-align: justify\"><span style=\"color: #cc0000\">\u00ab\u00a0Dans le cadre du Parcours \u00a0Avenir et plus largement de la probl\u00e9matique Orientation, les parents sont convi\u00e9s \u00e0 participer au salon virtuel de l&rsquo;\u00e9ducation, qui aura lieu du samedi 14 au jeudi 22 novembre 2015.<\/span><\/p>\n<p style=\"text-align: center\"><div class='et-box et-warning'>\n\t\t\t\t\t<div class='et-box-content'>!!! Attention !!! l&rsquo;acc\u00e8s \u00e0 ce salon est gratuit mais l&rsquo;inscription est obligatoire via le lien suivant :<span class=\"Apple-converted-space\">\u00a0<\/span><a href=\"http:\/\/salonvirtuel.onisep.fr\/parents\" target=\"_blank\" rel=\"noopener\">salonvirtuel.onisep.fr\/parents<\/a>.\u00a0L\u2019adresse \u00e9lectronique directe\u00a0salonvirtuel.onisep.fr\/parents\u00a0sera active \u00e0 compter du 6 novembre\u00a0<\/div><\/div>\n<p style=\"text-align: center\">Voici\u00a0un descriptif et le programme \u00a0de ce premier Salon \u00e0 destination des parents.\u00a0\u00bb<\/p>\n<p style=\"text-align: center\"><a href='https:\/\/etab.ac-reunion.fr\/lyc-le-verger\/wp-content\/uploads\/sites\/32\/2015\/11\/Salon-virtuel-parents-VadeMecum-3.pdf' class='icon-button download-icon' target=\"_blank\">DESCRIPTIF<span class='et-icon'><\/span><\/a>\n<p style=\"text-align: center\">\n<!-- iframe plugin v.5.2 wordpress.org\/plugins\/iframe\/ -->\n<iframe loading=\"lazy\" src=\"https:\/\/etab.ac-reunion.fr\/lyc-le-verger\/wp-content\/uploads\/sites\/32\/2015\/11\/Salon-virtuel-parents-VadeMecum-3.pdf\" width=\"600\" height=\"500\" scrolling=\"auto\" class=\"iframe-class\" frameborder=\"0\"><\/iframe>\n\n<p style=\"text-align: center\"><a href='https:\/\/etab.ac-reunion.fr\/lyc-le-verger\/wp-content\/uploads\/sites\/32\/2015\/11\/salon-parents-programme-V3-1.pdf' class='icon-button download-icon' target=\"_blank\">PROGRAMME<span class='et-icon'><\/span><\/a>\n<p style=\"text-align: center\">\n<!-- iframe plugin v.5.2 wordpress.org\/plugins\/iframe\/ -->\n<iframe loading=\"lazy\" src=\"https:\/\/etab.ac-reunion.fr\/lyc-le-verger\/wp-content\/uploads\/sites\/32\/2015\/11\/salon-parents-programme-V3-1.pdf\" width=\"600\" height=\"500\" scrolling=\"auto\" class=\"iframe-class\" frameborder=\"0\"><\/iframe>\n\n<!-- AddThis Advanced Settings generic via filter on the_content --><!-- AddThis Share Buttons generic via filter on the_content -->","protected":false},"excerpt":{"rendered":"<p>\u00ab\u00a0Dans le cadre du Parcours \u00a0Avenir et plus largement de la probl\u00e9matique Orientation, les parents sont convi\u00e9s \u00e0 participer au salon virtuel de l&rsquo;\u00e9ducation, qui aura lieu du samedi 14 au jeudi 22 novembre 2015. Voici\u00a0un descriptif et le programme \u00a0de ce premier Salon \u00e0 destination des parents.\u00a0\u00bb<!-- AddThis Advanced Settings generic via filter on get_the_excerpt --><!-- AddThis Share Buttons generic via filter on get_the_excerpt --><\/p>\n","protected":false},"author":157,"featured_media":0,"parent":487,"menu_order":0,"comment_status":"closed","ping_status":"closed","template":"","meta":{"footnotes":"","_links_to":"","_links_to_target":""},"class_list":["post-1615","page","type-page","status-publish","hentry"],"_links":{"self":[{"href":"https:\/\/etab.ac-reunion.fr\/lyc-le-verger\/wp-json\/wp\/v2\/pages\/1615","targetHints":{"allow":["GET"]}}],"collection":[{"href":"https:\/\/etab.ac-reunion.fr\/lyc-le-verger\/wp-json\/wp\/v2\/pages"}],"about":[{"href":"https:\/\/etab.ac-reunion.fr\/lyc-le-verger\/wp-json\/wp\/v2\/types\/page"}],"author":[{"embeddable":true,"href":"https:\/\/etab.ac-reunion.fr\/lyc-le-verger\/wp-json\/wp\/v2\/users\/157"}],"replies":[{"embeddable":true,"href":"https:\/\/etab.ac-reunion.fr\/lyc-le-verger\/wp-json\/wp\/v2\/comments?post=1615"}],"version-history":[{"count":3,"href":"https:\/\/etab.ac-reunion.fr\/lyc-le-verger\/wp-json\/wp\/v2\/pages\/1615\/revisions"}],"predecessor-version":[{"id":2439,"href":"https:\/\/etab.ac-reunion.fr\/lyc-le-verger\/wp-json\/wp\/v2\/pages\/1615\/revisions\/2439"}],"up":[{"embeddable":true,"href":"https:\/\/etab.ac-reunion.fr\/lyc-le-verger\/wp-json\/wp\/v2\/pages\/487"}],"wp:attachment":[{"href":"https:\/\/etab.ac-reunion.fr\/lyc-le-verger\/wp-json\/wp\/v2\/media?parent=1615"}],"curies":[{"name":"wp","href":"https:\/\/api.w.org\/{rel}","templated":true}]}}