{"id":1752,"date":"2016-04-04T17:01:56","date_gmt":"2016-04-04T13:01:56","guid":{"rendered":"http:\/\/lycee-leverger.ac-reunion.fr\/?page_id=1752"},"modified":"2017-03-20T18:29:40","modified_gmt":"2017-03-20T14:29:40","slug":"orions-erasmus-2","status":"publish","type":"page","link":"https:\/\/etab.ac-reunion.fr\/lyc-le-verger\/orions-erasmus-2\/","title":{"rendered":"ORIONS Erasmus+"},"content":{"rendered":"<p><em>Coordonn\u00e9s par l\u2019\u00e9cole <a title=\"Nouvel onglet vers le site de l'\u00e9cole\" href=\"http:\/\/www.szkola.szkolaspoleczna.pl\/\" target=\"_blank\">Spoleczne Gimnazjum<\/a> de Pologne, six \u00e9tablissements scolaires fran\u00e7ais, grec, italien, polonais, portugais et su\u00e9dois veulent accompagner leurs \u00e9l\u00e8ves vers l\u2019acquisition de comp\u00e9tences fondamentales : lire, \u00e9crire, calculer, ma\u00eetriser les comp\u00e9tences scientifiques et technologiques. Initi\u00e9 en Septembre 2015, ce projet nomm\u00e9\u00a0ORIONS (Obervational Research Impact ON Science) et d\u2019une dur\u00e9e de deux ans porte sur le th\u00e8me de l\u2019Astronomie, au confluent des math\u00e9matiques et de la physique, en interdisciplinarit\u00e9 avec les Nouvelles Technologies (TICE) et l\u2019apprentissage des langues.<br \/>\nL\u2019\u00e9quipe du Lyc\u00e9e Le Verger se r\u00e9jouit de participer \u00e0 ce partenariat.<br \/>\n<\/em><\/p>\n<p><em>Ce projet est soutenu par la Commission Europ\u00e9enne et de ses Agences Relais Nationales.<\/em><\/p>\n<h2><strong>Visiter notre <a href=\"https:\/\/portail.lyc-leverger.ac-reunion.fr\/wordpress\/orions\/\" target=\"_blank\">site <\/a>et notre plate-forme commune <a href=\"https:\/\/twinspace.etwinning.net\/10301\/home\" target=\"_blank\">etwinning<br \/>\n<\/a><br \/>\n<\/strong><\/h2>\n<p><img loading=\"lazy\" decoding=\"async\" class=\"aligncenter size-full wp-image-1754\" src=\"https:\/\/etab.ac-reunion.fr\/lyc-le-verger\/wp-content\/uploads\/sites\/32\/2016\/04\/BANDEAU-ACCUEIL-1024x175.jpg\" alt=\"BANDEAU-ACCUEIL-1024x175\" width=\"1024\" height=\"175\" srcset=\"https:\/\/etab.ac-reunion.fr\/lyc-le-verger\/wp-content\/uploads\/sites\/32\/2016\/04\/BANDEAU-ACCUEIL-1024x175.jpg 1024w, https:\/\/etab.ac-reunion.fr\/lyc-le-verger\/wp-content\/uploads\/sites\/32\/2016\/04\/BANDEAU-ACCUEIL-1024x175-300x51.jpg 300w\" sizes=\"auto, (max-width: 1024px) 100vw, 1024px\" \/> <img loading=\"lazy\" decoding=\"async\" class=\"aligncenter size-full wp-image-1755\" src=\"https:\/\/etab.ac-reunion.fr\/lyc-le-verger\/wp-content\/uploads\/sites\/32\/2016\/04\/ORIONS-NA-LOGOS1.png\" alt=\"ORIONS-NA-LOGOS1\" width=\"1406\" height=\"137\" srcset=\"https:\/\/etab.ac-reunion.fr\/lyc-le-verger\/wp-content\/uploads\/sites\/32\/2016\/04\/ORIONS-NA-LOGOS1.png 1406w, https:\/\/etab.ac-reunion.fr\/lyc-le-verger\/wp-content\/uploads\/sites\/32\/2016\/04\/ORIONS-NA-LOGOS1-300x29.png 300w, https:\/\/etab.ac-reunion.fr\/lyc-le-verger\/wp-content\/uploads\/sites\/32\/2016\/04\/ORIONS-NA-LOGOS1-1024x100.png 1024w\" sizes=\"auto, (max-width: 1406px) 100vw, 1406px\" \/><\/p>\n<!-- AddThis Advanced Settings generic via filter on the_content --><!-- AddThis Share Buttons generic via filter on the_content -->","protected":false},"excerpt":{"rendered":"<p>Coordonn\u00e9s par l\u2019\u00e9cole Spoleczne Gimnazjum de Pologne, six \u00e9tablissements scolaires fran\u00e7ais, grec, italien, polonais, portugais et su\u00e9dois veulent accompagner leurs \u00e9l\u00e8ves vers l\u2019acquisition de comp\u00e9tences fondamentales : lire, \u00e9crire, calculer, ma\u00eetriser les comp\u00e9tences scientifiques et technologiques. Initi\u00e9 en Septembre 2015, ce projet nomm\u00e9\u00a0ORIONS (Obervational Research Impact ON Science) et d\u2019une &hellip;<!-- AddThis Advanced Settings generic via filter on get_the_excerpt --><!-- AddThis Share Buttons generic via filter on get_the_excerpt --><\/p>\n","protected":false},"author":157,"featured_media":2224,"parent":0,"menu_order":0,"comment_status":"closed","ping_status":"closed","template":"","meta":{"footnotes":"","_links_to":"","_links_to_target":""},"class_list":["post-1752","page","type-page","status-publish","has-post-thumbnail","hentry"],"_links":{"self":[{"href":"https:\/\/etab.ac-reunion.fr\/lyc-le-verger\/wp-json\/wp\/v2\/pages\/1752","targetHints":{"allow":["GET"]}}],"collection":[{"href":"https:\/\/etab.ac-reunion.fr\/lyc-le-verger\/wp-json\/wp\/v2\/pages"}],"about":[{"href":"https:\/\/etab.ac-reunion.fr\/lyc-le-verger\/wp-json\/wp\/v2\/types\/page"}],"author":[{"embeddable":true,"href":"https:\/\/etab.ac-reunion.fr\/lyc-le-verger\/wp-json\/wp\/v2\/users\/157"}],"replies":[{"embeddable":true,"href":"https:\/\/etab.ac-reunion.fr\/lyc-le-verger\/wp-json\/wp\/v2\/comments?post=1752"}],"version-history":[{"count":4,"href":"https:\/\/etab.ac-reunion.fr\/lyc-le-verger\/wp-json\/wp\/v2\/pages\/1752\/revisions"}],"predecessor-version":[{"id":1759,"href":"https:\/\/etab.ac-reunion.fr\/lyc-le-verger\/wp-json\/wp\/v2\/pages\/1752\/revisions\/1759"}],"wp:featuredmedia":[{"embeddable":true,"href":"https:\/\/etab.ac-reunion.fr\/lyc-le-verger\/wp-json\/wp\/v2\/media\/2224"}],"wp:attachment":[{"href":"https:\/\/etab.ac-reunion.fr\/lyc-le-verger\/wp-json\/wp\/v2\/media?parent=1752"}],"curies":[{"name":"wp","href":"https:\/\/api.w.org\/{rel}","templated":true}]}}