{"id":1846,"date":"2016-07-13T20:14:27","date_gmt":"2016-07-13T16:14:27","guid":{"rendered":"http:\/\/lycee-leverger.ac-reunion.fr\/?page_id=1846"},"modified":"2016-07-13T20:16:37","modified_gmt":"2016-07-13T16:16:37","slug":"bac-2016-ceremonie","status":"publish","type":"page","link":"https:\/\/etab.ac-reunion.fr\/lyc-le-verger\/parents\/bac-2016-ceremonie\/","title":{"rendered":"Bac 2016: c\u00e9r\u00e9monie"},"content":{"rendered":"<p>Le mardi 06 juillet ont \u00e9t\u00e9 proclam\u00e9 les r\u00e9sultats de la cuv\u00e9e 2016 du baccalaur\u00e9at.<\/p>\n<p>Le vendredi 08 juillet, au lyc\u00e9e le verger, a eu lieu une c\u00e9r\u00e9monie de remise d&rsquo;attestations et de m\u00e9dailles au titre de l&rsquo;excellence et du m\u00e9rite pour les bacheliers.<\/p>\n<p>&nbsp;<\/p>\n<table>\n<tbody>\n<tr>\n<td><a href=\"https:\/\/etab.ac-reunion.fr\/lyc-le-verger\/wp-content\/uploads\/sites\/32\/2016\/07\/2016_bac_merite-5.jpg\"><img loading=\"lazy\" decoding=\"async\" class=\" aligncenter\" src=\"https:\/\/etab.ac-reunion.fr\/lyc-le-verger\/wp-content\/uploads\/sites\/32\/2016\/07\/2016_bac_merite-5.jpg\" alt=\"\" width=\"330\" height=\"221\" \/><\/a><\/td>\n<td><a href=\"https:\/\/etab.ac-reunion.fr\/lyc-le-verger\/wp-content\/uploads\/sites\/32\/2016\/07\/2016_bac_merite-6.jpg\"><img loading=\"lazy\" decoding=\"async\" class=\" aligncenter\" src=\"https:\/\/etab.ac-reunion.fr\/lyc-le-verger\/wp-content\/uploads\/sites\/32\/2016\/07\/2016_bac_merite-6.jpg\" alt=\"\" width=\"330\" height=\"220\" \/><\/a><\/td>\n<\/tr>\n<\/tbody>\n<\/table>\n<p>Les bacheliers et leurs familles sont venus nombreux.<\/p>\n<p>La c\u00e9r\u00e9monie s&rsquo;est achev\u00e9e par \u00a0\u00bb la marseillaise\u00a0\u00bb.<\/p>\n<div id=\"su_carousel_69d0329297be5\" class=\"su-carousel su-carousel-centered su-carousel-pages-no su-carousel-responsive-yes su-lightbox-gallery\" style=\"width:100%\" data-autoplay=\"3000\" data-speed=\"600\" data-mousewheel=\"true\" data-items=\"2\" data-scroll=\"1\"><div class=\"su-carousel-slides\"><div class=\"su-carousel-slide\"><a href=\"https:\/\/etab.ac-reunion.fr\/lyc-le-verger\/wp-content\/uploads\/sites\/32\/2016\/07\/2016_bac_merite-1.jpg\" title=\"2016_bac_merite (1)\"><img decoding=\"async\" src=\"https:\/\/etab.ac-reunion.fr\/lyc-le-verger\/wp-content\/uploads\/sites\/32\/2016\/07\/2016_bac_merite-1.jpg\" alt=\"2016_bac_merite (1)\" \/><span class=\"su-carousel-slide-title\">2016_bac_merite (1)<\/span><\/a><\/div><div class=\"su-carousel-slide\"><a href=\"https:\/\/etab.ac-reunion.fr\/lyc-le-verger\/wp-content\/uploads\/sites\/32\/2016\/07\/2016_bac_merite-2.jpg\" title=\"2016_bac_merite (2)\"><img decoding=\"async\" src=\"https:\/\/etab.ac-reunion.fr\/lyc-le-verger\/wp-content\/uploads\/sites\/32\/2016\/07\/2016_bac_merite-2.jpg\" alt=\"2016_bac_merite (2)\" \/><span class=\"su-carousel-slide-title\">2016_bac_merite (2)<\/span><\/a><\/div><div class=\"su-carousel-slide\"><a href=\"https:\/\/etab.ac-reunion.fr\/lyc-le-verger\/wp-content\/uploads\/sites\/32\/2016\/07\/2016_bac_merite-3.jpg\" title=\"2016_bac_merite (3)\"><img decoding=\"async\" src=\"https:\/\/etab.ac-reunion.fr\/lyc-le-verger\/wp-content\/uploads\/sites\/32\/2016\/07\/2016_bac_merite-3.jpg\" alt=\"2016_bac_merite (3)\" \/><span class=\"su-carousel-slide-title\">2016_bac_merite (3)<\/span><\/a><\/div><div class=\"su-carousel-slide\"><a href=\"https:\/\/etab.ac-reunion.fr\/lyc-le-verger\/wp-content\/uploads\/sites\/32\/2016\/07\/2016_bac_merite-4.jpg\" title=\"2016_bac_merite (4)\"><img decoding=\"async\" src=\"https:\/\/etab.ac-reunion.fr\/lyc-le-verger\/wp-content\/uploads\/sites\/32\/2016\/07\/2016_bac_merite-4.jpg\" alt=\"2016_bac_merite (4)\" \/><span class=\"su-carousel-slide-title\">2016_bac_merite (4)<\/span><\/a><\/div><div class=\"su-carousel-slide\"><a href=\"https:\/\/etab.ac-reunion.fr\/lyc-le-verger\/wp-content\/uploads\/sites\/32\/2016\/07\/2016_bac_merite-9.jpg\" title=\"2016_bac_merite (9)\"><img decoding=\"async\" src=\"https:\/\/etab.ac-reunion.fr\/lyc-le-verger\/wp-content\/uploads\/sites\/32\/2016\/07\/2016_bac_merite-9.jpg\" alt=\"2016_bac_merite (9)\" \/><span class=\"su-carousel-slide-title\">2016_bac_merite (9)<\/span><\/a><\/div><div class=\"su-carousel-slide\"><a href=\"https:\/\/etab.ac-reunion.fr\/lyc-le-verger\/wp-content\/uploads\/sites\/32\/2016\/07\/2016_bac_merite-10.jpg\" title=\"2016_bac_merite (10)\"><img decoding=\"async\" src=\"https:\/\/etab.ac-reunion.fr\/lyc-le-verger\/wp-content\/uploads\/sites\/32\/2016\/07\/2016_bac_merite-10.jpg\" alt=\"2016_bac_merite (10)\" \/><span class=\"su-carousel-slide-title\">2016_bac_merite (10)<\/span><\/a><\/div><div class=\"su-carousel-slide\"><a href=\"https:\/\/etab.ac-reunion.fr\/lyc-le-verger\/wp-content\/uploads\/sites\/32\/2016\/07\/2016_bac_merite-11.jpg\" title=\"2016_bac_merite (11)\"><img decoding=\"async\" src=\"https:\/\/etab.ac-reunion.fr\/lyc-le-verger\/wp-content\/uploads\/sites\/32\/2016\/07\/2016_bac_merite-11.jpg\" alt=\"2016_bac_merite (11)\" \/><span class=\"su-carousel-slide-title\">2016_bac_merite (11)<\/span><\/a><\/div><\/div><div class=\"su-carousel-nav\"><div class=\"su-carousel-direction\"><span class=\"su-carousel-prev\"><\/span><span class=\"su-carousel-next\"><\/span><\/div><div class=\"su-carousel-pagination\"><\/div><\/div><\/div>\n<!-- AddThis Advanced Settings generic via filter on the_content --><!-- AddThis Share Buttons generic via filter on the_content -->","protected":false},"excerpt":{"rendered":"<p>Le mardi 06 juillet ont \u00e9t\u00e9 proclam\u00e9 les r\u00e9sultats de la cuv\u00e9e 2016 du baccalaur\u00e9at. Le vendredi 08 juillet, au lyc\u00e9e le verger, a eu lieu une c\u00e9r\u00e9monie de remise d&rsquo;attestations et de m\u00e9dailles au titre de l&rsquo;excellence et du m\u00e9rite pour les bacheliers. &nbsp; Les bacheliers et leurs familles &hellip;<!-- AddThis Advanced Settings generic via filter on get_the_excerpt --><!-- AddThis Share Buttons generic via filter on get_the_excerpt --><\/p>\n","protected":false},"author":157,"featured_media":1853,"parent":487,"menu_order":0,"comment_status":"closed","ping_status":"closed","template":"","meta":{"footnotes":"","_links_to":"","_links_to_target":""},"class_list":["post-1846","page","type-page","status-publish","has-post-thumbnail","hentry"],"_links":{"self":[{"href":"https:\/\/etab.ac-reunion.fr\/lyc-le-verger\/wp-json\/wp\/v2\/pages\/1846","targetHints":{"allow":["GET"]}}],"collection":[{"href":"https:\/\/etab.ac-reunion.fr\/lyc-le-verger\/wp-json\/wp\/v2\/pages"}],"about":[{"href":"https:\/\/etab.ac-reunion.fr\/lyc-le-verger\/wp-json\/wp\/v2\/types\/page"}],"author":[{"embeddable":true,"href":"https:\/\/etab.ac-reunion.fr\/lyc-le-verger\/wp-json\/wp\/v2\/users\/157"}],"replies":[{"embeddable":true,"href":"https:\/\/etab.ac-reunion.fr\/lyc-le-verger\/wp-json\/wp\/v2\/comments?post=1846"}],"version-history":[{"count":1,"href":"https:\/\/etab.ac-reunion.fr\/lyc-le-verger\/wp-json\/wp\/v2\/pages\/1846\/revisions"}],"predecessor-version":[{"id":1858,"href":"https:\/\/etab.ac-reunion.fr\/lyc-le-verger\/wp-json\/wp\/v2\/pages\/1846\/revisions\/1858"}],"up":[{"embeddable":true,"href":"https:\/\/etab.ac-reunion.fr\/lyc-le-verger\/wp-json\/wp\/v2\/pages\/487"}],"wp:featuredmedia":[{"embeddable":true,"href":"https:\/\/etab.ac-reunion.fr\/lyc-le-verger\/wp-json\/wp\/v2\/media\/1853"}],"wp:attachment":[{"href":"https:\/\/etab.ac-reunion.fr\/lyc-le-verger\/wp-json\/wp\/v2\/media?parent=1846"}],"curies":[{"name":"wp","href":"https:\/\/api.w.org\/{rel}","templated":true}]}}