{"id":213,"date":"2014-04-26T16:42:29","date_gmt":"2014-04-26T12:42:29","guid":{"rendered":"http:\/\/lycee-leverger.ac-reunion.fr\/?page_id=213"},"modified":"2020-12-04T16:10:00","modified_gmt":"2020-12-04T12:10:00","slug":"marches-publics","status":"publish","type":"page","link":"https:\/\/etab.ac-reunion.fr\/lyc-le-verger\/letablissement\/lintendance\/marches-publics\/","title":{"rendered":"March\u00e9s publics"},"content":{"rendered":"\n<\/br>\n<\/br>\n<\/br>\n<\/br>\n<\/br>\n<\/br>\n<\/br>\n<\/br>\n<\/br>\n<\/br>\n<\/br>\n<div class='et-learn-more clearfix'>\n\t\t\t\t\t<h3 class='heading-more'>March\u00e9 mat\u00e9riel informatique 2020<span class='et_learnmore_arrow'><span><\/span><\/span><\/h3>\n\t\t\t\t\t<div class='learn-more-content'><p style=\"text-align: center\"><a href='https:\/\/etab.ac-reunion.fr\/lyc-le-verger\/wp-content\/uploads\/sites\/32\/2020\/12\/AVIS-PRESSE.pdf' class='icon-button paper-icon' target=\"_blank\">Avis de presse<span class='et-icon'><\/span><\/a>\n<p style=\"text-align: center\">\n<!-- iframe plugin v.5.2 wordpress.org\/plugins\/iframe\/ -->\n<iframe loading=\"lazy\" src=\"https:\/\/etab.ac-reunion.fr\/lyc-le-verger\/wp-content\/uploads\/sites\/32\/2020\/12\/AVIS-PRESSE.pdf\" width=\"100%\" height=\"700\" frameborder=\"1\" scrolling=\"yes\" class=\"iframe-class\"><\/iframe>\n\n<p>Lien de cette MAPA sur <a href=\"https:\/\/mapa.aji-france.com\/mapa\/marche\/103958\/show\" target=\"_blank\" rel=\"noopener noreferrer\">https:\/\/mapa.aji-france.com\/mapa\/marche\/103958\/show<\/a><\/p>\n<p>N\u00b0 de consultation: PAJI\/20\/05253  <\/p>\n<table width=\"502\">\n<tbody>\n<tr>\n<td><a href=\"https:\/\/etab.ac-reunion.fr\/lyc-le-verger\/wp-content\/uploads\/sites\/32\/2020\/12\/REGLEMENT-DE-CONSULTATION.pdf\" target=\"_blank\" rel=\"noopener noreferrer\"><img loading=\"lazy\" decoding=\"async\" class=\"aligncenter wp-image-1311 size-full\" src=\"https:\/\/etab.ac-reunion.fr\/lyc-le-verger\/wp-content\/uploads\/sites\/32\/2015\/05\/PDF.png\" alt=\"PDF\" width=\"128\" height=\"128\" srcset=\"https:\/\/etab.ac-reunion.fr\/lyc-le-verger\/wp-content\/uploads\/sites\/32\/2015\/05\/PDF.png 128w, https:\/\/etab.ac-reunion.fr\/lyc-le-verger\/wp-content\/uploads\/sites\/32\/2015\/05\/PDF-67x67.png 67w, https:\/\/etab.ac-reunion.fr\/lyc-le-verger\/wp-content\/uploads\/sites\/32\/2015\/05\/PDF-40x40.png 40w\" sizes=\"auto, (max-width: 128px) 100vw, 128px\" \/><\/a><\/td>\n<td><a href=\"https:\/\/etab.ac-reunion.fr\/lyc-le-verger\/wp-content\/uploads\/sites\/32\/2020\/12\/CCTP.pdf\" target=\"_blank\" rel=\"noopener noreferrer\"><img loading=\"lazy\" decoding=\"async\" class=\"aligncenter wp-image-1311 size-full\" src=\"https:\/\/etab.ac-reunion.fr\/lyc-le-verger\/wp-content\/uploads\/sites\/32\/2015\/05\/PDF.png\" alt=\"PDF\" width=\"128\" height=\"128\" srcset=\"https:\/\/etab.ac-reunion.fr\/lyc-le-verger\/wp-content\/uploads\/sites\/32\/2015\/05\/PDF.png 128w, https:\/\/etab.ac-reunion.fr\/lyc-le-verger\/wp-content\/uploads\/sites\/32\/2015\/05\/PDF-67x67.png 67w, https:\/\/etab.ac-reunion.fr\/lyc-le-verger\/wp-content\/uploads\/sites\/32\/2015\/05\/PDF-40x40.png 40w\" sizes=\"auto, (max-width: 128px) 100vw, 128px\" \/><\/a><\/td>\n<\/tr>\n<tr>\n<td style=\"text-align: center\">R\u00c8GLEMENT CONSULTATION<\/td>\n<td style=\"text-align: center\">CCTP<\/td>\n<\/tr>\n<tr>\n<td style=\"text-align: center\"><a href=\"https:\/\/etab.ac-reunion.fr\/lyc-le-verger\/wp-content\/uploads\/sites\/32\/2020\/12\/ACTE-DENGAGEMENT.pdf\" target=\"_blank\" rel=\"noopener noreferrer\"><img loading=\"lazy\" decoding=\"async\" class=\"aligncenter wp-image-1311 size-full\" src=\"https:\/\/etab.ac-reunion.fr\/lyc-le-verger\/wp-content\/uploads\/sites\/32\/2015\/05\/PDF.png\" alt=\"PDF\" width=\"128\" height=\"128\" srcset=\"https:\/\/etab.ac-reunion.fr\/lyc-le-verger\/wp-content\/uploads\/sites\/32\/2015\/05\/PDF.png 128w, https:\/\/etab.ac-reunion.fr\/lyc-le-verger\/wp-content\/uploads\/sites\/32\/2015\/05\/PDF-67x67.png 67w, https:\/\/etab.ac-reunion.fr\/lyc-le-verger\/wp-content\/uploads\/sites\/32\/2015\/05\/PDF-40x40.png 40w\" sizes=\"auto, (max-width: 128px) 100vw, 128px\" \/><\/a><td style=\"text-align: center\"><a href=\"https:\/\/etab.ac-reunion.fr\/lyc-le-verger\/wp-content\/uploads\/sites\/32\/2020\/12\/ACTE-DENGAGEMENT-ANNEXE.pdf\" target=\"_blank\" rel=\"noopener noreferrer\"><img loading=\"lazy\" decoding=\"async\" class=\"aligncenter wp-image-1311 size-full\" src=\"https:\/\/etab.ac-reunion.fr\/lyc-le-verger\/wp-content\/uploads\/sites\/32\/2015\/05\/PDF.png\" alt=\"PDF\" width=\"128\" height=\"128\" srcset=\"https:\/\/etab.ac-reunion.fr\/lyc-le-verger\/wp-content\/uploads\/sites\/32\/2015\/05\/PDF.png 128w, https:\/\/etab.ac-reunion.fr\/lyc-le-verger\/wp-content\/uploads\/sites\/32\/2015\/05\/PDF-67x67.png 67w, https:\/\/etab.ac-reunion.fr\/lyc-le-verger\/wp-content\/uploads\/sites\/32\/2015\/05\/PDF-40x40.png 40w\" sizes=\"auto, (max-width: 128px) 100vw, 128px\" \/><\/a>\n<\/tr>\n<tr>\n<td style=\"text-align: center\">ACTE D&rsquo;ENGAGEMENT<\/td>\n<td style=\"text-align: center\">ACTE D&rsquo;ENGAGEMENT ANNEXE<\/td>\n<\/tr>\n<\/tbody>\n<\/table><\/div>\n\t\t\t\t<\/div>\n<div class='et-learn-more clearfix'>\n\t\t\t\t\t<h3 class='heading-more'>S\u00e9jour au pays de Galles - Octobre 2020<span class='et_learnmore_arrow'><span><\/span><\/span><\/h3>\n\t\t\t\t\t<div class='learn-more-content'><p style=\"text-align: center\"><a href='https:\/\/etab.ac-reunion.fr\/lyc-le-verger\/wp-content\/uploads\/sites\/32\/2020\/02\/AVIS-PRESSE.pdf' class='icon-button paper-icon' target=\"_blank\">Avis de presse<span class='et-icon'><\/span><\/a>\n\n<!-- iframe plugin v.5.2 wordpress.org\/plugins\/iframe\/ -->\n<iframe loading=\"lazy\" src=\"https:\/\/etab.ac-reunion.fr\/lyc-le-verger\/wp-content\/uploads\/sites\/32\/2020\/02\/AVIS-PRESSE.pdf\" width=\"100%\" height=\"700\" frameborder=\"1\" scrolling=\"yes\" class=\"iframe-class\"><\/iframe>\n\n<table width=\"502\">\n<tbody>\n<tr>\n<td><a href=\"https:\/\/etab.ac-reunion.fr\/lyc-le-verger\/wp-content\/uploads\/sites\/32\/2020\/02\/RC-SEJOUR-AU-PAYS-DE-GALLES-OCTOBRE-2019.pdf\" target=\"_blank\" rel=\"noopener noreferrer\"><img loading=\"lazy\" decoding=\"async\" class=\"aligncenter wp-image-1311 size-full\" src=\"https:\/\/etab.ac-reunion.fr\/lyc-le-verger\/wp-content\/uploads\/sites\/32\/2015\/05\/PDF.png\" alt=\"PDF\" width=\"128\" height=\"128\" srcset=\"https:\/\/etab.ac-reunion.fr\/lyc-le-verger\/wp-content\/uploads\/sites\/32\/2015\/05\/PDF.png 128w, https:\/\/etab.ac-reunion.fr\/lyc-le-verger\/wp-content\/uploads\/sites\/32\/2015\/05\/PDF-67x67.png 67w, https:\/\/etab.ac-reunion.fr\/lyc-le-verger\/wp-content\/uploads\/sites\/32\/2015\/05\/PDF-40x40.png 40w\" sizes=\"auto, (max-width: 128px) 100vw, 128px\" \/><\/a><\/td>\n<td>\u00a0<\/td>\n<\/tr>\n<tr>\n<td>R\u00c8GLEMENT DE LA\u00a0 CONSULTATION VALANT CAHIER DES CHARGES\n<p>\u00a0<\/p>\n<p>Pays de Galles Octobre 2020<\/p>\n<\/td>\n<td>\u00a0<\/td>\n<\/tr>\n<tr>\n<td>\u00a0<\/td>\n<td>\u00a0<\/td>\n<\/tr>\n<tr>\n<td>\u00a0<\/td>\n<td>\u00a0<\/td>\n<\/tr>\n<\/tbody>\n<\/table><\/div>\n\t\t\t\t<\/div>\n<div class='et-learn-more clearfix'>\n\t\t\t\t\t<h3 class='heading-more'>March\u00e9 voyages p\u00e9dagogiques - Transport a\u00e9rien- Avril-Mai 2020 (Allemagne) et Octobre 2020 Angleterre<span class='et_learnmore_arrow'><span><\/span><\/span><\/h3>\n\t\t\t\t\t<div class='learn-more-content'><p style=\"text-align: center\"><a href='https:\/\/etab.ac-reunion.fr\/lyc-le-verger\/wp-content\/uploads\/sites\/32\/2020\/01\/AVIS-PRESSE.pdf' class='icon-button paper-icon' target=\"_blank\">Avis de presse<span class='et-icon'><\/span><\/a>\n\n<!-- iframe plugin v.5.2 wordpress.org\/plugins\/iframe\/ -->\n<iframe loading=\"lazy\" src=\"https:\/\/etab.ac-reunion.fr\/lyc-le-verger\/wp-content\/uploads\/sites\/32\/2020\/01\/AVIS-PRESSE.pdf\" width=\"100%\" height=\"700\" frameborder=\"1\" scrolling=\"yes\" class=\"iframe-class\"><\/iframe>\n\n<table width=\"502\">\n<tbody>\n<tr>\n<td><a href=\"https:\/\/etab.ac-reunion.fr\/lyc-le-verger\/wp-content\/uploads\/sites\/32\/2020\/01\/RC-VOYAGES-PEDAGOGIQUES-2020-TRANSPORT-AERIEN.pdf\" target=\"_blank\" rel=\"noopener noreferrer\"><img loading=\"lazy\" decoding=\"async\" class=\"aligncenter wp-image-1311 size-full\" src=\"https:\/\/etab.ac-reunion.fr\/lyc-le-verger\/wp-content\/uploads\/sites\/32\/2015\/05\/PDF.png\" alt=\"PDF\" width=\"128\" height=\"128\" srcset=\"https:\/\/etab.ac-reunion.fr\/lyc-le-verger\/wp-content\/uploads\/sites\/32\/2015\/05\/PDF.png 128w, https:\/\/etab.ac-reunion.fr\/lyc-le-verger\/wp-content\/uploads\/sites\/32\/2015\/05\/PDF-67x67.png 67w, https:\/\/etab.ac-reunion.fr\/lyc-le-verger\/wp-content\/uploads\/sites\/32\/2015\/05\/PDF-40x40.png 40w\" sizes=\"auto, (max-width: 128px) 100vw, 128px\" \/><\/a><\/td>\n<td>\u00a0<\/td>\n<\/tr>\n<tr>\n<td>\n<p style=\"text-align: center\">TRANSPORT A\u00c9RIEN R\u00c8GLEMENT CONSULTATION<\/p>\n<p style=\"text-align: center\">Allemagne Avril-mai 2020 et<\/p>\n<p style=\"text-align: center\">Angleterre Octobre 2020<\/p>\n<\/td>\n<td>\u00a0<\/td>\n<\/tr>\n<tr>\n<td>\u00a0<\/td>\n<td>\u00a0<\/td>\n<\/tr>\n<tr>\n<td>\u00a0<\/td>\n<td>\u00a0<\/td>\n<\/tr>\n<\/tbody>\n<\/table><\/div>\n\t\t\t\t<\/div>\n<!-- AddThis Advanced Settings generic via filter on the_content --><!-- AddThis Share Buttons generic via filter on the_content -->","protected":false},"excerpt":{"rendered":"<p><!-- AddThis Advanced Settings generic via filter on get_the_excerpt --><!-- AddThis Share Buttons generic via filter on get_the_excerpt --><\/p>\n","protected":false},"author":157,"featured_media":767,"parent":40,"menu_order":0,"comment_status":"closed","ping_status":"closed","template":"","meta":{"footnotes":"","_links_to":"","_links_to_target":""},"class_list":["post-213","page","type-page","status-publish","has-post-thumbnail","hentry"],"_links":{"self":[{"href":"https:\/\/etab.ac-reunion.fr\/lyc-le-verger\/wp-json\/wp\/v2\/pages\/213","targetHints":{"allow":["GET"]}}],"collection":[{"href":"https:\/\/etab.ac-reunion.fr\/lyc-le-verger\/wp-json\/wp\/v2\/pages"}],"about":[{"href":"https:\/\/etab.ac-reunion.fr\/lyc-le-verger\/wp-json\/wp\/v2\/types\/page"}],"author":[{"embeddable":true,"href":"https:\/\/etab.ac-reunion.fr\/lyc-le-verger\/wp-json\/wp\/v2\/users\/157"}],"replies":[{"embeddable":true,"href":"https:\/\/etab.ac-reunion.fr\/lyc-le-verger\/wp-json\/wp\/v2\/comments?post=213"}],"version-history":[{"count":76,"href":"https:\/\/etab.ac-reunion.fr\/lyc-le-verger\/wp-json\/wp\/v2\/pages\/213\/revisions"}],"predecessor-version":[{"id":4539,"href":"https:\/\/etab.ac-reunion.fr\/lyc-le-verger\/wp-json\/wp\/v2\/pages\/213\/revisions\/4539"}],"up":[{"embeddable":true,"href":"https:\/\/etab.ac-reunion.fr\/lyc-le-verger\/wp-json\/wp\/v2\/pages\/40"}],"wp:featuredmedia":[{"embeddable":true,"href":"https:\/\/etab.ac-reunion.fr\/lyc-le-verger\/wp-json\/wp\/v2\/media\/767"}],"wp:attachment":[{"href":"https:\/\/etab.ac-reunion.fr\/lyc-le-verger\/wp-json\/wp\/v2\/media?parent=213"}],"curies":[{"name":"wp","href":"https:\/\/api.w.org\/{rel}","templated":true}]}}