{"id":216,"date":"2021-09-01T23:59:00","date_gmt":"2021-09-01T19:59:00","guid":{"rendered":"http:\/\/lycee-leverger.ac-reunion.fr\/?page_id=216"},"modified":"2023-09-08T17:06:54","modified_gmt":"2023-09-08T13:06:54","slug":"bourses","status":"publish","type":"page","link":"https:\/\/etab.ac-reunion.fr\/lyc-le-verger\/parents\/bourses\/","title":{"rendered":"Bourses"},"content":{"rendered":"<\/p>\n<p>Les informations sur les aides financi\u00e8res au lyc\u00e9e sont<a href=\"http:\/\/www.education.gouv.fr\/cid151\/aides-financieres-au-lycee.html\" target=\"_blank\" rel=\"noopener noreferrer\"> disponibles <\/a>.<\/p>\n<p>Sur cette page vous trouverez:<\/p>\n<p>&#8211; les simulateurs de bourse en lyc\u00e9e et en coll\u00e8ge,<\/p>\n<p>&#8211; les formulaires CERFA de demande de bourse avec la g\u00e9n\u00e9ration d&rsquo;un fichier .PDF.<\/p>\n\n\n<figure class=\"wp-block-image size-large\"><a href=\"https:\/\/calculateur-bourses.education.gouv.fr\/cabs\/api\/v1\/lycee\/simulateur.html\" target=\"_blank\" rel=\"noopener noreferrer\"><img loading=\"lazy\" decoding=\"async\" width=\"740\" height=\"110\" src=\"https:\/\/etab.ac-reunion.fr\/lyc-le-verger\/wp-content\/uploads\/sites\/32\/2015\/02\/bourse_simulateur_lycee.jpg\" alt=\"\" class=\"wp-image-1254\" srcset=\"https:\/\/etab.ac-reunion.fr\/lyc-le-verger\/wp-content\/uploads\/sites\/32\/2015\/02\/bourse_simulateur_lycee.jpg 740w, https:\/\/etab.ac-reunion.fr\/lyc-le-verger\/wp-content\/uploads\/sites\/32\/2015\/02\/bourse_simulateur_lycee-300x45.jpg 300w\" sizes=\"auto, (max-width: 740px) 100vw, 740px\" \/><\/a><\/figure>\n\n\n\n<figure class=\"wp-block-image size-large\"><a href=\"https:\/\/calculateur-bourses.education.gouv.fr\/cabs\/api\/v1\/college\/simulateur.html\" target=\"_blank\" rel=\"noopener noreferrer\"><img loading=\"lazy\" decoding=\"async\" width=\"740\" height=\"110\" src=\"https:\/\/etab.ac-reunion.fr\/lyc-le-verger\/wp-content\/uploads\/sites\/32\/2015\/02\/bourse_simulateur_college.jpg\" alt=\"\" class=\"wp-image-1255\" srcset=\"https:\/\/etab.ac-reunion.fr\/lyc-le-verger\/wp-content\/uploads\/sites\/32\/2015\/02\/bourse_simulateur_college.jpg 740w, https:\/\/etab.ac-reunion.fr\/lyc-le-verger\/wp-content\/uploads\/sites\/32\/2015\/02\/bourse_simulateur_college-300x45.jpg 300w\" sizes=\"auto, (max-width: 740px) 100vw, 740px\" \/><\/a><\/figure>\n\n\n\n<div class=\"wp-block-buttons is-content-justification-center is-layout-flex wp-container-core-buttons-is-layout-16018d1d wp-block-buttons-is-layout-flex\">\n<div class=\"wp-block-button\"><a class=\"wp-block-button__link wp-element-button\" href=\"\" target=\"_blank\" rel=\"noreferrer noopener\">Education.gouv.fr<\/a><\/div>\n<\/div>\n\n\n\n<p>Une campagne de bourse de lyc\u00e9e est ouverte. Pour y acc\u00e9der vous passez par <a rel=\"noreferrer noopener\" href=\"http:\/\/metice.ac-reunion.fr\" target=\"_blank\">http:\/\/metice.ac-reunion.fr<\/a> . Cr\u00e9er votre EDUCONNECT (<a href=\"https:\/\/etab.ac-reunion.fr\/lyc-le-verger\/parents\/metice-parents\/\" target=\"_blank\" rel=\"noreferrer noopener\">en savoir plus sur ces compte<\/a>) puis application T\u00e9l\u00e9service puis voir le tutoriel ci-dessous.<br><\/p>\n\n\n\n<figure class=\"wp-block-image size-full\"><img loading=\"lazy\" decoding=\"async\" width=\"640\" height=\"906\" src=\"https:\/\/etab.ac-reunion.fr\/lyc-le-verger\/wp-content\/uploads\/sites\/32\/2023\/09\/2023_bourse_1.jpg\" alt=\"\" class=\"wp-image-5663\" srcset=\"https:\/\/etab.ac-reunion.fr\/lyc-le-verger\/wp-content\/uploads\/sites\/32\/2023\/09\/2023_bourse_1.jpg 640w, https:\/\/etab.ac-reunion.fr\/lyc-le-verger\/wp-content\/uploads\/sites\/32\/2023\/09\/2023_bourse_1-212x300.jpg 212w\" sizes=\"auto, (max-width: 640px) 100vw, 640px\" \/><\/figure>\n\n\n\n<figure class=\"wp-block-image size-full\"><img loading=\"lazy\" decoding=\"async\" width=\"640\" height=\"892\" src=\"https:\/\/etab.ac-reunion.fr\/lyc-le-verger\/wp-content\/uploads\/sites\/32\/2023\/09\/2023_bourse_2.jpg\" alt=\"\" class=\"wp-image-5664\" srcset=\"https:\/\/etab.ac-reunion.fr\/lyc-le-verger\/wp-content\/uploads\/sites\/32\/2023\/09\/2023_bourse_2.jpg 640w, https:\/\/etab.ac-reunion.fr\/lyc-le-verger\/wp-content\/uploads\/sites\/32\/2023\/09\/2023_bourse_2-215x300.jpg 215w\" sizes=\"auto, (max-width: 640px) 100vw, 640px\" \/><\/figure>\n\n\n\n<div class=\"su-youtube su-u-responsive-media-yes\"><iframe loading=\"lazy\" width=\"600\" height=\"400\" src=\"https:\/\/www.youtube.com\/embed\/90ubLb5u7AA?autohide=2&amp;autoplay=0&amp;mute=0&amp;controls=1&amp;fs=1&amp;loop=0&amp;modestbranding=0&amp;rel=0&amp;showinfo=1&amp;theme=dark&amp;wmode=&amp;playsinline=0\" frameborder=\"0\" allowfullscreen allow=\"autoplay; encrypted-media; picture-in-picture\" title=\"\"><\/iframe><\/div>\n\n\n\n<div class=\"wp-block-buttons is-horizontal is-content-justification-center is-layout-flex wp-container-core-buttons-is-layout-499968f5 wp-block-buttons-is-layout-flex\">\n<div class=\"wp-block-button is-style-fill\"><a class=\"wp-block-button__link has-background wp-element-button\" href=\"https:\/\/media.eduscol.education.fr\/file\/bourses\/61\/8\/Guide_pour_accompagner_les_parents_bourse_lycee_2020_VDEF_1315618.pdf\" style=\"background-color:#bf2087\" target=\"_blank\" rel=\"noreferrer noopener\">Guide d&rsquo;accompagnement des parents<\/a><\/div>\n<\/div>\n\n\n<div class='et-learn-more clearfix'>\n\t\t\t\t\t<h3 class='heading-more'>Demande de bourse nationale lyc\u00e9e<span class='et_learnmore_arrow'><span><\/span><\/span><\/h3>\n\t\t\t\t\t<div class='learn-more-content'><p style=\"text-align: center\"><a href='https:\/\/www.service-public.fr\/simulateur\/calcul\/11319' class='icon-button download-icon' target=\"_blank\">Service-public<span class='et-icon'><\/span><\/a>\n<p style=\"text-align: center\"><a href='https:\/\/www.formulaires.service-public.fr\/gf\/cerfa_11319.do' class='icon-button paper-icon' target=\"_blank\">Demande de bourse lyc\u00e9e<span class='et-icon'><\/span><\/a>\n\n<!-- iframe plugin v.5.2 wordpress.org\/plugins\/iframe\/ -->\n<iframe loading=\"lazy\" src=\"https:\/\/www.formulaires.service-public.fr\/gf\/cerfa_11319.do\" width=\"100%\" height=\"700\" frameborder=\"1\" scrolling=\"yes\" class=\"iframe-class\"><\/iframe><\/div>\n\t\t\t\t<\/div>\n<div class='et-learn-more clearfix'>\n\t\t\t\t\t<h3 class='heading-more'>Demande de bourse d\u00e9partementale<span class='et_learnmore_arrow'><span><\/span><\/span><\/h3>\n\t\t\t\t\t<div class='learn-more-content'><p><img loading=\"lazy\" decoding=\"async\" src=\"https:\/\/etab.ac-reunion.fr\/lyc-le-verger\/wp-content\/uploads\/sites\/32\/2019\/06\/2019_bourse_departementale.jpg\" alt=\"\" width=\"580\" height=\"413\"><\/p>\n<p><img decoding=\"async\" src=\"https:\/\/etab.ac-reunion.fr\/lyc-le-verger\/wp-content\/uploads\/sites\/32\/2019\/06\/2019_bourse_departementale2.jpg\"><\/p><\/div>\n\t\t\t\t<\/div><!-- AddThis Advanced Settings generic via filter on the_content --><!-- AddThis Share Buttons generic via filter on the_content -->","protected":false},"excerpt":{"rendered":"<p>Les informations sur les aides financi\u00e8res au lyc\u00e9e sont disponibles . Sur cette page vous trouverez: &#8211; les simulateurs de bourse en lyc\u00e9e et en coll\u00e8ge, &#8211; les formulaires CERFA de demande de bourse avec la g\u00e9n\u00e9ration d&rsquo;un fichier .PDF. Une campagne de bourse de lyc\u00e9e est ouverte. Pour y &hellip;<!-- AddThis Advanced Settings generic via filter on get_the_excerpt --><!-- AddThis Share Buttons generic via filter on get_the_excerpt --><\/p>\n","protected":false},"author":157,"featured_media":1256,"parent":487,"menu_order":0,"comment_status":"closed","ping_status":"closed","template":"","meta":{"footnotes":"","_links_to":"","_links_to_target":""},"class_list":["post-216","page","type-page","status-publish","has-post-thumbnail","hentry"],"_links":{"self":[{"href":"https:\/\/etab.ac-reunion.fr\/lyc-le-verger\/wp-json\/wp\/v2\/pages\/216","targetHints":{"allow":["GET"]}}],"collection":[{"href":"https:\/\/etab.ac-reunion.fr\/lyc-le-verger\/wp-json\/wp\/v2\/pages"}],"about":[{"href":"https:\/\/etab.ac-reunion.fr\/lyc-le-verger\/wp-json\/wp\/v2\/types\/page"}],"author":[{"embeddable":true,"href":"https:\/\/etab.ac-reunion.fr\/lyc-le-verger\/wp-json\/wp\/v2\/users\/157"}],"replies":[{"embeddable":true,"href":"https:\/\/etab.ac-reunion.fr\/lyc-le-verger\/wp-json\/wp\/v2\/comments?post=216"}],"version-history":[{"count":30,"href":"https:\/\/etab.ac-reunion.fr\/lyc-le-verger\/wp-json\/wp\/v2\/pages\/216\/revisions"}],"predecessor-version":[{"id":5665,"href":"https:\/\/etab.ac-reunion.fr\/lyc-le-verger\/wp-json\/wp\/v2\/pages\/216\/revisions\/5665"}],"up":[{"embeddable":true,"href":"https:\/\/etab.ac-reunion.fr\/lyc-le-verger\/wp-json\/wp\/v2\/pages\/487"}],"wp:featuredmedia":[{"embeddable":true,"href":"https:\/\/etab.ac-reunion.fr\/lyc-le-verger\/wp-json\/wp\/v2\/media\/1256"}],"wp:attachment":[{"href":"https:\/\/etab.ac-reunion.fr\/lyc-le-verger\/wp-json\/wp\/v2\/media?parent=216"}],"curies":[{"name":"wp","href":"https:\/\/api.w.org\/{rel}","templated":true}]}}