{"id":2290,"date":"2017-06-03T17:38:56","date_gmt":"2017-06-03T13:38:56","guid":{"rendered":"http:\/\/lycee-leverger.ac-reunion.fr\/?page_id=2290"},"modified":"2017-06-03T17:46:40","modified_gmt":"2017-06-03T13:46:40","slug":"voyage-a-new-york","status":"publish","type":"page","link":"https:\/\/etab.ac-reunion.fr\/lyc-le-verger\/voyage-a-new-york\/","title":{"rendered":"Voyage \u00e0 New-york"},"content":{"rendered":"<p>&nbsp;<\/p>\n<p>A l&rsquo;origine de cette aventure qui a r\u00e9uni 23 familles de Sainte-Marie, un projet ax\u00e9 sur les programmes d&rsquo;histoire, de g\u00e9ographie et d&rsquo;EMC des classes de Premi\u00e8re et de Terminale L et ES, auquel s&rsquo;est ajout\u00e9 une dimension linguistique<\/p>\n<p>&nbsp;<\/p>\n<p>&nbsp;<\/p>\n<p>&nbsp;<\/p>\n<p>1- Le projet pr\u00e9sent\u00e9 aux \u00e9l\u00e8ves et aux familles<\/p>\n<p>a- un <a href=\"https:\/\/etab.ac-reunion.fr\/lyc-le-verger\/wp-content\/uploads\/sites\/32\/2017\/06\/NY_PJ1_-Projet_pedagogique.pdf\" target=\"_blank\" rel=\"noopener noreferrer\">projet p\u00e9dagogique<\/a> propos\u00e9 au conseil d&rsquo;administration<\/p>\n<p>b- un <a href=\"https:\/\/etab.ac-reunion.fr\/lyc-le-verger\/wp-content\/uploads\/sites\/32\/2017\/06\/NY_PJ2_Projet-_eengagement_culturel_et_citoyen.pdf\" target=\"_blank\" rel=\"noopener noreferrer\">projet d&rsquo;engagement culturel et citoyen <\/a>propos\u00e9 aux parents et aux \u00e9l\u00e8ves<\/p>\n<p>&nbsp;<\/p>\n<p>&nbsp;<\/p>\n<p>2- Le programme sur place<\/p>\n<p>a- <a href=\"https:\/\/etab.ac-reunion.fr\/lyc-le-verger\/wp-content\/uploads\/sites\/32\/2017\/06\/NY_PJ3_Le_programme.pdf\" target=\"_blank\" rel=\"noopener noreferrer\">Un programme charg\u00e9<\/a> !<\/p>\n<p>b- <a href=\"https:\/\/etab.ac-reunion.fr\/lyc-le-verger\/wp-content\/uploads\/sites\/32\/2017\/06\/NY_PJ4_Organisation_pratique_sur_place.pdf\" target=\"_blank\" rel=\"noopener noreferrer\">Organisation et questions pratiques<\/a><\/p>\n<p>&nbsp;<\/p>\n<p>&nbsp;<\/p>\n<p>3- Les travaux r\u00e9alis\u00e9s par les \u00e9l\u00e8ves<\/p>\n<p>a- Des fiches d&rsquo;analyse de type plan d\u00e9taill\u00e9 \/ composition<\/p>\n<p>1) <a href=\"https:\/\/etab.ac-reunion.fr\/lyc-le-verger\/wp-content\/uploads\/sites\/32\/2017\/06\/NY_PJ5_MAHATTAN_Amelie_Quilichini_TL.pdf\" target=\"_blank\" rel=\"noopener noreferrer\">Manhattan<\/a>, vu par Am\u00e9lie Quilichini (TL)<\/p>\n<p>2) <a href=\"https:\/\/etab.ac-reunion.fr\/lyc-le-verger\/wp-content\/uploads\/sites\/32\/2017\/06\/NY_PJ6_BROOKLYN_-Emilie_Chan-Shu-Lam_TL.pdf\" target=\"_blank\" rel=\"noopener noreferrer\">Brooklyn<\/a>, vu par Emilie Chan Shu Lam (TL)<\/p>\n<p>3) <a href=\"https:\/\/etab.ac-reunion.fr\/lyc-le-verger\/wp-content\/uploads\/sites\/32\/2017\/06\/NY_PJ7_LITTLE_ITALY_Emilie_Velia-Riviere_TL.pdf\" target=\"_blank\" rel=\"noopener noreferrer\">Little Italy<\/a>, vu par Emilie Velia-Rivi\u00e8re (TL)<\/p>\n<p>4) <a href=\"https:\/\/etab.ac-reunion.fr\/lyc-le-verger\/wp-content\/uploads\/sites\/32\/2017\/06\/NY_PJ8_BRONX_Darlene_Rubens_TL.pdf\" target=\"_blank\" rel=\"noopener noreferrer\">Le Bronx<\/a>, vu par Darl\u00e8ne Rubens (TL)<\/p>\n<p>5) <a href=\"https:\/\/etab.ac-reunion.fr\/lyc-le-verger\/wp-content\/uploads\/sites\/32\/2017\/06\/NY_PJ9_MOMA_Emma_Amouny_TL.pdf\" target=\"_blank\" rel=\"noopener noreferrer\">Le Moma<\/a>, vu par Emma Amouny (TL)<\/p>\n<p>6) <a href=\"https:\/\/etab.ac-reunion.fr\/lyc-le-verger\/wp-content\/uploads\/sites\/32\/2017\/06\/NY_PJ10_-EMPIRE_STATE_BUILDING_Coralie_Minatchy_TL.pdf\" target=\"_blank\" rel=\"noopener noreferrer\">L&rsquo;Empire State Building<\/a>, vu par Lucie Mourguin-Naguin (TL)<\/p>\n<p>&nbsp;<\/p>\n<p>b- Des expos\u00e9s pour une pr\u00e9sentation en images<\/p>\n<p>1) <a href=\"https:\/\/etab.ac-reunion.fr\/lyc-le-verger\/wp-content\/uploads\/sites\/32\/2017\/06\/NY_PJ11_Expo_MANHATTAN_Amelie.pdf\" target=\"_blank\" rel=\"noopener noreferrer\">Manhattan<\/a>, pr\u00e9sent\u00e9 par Am\u00e9lie Quilichini (TL)<\/p>\n<p>2) <a href=\"https:\/\/etab.ac-reunion.fr\/lyc-le-verger\/wp-content\/uploads\/sites\/32\/2017\/06\/NY_PJ12_Expo_LIBERTY_ISLAND_Lucie_Mourguin_TL.pdf\" target=\"_blank\" rel=\"noopener noreferrer\">Liberty Island<\/a>, pr\u00e9sent\u00e9 par Coralie Minatchy (TL)<\/p>\n<p>3) <a href=\"https:\/\/etab.ac-reunion.fr\/lyc-le-verger\/wp-content\/uploads\/sites\/32\/2017\/06\/NY_PJ13_Expo_HARLEM_Solweig_Tamaya.pdf\" target=\"_blank\" rel=\"noopener noreferrer\">Harlem<\/a>, vu par Solweig Tamaya (1L)<\/p>\n<p>4) <a href=\"https:\/\/etab.ac-reunion.fr\/lyc-le-verger\/wp-content\/uploads\/sites\/32\/2017\/06\/NY_PJ14_-Expo_LITTLE_ITALY.pdf\" target=\"_blank\" rel=\"noopener noreferrer\">Little Italy<\/a>, pr\u00e9sent\u00e9 par Emilie Velia-Rivi\u00e8re (TL)<\/p>\n<p>5) <a href=\"https:\/\/etab.ac-reunion.fr\/lyc-le-verger\/wp-content\/uploads\/sites\/32\/2017\/06\/NY_PJ15_-Expo_BROOKLYN_en_images.pdf\" target=\"_blank\" rel=\"noopener noreferrer\">Brooklyn<\/a>, pr\u00e9sent\u00e9 par Emilie Chan Shu Lam (TL)<\/p>\n<p>6) <a href=\"https:\/\/etab.ac-reunion.fr\/lyc-le-verger\/wp-content\/uploads\/sites\/32\/2017\/06\/NY_PJ16_Expo_CENTRL_PARK_-Maelie_Girard.pdf\" target=\"_blank\" rel=\"noopener noreferrer\">Central Park<\/a>, pr\u00e9sent\u00e9 par Ma\u00eblie Girard (TL)<\/p>\n<p>7) <a href=\"https:\/\/etab.ac-reunion.fr\/lyc-le-verger\/wp-content\/uploads\/sites\/32\/2017\/06\/NY_PJ17_-Expo_Moma_Emma_Amouny.pdf\" target=\"_blank\" rel=\"noopener noreferrer\">Le Moma<\/a>, pr\u00e9sent\u00e9 par Emma Amouny (TL)<\/p>\n<p>8) <a href=\"https:\/\/etab.ac-reunion.fr\/lyc-le-verger\/wp-content\/uploads\/sites\/32\/2017\/06\/NY_PJ18_-Expo_Empire_State_Building.pdf\" target=\"_blank\" rel=\"noopener noreferrer\">L&rsquo;Empire State Building<\/a>, pr\u00e9sent\u00e9 par Lucie Mourguin-Naguin (TL)<\/p>\n<p>9) <a href=\"https:\/\/etab.ac-reunion.fr\/lyc-le-verger\/wp-content\/uploads\/sites\/32\/2017\/06\/NY_PJ19_Expo_La_5eme_Avenue_Matthias_Dassot_TL.pdf\" target=\"_blank\" rel=\"noopener noreferrer\">La 5\u00e8me Avenue<\/a>, pr\u00e9sent\u00e9e par Matthias Dassot (TL)<\/p>\n<p>&nbsp;<\/p>\n<p>&nbsp;<\/p>\n<p>4- Les m\u00e9dias se font l&rsquo;\u00e9cho du p\u00e9riple de nos lyc\u00e9ens<\/p>\n<p>a- Un <a href=\"https:\/\/etab.ac-reunion.fr\/lyc-le-verger\/wp-content\/uploads\/sites\/32\/2017\/06\/NY_PJ20_article_Quotidien_du_20170218.pdf\" target=\"_blank\" rel=\"noopener noreferrer\">article du Quotidien<\/a> le 18 f\u00e9vrier 2017<\/p>\n<p>b- Un reportage d&rsquo;Antenne R\u00e9union diffus\u00e9 le 11 mars 2017<\/p>\n<p style=\"text-align: center\"><div style=\"width:560px\"><div id=\"su_video_player_69e0e3c1464f6\" class=\"su-video jp-video su-video-controls-yes\" data-id=\"su_video_player_69e0e3c1464f6\" data-video=\"https:\/\/etab.ac-reunion.fr\/lyc-le-verger\/wp-content\/uploads\/sites\/32\/2017\/03\/jt_20170311_voyage_new-york__1900.mp4\" data-swf=\"https:\/\/etab.ac-reunion.fr\/lyc-le-verger\/wp-content\/plugins\/shortcodes-ultimate\/vendor\/jplayer\/jplayer.swf\" data-autoplay=\"no\" data-loop=\"no\" data-poster=\"https:\/\/etab.ac-reunion.fr\/lyc-le-verger\/wp-content\/uploads\/sites\/32\/2017\/03\/jt_20170311_voyage_new-york__1900.jpg\"><div id=\"su_video_player_69e0e3c1464f6_player\" class=\"jp-jplayer\" style=\"width:560px;height:340px\"><\/div><div class=\"jp-title\">Reportage d'Antenne R\u00e9union du 11 mars 2017<\/div><div class=\"jp-start jp-play\"><\/div><div class=\"jp-gui\"><div class=\"jp-interface\"><div class=\"jp-progress\"><div class=\"jp-seek-bar\"><div class=\"jp-play-bar\"><\/div><\/div><\/div><div class=\"jp-current-time\"><\/div><div class=\"jp-duration\"><\/div><div class=\"jp-controls-holder\"><span class=\"jp-play\"><\/span><span class=\"jp-pause\"><\/span><span class=\"jp-mute\"><\/span><span class=\"jp-unmute\"><\/span><span class=\"jp-full-screen\"><\/span><span class=\"jp-restore-screen\"><\/span><div class=\"jp-volume-bar\"><div class=\"jp-volume-bar-value\"><\/div><\/div><\/div><\/div><\/div><\/div><\/div>\n<p>c- Une page web d\u00e9di\u00e9e sur le site www.lequotidiendesjeunes.re \u00e0 partir du 16 mars 2017<\/p>\n<p><a href=\"http:\/\/www.lequotidiendesjeunes.re\/les-articles\/les-petits-reporters\/tempete-subway-cours-danglais-eleves-verger-a-ny\/\" target=\"_blank\" rel=\"noopener noreferrer\"><img loading=\"lazy\" decoding=\"async\" class=\"aligncenter wp-image-2312 size-full\" src=\"https:\/\/etab.ac-reunion.fr\/lyc-le-verger\/wp-content\/uploads\/sites\/32\/2017\/06\/NY_PJ21_Capture-_-Quotidien_Jeunes.png\" alt=\"\" width=\"702\" height=\"892\" srcset=\"https:\/\/etab.ac-reunion.fr\/lyc-le-verger\/wp-content\/uploads\/sites\/32\/2017\/06\/NY_PJ21_Capture-_-Quotidien_Jeunes.png 702w, https:\/\/etab.ac-reunion.fr\/lyc-le-verger\/wp-content\/uploads\/sites\/32\/2017\/06\/NY_PJ21_Capture-_-Quotidien_Jeunes-236x300.png 236w\" sizes=\"auto, (max-width: 702px) 100vw, 702px\" \/><\/a><\/p>\n<!-- AddThis Advanced Settings generic via filter on the_content --><!-- AddThis Share Buttons generic via filter on the_content -->","protected":false},"excerpt":{"rendered":"<p>&nbsp; A l&rsquo;origine de cette aventure qui a r\u00e9uni 23 familles de Sainte-Marie, un projet ax\u00e9 sur les programmes d&rsquo;histoire, de g\u00e9ographie et d&rsquo;EMC des classes de Premi\u00e8re et de Terminale L et ES, auquel s&rsquo;est ajout\u00e9 une dimension linguistique &nbsp; &nbsp; &nbsp; 1- Le projet pr\u00e9sent\u00e9 aux \u00e9l\u00e8ves et &hellip;<!-- AddThis Advanced Settings generic via filter on get_the_excerpt --><!-- AddThis Share Buttons generic via filter on get_the_excerpt --><\/p>\n","protected":false},"author":157,"featured_media":2291,"parent":0,"menu_order":0,"comment_status":"closed","ping_status":"closed","template":"","meta":{"footnotes":"","_links_to":"","_links_to_target":""},"class_list":["post-2290","page","type-page","status-publish","has-post-thumbnail","hentry"],"_links":{"self":[{"href":"https:\/\/etab.ac-reunion.fr\/lyc-le-verger\/wp-json\/wp\/v2\/pages\/2290","targetHints":{"allow":["GET"]}}],"collection":[{"href":"https:\/\/etab.ac-reunion.fr\/lyc-le-verger\/wp-json\/wp\/v2\/pages"}],"about":[{"href":"https:\/\/etab.ac-reunion.fr\/lyc-le-verger\/wp-json\/wp\/v2\/types\/page"}],"author":[{"embeddable":true,"href":"https:\/\/etab.ac-reunion.fr\/lyc-le-verger\/wp-json\/wp\/v2\/users\/157"}],"replies":[{"embeddable":true,"href":"https:\/\/etab.ac-reunion.fr\/lyc-le-verger\/wp-json\/wp\/v2\/comments?post=2290"}],"version-history":[{"count":6,"href":"https:\/\/etab.ac-reunion.fr\/lyc-le-verger\/wp-json\/wp\/v2\/pages\/2290\/revisions"}],"predecessor-version":[{"id":2319,"href":"https:\/\/etab.ac-reunion.fr\/lyc-le-verger\/wp-json\/wp\/v2\/pages\/2290\/revisions\/2319"}],"wp:featuredmedia":[{"embeddable":true,"href":"https:\/\/etab.ac-reunion.fr\/lyc-le-verger\/wp-json\/wp\/v2\/media\/2291"}],"wp:attachment":[{"href":"https:\/\/etab.ac-reunion.fr\/lyc-le-verger\/wp-json\/wp\/v2\/media?parent=2290"}],"curies":[{"name":"wp","href":"https:\/\/api.w.org\/{rel}","templated":true}]}}