{"id":2360,"date":"2017-07-07T07:25:40","date_gmt":"2017-07-07T03:25:40","guid":{"rendered":"http:\/\/lycee-leverger.ac-reunion.fr\/?page_id=2360"},"modified":"2017-08-23T21:34:48","modified_gmt":"2017-08-23T17:34:48","slug":"bac-2017-ceremonie","status":"publish","type":"page","link":"https:\/\/etab.ac-reunion.fr\/lyc-le-verger\/parents\/bac-2017-ceremonie\/","title":{"rendered":"Bac 2017: c\u00e9r\u00e9monie"},"content":{"rendered":"<p>Le mercredi 05 juillet ont \u00e9t\u00e9 proclam\u00e9 les r\u00e9sultats de la cuv\u00e9e 2017 du baccalaur\u00e9at.<\/p>\n<p>Le jeudi 07 juillet, au lyc\u00e9e le verger, a eu lieu une c\u00e9r\u00e9monie de remise d&rsquo;attestations et de m\u00e9dailles au titre de l&rsquo;excellence et du m\u00e9rite pour les bacheliers.<\/p>\n<p>&nbsp;<\/p>\n<table>\n<tbody>\n<tr>\n<td><img loading=\"lazy\" decoding=\"async\" class=\"aligncenter size-full wp-image-2393\" src=\"https:\/\/etab.ac-reunion.fr\/lyc-le-verger\/wp-content\/uploads\/sites\/32\/2017\/07\/2017_bac_merite-20.jpg\" alt=\"\" width=\"600\" height=\"600\" srcset=\"https:\/\/etab.ac-reunion.fr\/lyc-le-verger\/wp-content\/uploads\/sites\/32\/2017\/07\/2017_bac_merite-20.jpg 600w, https:\/\/etab.ac-reunion.fr\/lyc-le-verger\/wp-content\/uploads\/sites\/32\/2017\/07\/2017_bac_merite-20-150x150.jpg 150w, https:\/\/etab.ac-reunion.fr\/lyc-le-verger\/wp-content\/uploads\/sites\/32\/2017\/07\/2017_bac_merite-20-300x300.jpg 300w, https:\/\/etab.ac-reunion.fr\/lyc-le-verger\/wp-content\/uploads\/sites\/32\/2017\/07\/2017_bac_merite-20-200x200.jpg 200w, https:\/\/etab.ac-reunion.fr\/lyc-le-verger\/wp-content\/uploads\/sites\/32\/2017\/07\/2017_bac_merite-20-130x130.jpg 130w, https:\/\/etab.ac-reunion.fr\/lyc-le-verger\/wp-content\/uploads\/sites\/32\/2017\/07\/2017_bac_merite-20-67x67.jpg 67w, https:\/\/etab.ac-reunion.fr\/lyc-le-verger\/wp-content\/uploads\/sites\/32\/2017\/07\/2017_bac_merite-20-40x40.jpg 40w, https:\/\/etab.ac-reunion.fr\/lyc-le-verger\/wp-content\/uploads\/sites\/32\/2017\/07\/2017_bac_merite-20-184x184.jpg 184w\" sizes=\"auto, (max-width: 600px) 100vw, 600px\" \/><\/td>\n<td><img loading=\"lazy\" decoding=\"async\" class=\"aligncenter size-full wp-image-2394\" src=\"https:\/\/etab.ac-reunion.fr\/lyc-le-verger\/wp-content\/uploads\/sites\/32\/2017\/07\/2017_bac_merite-21.jpg\" alt=\"\" width=\"600\" height=\"600\" srcset=\"https:\/\/etab.ac-reunion.fr\/lyc-le-verger\/wp-content\/uploads\/sites\/32\/2017\/07\/2017_bac_merite-21.jpg 600w, https:\/\/etab.ac-reunion.fr\/lyc-le-verger\/wp-content\/uploads\/sites\/32\/2017\/07\/2017_bac_merite-21-150x150.jpg 150w, https:\/\/etab.ac-reunion.fr\/lyc-le-verger\/wp-content\/uploads\/sites\/32\/2017\/07\/2017_bac_merite-21-300x300.jpg 300w, https:\/\/etab.ac-reunion.fr\/lyc-le-verger\/wp-content\/uploads\/sites\/32\/2017\/07\/2017_bac_merite-21-200x200.jpg 200w, https:\/\/etab.ac-reunion.fr\/lyc-le-verger\/wp-content\/uploads\/sites\/32\/2017\/07\/2017_bac_merite-21-130x130.jpg 130w, https:\/\/etab.ac-reunion.fr\/lyc-le-verger\/wp-content\/uploads\/sites\/32\/2017\/07\/2017_bac_merite-21-67x67.jpg 67w, https:\/\/etab.ac-reunion.fr\/lyc-le-verger\/wp-content\/uploads\/sites\/32\/2017\/07\/2017_bac_merite-21-40x40.jpg 40w, https:\/\/etab.ac-reunion.fr\/lyc-le-verger\/wp-content\/uploads\/sites\/32\/2017\/07\/2017_bac_merite-21-184x184.jpg 184w\" sizes=\"auto, (max-width: 600px) 100vw, 600px\" \/><\/td>\n<\/tr>\n<\/tbody>\n<\/table>\n<p>Les bacheliers et leurs familles sont venus nombreux.<\/p>\n<p>La c\u00e9r\u00e9monie s&rsquo;est achev\u00e9e par \u00a0\u00bb la marseillaise\u00a0\u00bb.<\/p>\n<div id=\"su_carousel_69d0d80b7e266\" class=\"su-carousel su-carousel-centered su-carousel-pages-no su-carousel-responsive-yes su-lightbox-gallery\" style=\"width:100%\" data-autoplay=\"3000\" data-speed=\"600\" data-mousewheel=\"true\" data-items=\"2\" data-scroll=\"1\"><div class=\"su-carousel-slides\"><div class=\"su-carousel-slide\"><a href=\"https:\/\/etab.ac-reunion.fr\/lyc-le-verger\/wp-content\/uploads\/sites\/32\/2017\/07\/2017_bac_merite-1-.jpeg\" title=\"2017_bac_merite-1\"><img decoding=\"async\" src=\"https:\/\/etab.ac-reunion.fr\/lyc-le-verger\/wp-content\/uploads\/sites\/32\/2017\/07\/2017_bac_merite-1-.jpeg\" alt=\"2017_bac_merite-1\" \/><span class=\"su-carousel-slide-title\">2017_bac_merite-1<\/span><\/a><\/div><div class=\"su-carousel-slide\"><a href=\"https:\/\/etab.ac-reunion.fr\/lyc-le-verger\/wp-content\/uploads\/sites\/32\/2017\/07\/2017_bac_merite-2.jpg\" title=\"2017_bac_merite-2\"><img decoding=\"async\" src=\"https:\/\/etab.ac-reunion.fr\/lyc-le-verger\/wp-content\/uploads\/sites\/32\/2017\/07\/2017_bac_merite-2.jpg\" alt=\"2017_bac_merite-2\" \/><span class=\"su-carousel-slide-title\">2017_bac_merite-2<\/span><\/a><\/div><div class=\"su-carousel-slide\"><a href=\"https:\/\/etab.ac-reunion.fr\/lyc-le-verger\/wp-content\/uploads\/sites\/32\/2017\/07\/2017_bac_merite-3.jpeg\" title=\"2017_bac_merite-3\"><img decoding=\"async\" src=\"https:\/\/etab.ac-reunion.fr\/lyc-le-verger\/wp-content\/uploads\/sites\/32\/2017\/07\/2017_bac_merite-3.jpeg\" alt=\"2017_bac_merite-3\" \/><span class=\"su-carousel-slide-title\">2017_bac_merite-3<\/span><\/a><\/div><div class=\"su-carousel-slide\"><a href=\"https:\/\/etab.ac-reunion.fr\/lyc-le-verger\/wp-content\/uploads\/sites\/32\/2017\/07\/2017_bac_merite-4.jpeg\" title=\"2017_bac_merite-4\"><img decoding=\"async\" src=\"https:\/\/etab.ac-reunion.fr\/lyc-le-verger\/wp-content\/uploads\/sites\/32\/2017\/07\/2017_bac_merite-4.jpeg\" alt=\"2017_bac_merite-4\" \/><span class=\"su-carousel-slide-title\">2017_bac_merite-4<\/span><\/a><\/div><div class=\"su-carousel-slide\"><a href=\"https:\/\/etab.ac-reunion.fr\/lyc-le-verger\/wp-content\/uploads\/sites\/32\/2017\/07\/2017_bac_merite-5.jpeg\" title=\"2017_bac_merite-5\"><img decoding=\"async\" src=\"https:\/\/etab.ac-reunion.fr\/lyc-le-verger\/wp-content\/uploads\/sites\/32\/2017\/07\/2017_bac_merite-5.jpeg\" alt=\"2017_bac_merite-5\" \/><span class=\"su-carousel-slide-title\">2017_bac_merite-5<\/span><\/a><\/div><div class=\"su-carousel-slide\"><a href=\"https:\/\/etab.ac-reunion.fr\/lyc-le-verger\/wp-content\/uploads\/sites\/32\/2017\/07\/2017_bac_merite-7.jpeg\" title=\"2017_bac_merite-7\"><img decoding=\"async\" src=\"https:\/\/etab.ac-reunion.fr\/lyc-le-verger\/wp-content\/uploads\/sites\/32\/2017\/07\/2017_bac_merite-7.jpeg\" alt=\"2017_bac_merite-7\" \/><span class=\"su-carousel-slide-title\">2017_bac_merite-7<\/span><\/a><\/div><div class=\"su-carousel-slide\"><a href=\"https:\/\/etab.ac-reunion.fr\/lyc-le-verger\/wp-content\/uploads\/sites\/32\/2017\/07\/2017_bac_merite-8.jpeg\" title=\"2017_bac_merite-8\"><img decoding=\"async\" src=\"https:\/\/etab.ac-reunion.fr\/lyc-le-verger\/wp-content\/uploads\/sites\/32\/2017\/07\/2017_bac_merite-8.jpeg\" alt=\"2017_bac_merite-8\" \/><span class=\"su-carousel-slide-title\">2017_bac_merite-8<\/span><\/a><\/div><div class=\"su-carousel-slide\"><a href=\"https:\/\/etab.ac-reunion.fr\/lyc-le-verger\/wp-content\/uploads\/sites\/32\/2017\/07\/2017_bac_merite-10.jpeg\" title=\"2017_bac_merite-10\"><img decoding=\"async\" src=\"https:\/\/etab.ac-reunion.fr\/lyc-le-verger\/wp-content\/uploads\/sites\/32\/2017\/07\/2017_bac_merite-10.jpeg\" alt=\"2017_bac_merite-10\" \/><span class=\"su-carousel-slide-title\">2017_bac_merite-10<\/span><\/a><\/div><div class=\"su-carousel-slide\"><a href=\"https:\/\/etab.ac-reunion.fr\/lyc-le-verger\/wp-content\/uploads\/sites\/32\/2017\/07\/2017_bac_merite-16.jpeg\" title=\"2017_bac_merite-16\"><img decoding=\"async\" src=\"https:\/\/etab.ac-reunion.fr\/lyc-le-verger\/wp-content\/uploads\/sites\/32\/2017\/07\/2017_bac_merite-16.jpeg\" alt=\"2017_bac_merite-16\" \/><span class=\"su-carousel-slide-title\">2017_bac_merite-16<\/span><\/a><\/div><div class=\"su-carousel-slide\"><a href=\"https:\/\/etab.ac-reunion.fr\/lyc-le-verger\/wp-content\/uploads\/sites\/32\/2017\/07\/2017_bac_merite-19.jpeg\" title=\"2017_bac_merite-19\"><img decoding=\"async\" src=\"https:\/\/etab.ac-reunion.fr\/lyc-le-verger\/wp-content\/uploads\/sites\/32\/2017\/07\/2017_bac_merite-19.jpeg\" alt=\"2017_bac_merite-19\" \/><span class=\"su-carousel-slide-title\">2017_bac_merite-19<\/span><\/a><\/div><\/div><div class=\"su-carousel-nav\"><div class=\"su-carousel-direction\"><span class=\"su-carousel-prev\"><\/span><span class=\"su-carousel-next\"><\/span><\/div><div class=\"su-carousel-pagination\"><\/div><\/div><\/div>\n<p>&nbsp;<\/p>\n<p>&nbsp;<\/p>\n<p>Vous trouverez ci-dessous les sons de la c\u00e9r\u00e9monie correspondant au moment des images<\/p>\n<table style=\"height: 73px\" width=\"891\">\n<tbody>\n<tr>\n<td><audio class=\"wp-audio-shortcode\" id=\"audio-2360-1\" preload=\"none\" style=\"width: 100%;\" controls=\"controls\"><source type=\"audio\/mpeg\" src=\"https:\/\/etab.ac-reunion.fr\/lyc-le-verger\/wp-content\/uploads\/sites\/32\/2017\/07\/2017_bac_merite-2.mp3?_=1\" \/><a href=\"https:\/\/etab.ac-reunion.fr\/lyc-le-verger\/wp-content\/uploads\/sites\/32\/2017\/07\/2017_bac_merite-2.mp3\">https:\/\/etab.ac-reunion.fr\/lyc-le-verger\/wp-content\/uploads\/sites\/32\/2017\/07\/2017_bac_merite-2.mp3<\/a><\/audio>\n<p><img loading=\"lazy\" decoding=\"async\" class=\"aligncenter size-full wp-image-2362\" src=\"https:\/\/etab.ac-reunion.fr\/lyc-le-verger\/wp-content\/uploads\/sites\/32\/2017\/07\/2017_bac_merite-2.jpg\" alt=\"\" width=\"640\" height=\"480\" srcset=\"https:\/\/etab.ac-reunion.fr\/lyc-le-verger\/wp-content\/uploads\/sites\/32\/2017\/07\/2017_bac_merite-2.jpg 640w, https:\/\/etab.ac-reunion.fr\/lyc-le-verger\/wp-content\/uploads\/sites\/32\/2017\/07\/2017_bac_merite-2-300x225.jpg 300w\" sizes=\"auto, (max-width: 640px) 100vw, 640px\" \/><\/p>\n<p>&nbsp;<\/p>\n<p>&nbsp;<\/td>\n<td><\/td>\n<\/tr>\n<tr>\n<td><audio class=\"wp-audio-shortcode\" id=\"audio-2360-2\" preload=\"none\" style=\"width: 100%;\" controls=\"controls\"><source type=\"audio\/mpeg\" src=\"https:\/\/etab.ac-reunion.fr\/lyc-le-verger\/wp-content\/uploads\/sites\/32\/2017\/07\/2017_bac_merite-4.mp3?_=2\" \/><a href=\"https:\/\/etab.ac-reunion.fr\/lyc-le-verger\/wp-content\/uploads\/sites\/32\/2017\/07\/2017_bac_merite-4.mp3\">https:\/\/etab.ac-reunion.fr\/lyc-le-verger\/wp-content\/uploads\/sites\/32\/2017\/07\/2017_bac_merite-4.mp3<\/a><\/audio>\n<p><img loading=\"lazy\" decoding=\"async\" class=\"aligncenter wp-image-2364 size-full\" src=\"https:\/\/etab.ac-reunion.fr\/lyc-le-verger\/wp-content\/uploads\/sites\/32\/2017\/07\/2017_bac_merite-4.jpeg\" alt=\"\" width=\"640\" height=\"480\" srcset=\"https:\/\/etab.ac-reunion.fr\/lyc-le-verger\/wp-content\/uploads\/sites\/32\/2017\/07\/2017_bac_merite-4.jpeg 640w, https:\/\/etab.ac-reunion.fr\/lyc-le-verger\/wp-content\/uploads\/sites\/32\/2017\/07\/2017_bac_merite-4-300x225.jpeg 300w\" sizes=\"auto, (max-width: 640px) 100vw, 640px\" \/><\/p>\n<p>&nbsp;<\/p>\n<p>&nbsp;<\/td>\n<td><\/td>\n<\/tr>\n<tr>\n<td><audio class=\"wp-audio-shortcode\" id=\"audio-2360-3\" preload=\"none\" style=\"width: 100%;\" controls=\"controls\"><source type=\"audio\/mpeg\" src=\"https:\/\/etab.ac-reunion.fr\/lyc-le-verger\/wp-content\/uploads\/sites\/32\/2017\/07\/2017_bac_merite-8.mp3?_=3\" \/><a href=\"https:\/\/etab.ac-reunion.fr\/lyc-le-verger\/wp-content\/uploads\/sites\/32\/2017\/07\/2017_bac_merite-8.mp3\">https:\/\/etab.ac-reunion.fr\/lyc-le-verger\/wp-content\/uploads\/sites\/32\/2017\/07\/2017_bac_merite-8.mp3<\/a><\/audio>\n<p><img loading=\"lazy\" decoding=\"async\" class=\"aligncenter wp-image-2367 size-full\" src=\"https:\/\/etab.ac-reunion.fr\/lyc-le-verger\/wp-content\/uploads\/sites\/32\/2017\/07\/2017_bac_merite-8.jpeg\" alt=\"\" width=\"640\" height=\"480\" srcset=\"https:\/\/etab.ac-reunion.fr\/lyc-le-verger\/wp-content\/uploads\/sites\/32\/2017\/07\/2017_bac_merite-8.jpeg 640w, https:\/\/etab.ac-reunion.fr\/lyc-le-verger\/wp-content\/uploads\/sites\/32\/2017\/07\/2017_bac_merite-8-300x225.jpeg 300w\" sizes=\"auto, (max-width: 640px) 100vw, 640px\" \/><\/td>\n<td><\/td>\n<\/tr>\n<\/tbody>\n<\/table>\n<!-- AddThis Advanced Settings generic via filter on the_content --><!-- AddThis Share Buttons generic via filter on the_content -->","protected":false},"excerpt":{"rendered":"<p>Le mercredi 05 juillet ont \u00e9t\u00e9 proclam\u00e9 les r\u00e9sultats de la cuv\u00e9e 2017 du baccalaur\u00e9at. Le jeudi 07 juillet, au lyc\u00e9e le verger, a eu lieu une c\u00e9r\u00e9monie de remise d&rsquo;attestations et de m\u00e9dailles au titre de l&rsquo;excellence et du m\u00e9rite pour les bacheliers. &nbsp; Les bacheliers et leurs familles &hellip;<!-- AddThis Advanced Settings generic via filter on get_the_excerpt --><!-- AddThis Share Buttons generic via filter on get_the_excerpt --><\/p>\n","protected":false},"author":157,"featured_media":2391,"parent":487,"menu_order":0,"comment_status":"closed","ping_status":"closed","template":"","meta":{"footnotes":"","_links_to":"","_links_to_target":""},"class_list":["post-2360","page","type-page","status-publish","has-post-thumbnail","hentry"],"_links":{"self":[{"href":"https:\/\/etab.ac-reunion.fr\/lyc-le-verger\/wp-json\/wp\/v2\/pages\/2360","targetHints":{"allow":["GET"]}}],"collection":[{"href":"https:\/\/etab.ac-reunion.fr\/lyc-le-verger\/wp-json\/wp\/v2\/pages"}],"about":[{"href":"https:\/\/etab.ac-reunion.fr\/lyc-le-verger\/wp-json\/wp\/v2\/types\/page"}],"author":[{"embeddable":true,"href":"https:\/\/etab.ac-reunion.fr\/lyc-le-verger\/wp-json\/wp\/v2\/users\/157"}],"replies":[{"embeddable":true,"href":"https:\/\/etab.ac-reunion.fr\/lyc-le-verger\/wp-json\/wp\/v2\/comments?post=2360"}],"version-history":[{"count":12,"href":"https:\/\/etab.ac-reunion.fr\/lyc-le-verger\/wp-json\/wp\/v2\/pages\/2360\/revisions"}],"predecessor-version":[{"id":2381,"href":"https:\/\/etab.ac-reunion.fr\/lyc-le-verger\/wp-json\/wp\/v2\/pages\/2360\/revisions\/2381"}],"up":[{"embeddable":true,"href":"https:\/\/etab.ac-reunion.fr\/lyc-le-verger\/wp-json\/wp\/v2\/pages\/487"}],"wp:featuredmedia":[{"embeddable":true,"href":"https:\/\/etab.ac-reunion.fr\/lyc-le-verger\/wp-json\/wp\/v2\/media\/2391"}],"wp:attachment":[{"href":"https:\/\/etab.ac-reunion.fr\/lyc-le-verger\/wp-json\/wp\/v2\/media?parent=2360"}],"curies":[{"name":"wp","href":"https:\/\/api.w.org\/{rel}","templated":true}]}}