{"id":3008,"date":"2018-07-09T20:45:29","date_gmt":"2018-07-09T16:45:29","guid":{"rendered":"http:\/\/lycee-leverger.ac-reunion.fr\/?page_id=3008"},"modified":"2018-07-09T20:58:38","modified_gmt":"2018-07-09T16:58:38","slug":"bac-2018-ceremonie","status":"publish","type":"page","link":"https:\/\/etab.ac-reunion.fr\/lyc-le-verger\/parents\/bac-2018-ceremonie\/","title":{"rendered":"Bac 2018: c\u00e9r\u00e9monie"},"content":{"rendered":"<p>Le vendredi 06 juillet ont \u00e9t\u00e9 proclam\u00e9 les r\u00e9sultats de la cuv\u00e9e 2018 du baccalaur\u00e9at. L&rsquo;apr\u00e8s-midi a eu lieu une c\u00e9r\u00e9monie de remise d&rsquo;attestations et de m\u00e9dailles au titre de l&rsquo;excellence et du m\u00e9rite pour les bacheliers.<\/p>\n<p><span style=\"font-size: medium\">Cette ann\u00e9e, 283 candidats ont \u00e9t\u00e9 inscrits pour le baccalaur\u00e9at\u00a0: 90 en s\u00e9rie STMG et 193 pour les s\u00e9ries g\u00e9n\u00e9rales (S, ES et L).<\/span><\/p>\n<p><span style=\"font-size: medium\">A l\u2019issue du 1<sup>er<\/sup> tour, 195 admis\u00a0; soit 68,9\u00a0% des inscrits ont d\u00e9croch\u00e9 leur s\u00e9same (dont 103 \u00e9l\u00e8ves avec mention). <\/span><\/p>\n<p><span style=\"font-size: medium\">Les f\u00e9licitations du jury ont \u00e9t\u00e9 obtenus par\u00a0:<\/span><\/p>\n<p><span style=\"font-size: medium\">&#8211; En s\u00e9rie STMG, MOISSON Marine avec une moyenne de 16 .<\/span><\/p>\n<p><span style=\"font-size: medium\">&#8211; En s\u00e9rie S trois \u00e9l\u00e8ves obtiennent les f\u00e9licitations du jury, dont la meilleure du lyc\u00e9e pour DUBOCS Axelle avec 18,92 de moyenne.<\/span><\/p>\n<p><span style=\"font-size: medium\">&#8211; S\u00e9rie ES, CHEVASSUS Clara et PAYET Cl\u00e9mence obtiennent une m\u00eame moyenne de 17,47.<\/span><\/p>\n<p><a href=\"https:\/\/etab.ac-reunion.fr\/lyc-le-verger\/wp-content\/uploads\/sites\/32\/2016\/07\/2016_bac_merite-5.jpg\"><img loading=\"lazy\" decoding=\"async\" class=\" aligncenter\" src=\"https:\/\/etab.ac-reunion.fr\/lyc-le-verger\/wp-content\/uploads\/sites\/32\/2016\/07\/2016_bac_merite-5.jpg\" alt=\"\" width=\"330\" height=\"220\" \/><\/a><\/p>\n<p><span style=\"font-size: medium\">En pr\u00e9sence des parents et de toute l\u2019\u00e9quipe du lyc\u00e9e (proviseur adjoint, professeurs, CPE, agents&#8230;) la proviseure a proc\u00e9d\u00e9 \u00e0 l\u2019appel de chaque lyc\u00e9en m\u00e9ritant, \u00e0 qui un dipl\u00f4me et une m\u00e9daille ont \u00e9t\u00e9 remis en r\u00e9compense de leur r\u00e9ussite.<\/span><\/p>\n<p>&nbsp;<\/p>\n<p>Les bacheliers et leurs familles sont venus nombreux.<\/p>\n<p>La c\u00e9r\u00e9monie s&rsquo;est achev\u00e9e par \u00a0\u00bb la marseillaise\u00a0\u00bb.<\/p>\n<div id=\"su_carousel_69d03291043e2\" class=\"su-carousel su-carousel-centered su-carousel-pages-no su-carousel-responsive-yes su-lightbox-gallery\" style=\"width:100%\" data-autoplay=\"3000\" data-speed=\"600\" data-mousewheel=\"true\" data-items=\"2\" data-scroll=\"1\"><div class=\"su-carousel-slides\"><div class=\"su-carousel-slide\"><a href=\"https:\/\/etab.ac-reunion.fr\/lyc-le-verger\/wp-content\/uploads\/sites\/32\/2018\/07\/20180706_154359_HDR.jpg\" title=\"20180706_154359_HDR\"><img decoding=\"async\" src=\"https:\/\/etab.ac-reunion.fr\/lyc-le-verger\/wp-content\/uploads\/sites\/32\/2018\/07\/20180706_154359_HDR.jpg\" alt=\"20180706_154359_HDR\" \/><span class=\"su-carousel-slide-title\">20180706_154359_HDR<\/span><\/a><\/div><div class=\"su-carousel-slide\"><a href=\"https:\/\/etab.ac-reunion.fr\/lyc-le-verger\/wp-content\/uploads\/sites\/32\/2018\/07\/20180706_160339_HDR.jpg\" title=\"20180706_160339_HDR\"><img decoding=\"async\" src=\"https:\/\/etab.ac-reunion.fr\/lyc-le-verger\/wp-content\/uploads\/sites\/32\/2018\/07\/20180706_160339_HDR.jpg\" alt=\"20180706_160339_HDR\" \/><span class=\"su-carousel-slide-title\">20180706_160339_HDR<\/span><\/a><\/div><div class=\"su-carousel-slide\"><a href=\"https:\/\/etab.ac-reunion.fr\/lyc-le-verger\/wp-content\/uploads\/sites\/32\/2018\/07\/20180706_160413_HDR.jpg\" title=\"20180706_160413_HDR\"><img decoding=\"async\" src=\"https:\/\/etab.ac-reunion.fr\/lyc-le-verger\/wp-content\/uploads\/sites\/32\/2018\/07\/20180706_160413_HDR.jpg\" alt=\"20180706_160413_HDR\" \/><span class=\"su-carousel-slide-title\">20180706_160413_HDR<\/span><\/a><\/div><div class=\"su-carousel-slide\"><a href=\"https:\/\/etab.ac-reunion.fr\/lyc-le-verger\/wp-content\/uploads\/sites\/32\/2018\/07\/20180706_161320_HDR.jpg\" title=\"20180706_161320_HDR\"><img decoding=\"async\" src=\"https:\/\/etab.ac-reunion.fr\/lyc-le-verger\/wp-content\/uploads\/sites\/32\/2018\/07\/20180706_161320_HDR.jpg\" alt=\"20180706_161320_HDR\" \/><span class=\"su-carousel-slide-title\">20180706_161320_HDR<\/span><\/a><\/div><div class=\"su-carousel-slide\"><a href=\"https:\/\/etab.ac-reunion.fr\/lyc-le-verger\/wp-content\/uploads\/sites\/32\/2018\/07\/20180706_163039_HDR.jpg\" title=\"20180706_163039_HDR\"><img decoding=\"async\" src=\"https:\/\/etab.ac-reunion.fr\/lyc-le-verger\/wp-content\/uploads\/sites\/32\/2018\/07\/20180706_163039_HDR.jpg\" alt=\"20180706_163039_HDR\" \/><span class=\"su-carousel-slide-title\">20180706_163039_HDR<\/span><\/a><\/div><\/div><div class=\"su-carousel-nav\"><div class=\"su-carousel-direction\"><span class=\"su-carousel-prev\"><\/span><span class=\"su-carousel-next\"><\/span><\/div><div class=\"su-carousel-pagination\"><\/div><\/div><\/div>\n<!-- AddThis Advanced Settings generic via filter on the_content --><!-- AddThis Share Buttons generic via filter on the_content -->","protected":false},"excerpt":{"rendered":"<p>Le vendredi 06 juillet ont \u00e9t\u00e9 proclam\u00e9 les r\u00e9sultats de la cuv\u00e9e 2018 du baccalaur\u00e9at. L&rsquo;apr\u00e8s-midi a eu lieu une c\u00e9r\u00e9monie de remise d&rsquo;attestations et de m\u00e9dailles au titre de l&rsquo;excellence et du m\u00e9rite pour les bacheliers. Cette ann\u00e9e, 283 candidats ont \u00e9t\u00e9 inscrits pour le baccalaur\u00e9at\u00a0: 90 en s\u00e9rie &hellip;<!-- AddThis Advanced Settings generic via filter on get_the_excerpt --><!-- AddThis Share Buttons generic via filter on get_the_excerpt --><\/p>\n","protected":false},"author":157,"featured_media":1853,"parent":487,"menu_order":0,"comment_status":"closed","ping_status":"closed","template":"","meta":{"footnotes":"","_links_to":"","_links_to_target":""},"class_list":["post-3008","page","type-page","status-publish","has-post-thumbnail","hentry"],"_links":{"self":[{"href":"https:\/\/etab.ac-reunion.fr\/lyc-le-verger\/wp-json\/wp\/v2\/pages\/3008","targetHints":{"allow":["GET"]}}],"collection":[{"href":"https:\/\/etab.ac-reunion.fr\/lyc-le-verger\/wp-json\/wp\/v2\/pages"}],"about":[{"href":"https:\/\/etab.ac-reunion.fr\/lyc-le-verger\/wp-json\/wp\/v2\/types\/page"}],"author":[{"embeddable":true,"href":"https:\/\/etab.ac-reunion.fr\/lyc-le-verger\/wp-json\/wp\/v2\/users\/157"}],"replies":[{"embeddable":true,"href":"https:\/\/etab.ac-reunion.fr\/lyc-le-verger\/wp-json\/wp\/v2\/comments?post=3008"}],"version-history":[{"count":3,"href":"https:\/\/etab.ac-reunion.fr\/lyc-le-verger\/wp-json\/wp\/v2\/pages\/3008\/revisions"}],"predecessor-version":[{"id":3607,"href":"https:\/\/etab.ac-reunion.fr\/lyc-le-verger\/wp-json\/wp\/v2\/pages\/3008\/revisions\/3607"}],"up":[{"embeddable":true,"href":"https:\/\/etab.ac-reunion.fr\/lyc-le-verger\/wp-json\/wp\/v2\/pages\/487"}],"wp:featuredmedia":[{"embeddable":true,"href":"https:\/\/etab.ac-reunion.fr\/lyc-le-verger\/wp-json\/wp\/v2\/media\/1853"}],"wp:attachment":[{"href":"https:\/\/etab.ac-reunion.fr\/lyc-le-verger\/wp-json\/wp\/v2\/media?parent=3008"}],"curies":[{"name":"wp","href":"https:\/\/api.w.org\/{rel}","templated":true}]}}