{"id":493,"date":"2014-06-07T16:09:09","date_gmt":"2014-06-07T12:09:09","guid":{"rendered":"http:\/\/lycee-leverger.ac-reunion.fr\/?page_id=493"},"modified":"2023-06-30T12:48:32","modified_gmt":"2023-06-30T08:48:32","slug":"inscriptions","status":"publish","type":"page","link":"https:\/\/etab.ac-reunion.fr\/lyc-le-verger\/parents\/inscriptions\/","title":{"rendered":"Inscriptions"},"content":{"rendered":"\n<p><\/p>\n\n\n<p>Sur cette page vous trouverez les documents pour les inscriptions et les r\u00e9inscriptions.<\/p>\n\n\n<figure class=\"wp-block-image size-full\"><img loading=\"lazy\" decoding=\"async\" width=\"756\" height=\"454\" src=\"https:\/\/etab.ac-reunion.fr\/lyc-le-verger\/wp-content\/uploads\/sites\/32\/2023\/06\/2023_ramassage_distribution_manuels.png\" alt=\"\" class=\"wp-image-5636\" srcset=\"https:\/\/etab.ac-reunion.fr\/lyc-le-verger\/wp-content\/uploads\/sites\/32\/2023\/06\/2023_ramassage_distribution_manuels.png 756w, https:\/\/etab.ac-reunion.fr\/lyc-le-verger\/wp-content\/uploads\/sites\/32\/2023\/06\/2023_ramassage_distribution_manuels-300x180.png 300w\" sizes=\"auto, (max-width: 756px) 100vw, 756px\" \/><\/figure>\n\n\n\n<p>Les \u00e9l\u00e8ves de 2<sup>nde<\/sup> qui passent en 1\u00e8res, et les \u00e9l\u00e8ves de 1\u00e8res qui passent en terminales auront un rendez \u00e0 la PEEP pour restituer les manuels de l\u2019ann\u00e9e scolaire 2022-2023<\/p>\n\n\n<p>Cliquer sur les boutons ci-dessous pour ouvrir les fichiers .pdf<\/p>\n<table>\n<tbody>\n<tr>\n<td>\u00a0<\/td>\n<td><a href=\"https:\/\/etab.ac-reunion.fr\/lyc-le-verger\/wp-content\/uploads\/sites\/32\/2023\/06\/Calendrier-des-permanences-dinscription-tous-niveaux-sauf-BTS.pdf\" target=\"_blank\" rel=\"noopener\"><img loading=\"lazy\" decoding=\"async\" class=\"aligncenter wp-image-1311\" src=\"https:\/\/etab.ac-reunion.fr\/lyc-le-verger\/wp-content\/uploads\/sites\/32\/2015\/05\/PDF.png\" alt=\"PDF\" width=\"120\" height=\"120\" srcset=\"https:\/\/etab.ac-reunion.fr\/lyc-le-verger\/wp-content\/uploads\/sites\/32\/2015\/05\/PDF.png 128w, https:\/\/etab.ac-reunion.fr\/lyc-le-verger\/wp-content\/uploads\/sites\/32\/2015\/05\/PDF-67x67.png 67w, https:\/\/etab.ac-reunion.fr\/lyc-le-verger\/wp-content\/uploads\/sites\/32\/2015\/05\/PDF-40x40.png 40w\" sizes=\"auto, (max-width: 120px) 100vw, 120px\" \/><\/a><\/td>\n<td>\u00a0<\/td>\n<\/tr>\n<tr>\n<td style=\"text-align: center\">\u00a0<\/td>\n<td style=\"text-align: center\">Calendrier des inscriptions<\/td>\n<td>\u00a0<\/td>\n<\/tr>\n<tr>\n<td>\u00a0<\/td>\n<td><a href=\"https:\/\/etab.ac-reunion.fr\/lyc-le-verger\/wp-content\/uploads\/sites\/32\/2023\/06\/Consignes-et-liste-des-pieces-a-fournir-tous-niveaux-sauf-BTS-1.pdf\" target=\"_blank\" rel=\"noopener noreferrer\"><img loading=\"lazy\" decoding=\"async\" class=\"aligncenter wp-image-1311\" src=\"https:\/\/etab.ac-reunion.fr\/lyc-le-verger\/wp-content\/uploads\/sites\/32\/2015\/05\/PDF.png\" alt=\"PDF\" width=\"120\" height=\"120\" srcset=\"https:\/\/etab.ac-reunion.fr\/lyc-le-verger\/wp-content\/uploads\/sites\/32\/2015\/05\/PDF.png 128w, https:\/\/etab.ac-reunion.fr\/lyc-le-verger\/wp-content\/uploads\/sites\/32\/2015\/05\/PDF-67x67.png 67w, https:\/\/etab.ac-reunion.fr\/lyc-le-verger\/wp-content\/uploads\/sites\/32\/2015\/05\/PDF-40x40.png 40w\" sizes=\"auto, (max-width: 120px) 100vw, 120px\" \/><\/a><\/td>\n<td>\u00a0<\/td>\n<\/tr>\n<tr>\n<td>\u00a0<\/td>\n<td>Consignes et pi\u00e8ces \u00e0 fournir<\/td>\n<td>\u00a0<\/td>\n<\/tr>\n<tr>\n<td><a href=\"https:\/\/etab.ac-reunion.fr\/lyc-le-verger\/wp-content\/uploads\/sites\/32\/2023\/06\/Fiche-de-renseignements.pdf\" target=\"_blank\" rel=\"noopener\"><img loading=\"lazy\" decoding=\"async\" class=\"aligncenter wp-image-1311\" src=\"https:\/\/etab.ac-reunion.fr\/lyc-le-verger\/wp-content\/uploads\/sites\/32\/2015\/05\/PDF.png\" alt=\"PDF\" width=\"112\" height=\"112\" srcset=\"https:\/\/etab.ac-reunion.fr\/lyc-le-verger\/wp-content\/uploads\/sites\/32\/2015\/05\/PDF.png 128w, https:\/\/etab.ac-reunion.fr\/lyc-le-verger\/wp-content\/uploads\/sites\/32\/2015\/05\/PDF-67x67.png 67w, https:\/\/etab.ac-reunion.fr\/lyc-le-verger\/wp-content\/uploads\/sites\/32\/2015\/05\/PDF-40x40.png 40w\" sizes=\"auto, (max-width: 112px) 100vw, 112px\" \/><\/a><\/td>\n<td><a href=\"https:\/\/etab.ac-reunion.fr\/lyc-le-verger\/wp-content\/uploads\/sites\/32\/2023\/06\/Fiche-intendance-2.pdf\" target=\"_blank\" rel=\"noopener noreferrer\"><img loading=\"lazy\" decoding=\"async\" class=\"aligncenter wp-image-1311\" src=\"https:\/\/etab.ac-reunion.fr\/lyc-le-verger\/wp-content\/uploads\/sites\/32\/2015\/05\/PDF.png\" alt=\"PDF\" width=\"112\" height=\"112\" srcset=\"https:\/\/etab.ac-reunion.fr\/lyc-le-verger\/wp-content\/uploads\/sites\/32\/2015\/05\/PDF.png 128w, https:\/\/etab.ac-reunion.fr\/lyc-le-verger\/wp-content\/uploads\/sites\/32\/2015\/05\/PDF-67x67.png 67w, https:\/\/etab.ac-reunion.fr\/lyc-le-verger\/wp-content\/uploads\/sites\/32\/2015\/05\/PDF-40x40.png 40w\" sizes=\"auto, (max-width: 112px) 100vw, 112px\" \/><\/a><\/td>\n<td><a href=\"https:\/\/etab.ac-reunion.fr\/lyc-le-verger\/wp-content\/uploads\/sites\/32\/2023\/06\/Fiche_Urgence.pdf\" target=\"_blank\" rel=\"noopener noreferrer\"><img loading=\"lazy\" decoding=\"async\" class=\"aligncenter wp-image-1311\" src=\"https:\/\/etab.ac-reunion.fr\/lyc-le-verger\/wp-content\/uploads\/sites\/32\/2015\/05\/PDF.png\" alt=\"PDF\" width=\"120\" height=\"120\" srcset=\"https:\/\/etab.ac-reunion.fr\/lyc-le-verger\/wp-content\/uploads\/sites\/32\/2015\/05\/PDF.png 128w, https:\/\/etab.ac-reunion.fr\/lyc-le-verger\/wp-content\/uploads\/sites\/32\/2015\/05\/PDF-67x67.png 67w, https:\/\/etab.ac-reunion.fr\/lyc-le-verger\/wp-content\/uploads\/sites\/32\/2015\/05\/PDF-40x40.png 40w\" sizes=\"auto, (max-width: 120px) 100vw, 120px\" \/><\/a><\/td>\n<\/tr>\n<tr>\n<td style=\"text-align: center\">Fiche de renseignements<\/td>\n<td style=\"text-align: center\">Fiche intendance<\/td>\n<td style=\"text-align: center\">Fiche urgence<\/td>\n<\/tr>\n<tr>\n<td>\u00a0<\/td>\n<td>\u00a0<\/td>\n<td>\u00a0<\/td>\n<\/tr>\n<\/tbody>\n<\/table>\n<p>\u00a0<\/p>\n\n\n<h2 class=\"wp-block-heading\">Inscriptions des \u00e9l\u00e8ves 2023-24<\/h2>\n\n\n\n<h2 class=\"wp-block-heading\">Inscriptions des \u00e9tudiants en BTS 2023-24<\/h2>\n\n\n<table width=\"502\">\n<tbody>\n<tr>\n<td><a href=\"https:\/\/etab.ac-reunion.fr\/lyc-le-verger\/wp-content\/uploads\/sites\/32\/2023\/06\/Calendrier-des-permanences-dinscription-BTS.pdf\" target=\"_blank\" rel=\"noopener noreferrer\"><img loading=\"lazy\" decoding=\"async\" class=\"aligncenter wp-image-1311 size-full\" src=\"https:\/\/etab.ac-reunion.fr\/lyc-le-verger\/wp-content\/uploads\/sites\/32\/2015\/05\/PDF.png\" alt=\"PDF\" width=\"128\" height=\"128\" srcset=\"https:\/\/etab.ac-reunion.fr\/lyc-le-verger\/wp-content\/uploads\/sites\/32\/2015\/05\/PDF.png 128w, https:\/\/etab.ac-reunion.fr\/lyc-le-verger\/wp-content\/uploads\/sites\/32\/2015\/05\/PDF-67x67.png 67w, https:\/\/etab.ac-reunion.fr\/lyc-le-verger\/wp-content\/uploads\/sites\/32\/2015\/05\/PDF-40x40.png 40w\" sizes=\"auto, (max-width: 128px) 100vw, 128px\" \/><\/a><\/td>\n<td><a href=\"https:\/\/etab.ac-reunion.fr\/lyc-le-verger\/wp-content\/uploads\/sites\/32\/2023\/05\/Dossier-complet-inscription-BTS1-2023-2024.pdf\" target=\"_blank\" rel=\"noopener noreferrer\"><img loading=\"lazy\" decoding=\"async\" class=\"aligncenter wp-image-1311 size-full\" src=\"https:\/\/etab.ac-reunion.fr\/lyc-le-verger\/wp-content\/uploads\/sites\/32\/2015\/05\/PDF.png\" alt=\"PDF\" width=\"128\" height=\"128\" srcset=\"https:\/\/etab.ac-reunion.fr\/lyc-le-verger\/wp-content\/uploads\/sites\/32\/2015\/05\/PDF.png 128w, https:\/\/etab.ac-reunion.fr\/lyc-le-verger\/wp-content\/uploads\/sites\/32\/2015\/05\/PDF-67x67.png 67w, https:\/\/etab.ac-reunion.fr\/lyc-le-verger\/wp-content\/uploads\/sites\/32\/2015\/05\/PDF-40x40.png 40w\" sizes=\"auto, (max-width: 128px) 100vw, 128px\" \/><\/a><\/td>\n<\/tr>\n<tr>\n<td style=\"text-align: center\">Calendrier d&rsquo;inscription<\/td>\n<td style=\"text-align: center\">Dossier d&rsquo;inscription<\/td>\n<\/tr>\n<tr>\n<td>\u00a0<\/td>\n<td style=\"text-align: center\">\u00a0<\/td>\n<\/tr>\n<\/tbody>\n<\/table>\n<p>\u00a0<\/p><!-- AddThis Advanced Settings generic via filter on the_content --><!-- AddThis Share Buttons generic via filter on the_content -->","protected":false},"excerpt":{"rendered":"<p>Sur cette page vous trouverez les documents pour les inscriptions et les r\u00e9inscriptions. Les \u00e9l\u00e8ves de 2nde qui passent en 1\u00e8res, et les \u00e9l\u00e8ves de 1\u00e8res qui passent en terminales auront un rendez \u00e0 la PEEP pour restituer les manuels de l\u2019ann\u00e9e scolaire 2022-2023 Cliquer sur les boutons ci-dessous pour &hellip;<!-- AddThis Advanced Settings generic via filter on get_the_excerpt --><!-- AddThis Share Buttons generic via filter on get_the_excerpt --><\/p>\n","protected":false},"author":157,"featured_media":270,"parent":487,"menu_order":0,"comment_status":"closed","ping_status":"closed","template":"","meta":{"footnotes":"","_links_to":"","_links_to_target":""},"class_list":["post-493","page","type-page","status-publish","has-post-thumbnail","hentry"],"_links":{"self":[{"href":"https:\/\/etab.ac-reunion.fr\/lyc-le-verger\/wp-json\/wp\/v2\/pages\/493","targetHints":{"allow":["GET"]}}],"collection":[{"href":"https:\/\/etab.ac-reunion.fr\/lyc-le-verger\/wp-json\/wp\/v2\/pages"}],"about":[{"href":"https:\/\/etab.ac-reunion.fr\/lyc-le-verger\/wp-json\/wp\/v2\/types\/page"}],"author":[{"embeddable":true,"href":"https:\/\/etab.ac-reunion.fr\/lyc-le-verger\/wp-json\/wp\/v2\/users\/157"}],"replies":[{"embeddable":true,"href":"https:\/\/etab.ac-reunion.fr\/lyc-le-verger\/wp-json\/wp\/v2\/comments?post=493"}],"version-history":[{"count":110,"href":"https:\/\/etab.ac-reunion.fr\/lyc-le-verger\/wp-json\/wp\/v2\/pages\/493\/revisions"}],"predecessor-version":[{"id":5637,"href":"https:\/\/etab.ac-reunion.fr\/lyc-le-verger\/wp-json\/wp\/v2\/pages\/493\/revisions\/5637"}],"up":[{"embeddable":true,"href":"https:\/\/etab.ac-reunion.fr\/lyc-le-verger\/wp-json\/wp\/v2\/pages\/487"}],"wp:featuredmedia":[{"embeddable":true,"href":"https:\/\/etab.ac-reunion.fr\/lyc-le-verger\/wp-json\/wp\/v2\/media\/270"}],"wp:attachment":[{"href":"https:\/\/etab.ac-reunion.fr\/lyc-le-verger\/wp-json\/wp\/v2\/media?parent=493"}],"curies":[{"name":"wp","href":"https:\/\/api.w.org\/{rel}","templated":true}]}}