{"id":4979,"date":"2022-02-07T20:29:25","date_gmt":"2022-02-07T16:29:25","guid":{"rendered":"http:\/\/lycee-leverger.ac-reunion.fr\/?page_id=4979"},"modified":"2022-02-07T20:33:23","modified_gmt":"2022-02-07T16:33:23","slug":"2022-forum-sup-des-formations-tertiaires","status":"publish","type":"page","link":"https:\/\/etab.ac-reunion.fr\/lyc-le-verger\/2022-forum-sup-des-formations-tertiaires\/","title":{"rendered":"2022 Forum sup&rsquo; des formations tertiaires"},"content":{"rendered":"\n<p><strong>Le<\/strong>\u00a0<strong>Forum Sup&rsquo; des Formations du Tertiaire se tiendra le samedi matin 12 f\u00e9vrier 2022 \u00e0 la Cit\u00e9 des M\u00e9tiers \u00e0 Saint-Pierre<\/strong>.<\/p>\n\n\n\n<p>Toutes les formations commerciales, de communication, de gestion, de management, de tourisme, &#8230; se trouvant \u00e0 La R\u00e9union seront repr\u00e9sent\u00e9es.<br><\/p>\n\n\n\n<p>Nous vous encourageons \u00e0 accompagner votre enfant samedi 12 f\u00e9vrier de 8h \u00e0 12h pour vous informer et l&rsquo;aider \u00e0 cheminer dans ses choix. Vous pourrez \u00e9galement solliciter les conseillers au stand Parcoursup.<\/p>\n\n\n\n<p>Pour aider les \u00e9l\u00e8ves \u00e0 pr\u00e9parer leur visite, \u00e0 r\u00e9fl\u00e9chir aux questions qu\u2019ils souhaitent poser aux exposants et \u00e0 d\u00e9couvrir les formations qui les int\u00e9ressent, un\u00a0livret d\u2019accompagnement, un\u00a0plan du site et la liste des exposants sont disponibles en suivant ce lien\u00a0<strong>:\u00a0<a rel=\"noreferrer noopener\" href=\"https:\/\/www.swisstransfer.com\/d\/909af268-4c10-4fa1-83cd-0d4a51b8cef1\" target=\"_blank\"><a rel=\"noreferrer noopener\" href=\"http:\/\/citedesmetiers.re\/autre\/livret_de_visite_2022.pdf\" target=\"_blank\">http:\/\/citedesmetiers.re\/autre\/livret_de_visite_2022.pdf<\/a><\/a><\/strong><\/p>\n\n\n\n<p>Nous vous remercions pour l&rsquo;appui que vous pourrez apporter \u00e0 votre enfant dans cette d\u00e9marche d&rsquo;aide \u00e0 leur orientation.<\/p>\n\n\n\n<div class=\"wp-block-buttons is-content-justification-center is-layout-flex wp-block-buttons-is-layout-flex\">\n<div class=\"wp-block-button is-style-fill\"><a class=\"wp-block-button__link has-vivid-green-cyan-background-color has-background\" href=\"http:\/\/citedesmetiers.re\/\" target=\"_blank\" rel=\"noreferrer noopener\">http:\/\/citedesmetiers.re\/<\/a><\/div>\n<\/div>\n\n\n\n<figure class=\"wp-block-image size-full\"><img loading=\"lazy\" decoding=\"async\" width=\"624\" height=\"197\" src=\"https:\/\/etab.ac-reunion.fr\/lyc-le-verger\/wp-content\/uploads\/sites\/32\/2022\/02\/2022_forum_metier_tertiaire.png\" alt=\"\" class=\"wp-image-4980\" srcset=\"https:\/\/etab.ac-reunion.fr\/lyc-le-verger\/wp-content\/uploads\/sites\/32\/2022\/02\/2022_forum_metier_tertiaire.png 624w, https:\/\/etab.ac-reunion.fr\/lyc-le-verger\/wp-content\/uploads\/sites\/32\/2022\/02\/2022_forum_metier_tertiaire-300x95.png 300w\" sizes=\"auto, (max-width: 624px) 100vw, 624px\" \/><\/figure>\n\n\n\n<p><\/p>\n<!-- AddThis Advanced Settings generic via filter on the_content --><!-- AddThis Share Buttons generic via filter on the_content -->","protected":false},"excerpt":{"rendered":"<p>Le\u00a0Forum Sup&rsquo; des Formations du Tertiaire se tiendra le samedi matin 12 f\u00e9vrier 2022 \u00e0 la Cit\u00e9 des M\u00e9tiers \u00e0 Saint-Pierre. Toutes les formations commerciales, de communication, de gestion, de management, de tourisme, &#8230; se trouvant \u00e0 La R\u00e9union seront repr\u00e9sent\u00e9es. Nous vous encourageons \u00e0 accompagner votre enfant samedi 12 &hellip;<!-- AddThis Advanced Settings generic via filter on get_the_excerpt --><!-- AddThis Share Buttons generic via filter on get_the_excerpt --><\/p>\n","protected":false},"author":157,"featured_media":4980,"parent":0,"menu_order":0,"comment_status":"closed","ping_status":"closed","template":"","meta":{"footnotes":"","_links_to":"","_links_to_target":""},"class_list":["post-4979","page","type-page","status-publish","has-post-thumbnail","hentry"],"_links":{"self":[{"href":"https:\/\/etab.ac-reunion.fr\/lyc-le-verger\/wp-json\/wp\/v2\/pages\/4979","targetHints":{"allow":["GET"]}}],"collection":[{"href":"https:\/\/etab.ac-reunion.fr\/lyc-le-verger\/wp-json\/wp\/v2\/pages"}],"about":[{"href":"https:\/\/etab.ac-reunion.fr\/lyc-le-verger\/wp-json\/wp\/v2\/types\/page"}],"author":[{"embeddable":true,"href":"https:\/\/etab.ac-reunion.fr\/lyc-le-verger\/wp-json\/wp\/v2\/users\/157"}],"replies":[{"embeddable":true,"href":"https:\/\/etab.ac-reunion.fr\/lyc-le-verger\/wp-json\/wp\/v2\/comments?post=4979"}],"version-history":[{"count":5,"href":"https:\/\/etab.ac-reunion.fr\/lyc-le-verger\/wp-json\/wp\/v2\/pages\/4979\/revisions"}],"predecessor-version":[{"id":4988,"href":"https:\/\/etab.ac-reunion.fr\/lyc-le-verger\/wp-json\/wp\/v2\/pages\/4979\/revisions\/4988"}],"wp:featuredmedia":[{"embeddable":true,"href":"https:\/\/etab.ac-reunion.fr\/lyc-le-verger\/wp-json\/wp\/v2\/media\/4980"}],"wp:attachment":[{"href":"https:\/\/etab.ac-reunion.fr\/lyc-le-verger\/wp-json\/wp\/v2\/media?parent=4979"}],"curies":[{"name":"wp","href":"https:\/\/api.w.org\/{rel}","templated":true}]}}