{"id":5065,"date":"2022-03-09T14:39:00","date_gmt":"2022-03-09T10:39:00","guid":{"rendered":"http:\/\/lycee-leverger.ac-reunion.fr\/?page_id=5065"},"modified":"2022-03-09T14:42:40","modified_gmt":"2022-03-09T10:42:40","slug":"cpge-forum","status":"publish","type":"page","link":"https:\/\/etab.ac-reunion.fr\/lyc-le-verger\/orientations\/cpge-forum\/","title":{"rendered":"CPGE Forum"},"content":{"rendered":"\n<figure class=\"wp-block-image size-large\"><img loading=\"lazy\" decoding=\"async\" width=\"1024\" height=\"558\" src=\"https:\/\/etab.ac-reunion.fr\/lyc-le-verger\/wp-content\/uploads\/sites\/32\/2022\/03\/saio-image-forum-cpge-17459_0-1024x558.jpg\" alt=\"\" class=\"wp-image-5066\" srcset=\"https:\/\/etab.ac-reunion.fr\/lyc-le-verger\/wp-content\/uploads\/sites\/32\/2022\/03\/saio-image-forum-cpge-17459_0-1024x558.jpg 1024w, https:\/\/etab.ac-reunion.fr\/lyc-le-verger\/wp-content\/uploads\/sites\/32\/2022\/03\/saio-image-forum-cpge-17459_0-300x163.jpg 300w, https:\/\/etab.ac-reunion.fr\/lyc-le-verger\/wp-content\/uploads\/sites\/32\/2022\/03\/saio-image-forum-cpge-17459_0-768x418.jpg 768w, https:\/\/etab.ac-reunion.fr\/lyc-le-verger\/wp-content\/uploads\/sites\/32\/2022\/03\/saio-image-forum-cpge-17459_0.jpg 1340w\" sizes=\"auto, (max-width: 1024px) 100vw, 1024px\" \/><\/figure>\n\n\n\n<p>Le forum des Classes Pr\u00e9paratoires aux Grandes Ecoles (CPGE) a pour objectif d\u2019aider les \u00e9l\u00e8ves \u00e0 s\u2019informer, explorer, d\u00e9couvrir les formations et au final \u00e0 formuler des choix d\u2019orientation coh\u00e9rents et construits.<\/p>\n\n\n\n<p>Ci dessous une page web qui recense l\u2019ensemble des vid\u00e9os de t\u00e9moignages d\u2019\u00e9l\u00e8ves ou d\u2019anciens \u00e9l\u00e8ves de notre acad\u00e9mie.<\/p>\n\n\n\n<div class=\"wp-block-buttons is-content-justification-center is-layout-flex wp-container-core-buttons-is-layout-16018d1d wp-block-buttons-is-layout-flex\">\n<div class=\"wp-block-button\"><a class=\"wp-block-button__link has-vivid-cyan-blue-background-color has-background\" href=\"https:\/\/www.ac-reunion.fr\/semaine-de-l-orientation-forum-cpge-123641\" target=\"_blank\" rel=\"noreferrer noopener\">Forum CPGE<\/a><\/div>\n<\/div>\n\n\n\n<p><\/p>\n<!-- AddThis Advanced Settings generic via filter on the_content --><!-- AddThis Share Buttons generic via filter on the_content -->","protected":false},"excerpt":{"rendered":"<p>Le forum des Classes Pr\u00e9paratoires aux Grandes Ecoles (CPGE) a pour objectif d\u2019aider les \u00e9l\u00e8ves \u00e0 s\u2019informer, explorer, d\u00e9couvrir les formations et au final \u00e0 formuler des choix d\u2019orientation coh\u00e9rents et construits. Ci dessous une page web qui recense l\u2019ensemble des vid\u00e9os de t\u00e9moignages d\u2019\u00e9l\u00e8ves ou d\u2019anciens \u00e9l\u00e8ves de notre &hellip;<!-- AddThis Advanced Settings generic via filter on get_the_excerpt --><!-- AddThis Share Buttons generic via filter on get_the_excerpt --><\/p>\n","protected":false},"author":157,"featured_media":0,"parent":752,"menu_order":0,"comment_status":"closed","ping_status":"closed","template":"","meta":{"footnotes":"","_links_to":"","_links_to_target":""},"class_list":["post-5065","page","type-page","status-publish","hentry"],"_links":{"self":[{"href":"https:\/\/etab.ac-reunion.fr\/lyc-le-verger\/wp-json\/wp\/v2\/pages\/5065","targetHints":{"allow":["GET"]}}],"collection":[{"href":"https:\/\/etab.ac-reunion.fr\/lyc-le-verger\/wp-json\/wp\/v2\/pages"}],"about":[{"href":"https:\/\/etab.ac-reunion.fr\/lyc-le-verger\/wp-json\/wp\/v2\/types\/page"}],"author":[{"embeddable":true,"href":"https:\/\/etab.ac-reunion.fr\/lyc-le-verger\/wp-json\/wp\/v2\/users\/157"}],"replies":[{"embeddable":true,"href":"https:\/\/etab.ac-reunion.fr\/lyc-le-verger\/wp-json\/wp\/v2\/comments?post=5065"}],"version-history":[{"count":4,"href":"https:\/\/etab.ac-reunion.fr\/lyc-le-verger\/wp-json\/wp\/v2\/pages\/5065\/revisions"}],"predecessor-version":[{"id":5073,"href":"https:\/\/etab.ac-reunion.fr\/lyc-le-verger\/wp-json\/wp\/v2\/pages\/5065\/revisions\/5073"}],"up":[{"embeddable":true,"href":"https:\/\/etab.ac-reunion.fr\/lyc-le-verger\/wp-json\/wp\/v2\/pages\/752"}],"wp:attachment":[{"href":"https:\/\/etab.ac-reunion.fr\/lyc-le-verger\/wp-json\/wp\/v2\/media?parent=5065"}],"curies":[{"name":"wp","href":"https:\/\/api.w.org\/{rel}","templated":true}]}}