{"id":5321,"date":"2022-12-14T06:03:45","date_gmt":"2022-12-14T02:03:45","guid":{"rendered":"https:\/\/etab.ac-reunion.fr\/lyc-le-verger\/?page_id=5321"},"modified":"2022-12-14T06:12:49","modified_gmt":"2022-12-14T02:12:49","slug":"les-etudiants-de-bass2-en-sortie-a-mafate-dans-le-cadre-des-themes-de-culture-generale-invitation-au-voyage-et-dans-ma-maison","status":"publish","type":"page","link":"https:\/\/etab.ac-reunion.fr\/lyc-le-verger\/les-etudiants-de-bass2-en-sortie-a-mafate-dans-le-cadre-des-themes-de-culture-generale-invitation-au-voyage-et-dans-ma-maison\/","title":{"rendered":"\u00ab\u00a0Invitation au voyage\u00a0\u00bb des BASS2"},"content":{"rendered":"\n<p><\/p>\n\n\n\n<p>Les \u00e9tudiants de Bass2, accompagn\u00e9s de leur professeurs d&rsquo;anglais, M. B\u00e8gue, de culture g\u00e9n\u00e9rale, Mme Le Beaudour, ainsi que de M. Aye, CPE du lyc\u00e9e Le verger sont partis explorer le c\u0153ur de l&rsquo;\u00eele. Apr\u00e8s une randonn\u00e9e et un pique-nique dans la plaine des tamarins, les \u00e9tudiants ont pu \u00e0 leur arriv\u00e9e \u00e0 La Nouvelle, profiter d&rsquo;un moment de d\u00e9tente et de partage entre eux et avec des mafatais qu&rsquo;ils ont rencontr\u00e9s.<\/p>\n\n\n\n<p>Le soir, un d\u00eener traditionnel cr\u00e9ole\u00a0\u00bb gratin citrouille\u00a0\u00bb, \u00ab\u00a0carry de poulet\u00a0\u00bb, puis un g\u00e2teau \u00ab\u00a0ti&rsquo;son\u00a0\u00bb servi avec une panacotta au fruit de la passion les attendait au g\u00eete, de quoi les revigorer pour l&rsquo;ascension vers le col des b\u0153ufs pr\u00e9vue le lendemain matin.<\/p>\n\n\n\n<p>Cette sortie fut un v\u00e9ritable moment de convivialit\u00e9 et de partage, une vraie invitation au voyage comme le pr\u00e9conise le Dala\u00ef-lama \u00ab\u00a0Une fois par an, allez quelque part o\u00f9 vous n&rsquo;\u00eates encore jamais all\u00e9\u00a0\u00bb.<\/p>\n\n\n\n<p>Ce s\u00e9jour \u00e0 Mafate corrobore \u00e9galement ce que dit Robert Louis Stevenson, auteur du c\u00e9l\u00e8bre roman \u00ab\u00a0L&rsquo;\u00eele au tr\u00e9sor\u00a0\u00bb : \u00ab\u00a0Je voyage non pour aller quelque part, mais pour marcher. Je voyage pour le plaisir de voyager. L&rsquo;important est de bouger, d&rsquo;\u00e9prouver de plus pr\u00e8s les n\u00e9cessit\u00e9s et les embarras de la vie, de quitter le lit douillet de la civilisation, de sentir sous mes pieds le granit terrestre et les silex \u00e9pars avec leurs coupants.\u00a0\u00bb<\/p>\n\n\n\n<figure class=\"wp-block-gallery has-nested-images columns-default is-cropped wp-block-gallery-1 is-layout-flex wp-block-gallery-is-layout-flex\">\n<figure class=\"wp-block-image size-large\"><a href=\"https:\/\/etab.ac-reunion.fr\/lyc-le-verger\/wp-content\/uploads\/sites\/32\/2022\/12\/IMG_7888.jpg\"><img loading=\"lazy\" decoding=\"async\" width=\"640\" height=\"480\" data-id=\"5310\" src=\"https:\/\/etab.ac-reunion.fr\/lyc-le-verger\/wp-content\/uploads\/sites\/32\/2022\/12\/IMG_7888.jpg\" alt=\"\" class=\"wp-image-5310\" srcset=\"https:\/\/etab.ac-reunion.fr\/lyc-le-verger\/wp-content\/uploads\/sites\/32\/2022\/12\/IMG_7888.jpg 640w, https:\/\/etab.ac-reunion.fr\/lyc-le-verger\/wp-content\/uploads\/sites\/32\/2022\/12\/IMG_7888-300x225.jpg 300w\" sizes=\"auto, (max-width: 640px) 100vw, 640px\" \/><\/a><\/figure>\n\n\n\n<figure class=\"wp-block-image size-large\"><a href=\"https:\/\/etab.ac-reunion.fr\/lyc-le-verger\/wp-content\/uploads\/sites\/32\/2022\/12\/IMG_7916-rotated.jpg\"><img loading=\"lazy\" decoding=\"async\" width=\"480\" height=\"640\" data-id=\"5311\" src=\"https:\/\/etab.ac-reunion.fr\/lyc-le-verger\/wp-content\/uploads\/sites\/32\/2022\/12\/IMG_7916-rotated.jpg\" alt=\"\" class=\"wp-image-5311\" srcset=\"https:\/\/etab.ac-reunion.fr\/lyc-le-verger\/wp-content\/uploads\/sites\/32\/2022\/12\/IMG_7916-rotated.jpg 480w, https:\/\/etab.ac-reunion.fr\/lyc-le-verger\/wp-content\/uploads\/sites\/32\/2022\/12\/IMG_7916-225x300.jpg 225w\" sizes=\"auto, (max-width: 480px) 100vw, 480px\" \/><\/a><\/figure>\n\n\n\n<figure class=\"wp-block-image size-large\"><a href=\"https:\/\/etab.ac-reunion.fr\/lyc-le-verger\/wp-content\/uploads\/sites\/32\/2022\/12\/IMG_7881.jpg\"><img loading=\"lazy\" decoding=\"async\" width=\"640\" height=\"480\" data-id=\"5309\" src=\"https:\/\/etab.ac-reunion.fr\/lyc-le-verger\/wp-content\/uploads\/sites\/32\/2022\/12\/IMG_7881.jpg\" alt=\"\" class=\"wp-image-5309\" srcset=\"https:\/\/etab.ac-reunion.fr\/lyc-le-verger\/wp-content\/uploads\/sites\/32\/2022\/12\/IMG_7881.jpg 640w, https:\/\/etab.ac-reunion.fr\/lyc-le-verger\/wp-content\/uploads\/sites\/32\/2022\/12\/IMG_7881-300x225.jpg 300w\" sizes=\"auto, (max-width: 640px) 100vw, 640px\" \/><\/a><\/figure>\n\n\n\n<figure class=\"wp-block-image size-large\"><a href=\"https:\/\/etab.ac-reunion.fr\/lyc-le-verger\/wp-content\/uploads\/sites\/32\/2022\/12\/IMG_7923.jpg\"><img loading=\"lazy\" decoding=\"async\" width=\"640\" height=\"480\" data-id=\"5312\" src=\"https:\/\/etab.ac-reunion.fr\/lyc-le-verger\/wp-content\/uploads\/sites\/32\/2022\/12\/IMG_7923.jpg\" alt=\"\" class=\"wp-image-5312\" srcset=\"https:\/\/etab.ac-reunion.fr\/lyc-le-verger\/wp-content\/uploads\/sites\/32\/2022\/12\/IMG_7923.jpg 640w, https:\/\/etab.ac-reunion.fr\/lyc-le-verger\/wp-content\/uploads\/sites\/32\/2022\/12\/IMG_7923-300x225.jpg 300w\" sizes=\"auto, (max-width: 640px) 100vw, 640px\" \/><\/a><\/figure>\n\n\n\n<figure class=\"wp-block-image size-large\"><a href=\"https:\/\/etab.ac-reunion.fr\/lyc-le-verger\/wp-content\/uploads\/sites\/32\/2022\/12\/IMG_7874.jpg\"><img loading=\"lazy\" decoding=\"async\" width=\"640\" height=\"480\" data-id=\"5308\" src=\"https:\/\/etab.ac-reunion.fr\/lyc-le-verger\/wp-content\/uploads\/sites\/32\/2022\/12\/IMG_7874.jpg\" alt=\"\" class=\"wp-image-5308\" srcset=\"https:\/\/etab.ac-reunion.fr\/lyc-le-verger\/wp-content\/uploads\/sites\/32\/2022\/12\/IMG_7874.jpg 640w, https:\/\/etab.ac-reunion.fr\/lyc-le-verger\/wp-content\/uploads\/sites\/32\/2022\/12\/IMG_7874-300x225.jpg 300w\" sizes=\"auto, (max-width: 640px) 100vw, 640px\" \/><\/a><\/figure>\n<\/figure>\n<!-- AddThis Advanced Settings generic via filter on the_content --><!-- AddThis Share Buttons generic via filter on the_content -->","protected":false},"excerpt":{"rendered":"<p>Les \u00e9tudiants de Bass2, accompagn\u00e9s de leur professeurs d&rsquo;anglais, M. B\u00e8gue, de culture g\u00e9n\u00e9rale, Mme Le Beaudour, ainsi que de M. Aye, CPE du lyc\u00e9e Le verger sont partis explorer le c\u0153ur de l&rsquo;\u00eele. Apr\u00e8s une randonn\u00e9e et un pique-nique dans la plaine des tamarins, les \u00e9tudiants ont pu \u00e0 &hellip;<!-- AddThis Advanced Settings generic via filter on get_the_excerpt --><!-- AddThis Share Buttons generic via filter on get_the_excerpt --><\/p>\n","protected":false},"author":157,"featured_media":5329,"parent":0,"menu_order":0,"comment_status":"closed","ping_status":"closed","template":"","meta":{"footnotes":"","_links_to":"","_links_to_target":""},"class_list":["post-5321","page","type-page","status-publish","has-post-thumbnail","hentry"],"_links":{"self":[{"href":"https:\/\/etab.ac-reunion.fr\/lyc-le-verger\/wp-json\/wp\/v2\/pages\/5321","targetHints":{"allow":["GET"]}}],"collection":[{"href":"https:\/\/etab.ac-reunion.fr\/lyc-le-verger\/wp-json\/wp\/v2\/pages"}],"about":[{"href":"https:\/\/etab.ac-reunion.fr\/lyc-le-verger\/wp-json\/wp\/v2\/types\/page"}],"author":[{"embeddable":true,"href":"https:\/\/etab.ac-reunion.fr\/lyc-le-verger\/wp-json\/wp\/v2\/users\/157"}],"replies":[{"embeddable":true,"href":"https:\/\/etab.ac-reunion.fr\/lyc-le-verger\/wp-json\/wp\/v2\/comments?post=5321"}],"version-history":[{"count":6,"href":"https:\/\/etab.ac-reunion.fr\/lyc-le-verger\/wp-json\/wp\/v2\/pages\/5321\/revisions"}],"predecessor-version":[{"id":5328,"href":"https:\/\/etab.ac-reunion.fr\/lyc-le-verger\/wp-json\/wp\/v2\/pages\/5321\/revisions\/5328"}],"wp:featuredmedia":[{"embeddable":true,"href":"https:\/\/etab.ac-reunion.fr\/lyc-le-verger\/wp-json\/wp\/v2\/media\/5329"}],"wp:attachment":[{"href":"https:\/\/etab.ac-reunion.fr\/lyc-le-verger\/wp-json\/wp\/v2\/media?parent=5321"}],"curies":[{"name":"wp","href":"https:\/\/api.w.org\/{rel}","templated":true}]}}