{"id":6155,"date":"2025-10-01T11:53:10","date_gmt":"2025-10-01T07:53:10","guid":{"rendered":"https:\/\/etab.ac-reunion.fr\/lyc-le-verger\/?page_id=6155"},"modified":"2025-10-01T11:53:10","modified_gmt":"2025-10-01T07:53:10","slug":"nous-contacter-2","status":"publish","type":"page","link":"https:\/\/etab.ac-reunion.fr\/lyc-le-verger\/nous-contacter-2\/","title":{"rendered":"Demande de publication d&rsquo;un article"},"content":{"rendered":"\n<p>Merci de remplir le formulaire de demande en cliquant sur le lien ci-apr\u00e8s :<\/p>\n\n\n\n<p><em>ATTENTION sur la premi\u00e8re page du formulaire il faut donner le r\u00e9sultat de l&rsquo;op\u00e9ration pour v\u00e9rifier que vous n&rsquo;\u00eates pas un robot puis cocher la case pour accepter la politique de confidentialit\u00e9 et de traitement des donn\u00e9es du formulaire<\/em><\/p>\n\n\n\n<div class=\"wp-block-buttons is-content-justification-center is-layout-flex wp-container-core-buttons-is-layout-16018d1d wp-block-buttons-is-layout-flex\"><\/div>\n\n\n\n<div class=\"wp-block-buttons is-content-justification-center is-layout-flex wp-container-core-buttons-is-layout-16018d1d wp-block-buttons-is-layout-flex\"><\/div>\n\n\n\n<div class=\"wp-block-buttons is-content-justification-center is-layout-flex wp-container-core-buttons-is-layout-16018d1d wp-block-buttons-is-layout-flex\">\n<div class=\"wp-block-button\"><a class=\"wp-block-button__link has-light-green-cyan-to-vivid-green-cyan-gradient-background has-background wp-element-button\" href=\"https:\/\/portail.lyc-leverger.ac-reunion.fr\/limesurvey\/index.php\/589278?lang=fr\" target=\"_blank\" rel=\"noreferrer noopener\">Demande de publication d&rsquo;un article<\/a><\/div>\n<\/div>\n\n\n\n<p><\/p>\n<!-- AddThis Advanced Settings generic via filter on the_content --><!-- AddThis Share Buttons generic via filter on the_content -->","protected":false},"excerpt":{"rendered":"<p>Merci de remplir le formulaire de demande en cliquant sur le lien ci-apr\u00e8s : ATTENTION sur la premi\u00e8re page du formulaire il faut donner le r\u00e9sultat de l&rsquo;op\u00e9ration pour v\u00e9rifier que vous n&rsquo;\u00eates pas un robot puis cocher la case pour accepter la politique de confidentialit\u00e9 et de traitement des &hellip;<!-- AddThis Advanced Settings generic via filter on get_the_excerpt --><!-- AddThis Share Buttons generic via filter on get_the_excerpt --><\/p>\n","protected":false},"author":37495,"featured_media":269,"parent":0,"menu_order":0,"comment_status":"closed","ping_status":"closed","template":"","meta":{"footnotes":"","_links_to":"","_links_to_target":""},"class_list":["post-6155","page","type-page","status-publish","has-post-thumbnail","hentry"],"_links":{"self":[{"href":"https:\/\/etab.ac-reunion.fr\/lyc-le-verger\/wp-json\/wp\/v2\/pages\/6155","targetHints":{"allow":["GET"]}}],"collection":[{"href":"https:\/\/etab.ac-reunion.fr\/lyc-le-verger\/wp-json\/wp\/v2\/pages"}],"about":[{"href":"https:\/\/etab.ac-reunion.fr\/lyc-le-verger\/wp-json\/wp\/v2\/types\/page"}],"author":[{"embeddable":true,"href":"https:\/\/etab.ac-reunion.fr\/lyc-le-verger\/wp-json\/wp\/v2\/users\/37495"}],"replies":[{"embeddable":true,"href":"https:\/\/etab.ac-reunion.fr\/lyc-le-verger\/wp-json\/wp\/v2\/comments?post=6155"}],"version-history":[{"count":1,"href":"https:\/\/etab.ac-reunion.fr\/lyc-le-verger\/wp-json\/wp\/v2\/pages\/6155\/revisions"}],"predecessor-version":[{"id":6156,"href":"https:\/\/etab.ac-reunion.fr\/lyc-le-verger\/wp-json\/wp\/v2\/pages\/6155\/revisions\/6156"}],"wp:featuredmedia":[{"embeddable":true,"href":"https:\/\/etab.ac-reunion.fr\/lyc-le-verger\/wp-json\/wp\/v2\/media\/269"}],"wp:attachment":[{"href":"https:\/\/etab.ac-reunion.fr\/lyc-le-verger\/wp-json\/wp\/v2\/media?parent=6155"}],"curies":[{"name":"wp","href":"https:\/\/api.w.org\/{rel}","templated":true}]}}