{"id":660,"date":"2014-06-24T08:40:08","date_gmt":"2014-06-24T04:40:08","guid":{"rendered":"http:\/\/lycee-leverger.ac-reunion.fr\/?page_id=660"},"modified":"2017-01-30T12:31:42","modified_gmt":"2017-01-30T08:31:42","slug":"admission-post-bac-apb","status":"publish","type":"page","link":"https:\/\/etab.ac-reunion.fr\/lyc-le-verger\/orientations\/admission-post-bac-apb\/","title":{"rendered":"Admission Post-Bac APB"},"content":{"rendered":"<p style=\"text-align: left\">Le guide de Admission Post Bac est <a href='https:\/\/etab.ac-reunion.fr\/lyc-le-verger\/wp-content\/uploads\/sites\/32\/2015\/12\/APB_guide.pdf' class='icon-button paper-icon'>APB\u00a0 Guide<span class='et-icon'><\/span><\/a>\n<p style=\"text-align: left\">Sur cette <a href='http:\/\/www.onisep.fr\/Contenus-editoriaux-sans-arbo\/Procedure-APB\/Admission-post-bac-APB-formuler-ses-vaeux' class='icon-button download-icon' target=\"_blank\">page de l&rsquo;ONISEP<span class='et-icon'><\/span><\/a> vous trouverez de l&rsquo;aide sur comment formuler vos voeux.<\/p>\n<p style=\"text-align: left\">Vous pourrez trouver ci dessous des petites vid\u00e9os r\u00e9alis\u00e9es par le minist\u00e8re sur ce qu\u2019est APB et principalement le moteur de recherche.<\/p>\n<p style=\"text-align: center\"><div class=\"su-dailymotion su-u-responsive-media-yes\"><iframe loading=\"lazy\" width=\"600\" height=\"400\" src=\"\/\/www.dailymotion.com\/embed\/video\/x2fwioc?autoplay=0&amp;background=FFC300&amp;foreground=F7FFFD&amp;highlight=171D1B&amp;logo=1&amp;quality=480&amp;info=1\" frameborder=\"0\" allowfullscreen=\"true\" title=\"\"><\/iframe><\/div>\n<p style=\"text-align: center\"><a href='https:\/\/etab.ac-reunion.fr\/lyc-le-verger\/wp-content\/uploads\/sites\/32\/2015\/03\/apb_parents_2015.pdf' class='icon-button paper-icon'>APB Parents<span class='et-icon'><\/span><\/a>\n<p style=\"text-align: center\">\n<!-- iframe plugin v.5.2 wordpress.org\/plugins\/iframe\/ -->\n<iframe loading=\"lazy\" src=\"https:\/\/etab.ac-reunion.fr\/lyc-le-verger\/wp-content\/uploads\/sites\/32\/2015\/03\/apb_parents_2015.pdf\" width=\"470\" height=\"300\" scrolling=\"auto\" class=\"iframe-class\" frameborder=\"0\"><\/iframe>\n\n<p style=\"text-align: left\">L&rsquo;orientation des \u00e9l\u00e8ves pr\u00e9-baccalaur\u00e9at se r\u00e9alise sur le portail<a href='https:\/\/www.admission-postbac.fr\/' class='icon-button download-icon' target=\"_blank\">Admission post-bac<span class='et-icon'><\/span><\/a>\n<p style=\"text-align: left\">La gestion des \u00e9l\u00e8ves se fait \u00e0 l&rsquo;adresse<a href='https:\/\/gestion.admission-postbac.fr\/GestionPostbac\/authentification' class='icon-button download-icon' target=\"_blank\">Gestion APB<span class='et-icon'><\/span><\/a>\n<p style=\"text-align: left\">Les informations pratiques sont disponible sur le site de l&rsquo;acad\u00e9mie \u00e0 l&rsquo;adresse<a href='https:\/\/www.ac-reunion.fr\/orientation-formation\/sinscrire-dans-un-etablissement\/ladmission-post-baccalaureat.html' class='icon-button download-icon' target=\"_blank\">APB ac-reunion<span class='et-icon'><\/span><\/a>\n<p style=\"text-align: left\">Les guides sont disponibles \u00e0<a href='http:\/\/www.admission-postbac.fr\/index.php?desc=notices%20' class='icon-button download-icon' target=\"_blank\">APB Guides<span class='et-icon'><\/span><\/a>\n<!-- AddThis Advanced Settings generic via filter on the_content --><!-- AddThis Share Buttons generic via filter on the_content -->","protected":false},"excerpt":{"rendered":"<p>Le guide de Admission Post Bac est Sur cette vous trouverez de l&rsquo;aide sur comment formuler vos voeux. Vous pourrez trouver ci dessous des petites vid\u00e9os r\u00e9alis\u00e9es par le minist\u00e8re sur ce qu\u2019est APB et principalement le moteur de recherche. L&rsquo;orientation des \u00e9l\u00e8ves pr\u00e9-baccalaur\u00e9at se r\u00e9alise sur le portail La &hellip;<!-- AddThis Advanced Settings generic via filter on get_the_excerpt --><!-- AddThis Share Buttons generic via filter on get_the_excerpt --><\/p>\n","protected":false},"author":157,"featured_media":1949,"parent":752,"menu_order":0,"comment_status":"closed","ping_status":"closed","template":"","meta":{"footnotes":"","_links_to":"","_links_to_target":""},"class_list":["post-660","page","type-page","status-publish","has-post-thumbnail","hentry"],"_links":{"self":[{"href":"https:\/\/etab.ac-reunion.fr\/lyc-le-verger\/wp-json\/wp\/v2\/pages\/660","targetHints":{"allow":["GET"]}}],"collection":[{"href":"https:\/\/etab.ac-reunion.fr\/lyc-le-verger\/wp-json\/wp\/v2\/pages"}],"about":[{"href":"https:\/\/etab.ac-reunion.fr\/lyc-le-verger\/wp-json\/wp\/v2\/types\/page"}],"author":[{"embeddable":true,"href":"https:\/\/etab.ac-reunion.fr\/lyc-le-verger\/wp-json\/wp\/v2\/users\/157"}],"replies":[{"embeddable":true,"href":"https:\/\/etab.ac-reunion.fr\/lyc-le-verger\/wp-json\/wp\/v2\/comments?post=660"}],"version-history":[{"count":30,"href":"https:\/\/etab.ac-reunion.fr\/lyc-le-verger\/wp-json\/wp\/v2\/pages\/660\/revisions"}],"predecessor-version":[{"id":2058,"href":"https:\/\/etab.ac-reunion.fr\/lyc-le-verger\/wp-json\/wp\/v2\/pages\/660\/revisions\/2058"}],"up":[{"embeddable":true,"href":"https:\/\/etab.ac-reunion.fr\/lyc-le-verger\/wp-json\/wp\/v2\/pages\/752"}],"wp:featuredmedia":[{"embeddable":true,"href":"https:\/\/etab.ac-reunion.fr\/lyc-le-verger\/wp-json\/wp\/v2\/media\/1949"}],"wp:attachment":[{"href":"https:\/\/etab.ac-reunion.fr\/lyc-le-verger\/wp-json\/wp\/v2\/media?parent=660"}],"curies":[{"name":"wp","href":"https:\/\/api.w.org\/{rel}","templated":true}]}}