{"id":760,"date":"2020-02-29T11:08:00","date_gmt":"2020-02-29T07:08:00","guid":{"rendered":"http:\/\/lycee-leverger.ac-reunion.fr\/?page_id=760"},"modified":"2020-02-29T11:11:12","modified_gmt":"2020-02-29T07:11:12","slug":"rencontres-parents-professeurs","status":"publish","type":"page","link":"https:\/\/etab.ac-reunion.fr\/lyc-le-verger\/parents\/rencontres-parents-professeurs\/","title":{"rendered":"Rencontres Parents-Professeurs"},"content":{"rendered":"<p>Pour voir les informations sur les rencontres parents-professeurs vous \u00eates inviter \u00e0 regarder les penses-b\u00eates sous <a href=\"http:\/\/metice.ac-reunion.fr\" target=\"_blank\" rel=\"noopener noreferrer\">http:\/\/metice.ac-reunion.fr<\/a> .<\/p>\n<p style=\"text-align: center\"><span style=\"color: #ff0000\">ATTENTION<\/span>: suite au mesure de suret\u00e9 dans les \u00e9tablissements recevant du public, une <span style=\"color: #ff0000\">pi\u00e8ce d&rsquo;identit\u00e9<\/span> vous sera demand\u00e9 et il pourra \u00eatre proc\u00e9der \u00e0 un contr\u00f4le des sacs. Merci pour votre collaboration.<\/p>\n<!-- AddThis Advanced Settings generic via filter on the_content --><!-- AddThis Share Buttons generic via filter on the_content -->","protected":false},"excerpt":{"rendered":"<p>Pour voir les informations sur les rencontres parents-professeurs vous \u00eates inviter \u00e0 regarder les penses-b\u00eates sous http:\/\/metice.ac-reunion.fr . ATTENTION: suite au mesure de suret\u00e9 dans les \u00e9tablissements recevant du public, une pi\u00e8ce d&rsquo;identit\u00e9 vous sera demand\u00e9 et il pourra \u00eatre proc\u00e9der \u00e0 un contr\u00f4le des sacs. Merci pour votre collaboration.<!-- AddThis Advanced Settings generic via filter on get_the_excerpt --><!-- AddThis Share Buttons generic via filter on get_the_excerpt --><\/p>\n","protected":false},"author":157,"featured_media":766,"parent":487,"menu_order":0,"comment_status":"closed","ping_status":"closed","template":"","meta":{"footnotes":"","_links_to":"","_links_to_target":""},"class_list":["post-760","page","type-page","status-publish","has-post-thumbnail","hentry"],"_links":{"self":[{"href":"https:\/\/etab.ac-reunion.fr\/lyc-le-verger\/wp-json\/wp\/v2\/pages\/760","targetHints":{"allow":["GET"]}}],"collection":[{"href":"https:\/\/etab.ac-reunion.fr\/lyc-le-verger\/wp-json\/wp\/v2\/pages"}],"about":[{"href":"https:\/\/etab.ac-reunion.fr\/lyc-le-verger\/wp-json\/wp\/v2\/types\/page"}],"author":[{"embeddable":true,"href":"https:\/\/etab.ac-reunion.fr\/lyc-le-verger\/wp-json\/wp\/v2\/users\/157"}],"replies":[{"embeddable":true,"href":"https:\/\/etab.ac-reunion.fr\/lyc-le-verger\/wp-json\/wp\/v2\/comments?post=760"}],"version-history":[{"count":68,"href":"https:\/\/etab.ac-reunion.fr\/lyc-le-verger\/wp-json\/wp\/v2\/pages\/760\/revisions"}],"predecessor-version":[{"id":3786,"href":"https:\/\/etab.ac-reunion.fr\/lyc-le-verger\/wp-json\/wp\/v2\/pages\/760\/revisions\/3786"}],"up":[{"embeddable":true,"href":"https:\/\/etab.ac-reunion.fr\/lyc-le-verger\/wp-json\/wp\/v2\/pages\/487"}],"wp:featuredmedia":[{"embeddable":true,"href":"https:\/\/etab.ac-reunion.fr\/lyc-le-verger\/wp-json\/wp\/v2\/media\/766"}],"wp:attachment":[{"href":"https:\/\/etab.ac-reunion.fr\/lyc-le-verger\/wp-json\/wp\/v2\/media?parent=760"}],"curies":[{"name":"wp","href":"https:\/\/api.w.org\/{rel}","templated":true}]}}