{"id":878,"date":"2014-10-20T17:24:48","date_gmt":"2014-10-20T13:24:48","guid":{"rendered":"http:\/\/lycee-leverger.ac-reunion.fr\/?page_id=878"},"modified":"2017-11-13T17:29:55","modified_gmt":"2017-11-13T13:29:55","slug":"bts-remise-diplomes","status":"publish","type":"page","link":"https:\/\/etab.ac-reunion.fr\/lyc-le-verger\/bts-remise-diplomes\/","title":{"rendered":"BTS remise dipl\u00f4mes"},"content":{"rendered":"<div>La remise des dipl\u00f4mes de BTS (Assurances, banque, et NRC) s&rsquo;est d\u00e9roul\u00e9e au parc des expositions de Saint-Denis vendredi 17 octobre 2014<\/div>\n<div><\/div>\n<div><\/div>\n<div><\/div>\n<!-- AddThis Advanced Settings generic via filter on the_content --><!-- AddThis Share Buttons generic via filter on the_content -->","protected":false},"excerpt":{"rendered":"<p>La remise des dipl\u00f4mes de BTS (Assurances, banque, et NRC) s&rsquo;est d\u00e9roul\u00e9e au parc des expositions de Saint-Denis vendredi 17 octobre 2014<!-- AddThis Advanced Settings generic via filter on get_the_excerpt --><!-- AddThis Share Buttons generic via filter on get_the_excerpt --><\/p>\n","protected":false},"author":157,"featured_media":881,"parent":0,"menu_order":0,"comment_status":"closed","ping_status":"closed","template":"","meta":{"footnotes":"","_links_to":"","_links_to_target":""},"class_list":["post-878","page","type-page","status-publish","has-post-thumbnail","hentry"],"_links":{"self":[{"href":"https:\/\/etab.ac-reunion.fr\/lyc-le-verger\/wp-json\/wp\/v2\/pages\/878","targetHints":{"allow":["GET"]}}],"collection":[{"href":"https:\/\/etab.ac-reunion.fr\/lyc-le-verger\/wp-json\/wp\/v2\/pages"}],"about":[{"href":"https:\/\/etab.ac-reunion.fr\/lyc-le-verger\/wp-json\/wp\/v2\/types\/page"}],"author":[{"embeddable":true,"href":"https:\/\/etab.ac-reunion.fr\/lyc-le-verger\/wp-json\/wp\/v2\/users\/157"}],"replies":[{"embeddable":true,"href":"https:\/\/etab.ac-reunion.fr\/lyc-le-verger\/wp-json\/wp\/v2\/comments?post=878"}],"version-history":[{"count":9,"href":"https:\/\/etab.ac-reunion.fr\/lyc-le-verger\/wp-json\/wp\/v2\/pages\/878\/revisions"}],"predecessor-version":[{"id":2523,"href":"https:\/\/etab.ac-reunion.fr\/lyc-le-verger\/wp-json\/wp\/v2\/pages\/878\/revisions\/2523"}],"wp:featuredmedia":[{"embeddable":true,"href":"https:\/\/etab.ac-reunion.fr\/lyc-le-verger\/wp-json\/wp\/v2\/media\/881"}],"wp:attachment":[{"href":"https:\/\/etab.ac-reunion.fr\/lyc-le-verger\/wp-json\/wp\/v2\/media?parent=878"}],"curies":[{"name":"wp","href":"https:\/\/api.w.org\/{rel}","templated":true}]}}