{"id":155,"date":"2014-04-29T17:20:39","date_gmt":"2014-04-29T13:20:39","guid":{"rendered":"http:\/\/lycee-llisle.ac-reunion.fr\/?page_id=155"},"modified":"2014-06-19T13:10:12","modified_gmt":"2014-06-19T09:10:12","slug":"post-bac","status":"publish","type":"page","link":"https:\/\/etab.ac-reunion.fr\/lyc-leconte-de-lisle\/post-bac\/","title":{"rendered":"Post-bac"},"content":{"rendered":"<p>L&rsquo;enseignement sup\u00e9rieur du Lyc\u00e9e est constitu\u00e9 d&rsquo;une section Techniciens Sup\u00e9rieurs menant \u00e0 l&rsquo;obtention d&rsquo;un brevet et une section pr\u00e9paration aux grandes \u00e9coles en passant par les classes pr\u00e9paratoires.<\/p>\n<div class=\"su-row\">\n<div class=\"su-column su-column-size-1-2\"><div class=\"su-column-inner su-u-clearfix su-u-trim\">\n<div class=\"su-column su-column-size-1-2\"><div class=\"su-column-inner su-u-clearfix su-u-trim\"><\/div><\/div><div class='et-box et-shadow'>\n\t\t\t\t\t<div class='et-box-content'>Brevet Technicien Sup\u00e9rieur<\/p>\n<p>&nbsp;<\/p>\n<div class=\"su-list\" style=\"margin-left:0px\">\n<ul>\n<ul>\n<li><i class=\"sui sui-hand-o-right\" style=\"color:#ed35e1\"><\/i> Commerce international (dipl\u00f4me \u00e0 r\u00e9f\u00e9rentiel commun europ\u00e9en)<\/li>\n<\/ul>\n<\/ul>\n<p>&nbsp;<\/p>\n<ul>\n<ul>\n<li><i class=\"sui sui-hand-o-right\" style=\"color:#ed35e1\"><\/i> Communication des entreprises<\/li>\n<\/ul>\n<\/ul>\n<p>&nbsp;<\/p>\n<ul>\n<li><i class=\"sui sui-hand-o-right\" style=\"color:#ed35e1\"><\/i> Management des unit\u00e9s commerciales<\/li>\n<\/ul>\n<\/div>\n<div class=\"su-spacer\" style=\"height:60px\"><\/div>\n<p style=\"text-align: right\"><a href=\"https:\/\/etab.ac-reunion.fr\/lyc-leconte-de-lisle\/post-bac\/bts\/\" class=\"su-button su-button-style-glass\" style=\"color:#feffff;background-color:#fd7cef;border-color:#cb64c0;border-radius:10px\" target=\"_blank\" rel=\"noopener noreferrer\"><span style=\"color:#feffff;padding:5px 14px;font-size:12px;line-height:18px;border-color:#fea4f4;border-radius:10px;text-shadow:1px 1px 0px #000000\"><i class=\"sui sui-sign-in\" style=\"font-size:12px;color:#FFFFFF\"><\/i> En savoir Plus...<\/span><\/a><\/div><\/div>\n<\/div><\/div>\n<div class=\"su-column su-column-size-1-2\"><div class=\"su-column-inner su-u-clearfix su-u-trim\"><div class='et-box et-shadow'>\n\t\t\t\t\t<div class='et-box-content'>Classe Pr\u00e9paratoire aux Grandes \u00c9coles<\/p>\n<div class=\"su-list\" style=\"margin-left:0px\">\n<ul>\n<li><i class=\"sui sui-hand-o-right\" style=\"color:#ed35e1\"><\/i> Lettres (Premi\u00e8re ann\u00e9e)<\/li>\n<li><i class=\"sui sui-hand-o-right\" style=\"color:#ed35e1\"><\/i> Lettres (Premi\u00e8re ann\u00e9e), pr\u00e9paration \u00e0 l&rsquo;option cin\u00e9ma et audiovisuel<\/li>\n<li><i class=\"sui sui-hand-o-right\" style=\"color:#ed35e1\"><\/i> Lettres et Sciences Humaines (2e ann\u00e9e)<\/li>\n<li><i class=\"sui sui-hand-o-right\" style=\"color:#ed35e1\"><\/i> Math\u00e9matiques, Physique (MP), Deuxi\u00e8me ann\u00e9e<\/li>\n<li><i class=\"sui sui-hand-o-right\" style=\"color:#ed35e1\"><\/i> Math\u00e9matiques, Physique et Sciences de l&rsquo;Ing\u00e9nieur (MPSI), Premi\u00e8re ann\u00e9e<\/li>\n<li><i class=\"sui sui-hand-o-right\" style=\"color:#ed35e1\"><\/i> Physique et Sciences de l&rsquo;Ing\u00e9nieur (PSI), Deuxi\u00e8me ann\u00e9e<\/li>\n<li><i class=\"sui sui-hand-o-right\" style=\"color:#ed35e1\"><\/i> Physique, Chimie (PC), Deuxi\u00e8me ann\u00e9e<\/li>\n<li><i class=\"sui sui-hand-o-right\" style=\"color:#ed35e1\"><\/i> Physique, Chimie et Sciences de l&rsquo;Ing\u00e9nieur (PCSI) Premi\u00e8re ann\u00e9e<\/li>\n<\/ul>\n<\/div>\n<p style=\"text-align: right\"><a href=\"https:\/\/etab.ac-reunion.fr\/lyc-leconte-de-lisle\/post-bac\/cpge\/\" class=\"su-button su-button-style-glass\" style=\"color:#feffff;background-color:#fd7cef;border-color:#cb64c0;border-radius:10px\" target=\"_blank\" rel=\"noopener noreferrer\"><span style=\"color:#feffff;padding:5px 14px;font-size:12px;line-height:18px;border-color:#fea4f4;border-radius:10px;text-shadow:1px 1px 0px #000000\"><i class=\"sui sui-sign-in\" style=\"font-size:12px;color:#FFFFFF\"><\/i> En savoir Plus&#8230;<\/span><\/a><\/div><\/div>\n<\/div><\/div>\n<\/div>\n<ul class=\"su-subpages\"><li class=\"page_item page-item-228\"><a href=\"https:\/\/etab.ac-reunion.fr\/lyc-leconte-de-lisle\/post-bac\/bts\/\">BTS<\/a><\/li>\n<li class=\"page_item page-item-4093\"><a href=\"https:\/\/etab.ac-reunion.fr\/lyc-leconte-de-lisle\/post-bac\/4093-2\/\">ERASMUS<\/a><\/li>\n<li class=\"page_item page-item-448 page_item_has_children\"><a href=\"https:\/\/etab.ac-reunion.fr\/lyc-leconte-de-lisle\/post-bac\/cpge\/\">CPGE<\/a>\n<ul class='children'>\n\t<li class=\"page_item page-item-2188\"><a href=\"https:\/\/etab.ac-reunion.fr\/lyc-leconte-de-lisle\/post-bac\/cpge\/enseignement-en-cpge-litteraire\/\">Enseignement en CPGE litt\u00e9raire<\/a><\/li>\n\t<li class=\"page_item page-item-2111\"><a href=\"https:\/\/etab.ac-reunion.fr\/lyc-leconte-de-lisle\/post-bac\/cpge\/temoignages-deleves\/\">T\u00e9moignages d&rsquo;\u00e9l\u00e8ves<\/a><\/li>\n<\/ul>\n<\/li>\n<\/ul>\n<p>&nbsp;<\/p>\n","protected":false},"excerpt":{"rendered":"<p>L&rsquo;enseignement sup\u00e9rieur du Lyc\u00e9e est constitu\u00e9 d&rsquo;une section Techniciens Sup\u00e9rieurs menant \u00e0 l&rsquo;obtention d&rsquo;un brevet et une section pr\u00e9paration aux grandes \u00e9coles en passant par les classes pr\u00e9paratoires. &nbsp;<\/p>\n","protected":false},"author":1197,"featured_media":0,"parent":0,"menu_order":0,"comment_status":"closed","ping_status":"closed","template":"page-full.php","meta":{"_et_pb_use_builder":"","_et_pb_old_content":"","_et_gb_content_width":"","footnotes":""},"class_list":["post-155","page","type-page","status-publish","hentry"],"_links":{"self":[{"href":"https:\/\/etab.ac-reunion.fr\/lyc-leconte-de-lisle\/wp-json\/wp\/v2\/pages\/155","targetHints":{"allow":["GET"]}}],"collection":[{"href":"https:\/\/etab.ac-reunion.fr\/lyc-leconte-de-lisle\/wp-json\/wp\/v2\/pages"}],"about":[{"href":"https:\/\/etab.ac-reunion.fr\/lyc-leconte-de-lisle\/wp-json\/wp\/v2\/types\/page"}],"author":[{"embeddable":true,"href":"https:\/\/etab.ac-reunion.fr\/lyc-leconte-de-lisle\/wp-json\/wp\/v2\/users\/1197"}],"replies":[{"embeddable":true,"href":"https:\/\/etab.ac-reunion.fr\/lyc-leconte-de-lisle\/wp-json\/wp\/v2\/comments?post=155"}],"version-history":[{"count":47,"href":"https:\/\/etab.ac-reunion.fr\/lyc-leconte-de-lisle\/wp-json\/wp\/v2\/pages\/155\/revisions"}],"predecessor-version":[{"id":520,"href":"https:\/\/etab.ac-reunion.fr\/lyc-leconte-de-lisle\/wp-json\/wp\/v2\/pages\/155\/revisions\/520"}],"wp:attachment":[{"href":"https:\/\/etab.ac-reunion.fr\/lyc-leconte-de-lisle\/wp-json\/wp\/v2\/media?parent=155"}],"curies":[{"name":"wp","href":"https:\/\/api.w.org\/{rel}","templated":true}]}}