{"id":228,"date":"2014-05-19T15:00:10","date_gmt":"2014-05-19T11:00:10","guid":{"rendered":"http:\/\/lycee-llisle.ac-reunion.fr\/?page_id=228"},"modified":"2021-09-08T10:41:12","modified_gmt":"2021-09-08T06:41:12","slug":"bts","status":"publish","type":"page","link":"https:\/\/etab.ac-reunion.fr\/lyc-leconte-de-lisle\/post-bac\/bts\/","title":{"rendered":"BTS"},"content":{"rendered":"\n\t\t\t<div class='et-tabs-container et_sliderfx_fade et_sliderauto_true et_sliderauto_speed_5000 et_slidertype_top_tabs'>\n\t\t\t\t<ul class='et-tabs-control'>\n\t\t\t<li><a href='#'>\n\t\t\tCI\n\t\t<\/a><\/li> \n\t\t<li><a href='#'>\n\t\t\tCOM\n\t\t<\/a><\/li> \n\t\t<li><a href='#'>\n\t\t\tMCO\n\t\t<\/a><\/li>\n\t\t<\/ul> \n\t\t<div class='et-tabs-content'>\n\t\t\t<div class='et-tabs-content-main-wrap'>\n\t\t\t\t<div class='et-tabs-content-wrapper'>\n\t\t\t\t\t<div class='et_slidecontent'>\n\t\t\tCommerce International<\/p>\n<p><a title=\"BTSCI\" href=\"https:\/\/etab.ac-reunion.fr\/lyc-leconte-de-lisle\/wp-content\/uploads\/sites\/53\/2014\/07\/BTSCI.pdf\" target=\"_blank\" rel=\"noopener\">Plaquette de Pr\u00e9sentation du BTS CI<\/a><\/p>\n<p><a title=\"BTS-Commerce-international-diplome-a-referentiel-commun-europeen\" href=\"http:\/\/www.onisep.fr\/Ressources\/Univers-Formation\/Formations\/Post-bac\/BTS-Commerce-international-diplome-a-referentiel-commun-europeen\" target=\"_blank\" rel=\"noopener\">Informations Onisep<\/a><\/p>\n<p>Quand les stagiaires deviennent ambassadeurs de la R\u00e9union: <a title=\"lettre-de-la-DAREIC-3-nov-2013\" href=\"https:\/\/etab.ac-reunion.fr\/lyc-leconte-de-lisle\/wp-content\/uploads\/sites\/53\/2014\/07\/lettre-de-la-DAREIC-du-3-nov-2013.pdf\" target=\"_blank\" rel=\"noopener\">lettre de la DAREIC<\/a> de novembre 2013<\/p>\n<div class=\"su-service\"><div class=\"su-service-title\" style=\"padding-left:34px;min-height:20px;line-height:20px\"><i class=\"sui sui-star\" style=\"font-size:20px;color:#e512e7\"><\/i> Le BTS CI show<\/div><div class=\"su-service-content su-u-clearfix su-u-trim\" style=\"padding-left:34px\"><\/div><\/div>\n\n<p>Les \u00e9tudiants pr\u00e9sentent le bilan de leur stage \u00e0 l\u2019entreprise sous forme de spectacle\u00a0devant les \u00e9l\u00e8ves des classes de Terminale STMG, les parents, les financeurs (Rectorat, Conseil R\u00e9gional, LADOM, leurs partenaires (club Export, UBI France).\n\t\t<\/div>\n\n\t\t<div class='et_slidecontent'>\n\t\t\tCommunication<\/p>\n<p><a title=\"BTS COM\" href=\"https:\/\/etab.ac-reunion.fr\/lyc-leconte-de-lisle\/wp-content\/uploads\/sites\/53\/2014\/07\/BTSCOM.pdf\" target=\"_blank\" rel=\"noopener\">Plaquette de pr\u00e9sentation du BTS COM<\/a><\/p>\n<p><a title=\"BTS-Communication\" href=\"http:\/\/www.onisep.fr\/Ressources\/Univers-Formation\/Formations\/Post-bac\/BTS-Communication\" target=\"_blank\" rel=\"noopener\">Informations Onisep<\/a><\/p>\n\t\t<\/div>\n\n\t\t<div class='et_slidecontent'>\n\t\t\tManagement Commercial Op\u00e9rationnel<\/p>\n<p><a title=\"BTS-Management-des-unites-commerciales\" href=\"http:\/\/www.onisep.fr\/Ressources\/Univers-Formation\/Formations\/Post-bac\/BTS-Management-des-unites-commerciales\" target=\"_blank\" rel=\"noopener\">Informations Onisep<\/a><\/p>\n<p><a title=\"BTS MUC\" href=\"https:\/\/etab.ac-reunion.fr\/lyc-leconte-de-lisle\/wp-content\/uploads\/sites\/53\/2014\/07\/BTSMUC.pdf\" target=\"_blank\" rel=\"noopener\">Plaquette de pr\u00e9sentation du BTS MUC<\/a>\n\t\t<\/div>\n\t\t\t\t<\/div>\n\t\t\t<\/div>\n\t\t<\/div>\n\t\t\t<\/div>\n","protected":false},"excerpt":{"rendered":"","protected":false},"author":762,"featured_media":0,"parent":155,"menu_order":0,"comment_status":"open","ping_status":"open","template":"","meta":{"_et_pb_use_builder":"","_et_pb_old_content":"","_et_gb_content_width":"","footnotes":""},"class_list":["post-228","page","type-page","status-publish","hentry"],"_links":{"self":[{"href":"https:\/\/etab.ac-reunion.fr\/lyc-leconte-de-lisle\/wp-json\/wp\/v2\/pages\/228","targetHints":{"allow":["GET"]}}],"collection":[{"href":"https:\/\/etab.ac-reunion.fr\/lyc-leconte-de-lisle\/wp-json\/wp\/v2\/pages"}],"about":[{"href":"https:\/\/etab.ac-reunion.fr\/lyc-leconte-de-lisle\/wp-json\/wp\/v2\/types\/page"}],"author":[{"embeddable":true,"href":"https:\/\/etab.ac-reunion.fr\/lyc-leconte-de-lisle\/wp-json\/wp\/v2\/users\/762"}],"replies":[{"embeddable":true,"href":"https:\/\/etab.ac-reunion.fr\/lyc-leconte-de-lisle\/wp-json\/wp\/v2\/comments?post=228"}],"version-history":[{"count":12,"href":"https:\/\/etab.ac-reunion.fr\/lyc-leconte-de-lisle\/wp-json\/wp\/v2\/pages\/228\/revisions"}],"predecessor-version":[{"id":4791,"href":"https:\/\/etab.ac-reunion.fr\/lyc-leconte-de-lisle\/wp-json\/wp\/v2\/pages\/228\/revisions\/4791"}],"up":[{"embeddable":true,"href":"https:\/\/etab.ac-reunion.fr\/lyc-leconte-de-lisle\/wp-json\/wp\/v2\/pages\/155"}],"wp:attachment":[{"href":"https:\/\/etab.ac-reunion.fr\/lyc-leconte-de-lisle\/wp-json\/wp\/v2\/media?parent=228"}],"curies":[{"name":"wp","href":"https:\/\/api.w.org\/{rel}","templated":true}]}}