{"id":2659,"date":"2018-06-28T18:02:36","date_gmt":"2018-06-28T14:02:36","guid":{"rendered":"http:\/\/lycee-llisle.ac-reunion.fr\/?page_id=2659"},"modified":"2018-06-28T18:03:43","modified_gmt":"2018-06-28T14:03:43","slug":"prunel-donne-la-parole-aux-lyceens","status":"publish","type":"page","link":"https:\/\/etab.ac-reunion.fr\/lyc-leconte-de-lisle\/2018-2019-annee-de-commemorations\/prunel-donne-la-parole-aux-lyceens\/","title":{"rendered":"PRUNEL donne la parole aux lyc\u00e9ens"},"content":{"rendered":"<h1>COMMENT CR\u00c9ER LE BIEN ETRE DANS LE QUARTIER DU LYCEE ?<\/h1>\n<p><strong>52 \u00e9l\u00e8ves du lyc\u00e9e ont particip\u00e9 \u00e0 la r\u00e9flexion sur la r\u00e9novation du quartier du Butor engag\u00e9e par la Mairie de Saint-Denis.<\/strong><\/p>\n<p>Ce projet du nom de PRUNEL, Projet de R\u00e9novation Urbaine du Littoral Nord-Est a permis aux \u00e9l\u00e8ves de s\u2019engager dans des actions innovantes :<\/p>\n<ul>\n<li><strong>R\u00e9alisation d\u2019une enqu\u00eate<\/strong> aupr\u00e8s de 256 lyc\u00e9ens du lyc\u00e9e Geoffroy et Leconte de Lisle avec la collaboration de l\u2019\u00e9quipe PRUNEL.(disponible <a href=\"https:\/\/etab.ac-reunion.fr\/lyc-leconte-de-lisle\/enquete-prunel\/\">ici<\/a>)<\/li>\n<li><strong>R\u00e9alisation d\u2019un film sur la m\u00e9moire du quartier<\/strong> avec l\u2019Association Zargano. (visionnable ci-dessous)<\/li>\n<li><strong>S\u00e9ances de photos<\/strong> avec le photographe Morgane Fache, en r\u00e9sidence \u00e0 la Cit\u00e9 des Arts.<\/li>\n<\/ul>\n<p><a href=\"http:\/\/www.saintdenis.re\/Dionycite-Actu-PRUNEL-au-lyceee-Artiste-Malien-a-l-EMMDAD.html\">Article \u00e0 ce sujet sur le site de la ville de Saint-Denis disponible ici.<\/a><\/p>\n<p>Coordinatrice du projet : Nelly Bussy, professeur au lyc\u00e9e<br \/>\nLeconte de Lisle.<\/p>\n<p>&nbsp;<\/p>\n<div class=\"su-vimeo su-u-responsive-media-yes\"><iframe loading=\"lazy\" width=\"880\" height=\"440\" src=\"\/\/player.vimeo.com\/video\/277406441?title=0&amp;byline=0&amp;portrait=0&amp;color=ffffff&amp;autoplay=0&amp;dnt=0&amp;muted=0&amp;texttrack=\" frameborder=\"0\" allow=\"autoplay; fullscreen\" allowfullscreen title=\"\"><\/iframe><\/div>\n","protected":false},"excerpt":{"rendered":"<p>COMMENT CR\u00c9ER LE BIEN ETRE DANS LE QUARTIER DU LYCEE ? 52 \u00e9l\u00e8ves du lyc\u00e9e ont particip\u00e9 \u00e0 la r\u00e9flexion sur la r\u00e9novation du quartier du Butor engag\u00e9e par la Mairie de Saint-Denis. Ce projet du nom de PRUNEL, Projet de R\u00e9novation Urbaine du Littoral Nord-Est a permis aux \u00e9l\u00e8ves de s\u2019engager dans des actions [&hellip;]<\/p>\n","protected":false},"author":16240,"featured_media":0,"parent":2625,"menu_order":0,"comment_status":"closed","ping_status":"closed","template":"","meta":{"_et_pb_use_builder":"","_et_pb_old_content":"","_et_gb_content_width":"","footnotes":""},"class_list":["post-2659","page","type-page","status-publish","hentry"],"_links":{"self":[{"href":"https:\/\/etab.ac-reunion.fr\/lyc-leconte-de-lisle\/wp-json\/wp\/v2\/pages\/2659","targetHints":{"allow":["GET"]}}],"collection":[{"href":"https:\/\/etab.ac-reunion.fr\/lyc-leconte-de-lisle\/wp-json\/wp\/v2\/pages"}],"about":[{"href":"https:\/\/etab.ac-reunion.fr\/lyc-leconte-de-lisle\/wp-json\/wp\/v2\/types\/page"}],"author":[{"embeddable":true,"href":"https:\/\/etab.ac-reunion.fr\/lyc-leconte-de-lisle\/wp-json\/wp\/v2\/users\/16240"}],"replies":[{"embeddable":true,"href":"https:\/\/etab.ac-reunion.fr\/lyc-leconte-de-lisle\/wp-json\/wp\/v2\/comments?post=2659"}],"version-history":[{"count":1,"href":"https:\/\/etab.ac-reunion.fr\/lyc-leconte-de-lisle\/wp-json\/wp\/v2\/pages\/2659\/revisions"}],"predecessor-version":[{"id":2663,"href":"https:\/\/etab.ac-reunion.fr\/lyc-leconte-de-lisle\/wp-json\/wp\/v2\/pages\/2659\/revisions\/2663"}],"up":[{"embeddable":true,"href":"https:\/\/etab.ac-reunion.fr\/lyc-leconte-de-lisle\/wp-json\/wp\/v2\/pages\/2625"}],"wp:attachment":[{"href":"https:\/\/etab.ac-reunion.fr\/lyc-leconte-de-lisle\/wp-json\/wp\/v2\/media?parent=2659"}],"curies":[{"name":"wp","href":"https:\/\/api.w.org\/{rel}","templated":true}]}}