{"id":277,"date":"2014-05-26T11:54:15","date_gmt":"2014-05-26T07:54:15","guid":{"rendered":"http:\/\/lycee-llisle.ac-reunion.fr\/?page_id=277"},"modified":"2020-04-14T13:26:44","modified_gmt":"2020-04-14T09:26:44","slug":"etablissement","status":"publish","type":"page","link":"https:\/\/etab.ac-reunion.fr\/lyc-leconte-de-lisle\/etablissement\/","title":{"rendered":"Etablissement"},"content":{"rendered":"<p>Situ\u00e9 en centre ville de la capitale \u00e9conomique de l&rsquo;\u00eele de la R\u00e9union, le Lyc\u00e9e Leconte de Lisle a \u00e9t\u00e9 le premier lyc\u00e9e.<\/p>\n<p>Cr\u00e9e en 1819, il a une histoire riche. Des g\u00e9n\u00e9rations de dionysiens se sont succ\u00e9d\u00e9s sur les bancs de cet \u00e9tablissement.\u2028Actuellement en cours de r\u00e9novation (travaux achev\u00e9s en septembre 2008) il est situ\u00e9 au sein d&rsquo;une cit\u00e9 scolaire compos\u00e9e de trois \u00e9tablissements dans un parc tr\u00e8s v\u00e9g\u00e9talis\u00e9.<\/p>\n","protected":false},"excerpt":{"rendered":"<p>Situ\u00e9 en centre ville de la capitale \u00e9conomique de l&rsquo;\u00eele de la R\u00e9union, le Lyc\u00e9e Leconte de Lisle a \u00e9t\u00e9 le premier lyc\u00e9e.<\/p>\n<p>Cr\u00e9e en 1819, il a une histoire riche. Des g\u00e9n\u00e9rations de dionysiens se sont succ\u00e9d\u00e9s sur les bancs de cet \u00e9tablissement.\u2028Actuellement en cours de r\u00e9novation (travaux achev\u00e9s en septembre 2008) il est situ\u00e9 au sein d&rsquo;une cit\u00e9 scolaire compos\u00e9e de trois \u00e9tablissements dans un parc tr\u00e8s v\u00e9g\u00e9talis\u00e9.<\/p>\n","protected":false},"author":9785,"featured_media":0,"parent":0,"menu_order":0,"comment_status":"open","ping_status":"open","template":"page-full.php","meta":{"_et_pb_use_builder":"","_et_pb_old_content":"","_et_gb_content_width":"","footnotes":""},"class_list":["post-277","page","type-page","status-publish","hentry"],"_links":{"self":[{"href":"https:\/\/etab.ac-reunion.fr\/lyc-leconte-de-lisle\/wp-json\/wp\/v2\/pages\/277","targetHints":{"allow":["GET"]}}],"collection":[{"href":"https:\/\/etab.ac-reunion.fr\/lyc-leconte-de-lisle\/wp-json\/wp\/v2\/pages"}],"about":[{"href":"https:\/\/etab.ac-reunion.fr\/lyc-leconte-de-lisle\/wp-json\/wp\/v2\/types\/page"}],"author":[{"embeddable":true,"href":"https:\/\/etab.ac-reunion.fr\/lyc-leconte-de-lisle\/wp-json\/wp\/v2\/users\/9785"}],"replies":[{"embeddable":true,"href":"https:\/\/etab.ac-reunion.fr\/lyc-leconte-de-lisle\/wp-json\/wp\/v2\/comments?post=277"}],"version-history":[{"count":10,"href":"https:\/\/etab.ac-reunion.fr\/lyc-leconte-de-lisle\/wp-json\/wp\/v2\/pages\/277\/revisions"}],"predecessor-version":[{"id":3244,"href":"https:\/\/etab.ac-reunion.fr\/lyc-leconte-de-lisle\/wp-json\/wp\/v2\/pages\/277\/revisions\/3244"}],"wp:attachment":[{"href":"https:\/\/etab.ac-reunion.fr\/lyc-leconte-de-lisle\/wp-json\/wp\/v2\/media?parent=277"}],"curies":[{"name":"wp","href":"https:\/\/api.w.org\/{rel}","templated":true}]}}