{"id":3246,"date":"2020-05-08T23:17:14","date_gmt":"2020-05-08T19:17:14","guid":{"rendered":"http:\/\/lycee-llisle.ac-reunion.fr\/?page_id=3246"},"modified":"2025-11-12T15:45:47","modified_gmt":"2025-11-12T11:45:47","slug":"presentation","status":"publish","type":"page","link":"https:\/\/etab.ac-reunion.fr\/lyc-leconte-de-lisle\/presentation\/","title":{"rendered":"Pr\u00e9sentation"},"content":{"rendered":"[et_pb_section fb_built=\u00a0\u00bb1&Prime; _builder_version=\u00a0\u00bb4.16&Prime; global_colors_info=\u00a0\u00bb{}\u00a0\u00bb][et_pb_row _builder_version=\u00a0\u00bb4.16&Prime; background_size=\u00a0\u00bbinitial\u00a0\u00bb background_position=\u00a0\u00bbtop_left\u00a0\u00bb background_repeat=\u00a0\u00bbrepeat\u00a0\u00bb global_colors_info=\u00a0\u00bb{}\u00a0\u00bb][et_pb_column type=\u00a0\u00bb4_4&Prime; _builder_version=\u00a0\u00bb4.16&Prime; custom_padding=\u00a0\u00bb|||\u00a0\u00bb global_colors_info=\u00a0\u00bb{}\u00a0\u00bb custom_padding__hover=\u00a0\u00bb|||\u00a0\u00bb][et_pb_text _builder_version=\u00a0\u00bb4.16&Prime; background_size=\u00a0\u00bbinitial\u00a0\u00bb background_position=\u00a0\u00bbtop_left\u00a0\u00bb background_repeat=\u00a0\u00bbrepeat\u00a0\u00bb global_colors_info=\u00a0\u00bb{}\u00a0\u00bb]\n<p>&nbsp;<\/p>\n<p><!-- divi:image {\"id\":3254,\"sizeSlug\":\"large\"} --><\/p>\n<figure class=\"wp-block-image size-large\"><img loading=\"lazy\" decoding=\"async\" width=\"849\" height=\"467\" src=\"https:\/\/etab.ac-reunion.fr\/lyc-leconte-de-lisle\/wp-content\/uploads\/sites\/53\/2020\/05\/colibri.jpg\" alt=\"\" class=\"wp-image-3254\" srcset=\"https:\/\/etab.ac-reunion.fr\/lyc-leconte-de-lisle\/wp-content\/uploads\/sites\/53\/2020\/05\/colibri.jpg 849w, https:\/\/etab.ac-reunion.fr\/lyc-leconte-de-lisle\/wp-content\/uploads\/sites\/53\/2020\/05\/colibri-300x165.jpg 300w, https:\/\/etab.ac-reunion.fr\/lyc-leconte-de-lisle\/wp-content\/uploads\/sites\/53\/2020\/05\/colibri-768x422.jpg 768w\" sizes=\"(max-width: 849px) 100vw, 849px\" \/><\/figure>\n<p><!-- \/divi:image --><!-- divi:paragraph --><\/p>\n<p>Le Lyc\u00e9e Leconte de Lisle forme aux baccalaur\u00e9ats G\u00e9n\u00e9ral et Technologique ainsi qu&rsquo;aux Brevets de Techniciens Sup\u00e9rieurs en Management Commercial Op\u00e9rationnel, Commerce International et Communication.<\/p>\n<p><!-- \/divi:paragraph --><!-- divi:paragraph --><\/p>\n<p>Le Lyc\u00e9e Leconte de Lisle pr\u00e9pare et est centre d&rsquo;\u00e9crits pour les concours d&rsquo;ing\u00e9nieurs et des \u00c9coles Normales de Lyon et Cachan puisqu&rsquo;il propose des Classes Pr\u00e9paratoires aux Grandes \u00c9coles litt\u00e9raires,scientifiques et Droit.<\/p>\n<p><!-- \/divi:paragraph --><!-- divi:spacer {\"height\":\"20px\"} --><\/p>\n<div style=\"height: 20px\" aria-hidden=\"true\" class=\"wp-block-spacer\"><\/div>\n<p><!-- \/divi:spacer --><!-- divi:heading {\"textAlign\":\"center\",\"level\":5,\"textColor\":\"vivid-cyan-blue\"} --><\/p>\n<h5 class=\"wp-block-heading has-text-align-center has-vivid-cyan-blue-color has-text-color\"><strong>LA DIRECTION<\/strong><\/h5>\n<p><!-- \/divi:heading --><!-- divi:paragraph --><\/p>\n<p><strong>Maurice BERNE\u00a0 \u00a0 \u00a0 \u00a0 \u00a0 \u00a0 \u00a0 \u00a0 \u00a0 <\/strong><em>Proviseur<\/em><\/p>\n<p><!-- \/divi:paragraph --><!-- divi:paragraph --><!-- \/divi:paragraph --><!-- divi:paragraph --><\/p>\n<p><strong>S\u00e9bastien CLAIN\u00a0 \u00a0 \u00a0 \u00a0 \u00a0 \u00a0 \u00a0 \u00a0 <\/strong><em>Proviseur adjoint<\/em><\/p>\n<p><!-- \/divi:paragraph --><!-- divi:paragraph --><!-- \/divi:paragraph --><!-- divi:paragraph --><\/p>\n<p><strong>Claudine CHATEAU\u00a0 \u00a0 \u00a0 \u00a0 \u00a0 \u00a0 <\/strong><em>Proviseure adjointe<\/em><\/p>\n<p><!-- \/divi:paragraph --><!-- divi:paragraph --><!-- \/divi:paragraph --><!-- divi:paragraph --><\/p>\n<p><strong>Manuel BERGER\u00a0 \u00a0 \u00a0 \u00a0\u00a0<\/strong><em>\u00a0 \u00a0 \u00a0 \u00a0 Agent comptable &#8211; Gestionnaire <\/em><\/p>\n<p><!-- \/divi:paragraph --><!-- divi:paragraph --><\/p>\n<p><strong>Jean-Claude LIN-CHAN\u00a0 \u00a0\u00a0<\/strong><em> Directeur D\u00e9l\u00e9gu\u00e9 aux Formations Professionnelles et Technologiques<\/em><\/p>\n<p><em><\/em><\/p>\n<p><!-- \/divi:paragraph --><!-- divi:paragraph --><!-- \/divi:paragraph --><!-- divi:paragraph --><!-- \/divi:paragraph -->[\/et_pb_text][\/et_pb_column][\/et_pb_row][et_pb_row _builder_version=\u00a0\u00bb4.22.2&Prime; _module_preset=\u00a0\u00bbdefault\u00a0\u00bb global_colors_info=\u00a0\u00bb{}\u00a0\u00bb][et_pb_column type=\u00a0\u00bb4_4&Prime; _builder_version=\u00a0\u00bb4.22.2&Prime; _module_preset=\u00a0\u00bbdefault\u00a0\u00bb global_colors_info=\u00a0\u00bb{}\u00a0\u00bb][et_pb_text _builder_version=\u00a0\u00bb4.22.2&Prime; _module_preset=\u00a0\u00bbdefault\u00a0\u00bb text_font=\u00a0\u00bbArial||||||||\u00a0\u00bb text_text_color=\u00a0\u00bb#0C71C3&Prime; text_font_size=\u00a0\u00bb20px\u00a0\u00bb global_colors_info=\u00a0\u00bb{}\u00a0\u00bb]\n<p><strong>Le mot du proviseur<\/strong><\/p>\n[\/et_pb_text][\/et_pb_column][\/et_pb_row][et_pb_row _builder_version=\u00a0\u00bb4.22.2&Prime; _module_preset=\u00a0\u00bbdefault\u00a0\u00bb global_colors_info=\u00a0\u00bb{}\u00a0\u00bb][et_pb_column type=\u00a0\u00bb4_4&Prime; _builder_version=\u00a0\u00bb4.22.2&Prime; _module_preset=\u00a0\u00bbdefault\u00a0\u00bb global_colors_info=\u00a0\u00bb{}\u00a0\u00bb][et_pb_text _builder_version=\u00a0\u00bb4.22.2&Prime; _module_preset=\u00a0\u00bbdefault\u00a0\u00bb text_font=\u00a0\u00bbArial||||||||\u00a0\u00bb text_font_size=\u00a0\u00bb16px\u00a0\u00bb global_colors_info=\u00a0\u00bb{}\u00a0\u00bb]\n<p>Le lyc\u00e9e Leconte de Lisle est un grand lyc\u00e9e, par sa taille, par son histoire et par sa structure p\u00e9dagogique. Les projets, les partenariats et les actions y sont foisonnants. Les savoir-faire sont nombreux et m\u00e9ritent qu\u2019on le fasse savoir, l\u2019expertise disciplinaire de ses \u00e9quipes est reconnue.<\/p>\n<p>De plus, les excellents r\u00e9sultats obtenus par nos \u00e9l\u00e8ves et \u00e9tudiants aux examens et concours doivent nous rendre fier(e)s et nous obligent aussi \u00e0 une exigence forte et continue dans l\u2019exercice de nos m\u00e9tiers.<\/p>\n<p>Nous avons engag\u00e9 un travail pour relever les d\u00e9fis qui s\u2019offrent \u00e0 nous\u00a0:<\/p>\n<p>\u00a0&#8211;\u00a0 Favoriser les enseignements et les apprentissages<\/p>\n<p>\u00a0&#8211;\u00a0 Le d\u00e9veloppement des partenariats avec le sup\u00e9rieur et la promotion des mobilit\u00e9s internationales<\/p>\n<p>\u00a0&#8211;\u00a0 La valorisation de notre fili\u00e8re technologique<\/p>\n<p>\u00a0&#8211;\u00a0 La r\u00e9flexion \u00e0 mener sur l\u2019\u00e9valuation en g\u00e9n\u00e9ral et sur l\u2019orientation de nos \u00e9l\u00e8ves<\/p>\n<p>Cette r\u00e9flexion sera men\u00e9e par l\u2019ensemble de la communaut\u00e9 tout au long de l\u2019\u00e9valuation de l\u2019\u00e9tablissement qui est pr\u00e9vue cette ann\u00e9e scolaire 2023\/2024.<\/p>\n<p>Maurice Berne<\/p>\n<p>Proviseur du lyc\u00e9e Leconte de Lisle<\/p>\n<p>&nbsp;<\/p>\n[\/et_pb_text][\/et_pb_column][\/et_pb_row][\/et_pb_section]\n","protected":false},"excerpt":{"rendered":"<p>&nbsp; Le Lyc\u00e9e Leconte de Lisle forme aux baccalaur\u00e9ats G\u00e9n\u00e9ral et Technologique ainsi qu&rsquo;aux Brevets de Techniciens Sup\u00e9rieurs en Management Commercial Op\u00e9rationnel, Commerce International et Communication. Le Lyc\u00e9e Leconte de Lisle pr\u00e9pare et est centre d&rsquo;\u00e9crits pour les concours d&rsquo;ing\u00e9nieurs et des \u00c9coles Normales de Lyon et Cachan puisqu&rsquo;il propose des Classes Pr\u00e9paratoires aux Grandes [&hellip;]<\/p>\n","protected":false},"author":17510,"featured_media":0,"parent":0,"menu_order":0,"comment_status":"closed","ping_status":"closed","template":"","meta":{"_et_pb_use_builder":"on","_et_pb_old_content":"<!-- wp:image {\"id\":3254,\"sizeSlug\":\"large\"} -->\n<figure class=\"wp-block-image size-large\"><img src=\"https:\/\/etab.ac-reunion.fr\/lyc-leconte-de-lisle\/wp-content\/uploads\/sites\/53\/2020\/05\/colibri.jpg\" alt=\"\" class=\"wp-image-3254\"\/><\/figure>\n<!-- \/wp:image -->\n\n<!-- wp:paragraph -->\n<p>Le Lyc\u00e9e Leconte de Lisle forme aux baccalaur\u00e9ats G\u00e9n\u00e9ral et Technologique ainsi qu'aux Brevets de Techniciens Sup\u00e9rieurs en Management Commercial Op\u00e9rationnel, Commerce International et Communication. <\/p>\n<!-- \/wp:paragraph -->\n\n<!-- wp:paragraph -->\n<p>Le Lyc\u00e9e Leconte de Lisle pr\u00e9pare et est centre d'\u00e9crits pour les  concours d'ing\u00e9nieurs et des \u00c9coles Normales de Lyon et Cachan puisqu'il  propose des Classes Pr\u00e9paratoires aux Grandes \u00c9coles litt\u00e9raires,scientifiques et Droit. <\/p>\n<!-- \/wp:paragraph -->\n\n<!-- wp:spacer {\"height\":\"20px\"} -->\n<div style=\"height:20px\" aria-hidden=\"true\" class=\"wp-block-spacer\"><\/div>\n<!-- \/wp:spacer -->\n\n<!-- wp:heading {\"textAlign\":\"center\",\"level\":5,\"textColor\":\"vivid-cyan-blue\"} -->\n<h5 class=\"wp-block-heading has-text-align-center has-vivid-cyan-blue-color has-text-color\"><strong>LA DIRECTION<\/strong><\/h5>\n<!-- \/wp:heading -->\n\n<!-- wp:paragraph -->\n<p><strong>Maurice BERNE <\/strong>                                                                                                                  <\/p>\n<!-- \/wp:paragraph -->\n\n<!-- wp:paragraph -->\n<p><em>Proviseur<\/em><\/p>\n<!-- \/wp:paragraph -->\n\n<!-- wp:paragraph -->\n<p><strong>Claudine BOUTEL<\/strong><\/p>\n<!-- \/wp:paragraph -->\n\n<!-- wp:paragraph -->\n<p><em>Proviseure adjointe<\/em> <\/p>\n<!-- \/wp:paragraph -->\n\n<!-- wp:paragraph -->\n<p><strong>S\u00e9bastien CLAIN<\/strong><\/p>\n<!-- \/wp:paragraph -->\n\n<!-- wp:paragraph -->\n<p><em>Proviseur adjoint<\/em><\/p>\n<!-- \/wp:paragraph -->\n\n<!-- wp:paragraph -->\n<p><strong>Manuel BERGER<\/strong><\/p>\n<!-- \/wp:paragraph -->\n\n<!-- wp:paragraph -->\n<p><em> Agent comptable - Gestionnaire <\/em><\/p>\n<!-- \/wp:paragraph -->\n\n<!-- wp:paragraph -->\n<p><strong>Jean-Claude LIN-CHAN<\/strong><\/p>\n<!-- \/wp:paragraph -->\n\n<!-- wp:paragraph -->\n<p><em> Directeur D\u00e9l\u00e9gu\u00e9 aux Formations Professionnelles et Technologiques<\/em> <\/p>\n<!-- \/wp:paragraph -->","_et_gb_content_width":"","footnotes":""},"class_list":["post-3246","page","type-page","status-publish","hentry"],"_links":{"self":[{"href":"https:\/\/etab.ac-reunion.fr\/lyc-leconte-de-lisle\/wp-json\/wp\/v2\/pages\/3246","targetHints":{"allow":["GET"]}}],"collection":[{"href":"https:\/\/etab.ac-reunion.fr\/lyc-leconte-de-lisle\/wp-json\/wp\/v2\/pages"}],"about":[{"href":"https:\/\/etab.ac-reunion.fr\/lyc-leconte-de-lisle\/wp-json\/wp\/v2\/types\/page"}],"author":[{"embeddable":true,"href":"https:\/\/etab.ac-reunion.fr\/lyc-leconte-de-lisle\/wp-json\/wp\/v2\/users\/17510"}],"replies":[{"embeddable":true,"href":"https:\/\/etab.ac-reunion.fr\/lyc-leconte-de-lisle\/wp-json\/wp\/v2\/comments?post=3246"}],"version-history":[{"count":22,"href":"https:\/\/etab.ac-reunion.fr\/lyc-leconte-de-lisle\/wp-json\/wp\/v2\/pages\/3246\/revisions"}],"predecessor-version":[{"id":7060,"href":"https:\/\/etab.ac-reunion.fr\/lyc-leconte-de-lisle\/wp-json\/wp\/v2\/pages\/3246\/revisions\/7060"}],"wp:attachment":[{"href":"https:\/\/etab.ac-reunion.fr\/lyc-leconte-de-lisle\/wp-json\/wp\/v2\/media?parent=3246"}],"curies":[{"name":"wp","href":"https:\/\/api.w.org\/{rel}","templated":true}]}}