{"id":3449,"date":"2020-10-06T10:20:15","date_gmt":"2020-10-06T06:20:15","guid":{"rendered":"http:\/\/lycee-llisle.ac-reunion.fr\/?page_id=3449"},"modified":"2024-01-27T12:52:59","modified_gmt":"2024-01-27T08:52:59","slug":"bureau-des-eleves","status":"publish","type":"page","link":"https:\/\/etab.ac-reunion.fr\/lyc-leconte-de-lisle\/bureau-des-eleves\/","title":{"rendered":"Bureau des \u00e9l\u00e8ves"},"content":{"rendered":"\n<p>Le Bureau des \u00c9tudiants.es des Classes Pr\u00e9paratoire aux Grandes \u00c9coles (ou BDE) est une association \u00e9tudiante cr\u00e9\u00e9e lors de l&rsquo;ann\u00e9e scolaire 2019\/2020 qui est charg\u00e9e d&rsquo;animer la vie \u00e9tudiante des \u00e9l\u00e8ves de \u00ab\u00a0pr\u00e9pa\u00a0\u00bb.<\/p>\n\n\n\n<p><br>En effet, les classes pr\u00e9paratoires de droit (D1), scientifiques (MPSI, MP2I, PCSI, MP, MPI, PC et PSI*) et litt\u00e9raires (Hypokh\u00e2gne et Kh\u00e2gne) rassemblent pr\u00e8s de 250 \u00e9l\u00e8ves qui \u00e9tudient pour une dur\u00e9e de 2 \u00e0 3 ans, \u00e0 l&rsquo;issue desquelles ces derniers.\u00e8res passent des concours dans l&rsquo;espoir d&rsquo;int\u00e9grer l&rsquo;\u00e9cole de leur choix. Au lyc\u00e9e, la plupart de nos cours ont lieu dans le b\u00e2timent R (pr\u00e8s de l&rsquo;infirmerie), o\u00f9 nous rencontrons peu de lyc\u00e9ens et lyc\u00e9ennes. Mais ce n&rsquo;est pas pour autant que nous vivons en ermites sans aucune vie sociale et ne serions pas\u00a0ravis\u00a0de rencontrer les autres \u00e9l\u00e8ves du lyc\u00e9e (qui seront peut-\u00eatre, nous l&rsquo;esp\u00e9rons,\u00a0futurs \u00e9tudiantes et futurs \u00e9tudiants\u00a0dans nos classes pr\u00e9pa)!\u00a0<\/p>\n\n\n\n<p><br>L&rsquo;association se compose du &lsquo;bureau&rsquo;; un petit comit\u00e9 charg\u00e9 de discuter et d&rsquo;orchestrer les \u00e9v\u00e9nements, mais \u00e9galement d&rsquo;adh\u00e9rentes et adh\u00e9rents\u00a0qui font partie de l&rsquo;association, b\u00e9n\u00e9ficient de privil\u00e8ges sur les \u00e9v\u00e9nements, et aident au choix et \u00e0 la construction des actions men\u00e9es.\u00a0<br>[Il n&rsquo;est pas sans rappeler que les\u00a0\u00e9tudiantes\u00a0et \u00e9tudiants qui composent l&rsquo;association sont encadr\u00e9s par le proviseur du lyc\u00e9e et un professeur de deuxi\u00e8me ann\u00e9e (Mr. Franchino, M. Hache).]\n\n\n\n<p><br>Le but du BDE est, comme cit\u00e9 plus haut, d&rsquo;animer et d&rsquo;am\u00e9liorer la vie des&nbsp;\u00e9tudiantes&nbsp;et \u00e9tudiants durant ces deux \u00e0 trois ann\u00e9es de travail intense. Pour se faire, l&rsquo;association organise chaque ann\u00e9e diff\u00e9rents \u00e9v\u00e9nements tels que la soir\u00e9e d&rsquo;int\u00e9gration (dans le plus grand respect des mesures sanitaires) tr\u00e8s appr\u00e9ci\u00e9e des \u00e9l\u00e8ves, les pulls de promo de CPGE qui donnent lieu \u00e0 des d\u00e9bats houleux quant au choix de la couleur des textiles, la vente de roses \u00e0 la Saint-Valentin, le d\u00e9fil\u00e9 du Carnaval, qui pourrait bient\u00f4t concurrencer celui de Rio, et bien d&rsquo;autres ! Mais le BDE peut \u00e9galement proposer des \u00e9v\u00e8nement \u00e0 but caritatif telle que la tombola r\u00e9alis\u00e9e lors de la promo 2020\/2021 dont les fonds ont \u00e9t\u00e9 revers\u00e9 \u00e0 l&rsquo;UNICEF et \u00e0 l&rsquo;association A\u00efna qui s&rsquo;occupent d&rsquo;enfants d\u00e9favoris\u00e9s \u00e0 Madagascar. Gr\u00e2ce \u00e0 ce don, le BDE parraine un orphelin malgache, qui sera scolaris\u00e9 et encadr\u00e9, afin de lui assurer un d\u00e9veloppement \u00e9panoui pour une dur\u00e9e de 28 mois.&nbsp;<\/p>\n\n\n\n<p><\/p>\n\n\n\n<figure class=\"wp-block-image size-large\"><img loading=\"lazy\" decoding=\"async\" width=\"731\" height=\"1024\" src=\"https:\/\/etab.ac-reunion.fr\/lyc-leconte-de-lisle\/wp-content\/uploads\/sites\/53\/2021\/11\/IMG_0679-731x1024.jpg\" alt=\"\" class=\"wp-image-5096\" \/><\/figure>\n\n\n\n<p><br>En bref, le BDE est une association g\u00e9r\u00e9e par les&nbsp;\u00e9tudiants, pour les&nbsp;\u00e9tudiants, afin de permettre \u00e0 chacun.e de se sentir int\u00e9gr\u00e9.e dans sa classe, de se faire des&nbsp;amis, de se divertir, et surtout de passer ses ann\u00e9es d&rsquo;\u00e9tudes dans une bonne ambiance !\u00a0\u00bb<\/p>\n","protected":false},"excerpt":{"rendered":"<p>Le Bureau des \u00c9tudiants.es des Classes Pr\u00e9paratoire aux Grandes \u00c9coles (ou BDE) est une association \u00e9tudiante cr\u00e9\u00e9e lors de l&rsquo;ann\u00e9e scolaire 2019\/2020 qui est charg\u00e9e d&rsquo;animer la vie \u00e9tudiante des \u00e9l\u00e8ves de \u00ab\u00a0pr\u00e9pa\u00a0\u00bb. En effet, les classes pr\u00e9paratoires de droit (D1), scientifiques (MPSI, MP2I, PCSI, MP, MPI, PC et PSI*) et litt\u00e9raires (Hypokh\u00e2gne et Kh\u00e2gne) [&hellip;]<\/p>\n","protected":false},"author":17510,"featured_media":0,"parent":0,"menu_order":0,"comment_status":"closed","ping_status":"closed","template":"","meta":{"_et_pb_use_builder":"","_et_pb_old_content":"","_et_gb_content_width":"","footnotes":""},"class_list":["post-3449","page","type-page","status-publish","hentry"],"_links":{"self":[{"href":"https:\/\/etab.ac-reunion.fr\/lyc-leconte-de-lisle\/wp-json\/wp\/v2\/pages\/3449","targetHints":{"allow":["GET"]}}],"collection":[{"href":"https:\/\/etab.ac-reunion.fr\/lyc-leconte-de-lisle\/wp-json\/wp\/v2\/pages"}],"about":[{"href":"https:\/\/etab.ac-reunion.fr\/lyc-leconte-de-lisle\/wp-json\/wp\/v2\/types\/page"}],"author":[{"embeddable":true,"href":"https:\/\/etab.ac-reunion.fr\/lyc-leconte-de-lisle\/wp-json\/wp\/v2\/users\/17510"}],"replies":[{"embeddable":true,"href":"https:\/\/etab.ac-reunion.fr\/lyc-leconte-de-lisle\/wp-json\/wp\/v2\/comments?post=3449"}],"version-history":[{"count":6,"href":"https:\/\/etab.ac-reunion.fr\/lyc-leconte-de-lisle\/wp-json\/wp\/v2\/pages\/3449\/revisions"}],"predecessor-version":[{"id":6073,"href":"https:\/\/etab.ac-reunion.fr\/lyc-leconte-de-lisle\/wp-json\/wp\/v2\/pages\/3449\/revisions\/6073"}],"wp:attachment":[{"href":"https:\/\/etab.ac-reunion.fr\/lyc-leconte-de-lisle\/wp-json\/wp\/v2\/media?parent=3449"}],"curies":[{"name":"wp","href":"https:\/\/api.w.org\/{rel}","templated":true}]}}