{"id":3455,"date":"2020-10-06T10:21:56","date_gmt":"2020-10-06T06:21:56","guid":{"rendered":"http:\/\/lycee-llisle.ac-reunion.fr\/?page_id=3455"},"modified":"2026-02-03T18:20:26","modified_gmt":"2026-02-03T14:20:26","slug":"2eme-annee-mp-mpi-psi-pc","status":"publish","type":"page","link":"https:\/\/etab.ac-reunion.fr\/lyc-leconte-de-lisle\/2eme-annee-mp-mpi-psi-pc\/","title":{"rendered":"2e ann\u00e9e MP-MPI\/MPI*-PC-PSI*"},"content":{"rendered":"\n<ul class=\"wp-block-list\">\n<li>Vers la fili\u00e8re 2e ann\u00e9e <a href=\"https:\/\/etab.ac-reunion.fr\/lyc-leconte-de-lisle\/mp-mathematiques-et-physique\/\"><strong>MP (Math\u00e9matiques et Physique)<\/strong><\/a><\/li>\n<\/ul>\n\n\n\n<ul class=\"wp-block-list\">\n<li>Vers la fili\u00e8re 2e ann\u00e9e <a href=\"https:\/\/etab.ac-reunion.fr\/lyc-leconte-de-lisle\/mpi-mathematiques-physique-informatique\/\"><strong>MPI\/MPI* (Math\u00e9matiques, Physique, Informatique)<\/strong><\/a><\/li>\n<\/ul>\n\n\n\n<ul class=\"wp-block-list\">\n<li>Vers la fili\u00e8re 2e ann\u00e9e <a href=\"https:\/\/etab.ac-reunion.fr\/lyc-leconte-de-lisle\/pc-physique-et-chimie\/\"><strong>PC (Physique et Chimie)<\/strong><\/a><\/li>\n<\/ul>\n\n\n\n<ul class=\"wp-block-list\">\n<li>Vers la fili\u00e8re 2e ann\u00e9e <a href=\"https:\/\/etab.ac-reunion.fr\/lyc-leconte-de-lisle\/psi-physique-et-sciences-de-lingenieur\/\"><strong>PSI* (Physique et Sciences de l&rsquo;Ing\u00e9nieur)<\/strong><\/a><\/li>\n<\/ul>\n\n\n\n<p>Elles sont a destination des \u00e9l\u00e8ves ayant suivi une <a href=\"https:\/\/etab.ac-reunion.fr\/lyc-leconte-de-lisle\/mpsi-mathematiques-physique-sciences-de-lingenieur\/\"><strong>MPSI<\/strong><\/a>, <a href=\"https:\/\/etab.ac-reunion.fr\/lyc-leconte-de-lisle\/mp2i-mathematiques-physique-ingenierie-et-informatique\/\"><strong>MP2I<\/strong><\/a> ou une <a href=\"https:\/\/etab.ac-reunion.fr\/lyc-leconte-de-lisle\/pcsi-physique-chimie-et-sciences-de-lingenieur\/\"><strong>PCSI<\/strong><\/a> dans le but de pr\u00e9parer \u00e0 des concours d&rsquo;\u00e9coles d&rsquo;ing\u00e9nieures et d&rsquo;ing\u00e9nieurs regroup\u00e9es sous forme de banques ou d&rsquo;\u00e9coles sur le site  <a href=\"https:\/\/www.scei-concours.fr\/concours.php\"><strong>https:\/\/www.scei-concours.fr\/concours.php<\/strong><\/a> :<\/p>\n\n\n\n<p>Ces trois fili\u00e8res sont \u00e0 destination des \u00e9l\u00e8ves d\u00e9tenteurs ou d\u00e9tentrices du bac qui souhaiteraient int\u00e9grer <strong>des \u00e9coles d&rsquo;ing\u00e9nieures<\/strong> <strong>&amp; ing\u00e9nieurs, \u00c9coles Normales Sup\u00e9rieures (ENS)<\/strong>, <strong>magist\u00e8res<\/strong>. Celles-ci sont regroup\u00e9es sous la forme de banques d&rsquo;\u00e9coles sur le site  <a href=\"https:\/\/www.scei-concours.fr\/concours.php\" target=\"_blank\" rel=\"noreferrer noopener\"><strong>https:\/\/www.scei-concours.fr\/concours.php<\/strong><\/a> :<\/p>\n\n\n\n<ul class=\"wp-block-list\">\n<li><a href=\"https:\/\/www.concours-centrale-supelec.fr\/\"><strong>Concours Centrale-Sup\u00e9lec<\/strong><\/a><\/li>\n\n\n\n<li><a href=\"https:\/\/www.concoursminesponts.fr\/\"><strong>Banque Mines-Ponts<\/strong><\/a><\/li>\n\n\n\n<li><a href=\"https:\/\/www.concours-commun-inp.fr\/fr\/index.html\"><strong>Concours Commun INP<\/strong><\/a><\/li>\n\n\n\n<li><strong><a href=\"https:\/\/www.polytechnique.edu\/admission-cycle-ingenieur\/candidats-francais\/voie-classes-preparatoires-cp-toutes-filieres\">Banque X<\/a>-ENS (<a href=\"https:\/\/www.ens.psl.eu\/\">PSL<\/a>, <a href=\"https:\/\/www.ens-lyon.fr\/\">Lyon, Paris-Saclay, Rennes)<\/a>&#8211;<a href=\"https:\/\/www.espci.psl.eu\/fr\/\">ESPCI<\/a><\/strong><\/li>\n\n\n\n<li><a href=\"https:\/\/www.e3a-polytech.fr\/\"><strong>Concours e3a<\/strong><\/a><\/li>\n<\/ul>\n\n\n\n<p>D&rsquo;autres banques de notes sont aussi accessibles aux classes de cpge scientifiques :<\/p>\n\n\n\n<ul class=\"wp-block-list\">\n<li><a href=\"http:\/\/Banque d'\u00c9preuves des Concours des \u00c9coles d'Actuariat et Statistique\"><strong>Banque d&rsquo;\u00c9preuves des&nbsp;Concours des&nbsp;\u00c9coles d&rsquo;Actuariat et&nbsp;Statistique (BECEAS)<\/strong><\/a><\/li>\n\n\n\n<li><a href=\"http:\/\/Concours Pr\u00e9-Master EDHEC\"><strong>Concours Pr\u00e9-Master EDHEC <\/strong><\/a><\/li>\n<\/ul>\n\n\n\n<p>Par ailleurs, une double inscription obligatoire \u00e0 la facult\u00e9 permet d&rsquo;avoir des \u00e9quivalences et des passerelles existent.<\/p>\n\n\n\n<figure class=\"wp-block-image aligncenter size-full\"><img loading=\"lazy\" decoding=\"async\" width=\"776\" height=\"528\" src=\"https:\/\/etab.ac-reunion.fr\/lyc-leconte-de-lisle\/wp-content\/uploads\/sites\/53\/2026\/02\/organigramme.png\" alt=\"\" class=\"wp-image-7144\" srcset=\"https:\/\/etab.ac-reunion.fr\/lyc-leconte-de-lisle\/wp-content\/uploads\/sites\/53\/2026\/02\/organigramme.png 776w, https:\/\/etab.ac-reunion.fr\/lyc-leconte-de-lisle\/wp-content\/uploads\/sites\/53\/2026\/02\/organigramme-480x327.png 480w\" sizes=\"(min-width: 0px) and (max-width: 480px) 480px, (min-width: 481px) 776px, 100vw\" \/><\/figure>\n\n\n\n<p><strong>La PSI<\/strong> se trouve au<strong> Lyc\u00e9e Roland Garros<\/strong> : <strong><a href=\"http:\/\/lycee-roland-garros.ac-reunion.fr\/formations\/cpge\/psi\/\">http:\/\/lycee-roland-garros.ac-reunion.fr\/formations\/cpge\/psi\/<\/a> <\/strong><\/p>\n\n\n\n<h2 class=\"wp-block-heading\"><strong>CEREMONIE FELICITATIONS AUX CPGE 2e ann\u00e9e <\/strong><\/h2>\n\n\n\n<figure class=\"wp-block-image size-large\"><img loading=\"lazy\" decoding=\"async\" width=\"1024\" height=\"439\" src=\"https:\/\/etab.ac-reunion.fr\/lyc-leconte-de-lisle\/wp-content\/uploads\/sites\/53\/2024\/02\/dip-1024x439.jpeg\" alt=\"\" class=\"wp-image-6363\" srcset=\"https:\/\/etab.ac-reunion.fr\/lyc-leconte-de-lisle\/wp-content\/uploads\/sites\/53\/2024\/02\/dip-980x420.jpeg 980w, https:\/\/etab.ac-reunion.fr\/lyc-leconte-de-lisle\/wp-content\/uploads\/sites\/53\/2024\/02\/dip-480x206.jpeg 480w\" sizes=\"(min-width: 0px) and (max-width: 480px) 480px, (min-width: 481px) and (max-width: 980px) 980px, (min-width: 981px) 1024px, 100vw\" \/><\/figure>\n\n\n\n<h2 class=\"wp-block-heading\"><strong>PRESENTATION DES VOLUMES HORAIRES<\/strong> <\/h2>\n\n\n\n<figure class=\"wp-block-image size-large\"><img loading=\"lazy\" decoding=\"async\" width=\"1024\" height=\"742\" src=\"https:\/\/etab.ac-reunion.fr\/lyc-leconte-de-lisle\/wp-content\/uploads\/sites\/53\/2024\/01\/vh-1024x742.jpeg\" alt=\"\" class=\"wp-image-6270\" srcset=\"https:\/\/etab.ac-reunion.fr\/lyc-leconte-de-lisle\/wp-content\/uploads\/sites\/53\/2024\/01\/vh-1024x742.jpeg 1024w, https:\/\/etab.ac-reunion.fr\/lyc-leconte-de-lisle\/wp-content\/uploads\/sites\/53\/2024\/01\/vh-980x710.jpeg 980w, https:\/\/etab.ac-reunion.fr\/lyc-leconte-de-lisle\/wp-content\/uploads\/sites\/53\/2024\/01\/vh-480x348.jpeg 480w\" sizes=\"(min-width: 0px) and (max-width: 480px) 480px, (min-width: 481px) and (max-width: 980px) 980px, (min-width: 981px) 1024px, 100vw\" \/><\/figure>\n\n\n\n<h2 class=\"wp-block-heading\"><strong>EPREUVE D&rsquo;EVALUATION DES TRAVAUX D&rsquo;INITIATIVE PERSONNELLE ENCADRES (TIPE)<\/strong><\/h2>\n\n\n\n<p>L\u2019\u00e9preuve d\u2019\u00e9valuation des TIPE est organis\u00e9e en commun par le Concours Centrale-Sup\u00e9lec, le Concours Commun INP, le Concours Commun Mines-Ponts et la Banque fili\u00e8re PT (Physique Technologie). Cette \u00e9preuve est \u00e9galement utilis\u00e9e par d\u2019autres concours. Lors de l\u2019\u00e9preuve sont \u00e9valu\u00e9es les qualit\u00e9s et les comp\u00e9tences d\u00e9velopp\u00e9es au cours de la formation CPGE. Vous trouverez toutes les informations utiles sur cette \u00e9preuve sur le site : <a href=\"https:\/\/www.scei-concours.fr\/tipe.php\">https:\/\/www.scei-concours.fr\/tipe.php<\/a><\/p>\n\n\n\n<p><strong>Pour la session 2025<\/strong>, les \u00e9tudiantes et \u00e9tudiants ont \u00e9t\u00e9 amen\u00e9s \u00e0 r\u00e9fl\u00e9chir sur le th\u00e8me :<\/p>\n\n\n\n<blockquote class=\"wp-block-quote is-layout-flow wp-block-quote-is-layout-flow\">\n<h1 class=\"wp-block-heading has-text-align-center\"><i>&nbsp;<em>Cycles, boucles<\/em><\/i><\/h1>\n<\/blockquote>\n\n\n\n<p><\/p>\n\n\n\n<h2 class=\"wp-block-heading\"><strong>PROGRAMME DE FRAN\u00c7AIS ET DE PHILOSOPHIE <\/strong><\/h2>\n\n\n\n<p>Comme chaque ann\u00e9e,&nbsp;<strong>l\u2019enseignement de fran\u00e7ais et de philosophie<\/strong>&nbsp;en&nbsp;CPGE scientifique&nbsp;repose sur un th\u00e8me bien d\u00e9termin\u00e9.<\/p>\n\n\n\n<p><strong>Pour l\u2019ann\u00e9e scolaire 2025-2026<\/strong>, les \u00e9tudiantes et \u00e9tudiants seront amen\u00e9s \u00e0 r\u00e9fl\u00e9chir sur le th\u00e8me :<\/p>\n\n\n\n<blockquote class=\"wp-block-quote is-layout-flow wp-block-quote-is-layout-flow\">\n<h1 class=\"wp-block-heading has-text-align-center\"><i><em>Exp\u00e9riences de la nature&nbsp;<\/em><\/i><\/h1>\n\n\n\n<p><\/p>\n<\/blockquote>\n\n\n\n<p>Cette th\u00e9matique sera \u00e9tudi\u00e9e \u00e0 travers&nbsp;<strong>une liste d\u2019\u0153uvres litt\u00e9raires et philosophiques :<\/strong><\/p>\n\n\n\n<ul class=\"wp-block-list\">\n<li><em>La connaissance de la vie, \u00ab&nbsp;Introduction : la pens\u00e9e et le vivant&nbsp;\u00bb, \u00ab&nbsp;I. M\u00e9thode&nbsp;\u00bb, \u00ab&nbsp;III. Philosophie \u2013 chapitres II, III, IV et V<\/em>&nbsp;\u00a0\u00bb&nbsp;<em>&nbsp;<\/em>(Georges CANGHILHEM)<\/li>\n\n\n\n<li><em>Vingt mille lieues sous les mers&nbsp;<\/em>(Jules VERNE)<\/li>\n\n\n\n<li><em>Le mur invisible&nbsp;<\/em>(Marlen HAUSHOFER) \u2013 Traduction de Liselotte Bodo et Jacqueline Chambon.<\/li>\n<\/ul>\n\n\n\n<h2 class=\"wp-block-heading\"><strong>UN POINT SUR LES LANGUES VIVANTES<\/strong><\/h2>\n\n\n\n<p>Un enseignement de LV2 facultative (2h\/semaine) est propos\u00e9 pour toutes les classes. Ce choix est conseill\u00e9 \u00e0 tous les \u00e9l\u00e8ves ayant un go\u00fbt pour les langues car ces cours permettent d&rsquo;obtenir un meilleur classement au concours via l&rsquo;\u00e9preuve facultative de LV2, sans parler des avantages sur le march\u00e9 du travail.<br><br>Toute \u00e9cole exigera de ses futurs \u00e9l\u00e8ves la ma\u00eetrise de l\u2019anglais, mais,&nbsp;<strong>aucune ne leur demandera de pr\u00e9senter l\u2019anglais en LV1 aux concours de recrutement<\/strong>. En classe pr\u00e9paratoire, il est&nbsp; donc parfaitement possible de garder en LV1 une autre langue vivante&nbsp;que l\u2019anglais, l\u2019essentiel \u00e9tant d\u2019avoir acquis, au bout de deux ans,&nbsp; un bon niveau de comp\u00e9tence dans deux langues.<\/p>\n\n\n\n<ul class=\"wp-block-list\">\n<li>D\u2019un point de vue strat\u00e9gique, il peut \u00eatre int\u00e9ressant de pr\u00e9senter aux concours en LV1 une&nbsp;autre langue que l\u2019anglais. Un candidat ayant choisi allemand ou espagnol avec un bon niveau en LV1 pourra se d\u00e9marquer plus facilement des autres candidats et aura toutes les chances d\u2019obtenir une note satisfaisante, voire tr\u00e8s satisfaisante, ce qui pourra faire la diff\u00e9rence pour le r\u00e9sultat final.<\/li>\n<\/ul>\n\n\n\n<ul class=\"wp-block-list\">\n<li>Vous b\u00e9n\u00e9ficiez d&rsquo; un suivi individualis\u00e9. En deux ans, vous pouvez, dans une ambiance de travail intensive, mais toujours chaleureuse, acqu\u00e9rir sereinement les principales comp\u00e9tences requises aux concours&nbsp;et ma\u00eetriseront les diff\u00e9rents types d\u2019\u00e9preuves propos\u00e9es.<\/li>\n\n\n\n<li>Vous profitez aussi de l&rsquo;existence d\u2019un CDI bien fourni&nbsp;en livres, revues et p\u00e9riodiques en langues vivantes.<\/li>\n<\/ul>\n\n\n\n<p>Plus de d\u00e9tails : <a href=\"https:\/\/prepas.org\/\">https:\/\/prepas.org\/<\/a><\/p>\n\n\n\n<h2 class=\"wp-block-heading\">Suivez-nous sur les r\u00e9seaux sociaux <\/h2>\n\n\n\n<ul class=\"wp-block-social-links is-layout-flex wp-block-social-links-is-layout-flex\"><li class=\"wp-social-link wp-social-link-linkedin  wp-block-social-link\"><a href=\"https:\/\/www.linkedin.com\/in\/cpge-scientifiques-lyc%C3%A9e-leconte-de-lisle-a88a0425a\/\" class=\"wp-block-social-link-anchor\"><svg width=\"24\" height=\"24\" viewBox=\"0 0 24 24\" version=\"1.1\" xmlns=\"http:\/\/www.w3.org\/2000\/svg\" aria-hidden=\"true\" focusable=\"false\"><path d=\"M19.7,3H4.3C3.582,3,3,3.582,3,4.3v15.4C3,20.418,3.582,21,4.3,21h15.4c0.718,0,1.3-0.582,1.3-1.3V4.3 C21,3.582,20.418,3,19.7,3z M8.339,18.338H5.667v-8.59h2.672V18.338z M7.004,8.574c-0.857,0-1.549-0.694-1.549-1.548 c0-0.855,0.691-1.548,1.549-1.548c0.854,0,1.547,0.694,1.547,1.548C8.551,7.881,7.858,8.574,7.004,8.574z M18.339,18.338h-2.669 v-4.177c0-0.996-0.017-2.278-1.387-2.278c-1.389,0-1.601,1.086-1.601,2.206v4.249h-2.667v-8.59h2.559v1.174h0.037 c0.356-0.675,1.227-1.387,2.526-1.387c2.703,0,3.203,1.779,3.203,4.092V18.338z\"><\/path><\/svg><span class=\"wp-block-social-link-label screen-reader-text\">LinkedIn<\/span><\/a><\/li>\n\n<li class=\"wp-social-link wp-social-link-instagram  wp-block-social-link\"><a href=\"https:\/\/www.instagram.com\/lllcpgescientifiques\/\" class=\"wp-block-social-link-anchor\"><svg width=\"24\" height=\"24\" viewBox=\"0 0 24 24\" version=\"1.1\" xmlns=\"http:\/\/www.w3.org\/2000\/svg\" aria-hidden=\"true\" focusable=\"false\"><path d=\"M12,4.622c2.403,0,2.688,0.009,3.637,0.052c0.877,0.04,1.354,0.187,1.671,0.31c0.42,0.163,0.72,0.358,1.035,0.673 c0.315,0.315,0.51,0.615,0.673,1.035c0.123,0.317,0.27,0.794,0.31,1.671c0.043,0.949,0.052,1.234,0.052,3.637 s-0.009,2.688-0.052,3.637c-0.04,0.877-0.187,1.354-0.31,1.671c-0.163,0.42-0.358,0.72-0.673,1.035 c-0.315,0.315-0.615,0.51-1.035,0.673c-0.317,0.123-0.794,0.27-1.671,0.31c-0.949,0.043-1.233,0.052-3.637,0.052 s-2.688-0.009-3.637-0.052c-0.877-0.04-1.354-0.187-1.671-0.31c-0.42-0.163-0.72-0.358-1.035-0.673 c-0.315-0.315-0.51-0.615-0.673-1.035c-0.123-0.317-0.27-0.794-0.31-1.671C4.631,14.688,4.622,14.403,4.622,12 s0.009-2.688,0.052-3.637c0.04-0.877,0.187-1.354,0.31-1.671c0.163-0.42,0.358-0.72,0.673-1.035 c0.315-0.315,0.615-0.51,1.035-0.673c0.317-0.123,0.794-0.27,1.671-0.31C9.312,4.631,9.597,4.622,12,4.622 M12,3 C9.556,3,9.249,3.01,8.289,3.054C7.331,3.098,6.677,3.25,6.105,3.472C5.513,3.702,5.011,4.01,4.511,4.511 c-0.5,0.5-0.808,1.002-1.038,1.594C3.25,6.677,3.098,7.331,3.054,8.289C3.01,9.249,3,9.556,3,12c0,2.444,0.01,2.751,0.054,3.711 c0.044,0.958,0.196,1.612,0.418,2.185c0.23,0.592,0.538,1.094,1.038,1.594c0.5,0.5,1.002,0.808,1.594,1.038 c0.572,0.222,1.227,0.375,2.185,0.418C9.249,20.99,9.556,21,12,21s2.751-0.01,3.711-0.054c0.958-0.044,1.612-0.196,2.185-0.418 c0.592-0.23,1.094-0.538,1.594-1.038c0.5-0.5,0.808-1.002,1.038-1.594c0.222-0.572,0.375-1.227,0.418-2.185 C20.99,14.751,21,14.444,21,12s-0.01-2.751-0.054-3.711c-0.044-0.958-0.196-1.612-0.418-2.185c-0.23-0.592-0.538-1.094-1.038-1.594 c-0.5-0.5-1.002-0.808-1.594-1.038c-0.572-0.222-1.227-0.375-2.185-0.418C14.751,3.01,14.444,3,12,3L12,3z M12,7.378 c-2.552,0-4.622,2.069-4.622,4.622S9.448,16.622,12,16.622s4.622-2.069,4.622-4.622S14.552,7.378,12,7.378z M12,15 c-1.657,0-3-1.343-3-3s1.343-3,3-3s3,1.343,3,3S13.657,15,12,15z M16.804,6.116c-0.596,0-1.08,0.484-1.08,1.08 s0.484,1.08,1.08,1.08c0.596,0,1.08-0.484,1.08-1.08S17.401,6.116,16.804,6.116z\"><\/path><\/svg><span class=\"wp-block-social-link-label screen-reader-text\">Instagram<\/span><\/a><\/li>\n\n<li class=\"wp-social-link wp-social-link-facebook  wp-block-social-link\"><a href=\"https:\/\/www.facebook.com\/profile.php?id=100076443611453\" class=\"wp-block-social-link-anchor\"><svg width=\"24\" height=\"24\" viewBox=\"0 0 24 24\" version=\"1.1\" xmlns=\"http:\/\/www.w3.org\/2000\/svg\" aria-hidden=\"true\" focusable=\"false\"><path d=\"M12 2C6.5 2 2 6.5 2 12c0 5 3.7 9.1 8.4 9.9v-7H7.9V12h2.5V9.8c0-2.5 1.5-3.9 3.8-3.9 1.1 0 2.2.2 2.2.2v2.5h-1.3c-1.2 0-1.6.8-1.6 1.6V12h2.8l-.4 2.9h-2.3v7C18.3 21.1 22 17 22 12c0-5.5-4.5-10-10-10z\"><\/path><\/svg><span class=\"wp-block-social-link-label screen-reader-text\">Facebook<\/span><\/a><\/li>\n\n<li class=\"wp-social-link wp-social-link-youtube  wp-block-social-link\"><a href=\"https:\/\/www.youtube.com\/@cpgescientifiques-lll\" class=\"wp-block-social-link-anchor\"><svg width=\"24\" height=\"24\" viewBox=\"0 0 24 24\" version=\"1.1\" xmlns=\"http:\/\/www.w3.org\/2000\/svg\" aria-hidden=\"true\" focusable=\"false\"><path d=\"M21.8,8.001c0,0-0.195-1.378-0.795-1.985c-0.76-0.797-1.613-0.801-2.004-0.847c-2.799-0.202-6.997-0.202-6.997-0.202 h-0.009c0,0-4.198,0-6.997,0.202C4.608,5.216,3.756,5.22,2.995,6.016C2.395,6.623,2.2,8.001,2.2,8.001S2,9.62,2,11.238v1.517 c0,1.618,0.2,3.237,0.2,3.237s0.195,1.378,0.795,1.985c0.761,0.797,1.76,0.771,2.205,0.855c1.6,0.153,6.8,0.201,6.8,0.201 s4.203-0.006,7.001-0.209c0.391-0.047,1.243-0.051,2.004-0.847c0.6-0.607,0.795-1.985,0.795-1.985s0.2-1.618,0.2-3.237v-1.517 C22,9.62,21.8,8.001,21.8,8.001z M9.935,14.594l-0.001-5.62l5.404,2.82L9.935,14.594z\"><\/path><\/svg><span class=\"wp-block-social-link-label screen-reader-text\">YouTube<\/span><\/a><\/li><\/ul>\n","protected":false},"excerpt":{"rendered":"<p>Elles sont a destination des \u00e9l\u00e8ves ayant suivi une MPSI, MP2I ou une PCSI dans le but de pr\u00e9parer \u00e0 des concours d&rsquo;\u00e9coles d&rsquo;ing\u00e9nieures et d&rsquo;ing\u00e9nieurs regroup\u00e9es sous forme de banques ou d&rsquo;\u00e9coles sur le site https:\/\/www.scei-concours.fr\/concours.php : Ces trois fili\u00e8res sont \u00e0 destination des \u00e9l\u00e8ves d\u00e9tenteurs ou d\u00e9tentrices du bac qui souhaiteraient int\u00e9grer des [&hellip;]<\/p>\n","protected":false},"author":17510,"featured_media":0,"parent":0,"menu_order":0,"comment_status":"closed","ping_status":"closed","template":"","meta":{"_et_pb_use_builder":"","_et_pb_old_content":"","_et_gb_content_width":"","footnotes":""},"class_list":["post-3455","page","type-page","status-publish","hentry"],"_links":{"self":[{"href":"https:\/\/etab.ac-reunion.fr\/lyc-leconte-de-lisle\/wp-json\/wp\/v2\/pages\/3455","targetHints":{"allow":["GET"]}}],"collection":[{"href":"https:\/\/etab.ac-reunion.fr\/lyc-leconte-de-lisle\/wp-json\/wp\/v2\/pages"}],"about":[{"href":"https:\/\/etab.ac-reunion.fr\/lyc-leconte-de-lisle\/wp-json\/wp\/v2\/types\/page"}],"author":[{"embeddable":true,"href":"https:\/\/etab.ac-reunion.fr\/lyc-leconte-de-lisle\/wp-json\/wp\/v2\/users\/17510"}],"replies":[{"embeddable":true,"href":"https:\/\/etab.ac-reunion.fr\/lyc-leconte-de-lisle\/wp-json\/wp\/v2\/comments?post=3455"}],"version-history":[{"count":33,"href":"https:\/\/etab.ac-reunion.fr\/lyc-leconte-de-lisle\/wp-json\/wp\/v2\/pages\/3455\/revisions"}],"predecessor-version":[{"id":7158,"href":"https:\/\/etab.ac-reunion.fr\/lyc-leconte-de-lisle\/wp-json\/wp\/v2\/pages\/3455\/revisions\/7158"}],"wp:attachment":[{"href":"https:\/\/etab.ac-reunion.fr\/lyc-leconte-de-lisle\/wp-json\/wp\/v2\/media?parent=3455"}],"curies":[{"name":"wp","href":"https:\/\/api.w.org\/{rel}","templated":true}]}}