{"id":3457,"date":"2020-10-06T10:22:35","date_gmt":"2020-10-06T06:22:35","guid":{"rendered":"http:\/\/lycee-llisle.ac-reunion.fr\/?page_id=3457"},"modified":"2024-01-27T12:36:47","modified_gmt":"2024-01-27T08:36:47","slug":"livre-dor-temoignages","status":"publish","type":"page","link":"https:\/\/etab.ac-reunion.fr\/lyc-leconte-de-lisle\/livre-dor-temoignages\/","title":{"rendered":"Livre d&rsquo;or-T\u00e9moignages"},"content":{"rendered":"\n<p>Cha\u00eene youtube : <a href=\"https:\/\/www.youtube.com\/@cpgescientifiques-lll\">https:\/\/www.youtube.com\/@cpgescientifiques-lll<\/a><\/p>\n\n\n\n<h2 class=\"wp-block-heading\"><strong>FILIERE MP<\/strong> <\/h2>\n\n\n\n<ul class=\"wp-block-list\">\n<li>Lucas P. ENSISA 2023<\/li>\n<\/ul>\n\n\n\n<figure class=\"wp-block-embed is-type-video is-provider-youtube wp-block-embed-youtube wp-embed-aspect-16-9 wp-has-aspect-ratio\"><div class=\"wp-block-embed__wrapper\">\n<script>document.addEventListener('DOMContentLoaded', function() {(tarteaucitron.job = tarteaucitron.job || []).push('youtube');});<\/script><div class=\"youtube_player\" videoID=\"mFAjA-SjTPM\" width=\"100%\" height=\"100%\" style=\"height:50vw\" theme=\"light\" rel=\"0\" controls=\"1\" showinfo=\"1\" autoplay=\"0\"><\/div>\n<\/div><\/figure>\n\n\n\n<p><\/p>\n\n\n\n<blockquote class=\"wp-block-quote is-layout-flow wp-block-quote-is-layout-flow\">\n<p><strong>Gracia, \u00e9tudiante \u00e0 l&rsquo;EURIA (Brest), MP 2022<\/strong><\/p>\n<\/blockquote>\n\n\n\n<p>Initialement, la pr\u00e9pa ne faisait pas du tout partie de mes connaissances. Mon seul objectif \u00e9tait de poursuivre des \u00e9tudes scientifiques, centr\u00e9es sur les math\u00e9matiques ou la physique. En terminale, ma professeure de math\u00e9matiques m&rsquo;a conseill\u00e9 la pr\u00e9pa ; elle m&rsquo;a expliqu\u00e9 en d\u00e9tail son fonctionnement et m\u2019a convaincu de m&rsquo;y int\u00e9resser. J\u2019ai choisi la fili\u00e8re MPSI<br>parce que c\u2019est ce qui correspondait le mieux \u00e0 mes projets d\u2019avenir, ce qui m\u2019a ensuite conduit \u00e0 la fili\u00e8re MP. Quant au choix du lyc\u00e9e Leconte de Lisle, cela a surtout \u00e9t\u00e9 d\u00fb au fait que je n\u2019habite pas tr\u00e8s loin de celui-ci, mais aussi en raison de la qualit\u00e9 de la formation que ce lyc\u00e9e propose.<\/p>\n\n\n\n<p>Pour moi, la pr\u00e9pa a \u00e9t\u00e9 une exp\u00e9rience tr\u00e8s formatrice. Elle m\u2019a appris \u00e0 g\u00e9rer le stress li\u00e9 \u00e0 la charge de travail intense et \u00e0 travailler sous pression, ce que j\u2019ai pu exp\u00e9rimenter pleinement en faisant une CPGE. Les professeurs nous ont accompagn\u00e9s de pr\u00e8s pendant cette p\u00e9riode exigeante et nous ont apport\u00e9 un soutien constant. Nous, les \u00e9l\u00e8ves, avons cr\u00e9\u00e9 des liens solides, nous nous sommes entraid\u00e9s notamment pour les DM ou lorsque certains avaient mal compris une notion.<br>Passionn\u00e9e par l\u2019actuariat, j\u2019ai pass\u00e9 le concours BECEAS et j\u2019ai pu int\u00e9grer l\u2019\u00e9cole de mon choix : l\u2019EURIA, situ\u00e9e \u00e0 Brest.<br>Je recommande vivement la pr\u00e9pa scientifique au lyc\u00e9e Leconte de Lisle \u00e0 tous les \u00e9l\u00e8ves qui h\u00e9sitent sur leur orientation apr\u00e8s le bacc. Cette voie ouvre la porte \u00e0 de nombreuses opportunit\u00e9s avec diff\u00e9rents choix d&rsquo;\u00e9coles et renforce consid\u00e9rablement les connaissances scientifiques. <\/p>\n\n\n\n<p>Je voudrais particuli\u00e8rement encourager les filles \u00e0 suivre cette voie, car elles ne devraient pas h\u00e9siter \u00e0 se lancer dans les sciences. Les opportunit\u00e9s dans ce domaine sont vastes, et le fait d\u2019\u00eatre une fille ne devrait en aucun cas les d\u00e9courager.<\/p>\n\n\n\n<blockquote class=\"wp-block-quote is-layout-flow wp-block-quote-is-layout-flow\">\n<p><strong>Mon parcours en 180s, Adnane A., ing\u00e9nieur en science financi\u00e8re et assurance<\/strong><\/p>\n\n\n\n<p><\/p>\n<\/blockquote>\n\n\n\n<figure class=\"wp-block-video\"><video height=\"360\" style=\"aspect-ratio: 640 \/ 360;\" width=\"640\" controls src=\"https:\/\/etab.ac-reunion.fr\/lyc-leconte-de-lisle\/wp-content\/uploads\/sites\/53\/2023\/08\/Video-Adnane-1.mp4\"><\/video><\/figure>\n\n\n\n<p><\/p>\n\n\n\n<p><\/p>\n\n\n\n<blockquote class=\"wp-block-quote is-layout-flow wp-block-quote-is-layout-flow\">\n<p><strong>Mon parcours en 180s, Ary R., Centrale Marseille<\/strong> 2022<\/p>\n<\/blockquote>\n\n\n\n<figure class=\"wp-block-video\"><video height=\"480\" style=\"aspect-ratio: 848 \/ 480;\" width=\"848\" controls src=\"https:\/\/etab.ac-reunion.fr\/lyc-leconte-de-lisle\/wp-content\/uploads\/sites\/53\/2023\/08\/Video-Ary.mp4\"><\/video><\/figure>\n\n\n\n<p><\/p>\n\n\n\n<blockquote class=\"wp-block-quote is-layout-flow wp-block-quote-is-layout-flow\">\n<p><strong>Faustine, \u00e9tudiante en \u00e9cole d&rsquo;actuariat, MP 2022<\/strong><\/p>\n<\/blockquote>\n\n\n\n<p>Les CPGE ouvrent plusieurs portes, aujourd&rsquo;hui je vous parle de celle que j&rsquo;ai choisie. Mais tout d&rsquo;abord je vous explique mon parcours.<\/p>\n\n\n\n<p>De la primaire au lyc\u00e9e, une mati\u00e8re m&rsquo;a particuli\u00e8rement int\u00e9ress\u00e9e : les maths. La physique et la SVT m&rsquo;ont aussi plu. Ainsi, j&rsquo;aimais les sciences, surtout les maths et je ne savais pas quoi faire apr\u00e8s mon Bac. La pr\u00e9pa semblait ouvrir plus de portes qu&rsquo;elle n&rsquo;en fermait. J&rsquo;ai donc opt\u00e9 pour une MPSI (maths, physique, sciences de l&rsquo;ing\u00e9nieur) et une MP, \u00e0 Leconte de Lisle. Avec du recul, je suis contente d&rsquo;\u00eatre rest\u00e9e \u00e0 la R\u00e9union pendant ces ann\u00e9es. Mes proches ont jou\u00e9 un r\u00f4le cl\u00e9 dans cette aventure, ils m&rsquo;ont vraiment soutenue.<\/p>\n\n\n\n<p>Pour moi, ces ann\u00e9es ont \u00e9t\u00e9 une exp\u00e9rience intense et prenante. Il y a constamment des d\u00e9fis \u00e0 relever, des obstacles \u00e0 surmonter, il faut pers\u00e9v\u00e9rer et \u00eatre d\u00e9termin\u00e9 malgr\u00e9 les doutes. Il faut oser l&rsquo;effort. C&rsquo;est une immersion dans le monde des sciences. J&rsquo;en ressors grandie, d\u00e9termin\u00e9e et avec une grande capacit\u00e9 de travail. Je garde aussi quelques bons souvenirs de la pr\u00e9pa et notamment de la solidarit\u00e9 qui s&rsquo;y cr\u00e9e.<\/p>\n\n\n\n<p>Mes ann\u00e9es de pr\u00e9pa sont dor\u00e9navant termin\u00e9es et j&rsquo;en ressors surtout avec une id\u00e9e de ce que je voudrais faire plus tard. En effet, gr\u00e2ce \u00e0 des intervenants j&rsquo;ai d\u00e9couvert le m\u00e9tier d&rsquo;actuaire (application des maths aux questions d&rsquo;assurance, de comptabilit\u00e9, d&rsquo;analyse financi\u00e8re, \u2026). Le concours BECEAS donne acc\u00e8s aux \u00e9coles d&rsquo;actuariat dont celle que je vais int\u00e9grer \u00e0 la rentr\u00e9e. La pr\u00e9pa en vaut la peine, elle ouvre des portes, \u00e0 vous de choisir laquelle. Accrochez-vous !<\/p>\n\n\n\n<ul class=\"wp-block-list\">\n<li>Pierre J., Ing\u00e9nieur d\u00e9veloppement \u00e0 l&rsquo;Universit\u00e9 de la R\u00e9union <\/li>\n<\/ul>\n\n\n\n<figure class=\"wp-block-embed is-type-video is-provider-youtube wp-block-embed-youtube wp-embed-aspect-16-9 wp-has-aspect-ratio\"><div class=\"wp-block-embed__wrapper\">\n<script>document.addEventListener('DOMContentLoaded', function() {(tarteaucitron.job = tarteaucitron.job || []).push('youtube');});<\/script><div class=\"youtube_player\" videoID=\"-BxBVuUk1rQ\" width=\"100%\" height=\"100%\" style=\"height:50vw\" theme=\"light\" rel=\"0\" controls=\"1\" showinfo=\"1\" autoplay=\"0\"><\/div>\n<\/div><\/figure>\n\n\n\n<h2 class=\"wp-block-heading\"><strong>FILIERE PC<\/strong><\/h2>\n\n\n\n<ul class=\"wp-block-list\">\n<li>Emmanuelle D., ENS Ulm 2023 : <a href=\"https:\/\/www.ens.psl.eu\/continuer-apprendre-et-experimenter-grace-la-recherche\">https:\/\/www.ens.psl.eu\/continuer-apprendre-et-experimenter-grace-la-recherche<\/a><\/li>\n<\/ul>\n\n\n\n<ul class=\"wp-block-list\">\n<li>Claire V., Mines de Saint-\u00c9tienne 2023<\/li>\n<\/ul>\n\n\n\n<figure class=\"wp-block-embed is-type-video is-provider-youtube wp-block-embed-youtube wp-embed-aspect-16-9 wp-has-aspect-ratio\"><div class=\"wp-block-embed__wrapper\">\n<script>document.addEventListener('DOMContentLoaded', function() {(tarteaucitron.job = tarteaucitron.job || []).push('youtube');});<\/script><div class=\"youtube_player\" videoID=\"h7XUuEV7mRU\" width=\"100%\" height=\"100%\" style=\"height:50vw\" theme=\"light\" rel=\"0\" controls=\"1\" showinfo=\"1\" autoplay=\"0\"><\/div>\n<\/div><\/figure>\n\n\n\n<ul class=\"wp-block-list\">\n<li>Matthieu P. Magist\u00e8re de Physico-Chimie mol\u00e9culaire de Paris-Saclay<\/li>\n<\/ul>\n\n\n\n<figure class=\"wp-block-embed is-type-video is-provider-youtube wp-block-embed-youtube wp-embed-aspect-16-9 wp-has-aspect-ratio\"><div class=\"wp-block-embed__wrapper\">\n<script>document.addEventListener('DOMContentLoaded', function() {(tarteaucitron.job = tarteaucitron.job || []).push('youtube');});<\/script><div class=\"youtube_player\" videoID=\"h8Ni_IP1PjQ\" width=\"100%\" height=\"100%\" style=\"height:50vw\" theme=\"light\" rel=\"0\" controls=\"1\" showinfo=\"1\" autoplay=\"0\"><\/div>\n<\/div><\/figure>\n\n\n\n<ul class=\"wp-block-list\">\n<li>Matteo G., ESTACA 2022<\/li>\n<\/ul>\n\n\n\n<figure class=\"wp-block-embed is-type-video is-provider-youtube wp-block-embed-youtube wp-embed-aspect-16-9 wp-has-aspect-ratio\"><div class=\"wp-block-embed__wrapper\">\n<script>document.addEventListener('DOMContentLoaded', function() {(tarteaucitron.job = tarteaucitron.job || []).push('youtube');});<\/script><div class=\"youtube_player\" videoID=\"VwBihC9Udo0\" width=\"100%\" height=\"100%\" style=\"height:50vw\" theme=\"light\" rel=\"0\" controls=\"1\" showinfo=\"1\" autoplay=\"0\"><\/div>\n<\/div><\/figure>\n\n\n\n<ul class=\"wp-block-list\">\n<li>Elo\u00efse P., SIGMA Clermont 2022<\/li>\n<\/ul>\n\n\n\n<figure class=\"wp-block-embed is-type-video is-provider-youtube wp-block-embed-youtube wp-embed-aspect-16-9 wp-has-aspect-ratio\"><div class=\"wp-block-embed__wrapper\">\n<script>document.addEventListener('DOMContentLoaded', function() {(tarteaucitron.job = tarteaucitron.job || []).push('youtube');});<\/script><div class=\"youtube_player\" videoID=\"pgWmzznluoo\" width=\"100%\" height=\"100%\" style=\"height:50vw\" theme=\"light\" rel=\"0\" controls=\"1\" showinfo=\"1\" autoplay=\"0\"><\/div>\n<\/div><\/figure>\n\n\n\n<h2 class=\"wp-block-heading\"><strong>FILIERE PSI*<\/strong><\/h2>\n\n\n\n<ul class=\"wp-block-list\">\n<li>Imteyaz M. ENS Paris-Saclay 2023<\/li>\n<\/ul>\n\n\n\n<figure class=\"wp-block-embed is-type-video is-provider-youtube wp-block-embed-youtube wp-embed-aspect-16-9 wp-has-aspect-ratio\"><div class=\"wp-block-embed__wrapper\">\n<script>document.addEventListener('DOMContentLoaded', function() {(tarteaucitron.job = tarteaucitron.job || []).push('youtube');});<\/script><div class=\"youtube_player\" videoID=\"piBnYQwqoH0\" width=\"100%\" height=\"100%\" style=\"height:50vw\" theme=\"light\" rel=\"0\" controls=\"1\" showinfo=\"1\" autoplay=\"0\"><\/div>\n<\/div><\/figure>\n\n\n\n<ul class=\"wp-block-list\">\n<li>Justine C., Mines de Saint-\u00c9tienne 2023<\/li>\n<\/ul>\n\n\n\n<figure class=\"wp-block-embed is-type-video is-provider-youtube wp-block-embed-youtube wp-embed-aspect-16-9 wp-has-aspect-ratio\"><div class=\"wp-block-embed__wrapper\">\n<script>document.addEventListener('DOMContentLoaded', function() {(tarteaucitron.job = tarteaucitron.job || []).push('youtube');});<\/script><div class=\"youtube_player\" videoID=\"JFZjV6ZzE_0\" width=\"100%\" height=\"100%\" style=\"height:50vw\" theme=\"light\" rel=\"0\" controls=\"1\" showinfo=\"1\" autoplay=\"0\"><\/div>\n<\/div><\/figure>\n\n\n\n<ul class=\"wp-block-list\">\n<li>Brieuc D. Mines d&rsquo;Al\u00e8s 2022<\/li>\n<\/ul>\n\n\n\n<figure class=\"wp-block-embed is-type-video is-provider-youtube wp-block-embed-youtube wp-embed-aspect-16-9 wp-has-aspect-ratio\"><div class=\"wp-block-embed__wrapper\">\n<script>document.addEventListener('DOMContentLoaded', function() {(tarteaucitron.job = tarteaucitron.job || []).push('youtube');});<\/script><div class=\"youtube_player\" videoID=\"Lo4vsuCGdqE\" width=\"100%\" height=\"100%\" style=\"height:50vw\" theme=\"light\" rel=\"0\" controls=\"1\" showinfo=\"1\" autoplay=\"0\"><\/div>\n<\/div><\/figure>\n","protected":false},"excerpt":{"rendered":"<p>Cha\u00eene youtube : https:\/\/www.youtube.com\/@cpgescientifiques-lll FILIERE MP Gracia, \u00e9tudiante \u00e0 l&rsquo;EURIA (Brest), MP 2022 Initialement, la pr\u00e9pa ne faisait pas du tout partie de mes connaissances. Mon seul objectif \u00e9tait de poursuivre des \u00e9tudes scientifiques, centr\u00e9es sur les math\u00e9matiques ou la physique. En terminale, ma professeure de math\u00e9matiques m&rsquo;a conseill\u00e9 la pr\u00e9pa ; elle m&rsquo;a expliqu\u00e9 [&hellip;]<\/p>\n","protected":false},"author":17510,"featured_media":0,"parent":0,"menu_order":0,"comment_status":"closed","ping_status":"closed","template":"","meta":{"_et_pb_use_builder":"","_et_pb_old_content":"","_et_gb_content_width":"","footnotes":""},"class_list":["post-3457","page","type-page","status-publish","hentry"],"_links":{"self":[{"href":"https:\/\/etab.ac-reunion.fr\/lyc-leconte-de-lisle\/wp-json\/wp\/v2\/pages\/3457","targetHints":{"allow":["GET"]}}],"collection":[{"href":"https:\/\/etab.ac-reunion.fr\/lyc-leconte-de-lisle\/wp-json\/wp\/v2\/pages"}],"about":[{"href":"https:\/\/etab.ac-reunion.fr\/lyc-leconte-de-lisle\/wp-json\/wp\/v2\/types\/page"}],"author":[{"embeddable":true,"href":"https:\/\/etab.ac-reunion.fr\/lyc-leconte-de-lisle\/wp-json\/wp\/v2\/users\/17510"}],"replies":[{"embeddable":true,"href":"https:\/\/etab.ac-reunion.fr\/lyc-leconte-de-lisle\/wp-json\/wp\/v2\/comments?post=3457"}],"version-history":[{"count":30,"href":"https:\/\/etab.ac-reunion.fr\/lyc-leconte-de-lisle\/wp-json\/wp\/v2\/pages\/3457\/revisions"}],"predecessor-version":[{"id":6069,"href":"https:\/\/etab.ac-reunion.fr\/lyc-leconte-de-lisle\/wp-json\/wp\/v2\/pages\/3457\/revisions\/6069"}],"wp:attachment":[{"href":"https:\/\/etab.ac-reunion.fr\/lyc-leconte-de-lisle\/wp-json\/wp\/v2\/media?parent=3457"}],"curies":[{"name":"wp","href":"https:\/\/api.w.org\/{rel}","templated":true}]}}