{"id":4093,"date":"2021-05-09T08:38:45","date_gmt":"2021-05-09T04:38:45","guid":{"rendered":"http:\/\/lycee-llisle.ac-reunion.fr\/?page_id=4093"},"modified":"2025-06-23T12:32:35","modified_gmt":"2025-06-23T08:32:35","slug":"4093-2","status":"publish","type":"page","link":"https:\/\/etab.ac-reunion.fr\/lyc-leconte-de-lisle\/post-bac\/4093-2\/","title":{"rendered":"ERASMUS"},"content":{"rendered":"[et_pb_section fb_built=\u00a0\u00bb1&Prime; _builder_version=\u00a0\u00bb4.16&Prime; global_colors_info=\u00a0\u00bb{}\u00a0\u00bb][et_pb_row column_structure=\u00a0\u00bb2_5,3_5&Prime; _builder_version=\u00a0\u00bb4.27.2&Prime; _module_preset=\u00a0\u00bbdefault\u00a0\u00bb global_colors_info=\u00a0\u00bb{}\u00a0\u00bb][et_pb_column type=\u00a0\u00bb2_5&Prime; _builder_version=\u00a0\u00bb4.27.2&Prime; _module_preset=\u00a0\u00bbdefault\u00a0\u00bb global_colors_info=\u00a0\u00bb{}\u00a0\u00bb][et_pb_image src=\u00a0\u00bbhttps:\/\/etab.ac-reunion.fr\/lyc-leconte-de-lisle\/wp-content\/uploads\/sites\/53\/2024\/10\/erasmus-.jpg\u00a0\u00bb title_text=\u00a0\u00bberasmus +\u00a0\u00bb align=\u00a0\u00bbcenter\u00a0\u00bb _builder_version=\u00a0\u00bb4.27.2&Prime; _module_preset=\u00a0\u00bbdefault\u00a0\u00bb global_colors_info=\u00a0\u00bb{}\u00a0\u00bb][\/et_pb_image][\/et_pb_column][et_pb_column type=\u00a0\u00bb3_5&Prime; _builder_version=\u00a0\u00bb4.27.2&Prime; _module_preset=\u00a0\u00bbdefault\u00a0\u00bb global_colors_info=\u00a0\u00bb{}\u00a0\u00bb][et_pb_text _builder_version=\u00a0\u00bb4.27.2&Prime; text_font=\u00a0\u00bbArial||||||||\u00a0\u00bb text_font_size=\u00a0\u00bb20px\u00a0\u00bb background_size=\u00a0\u00bbinitial\u00a0\u00bb background_position=\u00a0\u00bbtop_left\u00a0\u00bb background_repeat=\u00a0\u00bbrepeat\u00a0\u00bb inline_fonts=\u00a0\u00bbArial\u00a0\u00bb global_colors_info=\u00a0\u00bb{}\u00a0\u00bb]<!-- divi:paragraph {\"backgroundColor\":\"vivid-cyan-blue\",\"textColor\":\"black\",\"fontSize\":\"huge\"} --><\/p>\n<p class=\"has-black-color has-vivid-cyan-blue-background-color has-text-color has-background has-huge-font-size\"><span style=\"font-family: Arial;font-weight: normal;font-size: x-large\"><strong>CHARTE ERASMUS 2021-2027<\/strong><\/span><\/p>\n<p><!-- \/divi:paragraph --><!-- divi:file {\"id\":4777,\"href\":\"http:\/\/wpetab.ac-reunion.fr\/leconte-de-lisle\/wp-content\/uploads\/sites\/53\/2021\/09\/Erasmus-Charter-for-Higher-Education.pdf\"} --><\/p>\n<div class=\"wp-block-file\"><a href=\"https:\/\/etab.ac-reunion.fr\/lyc-leconte-de-lisle\/wp-content\/uploads\/sites\/53\/2021\/09\/Erasmus-Charter-for-Higher-Education.pdf\">Erasmus Charter for Higher Education<\/a><a href=\"http:\/\/wpetab.ac-reunion.fr\/leconte-de-lisle\/wp-content\/uploads\/sites\/53\/2021\/09\/Erasmus-Charter-for-Higher-Education.pdf\" class=\"wp-block-file__button wp-element-button\">T\u00e9l\u00e9charger<\/a><\/div>\n<p><!-- \/divi:file -->[\/et_pb_text][\/et_pb_column][\/et_pb_row][\/et_pb_section][et_pb_section fb_built=\u00a0\u00bb1&Prime; _builder_version=\u00a0\u00bb4.25.1&Prime; _module_preset=\u00a0\u00bbdefault\u00a0\u00bb global_colors_info=\u00a0\u00bb{}\u00a0\u00bb][et_pb_row column_structure=\u00a0\u00bb3_5,2_5&Prime; _builder_version=\u00a0\u00bb4.25.1&Prime; _module_preset=\u00a0\u00bbdefault\u00a0\u00bb global_colors_info=\u00a0\u00bb{}\u00a0\u00bb][et_pb_column type=\u00a0\u00bb3_5&Prime; _builder_version=\u00a0\u00bb4.25.1&Prime; _module_preset=\u00a0\u00bbdefault\u00a0\u00bb global_colors_info=\u00a0\u00bb{}\u00a0\u00bb][et_pb_text _builder_version=\u00a0\u00bb4.27.4&Prime; _module_preset=\u00a0\u00bbdefault\u00a0\u00bb text_font=\u00a0\u00bbArial||||||||\u00a0\u00bb text_text_color=\u00a0\u00bb#0C71C3&Prime; hover_enabled=\u00a0\u00bb0&Prime; global_colors_info=\u00a0\u00bb{}\u00a0\u00bb sticky_enabled=\u00a0\u00bb0&Prime;]\n<p><strong>Depuis 2023, le Lyc\u00e9e Leconte de Lisle est un \u00e9tablissement accr\u00e9dit\u00e9 ERASMUS +.\u00a0 Cette<\/strong> <strong>accr\u00e9ditation soutient notre projet d&rsquo;\u00e9tablissement. Nos objectifs sont:<\/strong><\/p>\n<p><strong>&#8211; d\u00e9couvrir, vivre et promouvoir l&rsquo;Europe<\/strong><\/p>\n<p><strong>&#8211; cr\u00e9er une culture de la r\u00e9ussite<\/strong><\/p>\n<p><strong>&#8211; Inscrire l&rsquo;Education au D\u00e9veloppement Durable dans d&rsquo;ADN de notre \u00e9tablissement<\/strong><\/p>\n<p><strong>Chaque ann\u00e9e, nous organisons des mobilit\u00e9s d&rsquo;enseignants et de groupe d&rsquo;\u00e9l\u00e8ves en prenant en compte les crit\u00e8res d&rsquo;inclusion d\u00e9finis par la chartre Erasmus. Nous acceuillons \u00e9galement des coll\u00e8gues europ\u00e9ens en mobilit\u00e9 d&rsquo;observation. <\/strong><\/p>\n<p><strong>En 2024, le Lyc\u00e9e Leconte de Lisle a le plaisir de rejoindre le projet\u00a0<a href=\"https:\/\/endemics-reunion-canarie-bg5ilkw.gamma.site\/\">Endemic@s<\/a>\u00a0sous l&rsquo;invitation du lyc\u00e9e Marguerite Jauzelon.\u00a0<\/strong><\/p>\n<p>&nbsp;<\/p>\n<p>&nbsp;<\/p>\n[\/et_pb_text][\/et_pb_column][et_pb_column type=\u00a0\u00bb2_5&Prime; _builder_version=\u00a0\u00bb4.25.1&Prime; _module_preset=\u00a0\u00bbdefault\u00a0\u00bb global_colors_info=\u00a0\u00bb{}\u00a0\u00bb][et_pb_image src=\u00a0\u00bbhttps:\/\/etab.ac-reunion.fr\/lyc-leconte-de-lisle\/wp-content\/uploads\/sites\/53\/2024\/06\/accreditation.jpg\u00a0\u00bb title_text=\u00a0\u00bbaccreditation\u00a0\u00bb _builder_version=\u00a0\u00bb4.25.1&Prime; _module_preset=\u00a0\u00bbdefault\u00a0\u00bb global_colors_info=\u00a0\u00bb{}\u00a0\u00bb][\/et_pb_image][\/et_pb_column][\/et_pb_row][et_pb_row _builder_version=\u00a0\u00bb4.27.4&Prime; _module_preset=\u00a0\u00bbdefault\u00a0\u00bb][et_pb_column _builder_version=\u00a0\u00bb4.27.4&Prime; _module_preset=\u00a0\u00bbdefault\u00a0\u00bb type=\u00a0\u00bb4_4&Prime;][et_pb_image src=\u00a0\u00bbhttps:\/\/etab.ac-reunion.fr\/lyc-leconte-de-lisle\/wp-content\/uploads\/sites\/53\/2025\/06\/endemicas-logo.jpg\u00a0\u00bb _builder_version=\u00a0\u00bb4.27.4&Prime; _module_preset=\u00a0\u00bbdefault\u00a0\u00bb title_text=\u00a0\u00bbendemicas logo\u00a0\u00bb force_fullwidth=\u00a0\u00bbon\u00a0\u00bb show_in_lightbox=\u00a0\u00bbon\u00a0\u00bb hover_enabled=\u00a0\u00bb0&Prime; sticky_enabled=\u00a0\u00bb0&Prime; height=\u00a0\u00bb661px\u00a0\u00bb][\/et_pb_image][\/et_pb_column][\/et_pb_row][\/et_pb_section][et_pb_section fb_built=\u00a0\u00bb1&Prime; _builder_version=\u00a0\u00bb4.25.1&Prime; _module_preset=\u00a0\u00bbdefault\u00a0\u00bb global_colors_info=\u00a0\u00bb{}\u00a0\u00bb][et_pb_row column_structure=\u00a0\u00bb2_5,3_5&Prime; _builder_version=\u00a0\u00bb4.25.1&Prime; _module_preset=\u00a0\u00bbdefault\u00a0\u00bb global_colors_info=\u00a0\u00bb{}\u00a0\u00bb][et_pb_column type=\u00a0\u00bb2_5&Prime; _builder_version=\u00a0\u00bb4.25.1&Prime; _module_preset=\u00a0\u00bbdefault\u00a0\u00bb global_colors_info=\u00a0\u00bb{}\u00a0\u00bb][et_pb_image src=\u00a0\u00bbhttps:\/\/etab.ac-reunion.fr\/lyc-leconte-de-lisle\/wp-content\/uploads\/sites\/53\/2024\/06\/Image-irlande.jpg\u00a0\u00bb title_text=\u00a0\u00bbImage irlande\u00a0\u00bb _builder_version=\u00a0\u00bb4.25.1&Prime; _module_preset=\u00a0\u00bbdefault\u00a0\u00bb global_colors_info=\u00a0\u00bb{}\u00a0\u00bb][\/et_pb_image][\/et_pb_column][et_pb_column type=\u00a0\u00bb3_5&Prime; _builder_version=\u00a0\u00bb4.25.1&Prime; _module_preset=\u00a0\u00bbdefault\u00a0\u00bb global_colors_info=\u00a0\u00bb{}\u00a0\u00bb][et_pb_text _builder_version=\u00a0\u00bb4.25.1&Prime; _module_preset=\u00a0\u00bbdefault\u00a0\u00bb text_font=\u00a0\u00bbArial||||||||\u00a0\u00bb global_colors_info=\u00a0\u00bb{}\u00a0\u00bb]\n<div><b>\u00c9change avec 2 lyc\u00e9es en Irlande<\/b><\/div>\n<div><b>\u00a0<\/b><\/div>\n<div><b>Gr\u00e2ce \u00e0 ERASMUS, 19 \u00e9l\u00e8ves de secondes ont b\u00e9n\u00e9fici\u00e9 d&rsquo;un voyage de 8 jours en Irlande en mai 2024.<\/b><\/div>\n<div><b>&lsquo;Nous avons rencontr\u00e9 des \u00e9l\u00e8ves de notre \u00e2ge, dans un lyc\u00e9e priv\u00e9 de gar\u00e7ons: PBC Cork et un lyc\u00e9e mixte CET.&rsquo;<\/b><\/div>\n<div><b>La belle r\u00e9gion de Cork, son histoire, sa population sont maintenant connues de ces jeunes, qui peuvent servir d&rsquo;ambassadeurs aupr\u00e8s de leurs camarades. Une source de solidit\u00e9 pour leurs \u00e9tudes, d&rsquo;ouverture au monde et de motivation pour poursuivre en DNL.<\/b><b>\u00a0Nous avons men\u00e9 cette mobilit\u00e9 comme action KA121.<\/b><\/div>\n<div><b>Merci l&rsquo;Europe!<\/b><\/div>\n<div><b>\u00a0<\/b><\/div>\n<div><b>Image: Notre visite de Cork University (UCC).<\/b><\/div>\n[\/et_pb_text][\/et_pb_column][\/et_pb_row][\/et_pb_section][et_pb_section fb_built=\u00a0\u00bb1&Prime; _builder_version=\u00a0\u00bb4.25.1&Prime; _module_preset=\u00a0\u00bbdefault\u00a0\u00bb global_colors_info=\u00a0\u00bb{}\u00a0\u00bb][et_pb_row column_structure=\u00a0\u00bb1_5,1_5,3_5&Prime; _builder_version=\u00a0\u00bb4.25.1&Prime; _module_preset=\u00a0\u00bbdefault\u00a0\u00bb global_colors_info=\u00a0\u00bb{}\u00a0\u00bb][et_pb_column type=\u00a0\u00bb1_5&Prime; _builder_version=\u00a0\u00bb4.25.1&Prime; _module_preset=\u00a0\u00bbdefault\u00a0\u00bb global_colors_info=\u00a0\u00bb{}\u00a0\u00bb][et_pb_image src=\u00a0\u00bbhttps:\/\/etab.ac-reunion.fr\/lyc-leconte-de-lisle\/wp-content\/uploads\/sites\/53\/2024\/06\/mundet.jpg\u00a0\u00bb title_text=\u00a0\u00bbmundet\u00a0\u00bb _builder_version=\u00a0\u00bb4.25.1&Prime; _module_preset=\u00a0\u00bbdefault\u00a0\u00bb module_alignment=\u00a0\u00bbcenter\u00a0\u00bb global_colors_info=\u00a0\u00bb{}\u00a0\u00bb][\/et_pb_image][\/et_pb_column][et_pb_column type=\u00a0\u00bb1_5&Prime; _builder_version=\u00a0\u00bb4.25.1&Prime; _module_preset=\u00a0\u00bbdefault\u00a0\u00bb global_colors_info=\u00a0\u00bb{}\u00a0\u00bb][et_pb_image src=\u00a0\u00bbhttps:\/\/etab.ac-reunion.fr\/lyc-leconte-de-lisle\/wp-content\/uploads\/sites\/53\/2024\/06\/IMG-20231029-WA0004.jpg\u00a0\u00bb title_text=\u00a0\u00bbIMG-20231029-WA0004&Prime; _builder_version=\u00a0\u00bb4.25.1&Prime; _module_preset=\u00a0\u00bbdefault\u00a0\u00bb global_colors_info=\u00a0\u00bb{}\u00a0\u00bb][\/et_pb_image][\/et_pb_column][et_pb_column type=\u00a0\u00bb3_5&Prime; _builder_version=\u00a0\u00bb4.25.1&Prime; _module_preset=\u00a0\u00bbdefault\u00a0\u00bb global_colors_info=\u00a0\u00bb{}\u00a0\u00bb][et_pb_text _builder_version=\u00a0\u00bb4.25.1&Prime; _module_preset=\u00a0\u00bbdefault\u00a0\u00bb global_colors_info=\u00a0\u00bb{}\u00a0\u00bb]\n<p><strong>Un partenariat a \u00e9t\u00e9 sign\u00e9 avec l&rsquo;IES Ana Gironella de Mundet \u00e0 Barcelone (Espagne) et 15 \u00e9l\u00e8ves du Lyc\u00e9e Leconte de Lisle ont eu l&rsquo;opportunit\u00e9 de travailler avec les \u00e9l\u00e8ves catalans sur le th\u00e8me de l&rsquo;\u00e9galit\u00e9 des genres entre le 20 et le 31 octobre 2023. <br \/><\/strong><\/p>\n<p><strong>Cette mobilit\u00e9 s&rsquo;est faite gr\u00e2ce \u00e0 une action KA-122.<\/strong><\/p>\n<p><strong><\/strong><\/p>\n<p><strong>Ce fut une belle exp\u00e9rience qui devrait se renouveler gr\u00e2ce \u00e0 l&rsquo;obtention de notre accr\u00e9ditation. <br \/><\/strong><\/p>\n<p>&nbsp;<\/p>\n<p>&nbsp;<\/p>\n<p>&nbsp;<\/p>\n<p>&nbsp;<\/p>\n[\/et_pb_text][\/et_pb_column][\/et_pb_row][\/et_pb_section]\n","protected":false},"excerpt":{"rendered":"<p>CHARTE ERASMUS 2021-2027 Erasmus Charter for Higher EducationT\u00e9l\u00e9charger Depuis 2023, le Lyc\u00e9e Leconte de Lisle est un \u00e9tablissement accr\u00e9dit\u00e9 ERASMUS +.\u00a0 Cette accr\u00e9ditation soutient notre projet d&rsquo;\u00e9tablissement. Nos objectifs sont: &#8211; d\u00e9couvrir, vivre et promouvoir l&rsquo;Europe &#8211; cr\u00e9er une culture de la r\u00e9ussite &#8211; Inscrire l&rsquo;Education au D\u00e9veloppement Durable dans d&rsquo;ADN de notre \u00e9tablissement Chaque [&hellip;]<\/p>\n","protected":false},"author":17510,"featured_media":4095,"parent":155,"menu_order":0,"comment_status":"closed","ping_status":"closed","template":"","meta":{"_et_pb_use_builder":"on","_et_pb_old_content":"<!-- wp:paragraph {\"backgroundColor\":\"vivid-cyan-blue\",\"textColor\":\"black\",\"fontSize\":\"huge\"} -->\n<p class=\"has-black-color has-vivid-cyan-blue-background-color has-text-color has-background has-huge-font-size\"><strong>CHARTE ERASMUS 2021-2027<\/strong><\/p>\n<!-- \/wp:paragraph -->\n\n<!-- wp:file {\"id\":4777,\"href\":\"http:\/\/wpetab.ac-reunion.fr\/leconte-de-lisle\/wp-content\/uploads\/sites\/53\/2021\/09\/Erasmus-Charter-for-Higher-Education.pdf\"} -->\n<div class=\"wp-block-file\"><a href=\"https:\/\/etab.ac-reunion.fr\/lyc-leconte-de-lisle\/wp-content\/uploads\/sites\/53\/2021\/09\/Erasmus-Charter-for-Higher-Education.pdf\">Erasmus Charter for Higher Education<\/a><a href=\"http:\/\/wpetab.ac-reunion.fr\/leconte-de-lisle\/wp-content\/uploads\/sites\/53\/2021\/09\/Erasmus-Charter-for-Higher-Education.pdf\" class=\"wp-block-file__button wp-element-button\" download>T\u00e9l\u00e9charger<\/a><\/div>\n<!-- \/wp:file -->","_et_gb_content_width":"","footnotes":""},"class_list":["post-4093","page","type-page","status-publish","has-post-thumbnail","hentry"],"_links":{"self":[{"href":"https:\/\/etab.ac-reunion.fr\/lyc-leconte-de-lisle\/wp-json\/wp\/v2\/pages\/4093","targetHints":{"allow":["GET"]}}],"collection":[{"href":"https:\/\/etab.ac-reunion.fr\/lyc-leconte-de-lisle\/wp-json\/wp\/v2\/pages"}],"about":[{"href":"https:\/\/etab.ac-reunion.fr\/lyc-leconte-de-lisle\/wp-json\/wp\/v2\/types\/page"}],"author":[{"embeddable":true,"href":"https:\/\/etab.ac-reunion.fr\/lyc-leconte-de-lisle\/wp-json\/wp\/v2\/users\/17510"}],"replies":[{"embeddable":true,"href":"https:\/\/etab.ac-reunion.fr\/lyc-leconte-de-lisle\/wp-json\/wp\/v2\/comments?post=4093"}],"version-history":[{"count":14,"href":"https:\/\/etab.ac-reunion.fr\/lyc-leconte-de-lisle\/wp-json\/wp\/v2\/pages\/4093\/revisions"}],"predecessor-version":[{"id":6871,"href":"https:\/\/etab.ac-reunion.fr\/lyc-leconte-de-lisle\/wp-json\/wp\/v2\/pages\/4093\/revisions\/6871"}],"up":[{"embeddable":true,"href":"https:\/\/etab.ac-reunion.fr\/lyc-leconte-de-lisle\/wp-json\/wp\/v2\/pages\/155"}],"wp:featuredmedia":[{"embeddable":true,"href":"https:\/\/etab.ac-reunion.fr\/lyc-leconte-de-lisle\/wp-json\/wp\/v2\/media\/4095"}],"wp:attachment":[{"href":"https:\/\/etab.ac-reunion.fr\/lyc-leconte-de-lisle\/wp-json\/wp\/v2\/media?parent=4093"}],"curies":[{"name":"wp","href":"https:\/\/api.w.org\/{rel}","templated":true}]}}