{"id":530,"date":"2014-06-25T15:15:56","date_gmt":"2014-06-25T11:15:56","guid":{"rendered":"http:\/\/lycee-llisle.ac-reunion.fr\/?page_id=530"},"modified":"2014-06-25T15:21:07","modified_gmt":"2014-06-25T11:21:07","slug":"leconte-de-lisle","status":"publish","type":"page","link":"https:\/\/etab.ac-reunion.fr\/lyc-leconte-de-lisle\/leconte-de-lisle\/","title":{"rendered":"Leconte de Lisle"},"content":{"rendered":"<p style=\"line-height: 1.5em;margin: 0.4em 0px 0.5em 0px\"><span class='et-dropcap' style=\"flat\">C<\/span>harles Marie Ren\u00e9\u00a0<strong>Leconte de Lisle<\/strong>\u00a0est un\u00a0<a style=\"text-decoration: none;color: #0645ad;background-color: initial\" title=\"Po\u00e8te\" href=\"http:\/\/fr.wikipedia.org\/wiki\/Po%C3%A8te\">po\u00e8te<\/a>\u00a0<a style=\"text-decoration: none;color: #0645ad;background-color: initial\" title=\"France\" href=\"http:\/\/fr.wikipedia.org\/wiki\/France\">fran\u00e7ais<\/a>, n\u00e9 le\u00a0<a style=\"text-decoration: none;color: #0645ad;background-color: initial\" title=\"22 octobre\" href=\"http:\/\/fr.wikipedia.org\/wiki\/22_octobre\">22<\/a>\u00a0<a style=\"text-decoration: none;color: #0645ad;background-color: initial\" title=\"Octobre\" href=\"http:\/\/fr.wikipedia.org\/wiki\/Octobre\">octobre<\/a>\u00a0<a style=\"text-decoration: none;color: #0645ad;background-color: initial\" title=\"1818\" href=\"http:\/\/fr.wikipedia.org\/wiki\/1818\">1818<\/a>\u00a0\u00e0\u00a0<a style=\"text-decoration: none;color: #0645ad;background-color: initial\" title=\"Saint-Paul (La R\u00e9union)\" href=\"http:\/\/fr.wikipedia.org\/wiki\/Saint-Paul_%28La_R%C3%A9union%29\">Saint-Paul<\/a>\u00a0sur l\u2019<a style=\"text-decoration: none;color: #0645ad;background-color: initial\" title=\"La R\u00e9union\" href=\"http:\/\/fr.wikipedia.org\/wiki\/La_R%C3%A9union\">\u00cele Bourbon<\/a>\u00a0et mort le\u00a0<a style=\"text-decoration: none;color: #0645ad;background-color: initial\" title=\"17 juillet\" href=\"http:\/\/fr.wikipedia.org\/wiki\/17_juillet\">17<\/a>\u00a0<a style=\"text-decoration: none;color: #0645ad;background-color: initial\" title=\"Juillet\" href=\"http:\/\/fr.wikipedia.org\/wiki\/Juillet\">juillet<\/a>\u00a0<a style=\"text-decoration: none;color: #0645ad;background-color: initial\" title=\"1894\" href=\"http:\/\/fr.wikipedia.org\/wiki\/1894\">1894<\/a>\u00a0\u00e0\u00a0<a style=\"text-decoration: none;color: #0645ad;background-color: initial\" title=\"Voisins (Louveciennes)\" href=\"http:\/\/fr.wikipedia.org\/wiki\/Voisins_%28Louveciennes%29\">Voisins<\/a>.<\/p>\n<p style=\"line-height: 1.5em;margin: 0.4em 0px 0.5em 0px\"><img loading=\"lazy\" decoding=\"async\" class=\"size-full wp-image-534 alignright\" src=\"https:\/\/etab.ac-reunion.fr\/lyc-leconte-de-lisle\/wp-content\/uploads\/sites\/53\/2014\/06\/Leconte_de_lisle.jpg\" alt=\"Leconte_de_lisle\" width=\"155\" height=\"155\" srcset=\"https:\/\/etab.ac-reunion.fr\/lyc-leconte-de-lisle\/wp-content\/uploads\/sites\/53\/2014\/06\/Leconte_de_lisle.jpg 155w, https:\/\/etab.ac-reunion.fr\/lyc-leconte-de-lisle\/wp-content\/uploads\/sites\/53\/2014\/06\/Leconte_de_lisle-130x130.jpg 130w, https:\/\/etab.ac-reunion.fr\/lyc-leconte-de-lisle\/wp-content\/uploads\/sites\/53\/2014\/06\/Leconte_de_lisle-67x67.jpg 67w, https:\/\/etab.ac-reunion.fr\/lyc-leconte-de-lisle\/wp-content\/uploads\/sites\/53\/2014\/06\/Leconte_de_lisle-40x40.jpg 40w\" sizes=\"(max-width: 155px) 100vw, 155px\" \/><\/p>\n<p style=\"line-height: 1.5em;margin: 0.4em 0px 0.5em 0px\">Il est connu sous son seul nom de famille\u00a0<em>Leconte de Lisle<\/em>, sans mentionner de pr\u00e9nom, qu\u2019il adopta comme nom de plume\u00a0: c\u2019est notamment le cas dans les \u00e9ditions de ses \u0153uvres, dans sa correspondance<sup id=\"cite_ref-2\" class=\"reference\" style=\"line-height: 1em;vertical-align: text-top;font-size: 0.8em;padding-left: 1px;font-weight: normal;font-style: normal\"><a style=\"text-decoration: none;color: #0645ad;background-color: initial\" href=\"http:\/\/fr.wikipedia.org\/wiki\/Leconte_de_Lisle#cite_note-2\">n 3<\/a><\/sup>, ainsi que dans la plupart des livres et anthologies qui lui sont consacr\u00e9s. C\u2019est pourquoi c\u2019est ce nom qui est utilis\u00e9 dans la suite de l\u2019article. Son pr\u00e9nom usuel, utilis\u00e9 par ses proches, \u00e9tait \u00ab\u00a0Charles\u00a0\u00bb.<\/p>\n<p style=\"line-height: 1.5em;margin: 0.4em 0px 0.5em 0px\">Leconte de Lisle passa son enfance \u00e0 l\u2019<a class=\"mw-redirect\" style=\"text-decoration: none;color: #0645ad;background-color: initial\" title=\"\u00cele Bourbon\" href=\"http:\/\/fr.wikipedia.org\/wiki\/%C3%8Ele_Bourbon\">\u00eele Bourbon<\/a>\u00a0et en\u00a0<a style=\"text-decoration: none;color: #0645ad;background-color: initial\" title=\"Bretagne\" href=\"http:\/\/fr.wikipedia.org\/wiki\/Bretagne\">Bretagne<\/a>. En 1845, il se fixa \u00e0 Paris. Apr\u00e8s quelques vell\u00e9it\u00e9s lors des \u00e9v\u00e9nements de 1848, il renon\u00e7a \u00e0 l\u2019action politique et se consacra enti\u00e8rement \u00e0 la po\u00e9sie.<\/p>\n<p style=\"line-height: 1.5em;margin: 0.4em 0px 0.5em 0px\">Son \u0153uvre est domin\u00e9e par trois recueils de po\u00e9sie,\u00a0<em><a style=\"text-decoration: none;color: #0645ad;background-color: initial\" title=\"Po\u00e8mes antiques\" href=\"http:\/\/fr.wikipedia.org\/wiki\/Po%C3%A8mes_antiques\">Po\u00e8mes antiques<\/a><\/em>\u00a0(<a style=\"text-decoration: none;color: #0645ad;background-color: initial\" title=\"1852\" href=\"http:\/\/fr.wikipedia.org\/wiki\/1852\">1852<\/a>),\u00a0<em><a style=\"text-decoration: none;color: #0645ad;background-color: initial\" title=\"Po\u00e8mes barbares\" href=\"http:\/\/fr.wikipedia.org\/wiki\/Po%C3%A8mes_barbares\">Po\u00e8mes barbares<\/a><\/em>\u00a0(<a style=\"text-decoration: none;color: #0645ad;background-color: initial\" title=\"1862\" href=\"http:\/\/fr.wikipedia.org\/wiki\/1862\">1862<\/a>) et\u00a0<em><a style=\"text-decoration: none;color: #0645ad;background-color: initial\" title=\"Po\u00e8mes tragiques\" href=\"http:\/\/fr.wikipedia.org\/wiki\/Po%C3%A8mes_tragiques\">Po\u00e8mes tragiques<\/a><\/em>\u00a0(<a style=\"text-decoration: none;color: #0645ad;background-color: initial\" title=\"1884\" href=\"http:\/\/fr.wikipedia.org\/wiki\/1884\">1884<\/a>), ainsi que par ses traductions d\u2019auteurs anciens<sup id=\"cite_ref-3\" class=\"reference\" style=\"line-height: 1em;vertical-align: text-top;font-size: 0.8em;padding-left: 1px;font-weight: normal;font-style: normal\"><a style=\"text-decoration: none;color: #0645ad;background-color: initial\" href=\"http:\/\/fr.wikipedia.org\/wiki\/Leconte_de_Lisle#cite_note-3\">n 4<\/a><\/sup>.<\/p>\n<p style=\"line-height: 1.5em;margin: 0.4em 0px 0.5em 0px\">Il est consid\u00e9r\u00e9 comme le chef de file du mouvement\u00a0<a style=\"text-decoration: none;color: #0645ad;background-color: initial\" title=\"Parnasse (litt\u00e9rature)\" href=\"http:\/\/fr.wikipedia.org\/wiki\/Parnasse_%28litt%C3%A9rature%29\">parnassien<\/a>, autant par l\u2019autorit\u00e9 que lui a conf\u00e9r\u00e9e son \u0153uvre po\u00e9tique propre que par des\u00a0<a style=\"text-decoration: none;color: #0645ad;background-color: initial\" title=\"Pr\u00e9face (litt\u00e9rature)\" href=\"http:\/\/fr.wikipedia.org\/wiki\/Pr%C3%A9face_%28litt%C3%A9rature%29\">pr\u00e9faces<\/a>dans lesquelles il a exprim\u00e9 un certain nombre de principes auxquels se sont ralli\u00e9s les po\u00e8tes d\u2019une g\u00e9n\u00e9ration \u2014 entre la p\u00e9riode\u00a0<a style=\"text-decoration: none;color: #0645ad;background-color: initial\" title=\"Romantisme\" href=\"http:\/\/fr.wikipedia.org\/wiki\/Romantisme\">romantique<\/a>\u00a0et le<a style=\"text-decoration: none;color: #0645ad;background-color: initial\" title=\"Symbolisme (art)\" href=\"http:\/\/fr.wikipedia.org\/wiki\/Symbolisme_%28art%29\">symbolisme<\/a>\u00a0\u2014 regroup\u00e9s sous le vocable de\u00a0<a style=\"text-decoration: none;color: #0645ad;background-color: initial\" title=\"Parnasse (litt\u00e9rature)\" href=\"http:\/\/fr.wikipedia.org\/wiki\/Parnasse_%28litt%C3%A9rature%29\">parnassiens<\/a>\u00a0\u00e0 partir de 1866.<\/p>\n<p style=\"line-height: 1.5em;margin: 0.4em 0px 0.5em 0px\">L\u2019Empire s\u2019\u00e9tait honor\u00e9 en lui assurant une pension et en le d\u00e9corant\u00a0; la R\u00e9publique l\u2019attacha \u00e0 la biblioth\u00e8que du S\u00e9nat, dont il devint sous-biblioth\u00e9caire en 1872, et le nomma officier de la L\u00e9gion d\u2019honneur en 1883.<\/p>\n<p style=\"line-height: 1.5em;margin: 0.4em 0px 0.5em 0px\">En\u00a0<a style=\"text-decoration: none;color: #0645ad;background-color: initial\" title=\"1886\" href=\"http:\/\/fr.wikipedia.org\/wiki\/1886\">1886<\/a>, neuf ans apr\u00e8s une premi\u00e8re candidature infructueuse \u00e0 l\u2019<a style=\"text-decoration: none;color: #0645ad;background-color: initial\" title=\"Acad\u00e9mie fran\u00e7aise\" href=\"http:\/\/fr.wikipedia.org\/wiki\/Acad%C3%A9mie_fran%C3%A7aise\">Acad\u00e9mie fran\u00e7aise<\/a>, Leconte de Lisle fut \u00e9lu, succ\u00e9dant \u00e0\u00a0<a style=\"text-decoration: none;color: #0645ad;background-color: initial\" title=\"Victor Hugo\" href=\"http:\/\/fr.wikipedia.org\/wiki\/Victor_Hugo\">Victor Hugo<\/a>. Et ce fut une s\u00e9ance m\u00e9morable que celle du\u00a0<a style=\"text-decoration: none;color: #0645ad;background-color: initial\" title=\"31 mars\" href=\"http:\/\/fr.wikipedia.org\/wiki\/31_mars\">31<\/a>\u00a0<a style=\"text-decoration: none;color: #0645ad;background-color: initial\" title=\"Mars (mois)\" href=\"http:\/\/fr.wikipedia.org\/wiki\/Mars_%28mois%29\">mars<\/a>\u00a0<a style=\"text-decoration: none;color: #0645ad;background-color: initial\" title=\"1887\" href=\"http:\/\/fr.wikipedia.org\/wiki\/1887\">1887<\/a>, o\u00f9 Leconte de Lisle fut re\u00e7u par\u00a0<a style=\"text-decoration: none;color: #0645ad;background-color: initial\" title=\"Alexandre Dumas fils\" href=\"http:\/\/fr.wikipedia.org\/wiki\/Alexandre_Dumas_fils\">Alexandre Dumas fils<\/a>.<\/p>\n<p style=\"line-height: 1.5em;margin: 0.4em 0px 0.5em 0px\">Remarque. \u2014 Corrigeons plusieurs erreurs souvent rencontr\u00e9es \u00e0 propos du nom du po\u00e8te\u00a0:<\/p>\n<ul>\n<li style=\"margin-bottom: 0.1em\">Leconte de Lisle n\u2019\u00e9tait en rien un aristocrate\u00a0: le \u00ab\u00a0de\u00a0\u00bb n\u2019est pas une particule nobiliaire, pas plus que \u00ab\u00a0Leconte\u00a0\u00bb n\u2019est une d\u00e9formation de \u00ab\u00a0Le Comte\u00a0\u00bb.<\/li>\n<li style=\"margin-bottom: 0.1em\">Leconte de Lisle n\u2019a pas cherch\u00e9, par vanit\u00e9, \u00e0 faire croire \u00e0 une pr\u00e9tendue origine noble, en ajoutant \u00ab\u00a0de Lisle\u00a0\u00bb \u00e0 son nom \u00ab\u00a0Leconte\u00a0\u00bb \u00a0: le nom complet \u00ab\u00a0Le Conte de Lisle\u00a0\u00bb \u00e9tait d\u00e9j\u00e0 le patronyme de sa famille paternelle. Et c\u2019est m\u00eame lui le premier qui a r\u00e9uni \u00ab\u00a0Le\u00a0\u00bb et \u00ab\u00a0Conte\u00a0\u00bb, \u00ab\u00a0pour \u00e9viter le semblant d\u2019un titre\u00a0\u00bb.<\/li>\n<li style=\"margin-bottom: 0.1em\">Le nom \u00ab\u00a0Lisle\u00a0\u00bb ne se rapporte pas, avec une \u00e9criture archa\u00efque, \u00e0 l\u2019\u00eele Bourbon (La R\u00e9union), son lieu de naissance\u00a0:\u00a0<em>Lisle<\/em>\u00a0est en fait le nom d\u2019une terre bretonne, situ\u00e9e \u00e0\u00a0<a style=\"text-decoration: none;color: #0645ad;background-color: initial\" title=\"Pleine-Foug\u00e8res\" href=\"http:\/\/fr.wikipedia.org\/wiki\/Pleine-Foug%C3%A8res\">Pleine-Foug\u00e8res<\/a>.<\/li>\n<li style=\"margin-bottom: 0.1em\">\u00ab\u00a0Leconte de Lisle\u00a0\u00bb, dans les rangements alphab\u00e9tiques, doit se placer \u00e0\u00a0<em>Leconte&#8230;<\/em>, et non pas \u00e0 \u00ab\u00a0Lisle (Leconte de)\u00a0\u00bb.<\/li>\n<\/ul>\n<div><span class=\"Apple-style-span\" style=\"line-height: 18px\">\u00a0<\/span><\/div>\n<h6><em><span class=\"Apple-style-span\" style=\"line-height: 18px\">Sources : Wikip\u00e9dia.<\/span><\/em><\/h6>\n","protected":false},"excerpt":{"rendered":"<p>harles Marie Ren\u00e9\u00a0Leconte de Lisle\u00a0est un\u00a0po\u00e8te\u00a0fran\u00e7ais, n\u00e9 le\u00a022\u00a0octobre\u00a01818\u00a0\u00e0\u00a0Saint-Paul\u00a0sur l\u2019\u00cele Bourbon\u00a0et mort le\u00a017\u00a0juillet\u00a01894\u00a0\u00e0\u00a0Voisins. Il est connu sous son seul nom de famille\u00a0Leconte de Lisle, sans mentionner de pr\u00e9nom, qu\u2019il adopta comme nom de plume\u00a0: c\u2019est notamment le cas dans les \u00e9ditions de ses \u0153uvres, dans sa correspondancen 3, ainsi que dans la plupart des livres et [&hellip;]<\/p>\n","protected":false},"author":1197,"featured_media":0,"parent":0,"menu_order":0,"comment_status":"open","ping_status":"open","template":"","meta":{"_et_pb_use_builder":"","_et_pb_old_content":"","_et_gb_content_width":"","footnotes":""},"class_list":["post-530","page","type-page","status-publish","hentry"],"_links":{"self":[{"href":"https:\/\/etab.ac-reunion.fr\/lyc-leconte-de-lisle\/wp-json\/wp\/v2\/pages\/530","targetHints":{"allow":["GET"]}}],"collection":[{"href":"https:\/\/etab.ac-reunion.fr\/lyc-leconte-de-lisle\/wp-json\/wp\/v2\/pages"}],"about":[{"href":"https:\/\/etab.ac-reunion.fr\/lyc-leconte-de-lisle\/wp-json\/wp\/v2\/types\/page"}],"author":[{"embeddable":true,"href":"https:\/\/etab.ac-reunion.fr\/lyc-leconte-de-lisle\/wp-json\/wp\/v2\/users\/1197"}],"replies":[{"embeddable":true,"href":"https:\/\/etab.ac-reunion.fr\/lyc-leconte-de-lisle\/wp-json\/wp\/v2\/comments?post=530"}],"version-history":[{"count":7,"href":"https:\/\/etab.ac-reunion.fr\/lyc-leconte-de-lisle\/wp-json\/wp\/v2\/pages\/530\/revisions"}],"predecessor-version":[{"id":539,"href":"https:\/\/etab.ac-reunion.fr\/lyc-leconte-de-lisle\/wp-json\/wp\/v2\/pages\/530\/revisions\/539"}],"wp:attachment":[{"href":"https:\/\/etab.ac-reunion.fr\/lyc-leconte-de-lisle\/wp-json\/wp\/v2\/media?parent=530"}],"curies":[{"name":"wp","href":"https:\/\/api.w.org\/{rel}","templated":true}]}}