{"id":56,"date":"2014-04-24T10:33:19","date_gmt":"2014-04-24T10:33:19","guid":{"rendered":"http:\/\/lycee-llisle.ac-reunion.fr\/?page_id=56"},"modified":"2018-06-29T14:29:18","modified_gmt":"2018-06-29T10:29:18","slug":"mentions-legales","status":"publish","type":"page","link":"https:\/\/etab.ac-reunion.fr\/lyc-leconte-de-lisle\/mentions-legales\/","title":{"rendered":"Mentions L\u00e9gales"},"content":{"rendered":"<p><strong>\u00c9diteur:<\/strong><\/p>\n<p>Lyc\u00e9e Leconte de Lisle,<br \/>\nLyc\u00e9e public d\u2019enseignement g\u00e9n\u00e9ral et technologique de l\u2019acad\u00e9mie de La REUNION.<br \/>\n3 All\u00e9e des \u00e9tudiants, Cit\u00e9 scolaire du Butor -BP 40037 \u2013 97490 Sainte Clotilde cedex 3<\/p>\n<p>&nbsp;<\/p>\n<p><strong>Directeur de la publication :<\/strong><br \/>\nM.Bussy\u00a0 \u2013 Proviseur<\/p>\n","protected":false},"excerpt":{"rendered":"<p>\u00c9diteur: Lyc\u00e9e Leconte de Lisle, Lyc\u00e9e public d\u2019enseignement g\u00e9n\u00e9ral et technologique de l\u2019acad\u00e9mie de La REUNION. 3 All\u00e9e des \u00e9tudiants, Cit\u00e9 scolaire du Butor -BP 40037 \u2013 97490 Sainte Clotilde cedex 3 &nbsp; Directeur de la publication : M.Bussy\u00a0 \u2013 Proviseur<\/p>\n","protected":false},"author":762,"featured_media":0,"parent":0,"menu_order":0,"comment_status":"open","ping_status":"closed","template":"","meta":{"_et_pb_use_builder":"","_et_pb_old_content":"","_et_gb_content_width":"","footnotes":""},"class_list":["post-56","page","type-page","status-publish","hentry"],"_links":{"self":[{"href":"https:\/\/etab.ac-reunion.fr\/lyc-leconte-de-lisle\/wp-json\/wp\/v2\/pages\/56","targetHints":{"allow":["GET"]}}],"collection":[{"href":"https:\/\/etab.ac-reunion.fr\/lyc-leconte-de-lisle\/wp-json\/wp\/v2\/pages"}],"about":[{"href":"https:\/\/etab.ac-reunion.fr\/lyc-leconte-de-lisle\/wp-json\/wp\/v2\/types\/page"}],"author":[{"embeddable":true,"href":"https:\/\/etab.ac-reunion.fr\/lyc-leconte-de-lisle\/wp-json\/wp\/v2\/users\/762"}],"replies":[{"embeddable":true,"href":"https:\/\/etab.ac-reunion.fr\/lyc-leconte-de-lisle\/wp-json\/wp\/v2\/comments?post=56"}],"version-history":[{"count":3,"href":"https:\/\/etab.ac-reunion.fr\/lyc-leconte-de-lisle\/wp-json\/wp\/v2\/pages\/56\/revisions"}],"predecessor-version":[{"id":2664,"href":"https:\/\/etab.ac-reunion.fr\/lyc-leconte-de-lisle\/wp-json\/wp\/v2\/pages\/56\/revisions\/2664"}],"wp:attachment":[{"href":"https:\/\/etab.ac-reunion.fr\/lyc-leconte-de-lisle\/wp-json\/wp\/v2\/media?parent=56"}],"curies":[{"name":"wp","href":"https:\/\/api.w.org\/{rel}","templated":true}]}}